{"id":784,"date":"2019-01-23T17:01:17","date_gmt":"2019-01-23T16:01:17","guid":{"rendered":"http:\/\/tisenti-2018.nakami.de\/?page_id=784"},"modified":"2025-10-25T08:37:05","modified_gmt":"2025-10-25T06:37:05","slug":"sardegna-avvisi-e-consigli","status":"publish","type":"page","link":"https:\/\/www.tisenti.com\/it\/prenotazione\/sardegna-avvisi-e-consigli","title":{"rendered":"Informazioni e spiegazioni"},"content":{"rendered":"\n<div class=\"wp-block-grid-blocks-grid-block-container grid-x grid-margin-x grid-margin-y content-grid\">\n<div class=\"wp-block-grid-blocks-grid-block-column cell panel small-12 medium-12 large-12 null grid-padding-y\">\n<p class=\"has-medium-font-size\">Chi decide di affittare una casa vacanza \u201eda privato\u201c ha vinto alla lotteria in riferimento alla libert\u00e0 e l\u2019indipendenza. Tisenti \u00e8 in contatto diretto con i proprietari e lavora mano in mano per voi e per il vostro comfort abitativo. Per\u00f2 ci sono alcune particolarit\u00e0 da considerare.<br><\/p>\n\n\n\n<div style=\"height:20px\" aria-hidden=\"true\" class=\"wp-block-spacer\"><\/div>\n\n\n\n<h2 class=\"wp-block-heading tisenti-header-font tisenti-title\">Informazioni in breve<\/h2>\n<\/div>\n\n\n\n<div class=\"wp-block-grid-blocks-grid-block-column cell panel small-12 medium-6 large-4 null grid-padding-y\">\n<h3 class=\"wp-block-heading\">Medici<\/h3>\n\n\n\n<p>Durante i mesi estivi l`assistenza medica nei luoghi di villeggiatura \u00e8  molto buona.&nbsp; Se non \u00e8 niente di serio, allora basta andare alla  \u201eguardia medica\u201c del posto.&nbsp; Quest\u00b4ultima \u00e8 facile da trovare ed offre  una buona prima assistenza in caso di malanni minori.<br>Se dovesse  trattarsi di problemi pi\u00fa seri, allora vi consigliamo di contattare il  Team-assistenza locale.&nbsp; Il team vi dar\u00e1 i nomi e gli indirizzi di  medici che si trovano nelle vostre vicinanze.&nbsp; In casi di emergenza:  chiamate il 112! <\/p>\n\n\n\n<h3 class=\"wp-block-heading\">Carabinieri<\/h3>\n\n\n\n<p>Die Carabinieri sind vergleichbar mit unseren Polizisten. Die, in jedem   kleineren Ort angesiedelte &#8220;Caserma&#8221; ist Anlaufstelle bei Problemen wie   z.B. Verkehrsunf\u00e4llen, Diebstahl, Einbr\u00fcchen oder Verlustanzeigen. Wer   in die missliche Situation ger\u00e4t die Hilfe der Carabinieri in Anspruch   nehmen zu m\u00fcssen, der solte Zeit und ein kleines W\u00f6rterbuch mit auf  die  Wache nehmen <\/p>\n\n\n\n<h3 class=\"wp-block-heading\"> Mezzi di trasporto pubblici:&nbsp; <\/h3>\n\n\n\n<p>Prima di tutto: S\u00ec, ci sono!&nbsp; \u201ePer\u00f2\u201c?. &nbsp;Ci sono, per\u00f2 lungo le regioni  costiere circolano solo poche volte al giorno. Quindi chi ha tempo e  si \u00e8 informato a priori (<a rel=\"noreferrer noopener\" href=\"http:\/\/www.arst.sardegna.it\/index.html\" target=\"_blank\">pagina informativa<\/a>), pu\u00f3 andare da un posto all`altro con pochi soldi. Di certo per\u00f2 gli autobus pubblici non sostituiscono l\u00b4auto a noleggio. <\/p>\n\n\n\n<h3 class=\"wp-block-heading\"> Multe<\/h3>\n\n\n\n<p>\nUn classico:&nbsp; Ricevere una multa in Italia e porsi la domanda:&nbsp; \u201epagarla\n s\u00ed o no?\u201c&nbsp; La risposta \u00e8 chiara:&nbsp; Pagatela!&nbsp;&nbsp; Altrimenti prima o poi vi\n arriver\u00e1 posta del Comune dove la macchina era parcheggiata. Purtroppo \nnon vi arriver\u00e0 una lettera d`amore,&nbsp; bens\u00ed un avviso di pagamento della\n multa, il cui importo sar\u00e1 nel frattempo aumentato per via di varie \ntasse.&nbsp; Quindi:&nbsp; Meglio alleggerire il portafogli e pagarla subito sul \nposto andando in banca o da un`edicola\/tabacchi autorizzata.\n\n<\/p>\n<\/div>\n\n\n\n<div class=\"wp-block-grid-blocks-grid-block-column cell panel small-12 medium-6 large-4 null grid-padding-y\">\n<h3 class=\"wp-block-heading\">Gite<\/h3>\n\n\n\n<p>La Sardegna \u00e8 un isola dai molti aspetti, che offre in primo luogo  attrazioni naturali. Le differenti formazioni paesaggistiche&nbsp; lungo le  coste ost ed est e l`entroterra avvolto da un aura di leggende sono mete  molto richieste.&nbsp; Badate per\u00f2 che l`isola \u00e8 molto grande e che le  distanze da percorrere sono di conseguenza molto lunghe.<br>Anche se la  rete stradale \u00e9 molto buona, vale sempre:&nbsp; Chi ha in programma di fare  una gita che duri solo una giornata, non dovrebbe allontanarsi pi\u00fa di  100 km dal proprio luogo di villeggiatura. <\/p>\n\n\n\n<h3 class=\"wp-block-heading\"> Spesa e alimentazione: <\/h3>\n\n\n\n<p>La Sardegna \u00e8 un paradiso per gli amanti del pesce, della carne, \ndella frutta, della verdura, del formaggio e del vino.&nbsp; Tutto ci\u00f3 \u00e8 \nfresco, economico e si pu\u00f2 trovare nelle vicinanze. Quindi il nostro \nconsiglio:&nbsp; In ogni comune, una o pi\u00fa volte a settimana, ha luogo un \nmercato in cui gli agricoltori locali offrono i loro prodotti.&nbsp; Qui il \nrapporto prezzo-qualit\u00e1 \u00e8 giusto!&nbsp; Troverete le&nbsp; informazioni sui \nmercati nella vostra casa vacanza e nella nostra mappa-google-esperti \nsotto ogni descrizione casa.<\/p>\n\n\n\n<p>Un ultima cosa: spesse e volentieri ci viene posta la domanda se \u00e8 \ncaro fare la spesa alimentare in Sardegna. La risposta \u00e8 semplice:&nbsp; No, \nse si acquistano prodotti locali e se ci si adegua alle consuetudini \nalimentari del posto.<\/p>\n\n\n\n<h3 class=\"wp-block-heading\"> Ristoranti <\/h3>\n\n\n\n<p>Nei luoghi di villeggiatura in genere ci sono molti ristoranti e \npizzerie.&nbsp; Sulla nostra mappa-esperti abbiamo evidenziato alcuni locali,\n nei quali a nostro parere si mangia particolarmente bene.<\/p>\n\n\n\n<p>Vorremmo per\u00f2 dare risalto all`alternativa di pranzare o cenare in un  agriturismo. Mangiare in un agriturismo significa andare a mangiare  dall`agricoltore.&nbsp; Il lato positivo \u00e8, che si viene a conoscenza dei  prodotti tipici della cucina sarda. E dato che in genere il pranzo\/la  cena consiste in un menu a pi\u00fa portate, sia i vegetariani che gli amanti  della carne, rimarranno soddisfatti.<\/p>\n<\/div>\n\n\n\n<div class=\"wp-block-grid-blocks-grid-block-column cell panel small-12 medium-6 large-4 null grid-padding-y\">\n<h3 class=\"wp-block-heading\"> Raccolta differenziata dei rifiuti <\/h3>\n\n\n\n<p>Purtroppo in Sardegna la raccolta differenziata \u00e8 molto impegnativa.&nbsp;\n Anche se l\u00b4approccio iniziale \u00e8 stato certamente lodevole, l`esecuzione\n della raccolta differenziata \u00e8 molto complicata.&nbsp; Dato che qui non \npossiamo spiegare tutto, ci limiteremo a informarvi dei punti pi\u00fa \nimportanti:&nbsp; &nbsp;In ogni casa ci sono contenitori per i rifiuti differenti,\n i quali vengono prelevati ad orari diversi.&nbsp; Il seguente <a href=\"https:\/\/www.youtube.com\/watch?v=orYvnjbmHg0\" target=\"_blank\" rel=\"noreferrer noopener\">video<\/a>\n mostra il modo in cui vengono riempiti\/usati tali contenitori.&nbsp; \u00c8 \nimportante sapere che chi non differenzia i rifiuti come si deve e viene\n colto dal commissario addetto,&nbsp; rischia di dover pagare fino a 250 \u20ac di\n multa.&nbsp; I contenitori sono contrassegnati e quindi riconducibili ai \nproprietari degli immobili.&nbsp; Le multe vengono mandate a questi ultimi, \nche&nbsp; li inoltreranno poi ai propri inquilini.<\/p>\n\n\n\n<p>Quindi il nostro consiglio:&nbsp; conviene portare subito tutti i rifiuti \nal punto di raccolta differenziata del posto.&nbsp; Gli indirizzi li \ntroverete nel vostro settore cliente dopo aver concluso la vostra \nprenotazione.<\/p>\n\n\n\n<h3 class=\"wp-block-heading\"> In caso di danno nella casa vacanza:&nbsp; <\/h3>\n\n\n\n<p>Pu\u00f3 succedere a tutti che cada a terra qualcosa, o si rompa il vetro \ndi una finestra o si tiri troppo forte alla porta della lavastoviglie.&nbsp; \nNon \u00e8 un dramma. Perlomeno se si \u00e8 cos\u00ed onesti da riferirlo \nall`assistente locale della casa vacanza.&nbsp; In genere questi casi di \ndanno vengono trattati benevolmente dal locatore, inoltre sono spesso \ncoperti da un`assicurazione privata.<\/p>\n\n\n\n<p>Quindi \u00e8 nell`interesse di tutti essere onesti e riferire se si ha  causato un danno. Fare luce su un danno a posteriori \u00e9 sempre pi\u00fa  costoso e fastidioso per tutti.<\/p>\n<\/div>\n\n\n\n<div class=\"wp-block-grid-blocks-grid-block-column cell panel small-12 medium-12 large-12 null child-fullheight grid-padding-y\">\n<h2 class=\"wp-block-heading tisenti-header-font tisenti-title\">Affittare una casa vacanza da un privato&#8230;<\/h2>\n<\/div>\n\n\n\n<div class=\"wp-block-grid-blocks-grid-block-column cell panel small-12 medium-6 large-6 null grid-padding-y\">\n<h3 class=\"wp-block-heading\">La casa vacanza privata<\/h3>\n\n\n\n<p>Tramite il nostro sito, Vi vengono\u00a0presentate delle case di vacanza private che sono state costruite considerando le abitudini e le esigenze di una famiglia sarda. Ne consegue che gli standard elettrici, sanitari e relativi al dormire possono risultare diversi rispetto alla Vostra casa di abitazione . <br>Anche la grandezza della tipica \u201ecameretta&#8221; e dei secondi bagni che esistono in tante case, compresi i loro interni (doccia ecc.), spesso non sono a misura di persone di statura alta.<\/p>\n\n\n\n<div style=\"height:26px\" aria-hidden=\"true\" class=\"wp-block-spacer\"><\/div>\n\n\n\n<h3 class=\"wp-block-heading\">Contratto d&#8217;affitto invece di un voucher<\/h3>\n\n\n\n<p>La Tisenti non \u00e8 un tour operator bensi&#8217; una piattaforma per case vacanze. <br>Ci\u00f2 significa che non Vi viene offerta un \u201cpacchetto\u201d vacanza completamente organizzato bensi&#8217; che vi viene offerta, attraverso la stipula di un contratto di locazione turistico con il proprietario della casa, una casa vacanza in Sardegna.<\/p>\n<\/div>\n\n\n\n<div style=\"height:20px\" aria-hidden=\"true\" class=\"wp-block-spacer\"><\/div>\n\n\n\n<div class=\"wp-block-grid-blocks-grid-block-column cell panel small-12 medium-6 large-6 null grid-padding-y\">\n<h3 class=\"wp-block-heading\"> Ricevimento e assistenza in loco <\/h3>\n\n\n\n<p>Il giorno del Vostro arrivo sarete attesi da un&nbsp;Centro Servizi&nbsp;locale,  che vi condurr\u00e0 alla casa e Vi aiuter\u00e0 a familiarizzare con i luoghi e la struttura. Inoltre \u00e8 per Voi raggiungibile telefonicamente per  qualsiasi problema relativo a manutenzioni e\/o riparazioni di guasti che  si rendessero necessari durante la locazione.<br>Tale servizio di  assistenza Vi deve dare la sicurezza di avere al Vostro fianco un valido  interlocutore in caso di necessit\u00e0, su cui poter prontamente contare per le emergenze, ma che ovviamente non dovrebbe essere chiamato per il disbrigo delle cose quotidiane (cambio delle lampadine, acquisto di stoviglie ecc.).  <\/p>\n\n\n\n<div style=\"height:25px\" aria-hidden=\"true\" class=\"wp-block-spacer\"><\/div>\n\n\n\n<h3 class=\"wp-block-heading\"> Uso di climatizzatori <\/h3>\n\n\n\n<p>La maggior parte delle \u201cnostre\u201d case vacanze sono attrezzate con degli  split. Cosi trovate un grande comfort &nbsp;anche nelle giornate&nbsp; estive pi\u00f9  calde. Altre agenzie e padroni di casa fanno pagare l\u2019uso dei  climatizzatori. Nei nostri prezzi invece sono compresi i costi per il  consumo della corrente!<br>Vi avvisiamo espressamente che<strong> i padroni di casa hanno il diritto di metterVi in conto un eventuale eccesivo uso e consumo di corrente elettrica<\/strong>! Per questo: Spengete tutti gli apparecchi elettrici quando andate fuori casa e \u2013 innanzitutto! \u2013 <strong>spengete i climatizzatori durante il giorno!<\/strong><\/p>\n\n\n\n<div style=\"height:30px\" aria-hidden=\"true\" class=\"wp-block-spacer\"><\/div>\n<\/div>\n\n\n\n<p><\/p>\n<\/div>\n\n\n\n<div class=\"wp-block-grid-blocks-grid-block-column cell panel small-12 medium-12 large-12 null child-fullheight grid-padding-y\">\n<h2 class=\"wp-block-heading tisenti-header-font tisenti-title\"> Spiegazione dati generali <\/h2>\n\n\n\n<p>Qui a seguito trovate le spiegazioni relative alle barre informazioni  non commentate che si trovano sotto le descrizioni delle case: <\/p>\n\n\n\n<ul class=\"wp-block-list\">\n<li> <strong>Area d&#8217;abitazione<\/strong>: superficie utile all&#8217;interno  della casa (in caso di case\/appartamenti con zone esterne coperte con  tetto, si attribuisce fino a 1\/3 della suddetta area esterna coperta  all&#8217;area d&#8217;abitazione).<\/li>\n\n\n\n<li><strong>Stanze da letto<\/strong>: Numero delle stanze da letto effettive (comprese ad esempio anche le camerette per bambini e i soppalchi-letto).<\/li>\n\n\n\n<li><strong>Bagni<\/strong>: Numero di bagni oppure toilette (le toilette sono indicate con 0,5 Bagno).<\/li>\n\n\n\n<li><strong>Giardino<\/strong>: Indicazione riguardo all&#8217;esistenza d&#8217;aree senza costruzioni (non sempre a prato).<\/li>\n\n\n\n<li><strong>Mass. di persone<\/strong>: Numero massimo di persone che  possono occupare la casa, che non pu\u00f2 essere superato.\u00a0 Ad esempio. 4+2  significa, che esistono 4 letti (compresi i letti a castello) pi\u00f9 altri  due posti letto per dormire (esempio divano letto.)<\/li>\n\n\n\n<li><strong>Distanza dal mare<\/strong>: Distanza sino alla pi\u00f9 vicina possibilit\u00e0 per fare il bagno (in linea d&#8217;aria dalla spiaggia).<\/li>\n\n\n\n<li><strong>Vista sul mare<\/strong>: indicazione della possibile vista  sul mare (la vista potrebbe essere ostacolata dalla crescita delle  piante) dalla casa o dal terreno.<\/li>\n\n\n\n<li><strong>L&#8217;attrezzatura standard di tutte le case\/tutti gli appartamenti comprende<\/strong>: arredamento, bagno con doccia o vasca da bagno, cucina, frigorifero, piatti, tavolo e sedie per la zona esterna. <\/li>\n<\/ul>\n\n\n\n<p><\/p>\n<\/div>\n\n\n\n<p><\/p>\n","protected":false},"excerpt":{"rendered":"","protected":false},"author":5,"featured_media":220,"parent":437,"menu_order":0,"comment_status":"closed","ping_status":"closed","template":"","meta":{"footnotes":""},"categories":[],"tags":[],"class_list":["post-784","page","type-page","status-publish","has-post-thumbnail","hentry"],"yoast_head":"<!-- This site is optimized with the Yoast SEO plugin v27.6 - https:\/\/yoast.com\/product\/yoast-seo-wordpress\/ -->\n<title>Informazione generali sulla Sardegna ed una vacanza in una casa privata.<\/title>\n<meta name=\"description\" content=\"Tisenti \u00e8 in contatto diretto con i proprietari e lavora mano in mano per il vostro comfort abitativo. Per\u00f2 ci sono alcune particolarit\u00e0 da considerare.\" \/>\n<meta name=\"robots\" content=\"index, follow, max-snippet:-1, max-image-preview:large, max-video-preview:-1\" \/>\n<link rel=\"canonical\" href=\"https:\/\/www.tisenti.com\/it\/prenotazione\/sardegna-avvisi-e-consigli\" \/>\n<meta property=\"og:locale\" content=\"it_IT\" \/>\n<meta property=\"og:type\" content=\"article\" \/>\n<meta property=\"og:title\" content=\"Informazione generali sulla Sardegna ed una vacanza in una casa privata.\" \/>\n<meta property=\"og:description\" content=\"Tisenti \u00e8 in contatto diretto con i proprietari e lavora mano in mano per il vostro comfort abitativo. Per\u00f2 ci sono alcune particolarit\u00e0 da considerare.\" \/>\n<meta property=\"og:url\" content=\"https:\/\/www.tisenti.com\/it\/prenotazione\/sardegna-avvisi-e-consigli\" \/>\n<meta property=\"og:site_name\" content=\"Casa vacance Sardegna - Costa Rei, Villasimius, Torre delle Stelle\" \/>\n<meta property=\"article:modified_time\" content=\"2025-10-25T06:37:05+00:00\" \/>\n<meta property=\"og:image\" content=\"https:\/\/www.tisenti.com\/it\/wp-content\/uploads\/sites\/2\/2018\/12\/header-online-buchung-dji_0188-1.jpg\" \/>\n\t<meta property=\"og:image:width\" content=\"1200\" \/>\n\t<meta property=\"og:image:height\" content=\"350\" \/>\n\t<meta property=\"og:image:type\" content=\"image\/jpeg\" \/>\n<meta name=\"twitter:card\" content=\"summary_large_image\" \/>\n<meta name=\"twitter:label1\" content=\"Tempo di lettura stimato\" \/>\n\t<meta name=\"twitter:data1\" content=\"8 minuti\" \/>\n<script type=\"application\/ld+json\" class=\"yoast-schema-graph\">{\"@context\":\"https:\\\/\\\/schema.org\",\"@graph\":[{\"@type\":\"WebPage\",\"@id\":\"https:\\\/\\\/www.tisenti.com\\\/it\\\/prenotazione\\\/sardegna-avvisi-e-consigli\",\"url\":\"https:\\\/\\\/www.tisenti.com\\\/it\\\/prenotazione\\\/sardegna-avvisi-e-consigli\",\"name\":\"Informazione generali sulla Sardegna ed una vacanza in una casa privata.\",\"isPartOf\":{\"@id\":\"https:\\\/\\\/www.tisenti.com\\\/it\\\/#website\"},\"primaryImageOfPage\":{\"@id\":\"https:\\\/\\\/www.tisenti.com\\\/it\\\/prenotazione\\\/sardegna-avvisi-e-consigli#primaryimage\"},\"image\":{\"@id\":\"https:\\\/\\\/www.tisenti.com\\\/it\\\/prenotazione\\\/sardegna-avvisi-e-consigli#primaryimage\"},\"thumbnailUrl\":\"https:\\\/\\\/www.tisenti.com\\\/it\\\/wp-content\\\/uploads\\\/sites\\\/2\\\/2018\\\/12\\\/header-online-buchung-dji_0188-1.jpg\",\"datePublished\":\"2019-01-23T16:01:17+00:00\",\"dateModified\":\"2025-10-25T06:37:05+00:00\",\"description\":\"Tisenti \u00e8 in contatto diretto con i proprietari e lavora mano in mano per il vostro comfort abitativo. Per\u00f2 ci sono alcune particolarit\u00e0 da considerare.\",\"breadcrumb\":{\"@id\":\"https:\\\/\\\/www.tisenti.com\\\/it\\\/prenotazione\\\/sardegna-avvisi-e-consigli#breadcrumb\"},\"inLanguage\":\"it-IT\",\"potentialAction\":[{\"@type\":\"ReadAction\",\"target\":[\"https:\\\/\\\/www.tisenti.com\\\/it\\\/prenotazione\\\/sardegna-avvisi-e-consigli\"]}]},{\"@type\":\"ImageObject\",\"inLanguage\":\"it-IT\",\"@id\":\"https:\\\/\\\/www.tisenti.com\\\/it\\\/prenotazione\\\/sardegna-avvisi-e-consigli#primaryimage\",\"url\":\"https:\\\/\\\/www.tisenti.com\\\/it\\\/wp-content\\\/uploads\\\/sites\\\/2\\\/2018\\\/12\\\/header-online-buchung-dji_0188-1.jpg\",\"contentUrl\":\"https:\\\/\\\/www.tisenti.com\\\/it\\\/wp-content\\\/uploads\\\/sites\\\/2\\\/2018\\\/12\\\/header-online-buchung-dji_0188-1.jpg\",\"width\":1200,\"height\":350,\"caption\":\"\"},{\"@type\":\"BreadcrumbList\",\"@id\":\"https:\\\/\\\/www.tisenti.com\\\/it\\\/prenotazione\\\/sardegna-avvisi-e-consigli#breadcrumb\",\"itemListElement\":[{\"@type\":\"ListItem\",\"position\":1,\"name\":\"Startseite\",\"item\":\"https:\\\/\\\/www.tisenti.com\\\/it\\\/\"},{\"@type\":\"ListItem\",\"position\":2,\"name\":\"Prenotazione online\",\"item\":\"https:\\\/\\\/www.tisenti.com\\\/it\\\/prenotazione\"},{\"@type\":\"ListItem\",\"position\":3,\"name\":\"Informazioni e spiegazioni\"}]},{\"@type\":\"WebSite\",\"@id\":\"https:\\\/\\\/www.tisenti.com\\\/it\\\/#website\",\"url\":\"https:\\\/\\\/www.tisenti.com\\\/it\\\/\",\"name\":\"Casa vacance Sardegna - Costa Rei, Villasimius, Torre delle Stelle\",\"description\":\"La Vostra agenzia per le case vacanze in Sardegna. Godetevi una vacanza in Sardegna alle spiaggie bellissime di Villasimius, Costa Rei, Geremeas e Torre delle Stelle.\",\"publisher\":{\"@id\":\"https:\\\/\\\/www.tisenti.com\\\/it\\\/#organization\"},\"potentialAction\":[{\"@type\":\"SearchAction\",\"target\":{\"@type\":\"EntryPoint\",\"urlTemplate\":\"https:\\\/\\\/www.tisenti.com\\\/it\\\/?s={search_term_string}\"},\"query-input\":{\"@type\":\"PropertyValueSpecification\",\"valueRequired\":true,\"valueName\":\"search_term_string\"}}],\"inLanguage\":\"it-IT\"},{\"@type\":\"Organization\",\"@id\":\"https:\\\/\\\/www.tisenti.com\\\/it\\\/#organization\",\"name\":\"Casa vacance Sardegna - Costa Rei, Villasimius, Torre delle Stelle\",\"url\":\"https:\\\/\\\/www.tisenti.com\\\/it\\\/\",\"logo\":{\"@type\":\"ImageObject\",\"inLanguage\":\"it-IT\",\"@id\":\"https:\\\/\\\/www.tisenti.com\\\/it\\\/#\\\/schema\\\/logo\\\/image\\\/\",\"url\":\"https:\\\/\\\/www.tisenti.com\\\/it\\\/wp-content\\\/uploads\\\/sites\\\/2\\\/2019\\\/10\\\/logo-tisenti.png\",\"contentUrl\":\"https:\\\/\\\/www.tisenti.com\\\/it\\\/wp-content\\\/uploads\\\/sites\\\/2\\\/2019\\\/10\\\/logo-tisenti.png\",\"caption\":\"Casa vacance Sardegna - Costa Rei, Villasimius, Torre delle Stelle\"},\"image\":{\"@id\":\"https:\\\/\\\/www.tisenti.com\\\/it\\\/#\\\/schema\\\/logo\\\/image\\\/\"}}]}<\/script>\n<!-- \/ Yoast SEO plugin. -->","yoast_head_json":{"title":"Informazione generali sulla Sardegna ed una vacanza in una casa privata.","description":"Tisenti \u00e8 in contatto diretto con i proprietari e lavora mano in mano per il vostro comfort abitativo. Per\u00f2 ci sono alcune particolarit\u00e0 da considerare.","robots":{"index":"index","follow":"follow","max-snippet":"max-snippet:-1","max-image-preview":"max-image-preview:large","max-video-preview":"max-video-preview:-1"},"canonical":"https:\/\/www.tisenti.com\/it\/prenotazione\/sardegna-avvisi-e-consigli","og_locale":"it_IT","og_type":"article","og_title":"Informazione generali sulla Sardegna ed una vacanza in una casa privata.","og_description":"Tisenti \u00e8 in contatto diretto con i proprietari e lavora mano in mano per il vostro comfort abitativo. Per\u00f2 ci sono alcune particolarit\u00e0 da considerare.","og_url":"https:\/\/www.tisenti.com\/it\/prenotazione\/sardegna-avvisi-e-consigli","og_site_name":"Casa vacance Sardegna - Costa Rei, Villasimius, Torre delle Stelle","article_modified_time":"2025-10-25T06:37:05+00:00","og_image":[{"width":1200,"height":350,"url":"https:\/\/www.tisenti.com\/it\/wp-content\/uploads\/sites\/2\/2018\/12\/header-online-buchung-dji_0188-1.jpg","type":"image\/jpeg"}],"twitter_card":"summary_large_image","twitter_misc":{"Tempo di lettura stimato":"8 minuti"},"schema":{"@context":"https:\/\/schema.org","@graph":[{"@type":"WebPage","@id":"https:\/\/www.tisenti.com\/it\/prenotazione\/sardegna-avvisi-e-consigli","url":"https:\/\/www.tisenti.com\/it\/prenotazione\/sardegna-avvisi-e-consigli","name":"Informazione generali sulla Sardegna ed una vacanza in una casa privata.","isPartOf":{"@id":"https:\/\/www.tisenti.com\/it\/#website"},"primaryImageOfPage":{"@id":"https:\/\/www.tisenti.com\/it\/prenotazione\/sardegna-avvisi-e-consigli#primaryimage"},"image":{"@id":"https:\/\/www.tisenti.com\/it\/prenotazione\/sardegna-avvisi-e-consigli#primaryimage"},"thumbnailUrl":"https:\/\/www.tisenti.com\/it\/wp-content\/uploads\/sites\/2\/2018\/12\/header-online-buchung-dji_0188-1.jpg","datePublished":"2019-01-23T16:01:17+00:00","dateModified":"2025-10-25T06:37:05+00:00","description":"Tisenti \u00e8 in contatto diretto con i proprietari e lavora mano in mano per il vostro comfort abitativo. Per\u00f2 ci sono alcune particolarit\u00e0 da considerare.","breadcrumb":{"@id":"https:\/\/www.tisenti.com\/it\/prenotazione\/sardegna-avvisi-e-consigli#breadcrumb"},"inLanguage":"it-IT","potentialAction":[{"@type":"ReadAction","target":["https:\/\/www.tisenti.com\/it\/prenotazione\/sardegna-avvisi-e-consigli"]}]},{"@type":"ImageObject","inLanguage":"it-IT","@id":"https:\/\/www.tisenti.com\/it\/prenotazione\/sardegna-avvisi-e-consigli#primaryimage","url":"https:\/\/www.tisenti.com\/it\/wp-content\/uploads\/sites\/2\/2018\/12\/header-online-buchung-dji_0188-1.jpg","contentUrl":"https:\/\/www.tisenti.com\/it\/wp-content\/uploads\/sites\/2\/2018\/12\/header-online-buchung-dji_0188-1.jpg","width":1200,"height":350,"caption":""},{"@type":"BreadcrumbList","@id":"https:\/\/www.tisenti.com\/it\/prenotazione\/sardegna-avvisi-e-consigli#breadcrumb","itemListElement":[{"@type":"ListItem","position":1,"name":"Startseite","item":"https:\/\/www.tisenti.com\/it\/"},{"@type":"ListItem","position":2,"name":"Prenotazione online","item":"https:\/\/www.tisenti.com\/it\/prenotazione"},{"@type":"ListItem","position":3,"name":"Informazioni e spiegazioni"}]},{"@type":"WebSite","@id":"https:\/\/www.tisenti.com\/it\/#website","url":"https:\/\/www.tisenti.com\/it\/","name":"Casa vacance Sardegna - Costa Rei, Villasimius, Torre delle Stelle","description":"La Vostra agenzia per le case vacanze in Sardegna. Godetevi una vacanza in Sardegna alle spiaggie bellissime di Villasimius, Costa Rei, Geremeas e Torre delle Stelle.","publisher":{"@id":"https:\/\/www.tisenti.com\/it\/#organization"},"potentialAction":[{"@type":"SearchAction","target":{"@type":"EntryPoint","urlTemplate":"https:\/\/www.tisenti.com\/it\/?s={search_term_string}"},"query-input":{"@type":"PropertyValueSpecification","valueRequired":true,"valueName":"search_term_string"}}],"inLanguage":"it-IT"},{"@type":"Organization","@id":"https:\/\/www.tisenti.com\/it\/#organization","name":"Casa vacance Sardegna - Costa Rei, Villasimius, Torre delle Stelle","url":"https:\/\/www.tisenti.com\/it\/","logo":{"@type":"ImageObject","inLanguage":"it-IT","@id":"https:\/\/www.tisenti.com\/it\/#\/schema\/logo\/image\/","url":"https:\/\/www.tisenti.com\/it\/wp-content\/uploads\/sites\/2\/2019\/10\/logo-tisenti.png","contentUrl":"https:\/\/www.tisenti.com\/it\/wp-content\/uploads\/sites\/2\/2019\/10\/logo-tisenti.png","caption":"Casa vacance Sardegna - Costa Rei, Villasimius, Torre delle Stelle"},"image":{"@id":"https:\/\/www.tisenti.com\/it\/#\/schema\/logo\/image\/"}}]}},"_links":{"self":[{"href":"https:\/\/www.tisenti.com\/it\/wp-json\/wp\/v2\/pages\/784","targetHints":{"allow":["GET"]}}],"collection":[{"href":"https:\/\/www.tisenti.com\/it\/wp-json\/wp\/v2\/pages"}],"about":[{"href":"https:\/\/www.tisenti.com\/it\/wp-json\/wp\/v2\/types\/page"}],"author":[{"embeddable":true,"href":"https:\/\/www.tisenti.com\/it\/wp-json\/wp\/v2\/users\/5"}],"replies":[{"embeddable":true,"href":"https:\/\/www.tisenti.com\/it\/wp-json\/wp\/v2\/comments?post=784"}],"version-history":[{"count":9,"href":"https:\/\/www.tisenti.com\/it\/wp-json\/wp\/v2\/pages\/784\/revisions"}],"predecessor-version":[{"id":4031,"href":"https:\/\/www.tisenti.com\/it\/wp-json\/wp\/v2\/pages\/784\/revisions\/4031"}],"up":[{"embeddable":true,"href":"https:\/\/www.tisenti.com\/it\/wp-json\/wp\/v2\/pages\/437"}],"wp:featuredmedia":[{"embeddable":true,"href":"https:\/\/www.tisenti.com\/it\/wp-json\/wp\/v2\/media\/220"}],"wp:attachment":[{"href":"https:\/\/www.tisenti.com\/it\/wp-json\/wp\/v2\/media?parent=784"}],"wp:term":[{"taxonomy":"category","embeddable":true,"href":"https:\/\/www.tisenti.com\/it\/wp-json\/wp\/v2\/categories?post=784"},{"taxonomy":"post_tag","embeddable":true,"href":"https:\/\/www.tisenti.com\/it\/wp-json\/wp\/v2\/tags?post=784"}],"curies":[{"name":"wp","href":"https:\/\/api.w.org\/{rel}","templated":true}]}}