{"id":755,"date":"2019-01-23T15:33:20","date_gmt":"2019-01-23T15:33:20","guid":{"rendered":"http:\/\/tisenti-2018.nakami.de\/?page_id=755"},"modified":"2023-10-05T23:47:02","modified_gmt":"2023-10-05T21:47:02","slug":"servizi-casevacanze","status":"publish","type":"page","link":"https:\/\/www.tisenti.com\/it\/prenotazione\/servizi-casevacanze","title":{"rendered":"Idee di servizi individuali per le vacanze in Sardegna!"},"content":{"rendered":"\n<div class=\"wp-block-grid-blocks-grid-block-container grid-x grid-margin-x grid-margin-y content-grid\">\n<div class=\"wp-block-grid-blocks-grid-block-column cell panel small-12 medium-12 large-12 null grid-padding-y\">\n<p class=\"has-medium-font-size\">La nostra idea di una \u201evacanza in una casa di villeggiatura\u201c \u00e8 quella di avere la spensieratezza e la libert\u00e0 \u2013 abbinato ad un buon servizio. Per questo motivo, i nostri colleghi in Sardegna hanno molte idee di servizio pronte per voi, dalle quali potete scegliere quelle che renderanno le vostre vacanze ancora pi\u00f9 preziose. \u00c8 tutto opzionale e secondo il motto: niente \u00e8 obbligatorio ma tutto \u00e8 possibile!<br><\/p>\n<\/div>\n\n\n\n<div class=\"wp-block-grid-blocks-grid-block-column cell panel small-12 medium-6 large-6 null grid-padding-y\">\n<figure class=\"wp-block-gallery has-nested-images columns-1 is-cropped wp-block-gallery-1 is-layout-flex wp-block-gallery-is-layout-flex\">\n<figure class=\"wp-block-image size-large\"><img loading=\"lazy\" decoding=\"async\" width=\"600\" height=\"200\" data-id=\"3800\" src=\"https:\/\/www.tisenti.com\/it\/wp-content\/uploads\/sites\/2\/2019\/09\/colazione.jpg\" alt=\"\" class=\"wp-image-3800\" srcset=\"https:\/\/www.tisenti.com\/it\/wp-content\/uploads\/sites\/2\/2019\/09\/colazione.jpg 600w, https:\/\/www.tisenti.com\/it\/wp-content\/uploads\/sites\/2\/2019\/09\/colazione-300x100.jpg 300w\" sizes=\"auto, (max-width: 600px) 100vw, 600px\" \/><\/figure>\n\n\n\n<figure class=\"wp-block-image size-large\"><img loading=\"lazy\" decoding=\"async\" width=\"598\" height=\"250\" data-id=\"251\" src=\"https:\/\/www.tisenti.com\/it\/wp-content\/uploads\/sites\/2\/2018\/12\/2016-rocco-cafe-1.jpg\" alt=\"\" class=\"wp-image-251\" srcset=\"https:\/\/www.tisenti.com\/it\/wp-content\/uploads\/sites\/2\/2018\/12\/2016-rocco-cafe-1.jpg 598w, https:\/\/www.tisenti.com\/it\/wp-content\/uploads\/sites\/2\/2018\/12\/2016-rocco-cafe-1-300x125.jpg 300w\" sizes=\"auto, (max-width: 598px) 100vw, 598px\" \/><figcaption class=\"wp-element-caption\">\t\t\t\t\t\t<\/figcaption><\/figure>\n<\/figure>\n\n\n\n<h2 class=\"wp-block-heading tisenti-header-font tisenti-title\">Arriva un cuoco in una casa&#8230;<\/h2>\n\n\n\n<p>No, questo non \u00e8 uno scherzo! Non \u00e8 una bella immaginazione avere un cuoco personale a casa che cucina un buon piatto mentre voi rilassate? Sia una specialit\u00e0 sarda, i migliori prodotti per il barbecue o frutti di mare freschi \u2013 a secondo dei vostri gusti, i nostri esperti della cucina avranno quello che desiderate e&nbsp; sono a vostra disposizione per ogni occasione. Siano Compleanni, Anniversari o semplicemente giorno di \u201eoggi ho voglio di..\u201c \u2013 tutto viene preparato \u2013 e naturalmente, accompagnato con un buon vino.<\/p>\n\n\n\n<div style=\"height:20px\" aria-hidden=\"true\" class=\"wp-block-spacer\"><\/div>\n\n\n\n<h2 class=\"wp-block-heading tisenti-header-font tisenti-title\">Babysitter<\/h2>\n\n\n\n<figure class=\"wp-block-gallery has-nested-images columns-1 is-cropped wp-block-gallery-2 is-layout-flex wp-block-gallery-is-layout-flex\">\n<figure class=\"wp-block-image size-large\"><img loading=\"lazy\" decoding=\"async\" width=\"600\" height=\"250\" data-id=\"940\" src=\"https:\/\/www.tisenti.com\/it\/wp-content\/uploads\/sites\/2\/2019\/02\/babysitter.jpg\" alt=\"\" class=\"wp-image-940\" srcset=\"https:\/\/www.tisenti.com\/it\/wp-content\/uploads\/sites\/2\/2019\/02\/babysitter.jpg 600w, https:\/\/www.tisenti.com\/it\/wp-content\/uploads\/sites\/2\/2019\/02\/babysitter-300x125.jpg 300w\" sizes=\"auto, (max-width: 600px) 100vw, 600px\" \/><figcaption class=\"wp-element-caption\">\t\t\t\t\t\t<\/figcaption><\/figure>\n<\/figure>\n\n\n\n<p>Vacanze + bambini = fantastica! Una serate \u2013 bambini = anche fantastica e ogni tanto necessaria!<br>Secondo questa equazione \u00e8 possibile prendere un appuntamento con una babysitter locale che accudisce con amore i vostri piccoli, mentre voi passate una bella serata in due. Alcune volte e proprio questo che manca!<\/p>\n\n\n\n<div style=\"height:20px\" aria-hidden=\"true\" class=\"wp-block-spacer\"><\/div>\n\n\n\n<div style=\"height:20px\" aria-hidden=\"true\" class=\"wp-block-spacer\"><\/div>\n\n\n\n<h2 class=\"wp-block-heading tisenti-header-font tisenti-title\">Taxi, bici, noleggio barche<\/h2>\n\n\n\n<p>Non sapete ancora come arrivare dall\u2019aeroporto alla casa? Chi non n\u00e9 vuole sapere della <a rel=\"noreferrer noopener\" aria-label=\"macchina a noleggio (apre in una nuova scheda)\" href=\"https:\/\/www.tisenti.com\/it\/prenotazione\/autonoleggio\" target=\"_blank\">macchina a noleggio<\/a>, pu\u00f2 farsi portare con il taxi. I nostri colleghi organizzeranno volentieri il trasferimento in taxi. Sarete accolti all\u2019aeroporto e portati direttamente nella vostra casa vacanza \u2013 senza aspettare, senza faticose trattative sul prezzo e senza deviazioni. Basta solo comunicarcelo al momento della prenotazione, il resto sar\u00e0 organizzato per voi in loco.<br>Anche la bicicletta \u00e8 molto popolare come mezzo di trasporto. Per gli appasionati dello sport, suggeriamo di ordinare in anticipo la bicicletta da un <a rel=\"noreferrer noopener\" aria-label=\"fornitore specializzato (apre in una nuova scheda)\" href=\"https:\/\/www.sardiniacycling.com\/it\/\" target=\"_blank\">fornitore specializzato<\/a>. Chi invece vuole solo una bici normale, per andare a comprare dei panini la mattina, pu\u00f2 comunicarlo ai nostri colleghi e loro procureranno volentieri una bicicletta per voi.<br>La costa nel sud della Sardegna \u00e8 cosi bella che vi lascer\u00e1 senza fiato. Molte delle piccole baie incantevoli purtroppo non sono accessibili via terra. Quindi cosa sarebbe pi\u00f9 ovvio che noleggiarsi una barca per scoprire queste belezze nascoste? Per una barca con 40 CV non \u00e8 necessario avere una patente, cos\u00ed si puo navigare comodamente da una baia a l\u2019altra. Informazioni a riguardo \u2013 naturalmente le ottenete dal nostro team in loco.<br><\/p>\n<\/div>\n\n\n\n<div style=\"height:20px\" aria-hidden=\"true\" class=\"wp-block-spacer\"><\/div>\n\n\n\n<div style=\"height:20px\" aria-hidden=\"true\" class=\"wp-block-spacer\"><\/div>\n\n\n\n<div class=\"wp-block-grid-blocks-grid-block-column cell panel small-12 medium-6 large-6 null grid-padding-y\">\n<h2 class=\"wp-block-heading tisenti-header-font tisenti-title\">Esprimi un desiderio!<\/h2>\n\n\n\n<p>Le idee migliori vengono sempre dai nostri clienti! Quindi diteci con quale servizio individuale possiamo arricchire le vostre vacanze. Noi faremo il possibile per soddisfare i vostri desideri. E chiss\u00e0, forse la vostra idea sar\u00e0 presto parte fissa delle tante offerte di Tisenti.<\/p>\n\n\n\n<div style=\"height:20px\" aria-hidden=\"true\" class=\"wp-block-spacer\"><\/div>\n\n\n\n<figure class=\"wp-block-gallery has-nested-images columns-2 is-cropped wp-block-gallery-3 is-layout-flex wp-block-gallery-is-layout-flex\">\n<figure class=\"wp-block-image size-large\"><img loading=\"lazy\" decoding=\"async\" width=\"316\" height=\"500\" data-id=\"3658\" src=\"https:\/\/www.tisenti.com\/it\/wp-content\/uploads\/sites\/2\/2019\/09\/st_dsf9833.jpg\" alt=\"\" class=\"wp-image-3658\" srcset=\"https:\/\/www.tisenti.com\/it\/wp-content\/uploads\/sites\/2\/2019\/09\/st_dsf9833.jpg 316w, https:\/\/www.tisenti.com\/it\/wp-content\/uploads\/sites\/2\/2019\/09\/st_dsf9833-190x300.jpg 190w\" sizes=\"auto, (max-width: 316px) 100vw, 316px\" \/><\/figure>\n\n\n\n<figure class=\"wp-block-image size-large\"><img loading=\"lazy\" decoding=\"async\" width=\"300\" height=\"510\" data-id=\"761\" src=\"https:\/\/www.tisenti.com\/it\/wp-content\/uploads\/sites\/2\/2019\/01\/family-on.the-beach-kopie-1.jpg\" alt=\"\" class=\"wp-image-761\" srcset=\"https:\/\/www.tisenti.com\/it\/wp-content\/uploads\/sites\/2\/2019\/01\/family-on.the-beach-kopie-1.jpg 300w, https:\/\/www.tisenti.com\/it\/wp-content\/uploads\/sites\/2\/2019\/01\/family-on.the-beach-kopie-1-176x300.jpg 176w\" sizes=\"auto, (max-width: 300px) 100vw, 300px\" \/><figcaption class=\"wp-element-caption\">\n\t\t\t\t\t\t<\/figcaption><\/figure>\n<\/figure>\n\n\n\n<div style=\"height:20px\" aria-hidden=\"true\" class=\"wp-block-spacer\"><\/div>\n\n\n\n<h2 class=\"wp-block-heading tisenti-header-font tisenti-title\">Servizio colazione<\/h2>\n\n\n\n<p>&#8220;Ma qui \u00e8 come in hotel!&#8221; Alzarsi, stirarsi e andare dritto al tavolo coperto con una buona colazione. Panini, uova, cereali, succo d\u2019arancio fresco \u2013 non suona solo delizioso, lo \u00e8. Coloro che amano iniziare la giornata in questo modo, possono parlare con i nostri colleghi e chiedere il come, quando e dove possono trovare la colazione pronta e godersi il mattino in tranquillit\u00e0 e relax.<\/p>\n\n\n\n<div style=\"height:20px\" aria-hidden=\"true\" class=\"wp-block-spacer\"><\/div>\n\n\n\n<h2 class=\"wp-block-heading tisenti-header-font tisenti-title\">Pulizie e compere<\/h2>\n\n\n\n<p>Chi arriva troppo tardi o chi preferisce godersi il sole e andare in spiaggia al giorno di arrivo invece di andare al supermercato pu\u00f2 parlare con la nostra fatina del servizio, e lei riempir\u00e0 il frigorifero prima che arrivate. L\u2019ordinazione si pu\u00f2 comunicare direttamente al nostro team di assistenza prima della partenza. <br><br>Continuamente i nostri clienti ci chiedono se c\u2019\u00e9 la possibilit\u00e0 di una pulizia intermedia. Ovviamente \u00e8 possibile. Basta chiamare il nostro team di assistenza qualche giorno prima e comunicarlo \u2013 lo splendore poi arriva da s\u00e9!<\/p>\n\n\n\n<div style=\"height:20px\" aria-hidden=\"true\" class=\"wp-block-spacer\"><\/div>\n\n\n\n<div style=\"height:20px\" aria-hidden=\"true\" class=\"wp-block-spacer\"><\/div>\n\n\n\n<figure class=\"wp-block-gallery has-nested-images columns-1 is-cropped wp-block-gallery-4 is-layout-flex wp-block-gallery-is-layout-flex\">\n<figure class=\"wp-block-image size-large\"><img loading=\"lazy\" decoding=\"async\" width=\"1024\" height=\"683\" data-id=\"3348\" src=\"https:\/\/www.tisenti.com\/it\/wp-content\/uploads\/sites\/2\/2019\/08\/markt-img_1689-1024x683.jpg\" alt=\"\" class=\"wp-image-3348\" srcset=\"https:\/\/www.tisenti.com\/it\/wp-content\/uploads\/sites\/2\/2019\/08\/markt-img_1689-1024x683.jpg 1024w, https:\/\/www.tisenti.com\/it\/wp-content\/uploads\/sites\/2\/2019\/08\/markt-img_1689-300x200.jpg 300w, https:\/\/www.tisenti.com\/it\/wp-content\/uploads\/sites\/2\/2019\/08\/markt-img_1689-768x512.jpg 768w, https:\/\/www.tisenti.com\/it\/wp-content\/uploads\/sites\/2\/2019\/08\/markt-img_1689.jpg 1200w\" sizes=\"auto, (max-width: 1024px) 100vw, 1024px\" \/><\/figure>\n<\/figure>\n<\/div>\n<\/div>\n\n\n\n<div class=\"wp-block-grid-blocks-grid-block-column cell panel small-12 medium-12 large-12 null child-fullheight grid-padding-y\">\n<div style=\"height:20px\" aria-hidden=\"true\" class=\"wp-block-spacer\"><\/div>\n\n\n\n<h2 class=\"wp-block-heading tisenti-header-font tisenti-title\">Servizio di base per la casa vacanze <br><\/h2>\n\n\n\n<div style=\"height:7px\" aria-hidden=\"true\" class=\"wp-block-spacer\"><\/div>\n\n\n\n<p>Un&#8217;agenzia di servizi locale (Holidayservice srl, Loc. Sant&#8217;Elmo, I-09040 Castiadas) si occupa delle case vacanza e degli inquilini durante il periodo di affitto. Questa agenzia offre servizi in parte obbligatori per l&#8217;affittuario (assistenza in loco, preparazione e dotazione di asciugamani e biancheria da letto, pulizia finale) e in parte facoltativi, che devono essere richiesti direttamente al fornitore di servizi locale al momento della <strong><a href=\"https:\/\/www.tisenti.com\/it\/prenotazione\">registrazione<\/a><\/strong> tramite il nostro sito web.<\/p>\n\n\n\n<p>I servizi obbligatori (<strong>prezzo vedi descrizione della singola casa vacanze<\/strong>) sono definiti nel dettaglio come segue:<\/p>\n\n\n\n<div style=\"height:13px\" aria-hidden=\"true\" class=\"wp-block-spacer\"><\/div>\n\n\n\n<p><strong>1.) Assistenza in loco:<\/strong><\/p>\n\n\n\n<p>Gli inquilini sono assistiti in loco da un team, che definisce i suoi servizi come segue:<\/p>\n\n\n\n<ul class=\"wp-block-list\">\n<li>Accompagnamento il giorno dell&#8217;arrivo dal punto d&#8217;incontro alla casa vacanze<\/li>\n\n\n\n<li>Reperibilit\u00e0 telefonica giornaliera<\/li>\n\n\n\n<li>Piccole riparazioni (ad es. sostituzione della bombola del gas, del tubo della doccia, ecc.)<\/li>\n\n\n\n<li>Contatto con il padrone di casa in caso di problemi gravi nella casa in affitto<\/li>\n\n\n\n<li>Assistenza generale al telefono in caso di problemi (ad es. malattia, guasto all&#8217;auto, ecc.)<\/li>\n\n\n\n<li>Ispezione della casa il giorno della partenza e compilazione del modulo di deposito.&nbsp;<\/li>\n<\/ul>\n\n\n\n<p><strong>2) Preparazione della casa vacanza, della biancheria da letto e degli asciugamani<\/strong><\/p>\n\n\n\n<ul class=\"wp-block-list\">\n<li>prima del vostro arrivo, i letti della casa vacanze saranno preparati con la biancheria da letto.<\/li>\n\n\n\n<li>fornitura di asciugamani (asciugamano da t\u00e8, asciugamano da doccia e asciugamano per il viso per ogni ospite)<\/li>\n\n\n\n<li>All&#8217;arrivo riceverete una bottiglia di vino e acqua, oltre a un pacchetto iniziale con pastiglie per lavastoviglie, detersivo e carta igienica.<\/li>\n<\/ul>\n\n\n\n<p><strong>3) Pulizia finale:<\/strong><\/p>\n\n\n\n<ul class=\"wp-block-list\">\n<li>Pulizia finale dopo la partenza<\/li>\n<\/ul>\n\n\n\n<div style=\"height:28px\" aria-hidden=\"true\" class=\"wp-block-spacer\"><\/div>\n\n\n\n<div style=\"height:13px\" aria-hidden=\"true\" class=\"wp-block-spacer\"><\/div>\n\n\n\n<h2 class=\"wp-block-heading tisenti-header-font tisenti-title\">Ulteriori servizi per la tua casa vacanza <\/h2>\n\n\n\n<p> Inoltre potete ordinare i seguenti <strong>servizi extra<\/strong>:<\/p>\n\n\n\n<figure class=\"wp-block-table\"><table><tbody><tr><td>telo mare:<\/td><td>12\u00a0\u20ac<\/td><td>a&nbsp;Set<\/td><\/tr><tr><td>sdraio:<\/td><td>2&nbsp;\u20ac<\/td><td>a&nbsp;giorno<\/td><\/tr><tr><td>culle:<\/td><td>3&nbsp;\u20ac<\/td><td>a&nbsp;giorno<\/td><\/tr><tr><td>seggiolini:<\/td><td>2&nbsp;\u20ac<\/td><td>a&nbsp;giorno<\/td><\/tr><tr><td>Servizio di pulizia durante le vacanze:<\/td><td>15 \u20ac<\/td><td>a&nbsp;ora<\/td><\/tr><\/tbody><\/table><\/figure>\n\n\n\n<p> <\/p>\n\n\n\n<p><\/p>\n<\/div>\n","protected":false},"excerpt":{"rendered":"","protected":false},"author":5,"featured_media":783,"parent":437,"menu_order":0,"comment_status":"closed","ping_status":"closed","template":"","meta":{"footnotes":""},"categories":[],"tags":[],"class_list":["post-755","page","type-page","status-publish","has-post-thumbnail","hentry"],"yoast_head":"<!-- This site is optimized with the Yoast SEO plugin v27.3 - https:\/\/yoast.com\/product\/yoast-seo-wordpress\/ -->\n<title>Servizi individuali per la vostra vacanza in una delle nostre case<\/title>\n<meta name=\"description\" content=\"I nostri colleghi sul posto propongono una ampia scelta di servizi individuali per il vostro soggiorno in Sardegna. Cos\u00ec la vacanza rende ancora di pi\u00f9.\" \/>\n<meta name=\"robots\" content=\"index, follow, max-snippet:-1, max-image-preview:large, max-video-preview:-1\" \/>\n<link rel=\"canonical\" href=\"https:\/\/www.tisenti.com\/it\/prenotazione\/servizi-casevacanze\" \/>\n<meta property=\"og:locale\" content=\"it_IT\" \/>\n<meta property=\"og:type\" content=\"article\" \/>\n<meta property=\"og:title\" content=\"Servizi individuali per la vostra vacanza in una delle nostre case\" \/>\n<meta property=\"og:description\" content=\"I nostri colleghi sul posto propongono una ampia scelta di servizi individuali per il vostro soggiorno in Sardegna. Cos\u00ec la vacanza rende ancora di pi\u00f9.\" \/>\n<meta property=\"og:url\" content=\"https:\/\/www.tisenti.com\/it\/prenotazione\/servizi-casevacanze\" \/>\n<meta property=\"og:site_name\" content=\"Casa vacance Sardegna - Costa Rei, Villasimius, Torre delle Stelle\" \/>\n<meta property=\"article:modified_time\" content=\"2023-10-05T21:47:02+00:00\" \/>\n<meta property=\"og:image\" content=\"https:\/\/www.tisenti.com\/it\/wp-content\/uploads\/sites\/2\/2019\/01\/service_mg_1048_1200x350-1.jpg\" \/>\n\t<meta property=\"og:image:width\" content=\"1200\" \/>\n\t<meta property=\"og:image:height\" content=\"350\" \/>\n\t<meta property=\"og:image:type\" content=\"image\/jpeg\" \/>\n<meta name=\"twitter:card\" content=\"summary_large_image\" \/>\n<meta name=\"twitter:label1\" content=\"Tempo di lettura stimato\" \/>\n\t<meta name=\"twitter:data1\" content=\"7 minuti\" \/>\n<script type=\"application\/ld+json\" class=\"yoast-schema-graph\">{\"@context\":\"https:\\\/\\\/schema.org\",\"@graph\":[{\"@type\":\"WebPage\",\"@id\":\"https:\\\/\\\/www.tisenti.com\\\/it\\\/prenotazione\\\/servizi-casevacanze\",\"url\":\"https:\\\/\\\/www.tisenti.com\\\/it\\\/prenotazione\\\/servizi-casevacanze\",\"name\":\"Servizi individuali per la vostra vacanza in una delle nostre case\",\"isPartOf\":{\"@id\":\"https:\\\/\\\/www.tisenti.com\\\/it\\\/#website\"},\"primaryImageOfPage\":{\"@id\":\"https:\\\/\\\/www.tisenti.com\\\/it\\\/prenotazione\\\/servizi-casevacanze#primaryimage\"},\"image\":{\"@id\":\"https:\\\/\\\/www.tisenti.com\\\/it\\\/prenotazione\\\/servizi-casevacanze#primaryimage\"},\"thumbnailUrl\":\"https:\\\/\\\/www.tisenti.com\\\/it\\\/wp-content\\\/uploads\\\/sites\\\/2\\\/2019\\\/01\\\/service_mg_1048_1200x350-1.jpg\",\"datePublished\":\"2019-01-23T15:33:20+00:00\",\"dateModified\":\"2023-10-05T21:47:02+00:00\",\"description\":\"I nostri colleghi sul posto propongono una ampia scelta di servizi individuali per il vostro soggiorno in Sardegna. Cos\u00ec la vacanza rende ancora di pi\u00f9.\",\"breadcrumb\":{\"@id\":\"https:\\\/\\\/www.tisenti.com\\\/it\\\/prenotazione\\\/servizi-casevacanze#breadcrumb\"},\"inLanguage\":\"it-IT\",\"potentialAction\":[{\"@type\":\"ReadAction\",\"target\":[\"https:\\\/\\\/www.tisenti.com\\\/it\\\/prenotazione\\\/servizi-casevacanze\"]}]},{\"@type\":\"ImageObject\",\"inLanguage\":\"it-IT\",\"@id\":\"https:\\\/\\\/www.tisenti.com\\\/it\\\/prenotazione\\\/servizi-casevacanze#primaryimage\",\"url\":\"https:\\\/\\\/www.tisenti.com\\\/it\\\/wp-content\\\/uploads\\\/sites\\\/2\\\/2019\\\/01\\\/service_mg_1048_1200x350-1.jpg\",\"contentUrl\":\"https:\\\/\\\/www.tisenti.com\\\/it\\\/wp-content\\\/uploads\\\/sites\\\/2\\\/2019\\\/01\\\/service_mg_1048_1200x350-1.jpg\",\"width\":1200,\"height\":350,\"caption\":\"\"},{\"@type\":\"BreadcrumbList\",\"@id\":\"https:\\\/\\\/www.tisenti.com\\\/it\\\/prenotazione\\\/servizi-casevacanze#breadcrumb\",\"itemListElement\":[{\"@type\":\"ListItem\",\"position\":1,\"name\":\"Startseite\",\"item\":\"https:\\\/\\\/www.tisenti.com\\\/it\\\/\"},{\"@type\":\"ListItem\",\"position\":2,\"name\":\"Prenotazione online\",\"item\":\"https:\\\/\\\/www.tisenti.com\\\/it\\\/prenotazione\"},{\"@type\":\"ListItem\",\"position\":3,\"name\":\"Idee di servizi individuali per le vacanze in Sardegna!\"}]},{\"@type\":\"WebSite\",\"@id\":\"https:\\\/\\\/www.tisenti.com\\\/it\\\/#website\",\"url\":\"https:\\\/\\\/www.tisenti.com\\\/it\\\/\",\"name\":\"Casa vacance Sardegna - Costa Rei, Villasimius, Torre delle Stelle\",\"description\":\"La Vostra agenzia per le case vacanze in Sardegna. Godetevi una vacanza in Sardegna alle spiaggie bellissime di Villasimius, Costa Rei, Geremeas e Torre delle Stelle.\",\"publisher\":{\"@id\":\"https:\\\/\\\/www.tisenti.com\\\/it\\\/#organization\"},\"potentialAction\":[{\"@type\":\"SearchAction\",\"target\":{\"@type\":\"EntryPoint\",\"urlTemplate\":\"https:\\\/\\\/www.tisenti.com\\\/it\\\/?s={search_term_string}\"},\"query-input\":{\"@type\":\"PropertyValueSpecification\",\"valueRequired\":true,\"valueName\":\"search_term_string\"}}],\"inLanguage\":\"it-IT\"},{\"@type\":\"Organization\",\"@id\":\"https:\\\/\\\/www.tisenti.com\\\/it\\\/#organization\",\"name\":\"Casa vacance Sardegna - Costa Rei, Villasimius, Torre delle Stelle\",\"url\":\"https:\\\/\\\/www.tisenti.com\\\/it\\\/\",\"logo\":{\"@type\":\"ImageObject\",\"inLanguage\":\"it-IT\",\"@id\":\"https:\\\/\\\/www.tisenti.com\\\/it\\\/#\\\/schema\\\/logo\\\/image\\\/\",\"url\":\"https:\\\/\\\/www.tisenti.com\\\/it\\\/wp-content\\\/uploads\\\/sites\\\/2\\\/2019\\\/10\\\/logo-tisenti.png\",\"contentUrl\":\"https:\\\/\\\/www.tisenti.com\\\/it\\\/wp-content\\\/uploads\\\/sites\\\/2\\\/2019\\\/10\\\/logo-tisenti.png\",\"caption\":\"Casa vacance Sardegna - Costa Rei, Villasimius, Torre delle Stelle\"},\"image\":{\"@id\":\"https:\\\/\\\/www.tisenti.com\\\/it\\\/#\\\/schema\\\/logo\\\/image\\\/\"}}]}<\/script>\n<!-- \/ Yoast SEO plugin. -->","yoast_head_json":{"title":"Servizi individuali per la vostra vacanza in una delle nostre case","description":"I nostri colleghi sul posto propongono una ampia scelta di servizi individuali per il vostro soggiorno in Sardegna. Cos\u00ec la vacanza rende ancora di pi\u00f9.","robots":{"index":"index","follow":"follow","max-snippet":"max-snippet:-1","max-image-preview":"max-image-preview:large","max-video-preview":"max-video-preview:-1"},"canonical":"https:\/\/www.tisenti.com\/it\/prenotazione\/servizi-casevacanze","og_locale":"it_IT","og_type":"article","og_title":"Servizi individuali per la vostra vacanza in una delle nostre case","og_description":"I nostri colleghi sul posto propongono una ampia scelta di servizi individuali per il vostro soggiorno in Sardegna. Cos\u00ec la vacanza rende ancora di pi\u00f9.","og_url":"https:\/\/www.tisenti.com\/it\/prenotazione\/servizi-casevacanze","og_site_name":"Casa vacance Sardegna - Costa Rei, Villasimius, Torre delle Stelle","article_modified_time":"2023-10-05T21:47:02+00:00","og_image":[{"width":1200,"height":350,"url":"https:\/\/www.tisenti.com\/it\/wp-content\/uploads\/sites\/2\/2019\/01\/service_mg_1048_1200x350-1.jpg","type":"image\/jpeg"}],"twitter_card":"summary_large_image","twitter_misc":{"Tempo di lettura stimato":"7 minuti"},"schema":{"@context":"https:\/\/schema.org","@graph":[{"@type":"WebPage","@id":"https:\/\/www.tisenti.com\/it\/prenotazione\/servizi-casevacanze","url":"https:\/\/www.tisenti.com\/it\/prenotazione\/servizi-casevacanze","name":"Servizi individuali per la vostra vacanza in una delle nostre case","isPartOf":{"@id":"https:\/\/www.tisenti.com\/it\/#website"},"primaryImageOfPage":{"@id":"https:\/\/www.tisenti.com\/it\/prenotazione\/servizi-casevacanze#primaryimage"},"image":{"@id":"https:\/\/www.tisenti.com\/it\/prenotazione\/servizi-casevacanze#primaryimage"},"thumbnailUrl":"https:\/\/www.tisenti.com\/it\/wp-content\/uploads\/sites\/2\/2019\/01\/service_mg_1048_1200x350-1.jpg","datePublished":"2019-01-23T15:33:20+00:00","dateModified":"2023-10-05T21:47:02+00:00","description":"I nostri colleghi sul posto propongono una ampia scelta di servizi individuali per il vostro soggiorno in Sardegna. Cos\u00ec la vacanza rende ancora di pi\u00f9.","breadcrumb":{"@id":"https:\/\/www.tisenti.com\/it\/prenotazione\/servizi-casevacanze#breadcrumb"},"inLanguage":"it-IT","potentialAction":[{"@type":"ReadAction","target":["https:\/\/www.tisenti.com\/it\/prenotazione\/servizi-casevacanze"]}]},{"@type":"ImageObject","inLanguage":"it-IT","@id":"https:\/\/www.tisenti.com\/it\/prenotazione\/servizi-casevacanze#primaryimage","url":"https:\/\/www.tisenti.com\/it\/wp-content\/uploads\/sites\/2\/2019\/01\/service_mg_1048_1200x350-1.jpg","contentUrl":"https:\/\/www.tisenti.com\/it\/wp-content\/uploads\/sites\/2\/2019\/01\/service_mg_1048_1200x350-1.jpg","width":1200,"height":350,"caption":""},{"@type":"BreadcrumbList","@id":"https:\/\/www.tisenti.com\/it\/prenotazione\/servizi-casevacanze#breadcrumb","itemListElement":[{"@type":"ListItem","position":1,"name":"Startseite","item":"https:\/\/www.tisenti.com\/it\/"},{"@type":"ListItem","position":2,"name":"Prenotazione online","item":"https:\/\/www.tisenti.com\/it\/prenotazione"},{"@type":"ListItem","position":3,"name":"Idee di servizi individuali per le vacanze in Sardegna!"}]},{"@type":"WebSite","@id":"https:\/\/www.tisenti.com\/it\/#website","url":"https:\/\/www.tisenti.com\/it\/","name":"Casa vacance Sardegna - Costa Rei, Villasimius, Torre delle Stelle","description":"La Vostra agenzia per le case vacanze in Sardegna. Godetevi una vacanza in Sardegna alle spiaggie bellissime di Villasimius, Costa Rei, Geremeas e Torre delle Stelle.","publisher":{"@id":"https:\/\/www.tisenti.com\/it\/#organization"},"potentialAction":[{"@type":"SearchAction","target":{"@type":"EntryPoint","urlTemplate":"https:\/\/www.tisenti.com\/it\/?s={search_term_string}"},"query-input":{"@type":"PropertyValueSpecification","valueRequired":true,"valueName":"search_term_string"}}],"inLanguage":"it-IT"},{"@type":"Organization","@id":"https:\/\/www.tisenti.com\/it\/#organization","name":"Casa vacance Sardegna - Costa Rei, Villasimius, Torre delle Stelle","url":"https:\/\/www.tisenti.com\/it\/","logo":{"@type":"ImageObject","inLanguage":"it-IT","@id":"https:\/\/www.tisenti.com\/it\/#\/schema\/logo\/image\/","url":"https:\/\/www.tisenti.com\/it\/wp-content\/uploads\/sites\/2\/2019\/10\/logo-tisenti.png","contentUrl":"https:\/\/www.tisenti.com\/it\/wp-content\/uploads\/sites\/2\/2019\/10\/logo-tisenti.png","caption":"Casa vacance Sardegna - Costa Rei, Villasimius, Torre delle Stelle"},"image":{"@id":"https:\/\/www.tisenti.com\/it\/#\/schema\/logo\/image\/"}}]}},"_links":{"self":[{"href":"https:\/\/www.tisenti.com\/it\/wp-json\/wp\/v2\/pages\/755","targetHints":{"allow":["GET"]}}],"collection":[{"href":"https:\/\/www.tisenti.com\/it\/wp-json\/wp\/v2\/pages"}],"about":[{"href":"https:\/\/www.tisenti.com\/it\/wp-json\/wp\/v2\/types\/page"}],"author":[{"embeddable":true,"href":"https:\/\/www.tisenti.com\/it\/wp-json\/wp\/v2\/users\/5"}],"replies":[{"embeddable":true,"href":"https:\/\/www.tisenti.com\/it\/wp-json\/wp\/v2\/comments?post=755"}],"version-history":[{"count":45,"href":"https:\/\/www.tisenti.com\/it\/wp-json\/wp\/v2\/pages\/755\/revisions"}],"predecessor-version":[{"id":4009,"href":"https:\/\/www.tisenti.com\/it\/wp-json\/wp\/v2\/pages\/755\/revisions\/4009"}],"up":[{"embeddable":true,"href":"https:\/\/www.tisenti.com\/it\/wp-json\/wp\/v2\/pages\/437"}],"wp:featuredmedia":[{"embeddable":true,"href":"https:\/\/www.tisenti.com\/it\/wp-json\/wp\/v2\/media\/783"}],"wp:attachment":[{"href":"https:\/\/www.tisenti.com\/it\/wp-json\/wp\/v2\/media?parent=755"}],"wp:term":[{"taxonomy":"category","embeddable":true,"href":"https:\/\/www.tisenti.com\/it\/wp-json\/wp\/v2\/categories?post=755"},{"taxonomy":"post_tag","embeddable":true,"href":"https:\/\/www.tisenti.com\/it\/wp-json\/wp\/v2\/tags?post=755"}],"curies":[{"name":"wp","href":"https:\/\/api.w.org\/{rel}","templated":true}]}}