{"id":426,"date":"2018-12-21T16:39:10","date_gmt":"2018-12-21T16:39:10","guid":{"rendered":"http:\/\/tisenti-2018.nakami.de\/?page_id=426"},"modified":"2019-09-26T15:38:17","modified_gmt":"2019-09-26T13:38:17","slug":"torre-delle-stelle","status":"publish","type":"page","link":"https:\/\/www.tisenti.com\/it\/luoghi\/torre-delle-stelle","title":{"rendered":"Torre delle Stelle"},"content":{"rendered":"\n<div class=\"wp-block-grid-blocks-grid-block-container grid-x grid-margin-x grid-margin-y content-grid\">\n<div class=\"wp-block-grid-blocks-grid-block-column cell panel small-12 medium-12 large-12 null grid-padding-y\">\n<p class=\"has-medium-font-size\">La Sardegna ha, soprattutto nei paesi di lingua tedesca, la reputazione di essere una destinazione di vacanza particolarmente esclusiva. Affitare una delle case vacanza eleganti qui \u00e8 inaccessibile. Cos\u00ec si crede!<br>Un meraviglioso controesempio \u00e8 la localit\u00e0 meridionale Torre delle Stelle che offre delle ville e dei cottage selezionati da noi, che sono abbastanza amichevoli al proprio portafoglio.<\/p>\n<\/div>\n\n\n\n<div class=\"wp-block-grid-blocks-grid-block-column cell panel small-12 medium-6 large-6 null grid-padding-y\">\n<ul class=\"wp-block-gallery columns-2 is-cropped wp-block-gallery-1 is-layout-flex wp-block-gallery-is-layout-flex\"><li class=\"blocks-gallery-item\"><figure><img loading=\"lazy\" decoding=\"async\" width=\"300\" height=\"600\" src=\"https:\/\/www.tisenti.com\/de\/wp-content\/uploads\/sites\/2\/2019\/08\/torre.png\" alt=\"\" data-id=\"2801\" data-link=\"https:\/\/www.tisenti.com\/de\/torre\/\" class=\"wp-image-2801\" srcset=\"https:\/\/www.tisenti.com\/it\/wp-content\/uploads\/sites\/2\/2019\/08\/torre.png 300w, https:\/\/www.tisenti.com\/it\/wp-content\/uploads\/sites\/2\/2019\/08\/torre-150x300.png 150w\" sizes=\"auto, (max-width: 300px) 100vw, 300px\" \/><\/figure><\/li><li class=\"blocks-gallery-item\"><figure><img loading=\"lazy\" decoding=\"async\" width=\"300\" height=\"600\" src=\"https:\/\/www.tisenti.com\/de\/wp-content\/uploads\/sites\/2\/2019\/01\/torre-hk.ll_-1.jpg\" alt=\"\" data-id=\"886\" data-link=\"https:\/\/www.tisenti.com\/de\/torre-hk-ll\/\" class=\"wp-image-886\" srcset=\"https:\/\/www.tisenti.com\/it\/wp-content\/uploads\/sites\/2\/2019\/01\/torre-hk.ll_-1.jpg 300w, https:\/\/www.tisenti.com\/it\/wp-content\/uploads\/sites\/2\/2019\/01\/torre-hk.ll_-1-150x300.jpg 150w\" sizes=\"auto, (max-width: 300px) 100vw, 300px\" \/><\/figure><\/li><\/ul>\n\n\n\n<h3 class=\"tisenti-header-font tisenti-title wp-block-heading\">Puro romantisicmo attorno al faro<\/h3>\n\n\n\n<div class=\"wp-block-grid-blocks-grid-block-column cell panel small-12 medium-12 large-12 null grid-padding-y\">\n<p>L\u2019idea di battezzare il vecchio faro attorno al quale \u00e8 stato costruito questo luogo affascinante, la \u201eTorre delle stelle\u201c, probabilmente derivava dall\u2019pensiero che qui si fosse pi\u00f9 vicino ai corpi celesti che in qualche altro posto. E infatti, le due colline che troneggiano sopra il mare, di notte offrono una veduta chiara della Via Lattea.<br>Torre delle Stelle non diffonde solo di notte un\u2019atmosfera romantica e incantevole. Vicino alla capitale dell\u2019isola, Cagliari, vivrete giorno per giorno quanto possa essere rilassante la combinazione di visione e fruscio del mare. Chi cerca pace e una vacanza \u201eall\u2019italiana\u201c, qui \u00e8 proprio giusto.<\/p>\n<\/div>\n\n\n\n<div style=\"height:20px\" aria-hidden=\"true\" class=\"wp-block-spacer\"><\/div>\n\n\n\n<ul class=\"wp-block-gallery columns-1 wp-block-gallery-2 is-layout-flex wp-block-gallery-is-layout-flex\"><li class=\"blocks-gallery-item\"><figure><img loading=\"lazy\" decoding=\"async\" width=\"600\" height=\"250\" src=\"\/wp-content\/uploads\/sites\/2\/2019\/01\/dji_0065.ll_-1.png\" alt=\"\" data-id=\"875\" class=\"wp-image-875\" srcset=\"https:\/\/www.tisenti.com\/it\/wp-content\/uploads\/sites\/2\/2019\/01\/dji_0065.ll_-1.png 600w, https:\/\/www.tisenti.com\/it\/wp-content\/uploads\/sites\/2\/2019\/01\/dji_0065.ll_-1-300x125.png 300w\" sizes=\"auto, (max-width: 600px) 100vw, 600px\" \/><\/figure><\/li><\/ul>\n<\/div>\n\n\n\n<figure class=\"wp-block-embed-youtube wp-block-embed is-type-video is-provider-youtube wp-embed-aspect-16-9 wp-has-aspect-ratio\"><div class=\"wp-block-embed__wrapper\">\n<iframe loading=\"lazy\" title=\"TiSENTi-Sardinien Ferienh\u00e4user direkt am Meer\" width=\"1200\" height=\"675\" src=\"https:\/\/www.youtube.com\/embed\/b41ulMr1s_o?feature=oembed\" frameborder=\"0\" allow=\"accelerometer; autoplay; encrypted-media; gyroscope; picture-in-picture\" allowfullscreen><\/iframe>\n<\/div><\/figure>\n\n\n\n<div class=\"wp-block-grid-blocks-grid-block-column cell panel small-12 medium-6 large-6 null grid-padding-y\">\n<h3 class=\"tisenti-header-font tisenti-title wp-block-heading\">Fascino mondano incontra la vista sul mare<\/h3>\n\n\n\n<p>Anche molte stelline terrestri qui hanno costruito il loro rifugio, nel sud della Sardegna, dirigendo gli occhi verso il flusso cristallino del mare. Le cui attivit\u00e0 sono facili da \u201evedere\u201c a causa della leggera pendenza e della straordinaria qualit\u00e0 dell\u2019acqua.<br>Il desiderio di sabbia viene assopito da due baie adiacenti dove i nuotatori e gli amanti di nautica ottengono la loro soddisfazione. La scuola sub affiliata prende il suo posto nell\u2019infrastruttura altrimenti intatta del luogo. Supermercati, ristoranti e campo di calcio contribuiscono a facilitare la pianificazione delle vacanze.<\/p>\n\n\n\n<p><br><\/p>\n\n\n\n<div style=\"height:20px\" aria-hidden=\"true\" class=\"wp-block-spacer\"><\/div>\n\n\n\n<h3 class=\"tisenti-header-font tisenti-title wp-block-heading\">Una villa al mare&#8230;<\/h3>\n\n\n\n<p>Torre delle Stelle fu scoperta negli anni \u201a60. L\u2019obiettivo era quello di costruire un posto di villeggiatura con molta privacy e flair. Di conseguenza, le famiglie pi\u00f9 benestanti di Cagliari e del continente si trasferirono sulle due colline sotto il faro per stabilire case familiari rappresentative sul mare.<br>Spaziosi terreni con ville grandi hanno da allora definito l\u2019immagine della destinazione turistica e formano un meraviglioso rifugio per tutti i romantici, gli amanti del mare e della \u201evecchia\u201c Italia Fellini.<\/p>\n\n\n\n<div style=\"height:20px\" aria-hidden=\"true\" class=\"wp-block-spacer\"><\/div>\n\n\n\n<ul class=\"wp-block-gallery columns-1 is-cropped wp-block-gallery-3 is-layout-flex wp-block-gallery-is-layout-flex\"><li class=\"blocks-gallery-item\"><figure><img loading=\"lazy\" decoding=\"async\" width=\"600\" height=\"300\" src=\"\/wp-content\/uploads\/sites\/2\/2019\/01\/schwimmerpaar-1.jpg\" alt=\"\" data-id=\"842\" class=\"wp-image-842\" srcset=\"https:\/\/www.tisenti.com\/it\/wp-content\/uploads\/sites\/2\/2019\/01\/schwimmerpaar-1.jpg 600w, https:\/\/www.tisenti.com\/it\/wp-content\/uploads\/sites\/2\/2019\/01\/schwimmerpaar-1-300x150.jpg 300w\" sizes=\"auto, (max-width: 600px) 100vw, 600px\" \/><\/figure><\/li><li class=\"blocks-gallery-item\"><figure><img loading=\"lazy\" decoding=\"async\" width=\"600\" height=\"224\" src=\"\/wp-content\/uploads\/sites\/2\/2019\/01\/h205b-0001-1.png\" alt=\"\" data-id=\"843\" class=\"wp-image-843\" srcset=\"https:\/\/www.tisenti.com\/it\/wp-content\/uploads\/sites\/2\/2019\/01\/h205b-0001-1.png 600w, https:\/\/www.tisenti.com\/it\/wp-content\/uploads\/sites\/2\/2019\/01\/h205b-0001-1-300x112.png 300w\" sizes=\"auto, (max-width: 600px) 100vw, 600px\" \/><\/figure><\/li><\/ul>\n<\/div>\n\n\n\n<div class=\"wp-block-grid-blocks-grid-block-column cell panel small-12 medium-12 large-12 null grid-padding-y\">\n<div style=\"height:42px\" aria-hidden=\"true\" class=\"wp-block-spacer\"><\/div>\n\n\n\n<h2 class=\"wp-block-heading\">Torre delle Stelle, nostri consigli <\/h2>\n<\/div>\n\n\n\n<div class=\"wp-block-grid-blocks-grid-block-column cell panel small-12 medium-6 large-3 null grid-padding-y\">\n<h3 class=\"tisenti-header-font tisenti-title wp-block-heading\">Mangiare con vista mare<\/h3>\n\n\n\n<p class=\"tipps-bg-eat has-line-height-one extra-padding\"><strong>Agriturismo Sa Guardia<br><\/strong><br>Su una collina sopra Torre delle Stelle si trova questa fattoria che offre ai suoi visitatori specialit\u00e0 fatte in casa con menu a pi\u00f9 portate. Panorama fantastico, ottimo cibo! Informazioni <a rel=\"noreferrer noopener\" aria-label=\"qui (apre in una nuova scheda)\" href=\"http:\/\/www.agriturismosaguardia.it\/\" target=\"_blank\"><strong>qui<\/strong><\/a><strong>.<\/strong> <\/p>\n<\/div>\n\n\n\n<div class=\"wp-block-grid-blocks-grid-block-column cell panel small-12 medium-6 large-3 null grid-padding-y\">\n<h3 class=\"tisenti-header-font tisenti-title wp-block-heading\">Scuola Sub<\/h3>\n\n\n\n<p class=\"tipps-bg-sport has-line-height-one extra-padding\"><strong>Scuola su Manni<br><br><\/strong>Un classico tra le scuole sub nel sud della Sardegna. Manni vive in Sardegna da diversi decenni e possede il suo mestiere. Informazioni sul suo sito <a rel=\"noreferrer noopener\" aria-label=\"web (apre in una nuova scheda)\" href=\"https:\/\/www.manni-diving.net\/\" target=\"_blank\"><strong>web<\/strong><\/a>.<\/p>\n<\/div>\n\n\n\n<div class=\"wp-block-grid-blocks-grid-block-column cell panel small-12 medium-6 large-3 null grid-padding-y\">\n<h3 class=\"tisenti-header-font tisenti-title wp-block-heading\">Parco Sette Fratelli<\/h3>\n\n\n\n<p class=\"tipps-bg-sport has-line-height-one extra-padding\"><strong>Escursioni in montagna<br><\/strong><br>Chi cerca il contrasto dal sole, la spiaggia e il mare, dovrebbe fare un giro sulle montagne del Sarrabus. Il paesaggio affascinante racconta storie bellissime dell\u2019entroterra sardo. Informazioni le trovate <a rel=\"noreferrer noopener\" aria-label=\"qui (apre in una nuova scheda)\" href=\"http:\/\/www.sardegnaambiente.it\/j\/v\/1189?v=2&amp;c=7216&amp;s=109014\" target=\"_blank\"><strong>qui<\/strong><\/a>! <\/p>\n<\/div>\n\n\n\n<div class=\"wp-block-grid-blocks-grid-block-column cell panel small-12 medium-6 large-3 null grid-padding-y\">\n<h3 class=\"tisenti-header-font tisenti-title wp-block-heading\">Bar in spiaggia<\/h3>\n\n\n\n<p class=\"tipps-bg-beach has-line-height-one extra-padding\"><strong>Sa Sindria<br><\/strong><br>Un luogo di incontro giovane e moderno in spiaggia. Tra sdraie, bevande fresche e discorsi, la giornata al mare non potrebbe trascorrere in modo pi\u00f9 rilassante. Clicca qui per la pagina <a rel=\"noreferrer noopener\" aria-label=\"Facebook (apre in una nuova scheda)\" href=\"https:\/\/www.facebook.com\/sasindria.baccumandara\" target=\"_blank\"><strong>Facebook<\/strong><\/a>.<\/p>\n<\/div>\n\n\n\n<div class=\"wp-block-grid-blocks-grid-block-column cell panel small-12 medium-12 large-12 null grid-padding-y\"><\/div>\n<\/div>\n","protected":false},"excerpt":{"rendered":"","protected":false},"author":3,"featured_media":865,"parent":158,"menu_order":0,"comment_status":"closed","ping_status":"closed","template":"","meta":{"footnotes":""},"categories":[],"tags":[],"class_list":["post-426","page","type-page","status-publish","has-post-thumbnail","hentry"],"yoast_head":"<!-- This site is optimized with the Yoast SEO plugin v27.3 - https:\/\/yoast.com\/product\/yoast-seo-wordpress\/ -->\n<title>Torre delle Stelle: posto romantico sotto il vecchio faro<\/title>\n<meta name=\"description\" content=\"Situata a 40 chilometri da Cagliari si trovano le due colline di Torre delle Stelle. Intorno al vecchio faro si \u00e8 formato un posto di vecchio charme.\" \/>\n<meta name=\"robots\" content=\"index, follow, max-snippet:-1, max-image-preview:large, max-video-preview:-1\" \/>\n<link rel=\"canonical\" href=\"https:\/\/www.tisenti.com\/it\/luoghi\/torre-delle-stelle\" \/>\n<meta property=\"og:locale\" content=\"it_IT\" \/>\n<meta property=\"og:type\" content=\"article\" \/>\n<meta property=\"og:title\" content=\"Torre delle Stelle: posto romantico sotto il vecchio faro\" \/>\n<meta property=\"og:description\" content=\"Situata a 40 chilometri da Cagliari si trovano le due colline di Torre delle Stelle. Intorno al vecchio faro si \u00e8 formato un posto di vecchio charme.\" \/>\n<meta property=\"og:url\" content=\"https:\/\/www.tisenti.com\/it\/luoghi\/torre-delle-stelle\" \/>\n<meta property=\"og:site_name\" content=\"Casa vacance Sardegna - Costa Rei, Villasimius, Torre delle Stelle\" \/>\n<meta property=\"article:modified_time\" content=\"2019-09-26T13:38:17+00:00\" \/>\n<meta property=\"og:image\" content=\"https:\/\/www.tisenti.com\/it\/wp-content\/uploads\/sites\/2\/2019\/01\/header_torre_mg1354_1200x.jpg\" \/>\n\t<meta property=\"og:image:width\" content=\"1200\" \/>\n\t<meta property=\"og:image:height\" content=\"350\" \/>\n\t<meta property=\"og:image:type\" content=\"image\/jpeg\" \/>\n<meta name=\"twitter:card\" content=\"summary_large_image\" \/>\n<meta name=\"twitter:label1\" content=\"Tempo di lettura stimato\" \/>\n\t<meta name=\"twitter:data1\" content=\"3 minuti\" \/>\n<script type=\"application\/ld+json\" class=\"yoast-schema-graph\">{\"@context\":\"https:\\\/\\\/schema.org\",\"@graph\":[{\"@type\":\"WebPage\",\"@id\":\"https:\\\/\\\/www.tisenti.com\\\/it\\\/luoghi\\\/torre-delle-stelle\",\"url\":\"https:\\\/\\\/www.tisenti.com\\\/it\\\/luoghi\\\/torre-delle-stelle\",\"name\":\"Torre delle Stelle: posto romantico sotto il vecchio faro\",\"isPartOf\":{\"@id\":\"https:\\\/\\\/www.tisenti.com\\\/it\\\/#website\"},\"primaryImageOfPage\":{\"@id\":\"https:\\\/\\\/www.tisenti.com\\\/it\\\/luoghi\\\/torre-delle-stelle#primaryimage\"},\"image\":{\"@id\":\"https:\\\/\\\/www.tisenti.com\\\/it\\\/luoghi\\\/torre-delle-stelle#primaryimage\"},\"thumbnailUrl\":\"https:\\\/\\\/www.tisenti.com\\\/it\\\/wp-content\\\/uploads\\\/sites\\\/2\\\/2019\\\/01\\\/header_torre_mg1354_1200x.jpg\",\"datePublished\":\"2018-12-21T16:39:10+00:00\",\"dateModified\":\"2019-09-26T13:38:17+00:00\",\"description\":\"Situata a 40 chilometri da Cagliari si trovano le due colline di Torre delle Stelle. Intorno al vecchio faro si \u00e8 formato un posto di vecchio charme.\",\"breadcrumb\":{\"@id\":\"https:\\\/\\\/www.tisenti.com\\\/it\\\/luoghi\\\/torre-delle-stelle#breadcrumb\"},\"inLanguage\":\"it-IT\",\"potentialAction\":[{\"@type\":\"ReadAction\",\"target\":[\"https:\\\/\\\/www.tisenti.com\\\/it\\\/luoghi\\\/torre-delle-stelle\"]}]},{\"@type\":\"ImageObject\",\"inLanguage\":\"it-IT\",\"@id\":\"https:\\\/\\\/www.tisenti.com\\\/it\\\/luoghi\\\/torre-delle-stelle#primaryimage\",\"url\":\"https:\\\/\\\/www.tisenti.com\\\/it\\\/wp-content\\\/uploads\\\/sites\\\/2\\\/2019\\\/01\\\/header_torre_mg1354_1200x.jpg\",\"contentUrl\":\"https:\\\/\\\/www.tisenti.com\\\/it\\\/wp-content\\\/uploads\\\/sites\\\/2\\\/2019\\\/01\\\/header_torre_mg1354_1200x.jpg\",\"width\":1200,\"height\":350,\"caption\":\"\"},{\"@type\":\"BreadcrumbList\",\"@id\":\"https:\\\/\\\/www.tisenti.com\\\/it\\\/luoghi\\\/torre-delle-stelle#breadcrumb\",\"itemListElement\":[{\"@type\":\"ListItem\",\"position\":1,\"name\":\"Startseite\",\"item\":\"https:\\\/\\\/www.tisenti.com\\\/it\\\/\"},{\"@type\":\"ListItem\",\"position\":2,\"name\":\"Benvenuti in Sud-Sardegna!\",\"item\":\"https:\\\/\\\/www.tisenti.com\\\/it\\\/luoghi\"},{\"@type\":\"ListItem\",\"position\":3,\"name\":\"Torre delle Stelle\"}]},{\"@type\":\"WebSite\",\"@id\":\"https:\\\/\\\/www.tisenti.com\\\/it\\\/#website\",\"url\":\"https:\\\/\\\/www.tisenti.com\\\/it\\\/\",\"name\":\"Casa vacance Sardegna - Costa Rei, Villasimius, Torre delle Stelle\",\"description\":\"La Vostra agenzia per le case vacanze in Sardegna. Godetevi una vacanza in Sardegna alle spiaggie bellissime di Villasimius, Costa Rei, Geremeas e Torre delle Stelle.\",\"publisher\":{\"@id\":\"https:\\\/\\\/www.tisenti.com\\\/it\\\/#organization\"},\"potentialAction\":[{\"@type\":\"SearchAction\",\"target\":{\"@type\":\"EntryPoint\",\"urlTemplate\":\"https:\\\/\\\/www.tisenti.com\\\/it\\\/?s={search_term_string}\"},\"query-input\":{\"@type\":\"PropertyValueSpecification\",\"valueRequired\":true,\"valueName\":\"search_term_string\"}}],\"inLanguage\":\"it-IT\"},{\"@type\":\"Organization\",\"@id\":\"https:\\\/\\\/www.tisenti.com\\\/it\\\/#organization\",\"name\":\"Casa vacance Sardegna - Costa Rei, Villasimius, Torre delle Stelle\",\"url\":\"https:\\\/\\\/www.tisenti.com\\\/it\\\/\",\"logo\":{\"@type\":\"ImageObject\",\"inLanguage\":\"it-IT\",\"@id\":\"https:\\\/\\\/www.tisenti.com\\\/it\\\/#\\\/schema\\\/logo\\\/image\\\/\",\"url\":\"https:\\\/\\\/www.tisenti.com\\\/it\\\/wp-content\\\/uploads\\\/sites\\\/2\\\/2019\\\/10\\\/logo-tisenti.png\",\"contentUrl\":\"https:\\\/\\\/www.tisenti.com\\\/it\\\/wp-content\\\/uploads\\\/sites\\\/2\\\/2019\\\/10\\\/logo-tisenti.png\",\"caption\":\"Casa vacance Sardegna - Costa Rei, Villasimius, Torre delle Stelle\"},\"image\":{\"@id\":\"https:\\\/\\\/www.tisenti.com\\\/it\\\/#\\\/schema\\\/logo\\\/image\\\/\"}}]}<\/script>\n<!-- \/ Yoast SEO plugin. -->","yoast_head_json":{"title":"Torre delle Stelle: posto romantico sotto il vecchio faro","description":"Situata a 40 chilometri da Cagliari si trovano le due colline di Torre delle Stelle. Intorno al vecchio faro si \u00e8 formato un posto di vecchio charme.","robots":{"index":"index","follow":"follow","max-snippet":"max-snippet:-1","max-image-preview":"max-image-preview:large","max-video-preview":"max-video-preview:-1"},"canonical":"https:\/\/www.tisenti.com\/it\/luoghi\/torre-delle-stelle","og_locale":"it_IT","og_type":"article","og_title":"Torre delle Stelle: posto romantico sotto il vecchio faro","og_description":"Situata a 40 chilometri da Cagliari si trovano le due colline di Torre delle Stelle. Intorno al vecchio faro si \u00e8 formato un posto di vecchio charme.","og_url":"https:\/\/www.tisenti.com\/it\/luoghi\/torre-delle-stelle","og_site_name":"Casa vacance Sardegna - Costa Rei, Villasimius, Torre delle Stelle","article_modified_time":"2019-09-26T13:38:17+00:00","og_image":[{"width":1200,"height":350,"url":"https:\/\/www.tisenti.com\/it\/wp-content\/uploads\/sites\/2\/2019\/01\/header_torre_mg1354_1200x.jpg","type":"image\/jpeg"}],"twitter_card":"summary_large_image","twitter_misc":{"Tempo di lettura stimato":"3 minuti"},"schema":{"@context":"https:\/\/schema.org","@graph":[{"@type":"WebPage","@id":"https:\/\/www.tisenti.com\/it\/luoghi\/torre-delle-stelle","url":"https:\/\/www.tisenti.com\/it\/luoghi\/torre-delle-stelle","name":"Torre delle Stelle: posto romantico sotto il vecchio faro","isPartOf":{"@id":"https:\/\/www.tisenti.com\/it\/#website"},"primaryImageOfPage":{"@id":"https:\/\/www.tisenti.com\/it\/luoghi\/torre-delle-stelle#primaryimage"},"image":{"@id":"https:\/\/www.tisenti.com\/it\/luoghi\/torre-delle-stelle#primaryimage"},"thumbnailUrl":"https:\/\/www.tisenti.com\/it\/wp-content\/uploads\/sites\/2\/2019\/01\/header_torre_mg1354_1200x.jpg","datePublished":"2018-12-21T16:39:10+00:00","dateModified":"2019-09-26T13:38:17+00:00","description":"Situata a 40 chilometri da Cagliari si trovano le due colline di Torre delle Stelle. Intorno al vecchio faro si \u00e8 formato un posto di vecchio charme.","breadcrumb":{"@id":"https:\/\/www.tisenti.com\/it\/luoghi\/torre-delle-stelle#breadcrumb"},"inLanguage":"it-IT","potentialAction":[{"@type":"ReadAction","target":["https:\/\/www.tisenti.com\/it\/luoghi\/torre-delle-stelle"]}]},{"@type":"ImageObject","inLanguage":"it-IT","@id":"https:\/\/www.tisenti.com\/it\/luoghi\/torre-delle-stelle#primaryimage","url":"https:\/\/www.tisenti.com\/it\/wp-content\/uploads\/sites\/2\/2019\/01\/header_torre_mg1354_1200x.jpg","contentUrl":"https:\/\/www.tisenti.com\/it\/wp-content\/uploads\/sites\/2\/2019\/01\/header_torre_mg1354_1200x.jpg","width":1200,"height":350,"caption":""},{"@type":"BreadcrumbList","@id":"https:\/\/www.tisenti.com\/it\/luoghi\/torre-delle-stelle#breadcrumb","itemListElement":[{"@type":"ListItem","position":1,"name":"Startseite","item":"https:\/\/www.tisenti.com\/it\/"},{"@type":"ListItem","position":2,"name":"Benvenuti in Sud-Sardegna!","item":"https:\/\/www.tisenti.com\/it\/luoghi"},{"@type":"ListItem","position":3,"name":"Torre delle Stelle"}]},{"@type":"WebSite","@id":"https:\/\/www.tisenti.com\/it\/#website","url":"https:\/\/www.tisenti.com\/it\/","name":"Casa vacance Sardegna - Costa Rei, Villasimius, Torre delle Stelle","description":"La Vostra agenzia per le case vacanze in Sardegna. Godetevi una vacanza in Sardegna alle spiaggie bellissime di Villasimius, Costa Rei, Geremeas e Torre delle Stelle.","publisher":{"@id":"https:\/\/www.tisenti.com\/it\/#organization"},"potentialAction":[{"@type":"SearchAction","target":{"@type":"EntryPoint","urlTemplate":"https:\/\/www.tisenti.com\/it\/?s={search_term_string}"},"query-input":{"@type":"PropertyValueSpecification","valueRequired":true,"valueName":"search_term_string"}}],"inLanguage":"it-IT"},{"@type":"Organization","@id":"https:\/\/www.tisenti.com\/it\/#organization","name":"Casa vacance Sardegna - Costa Rei, Villasimius, Torre delle Stelle","url":"https:\/\/www.tisenti.com\/it\/","logo":{"@type":"ImageObject","inLanguage":"it-IT","@id":"https:\/\/www.tisenti.com\/it\/#\/schema\/logo\/image\/","url":"https:\/\/www.tisenti.com\/it\/wp-content\/uploads\/sites\/2\/2019\/10\/logo-tisenti.png","contentUrl":"https:\/\/www.tisenti.com\/it\/wp-content\/uploads\/sites\/2\/2019\/10\/logo-tisenti.png","caption":"Casa vacance Sardegna - Costa Rei, Villasimius, Torre delle Stelle"},"image":{"@id":"https:\/\/www.tisenti.com\/it\/#\/schema\/logo\/image\/"}}]}},"_links":{"self":[{"href":"https:\/\/www.tisenti.com\/it\/wp-json\/wp\/v2\/pages\/426","targetHints":{"allow":["GET"]}}],"collection":[{"href":"https:\/\/www.tisenti.com\/it\/wp-json\/wp\/v2\/pages"}],"about":[{"href":"https:\/\/www.tisenti.com\/it\/wp-json\/wp\/v2\/types\/page"}],"author":[{"embeddable":true,"href":"https:\/\/www.tisenti.com\/it\/wp-json\/wp\/v2\/users\/3"}],"replies":[{"embeddable":true,"href":"https:\/\/www.tisenti.com\/it\/wp-json\/wp\/v2\/comments?post=426"}],"version-history":[{"count":20,"href":"https:\/\/www.tisenti.com\/it\/wp-json\/wp\/v2\/pages\/426\/revisions"}],"predecessor-version":[{"id":3991,"href":"https:\/\/www.tisenti.com\/it\/wp-json\/wp\/v2\/pages\/426\/revisions\/3991"}],"up":[{"embeddable":true,"href":"https:\/\/www.tisenti.com\/it\/wp-json\/wp\/v2\/pages\/158"}],"wp:featuredmedia":[{"embeddable":true,"href":"https:\/\/www.tisenti.com\/it\/wp-json\/wp\/v2\/media\/865"}],"wp:attachment":[{"href":"https:\/\/www.tisenti.com\/it\/wp-json\/wp\/v2\/media?parent=426"}],"wp:term":[{"taxonomy":"category","embeddable":true,"href":"https:\/\/www.tisenti.com\/it\/wp-json\/wp\/v2\/categories?post=426"},{"taxonomy":"post_tag","embeddable":true,"href":"https:\/\/www.tisenti.com\/it\/wp-json\/wp\/v2\/tags?post=426"}],"curies":[{"name":"wp","href":"https:\/\/api.w.org\/{rel}","templated":true}]}}