{"id":424,"date":"2018-12-21T16:38:36","date_gmt":"2018-12-21T16:38:36","guid":{"rendered":"http:\/\/tisenti-2018.nakami.de\/?page_id=424"},"modified":"2020-05-06T07:25:05","modified_gmt":"2020-05-06T05:25:05","slug":"geremeas","status":"publish","type":"page","link":"https:\/\/www.tisenti.com\/it\/luoghi\/geremeas","title":{"rendered":"Geremeas"},"content":{"rendered":"\n<div class=\"wp-block-grid-blocks-grid-block-container grid-x grid-margin-x grid-margin-y content-grid\">\n<div class=\"wp-block-grid-blocks-grid-block-column cell panel small-12 medium-12 large-12 null grid-padding-y\">\n<p class=\"has-medium-font-size\">Chi va per la strada costiera da Cagliari verso\nest, rimarr\u00e1 sempre incantato da panorami e vedute mozzafiato. Abbastanza\nnascosta \u2013 e lontano dai turisti di passaggio \u2013 si apre improvvisamente una\nspiaggia da sogno lunga due chilometri: Geremeas.<\/p>\n<\/div>\n\n\n\n<div class=\"wp-block-grid-blocks-grid-block-column cell panel small-12 medium-6 large-6 null grid-padding-y\">\n<figure class=\"wp-block-gallery columns-2 is-cropped wp-block-gallery-1 is-layout-flex wp-block-gallery-is-layout-flex\"><ul class=\"blocks-gallery-grid\"><li class=\"blocks-gallery-item\"><figure><img decoding=\"async\" src=\"https:\/\/www.tisenti.com\/de\/wp-content\/uploads\/sites\/2\/2019\/08\/geremeas.png\" alt=\"\" data-id=\"2792\" data-link=\"https:\/\/www.tisenti.com\/de\/geremeas-3\/\" class=\"wp-image-2792\" \/><\/figure><\/li><li class=\"blocks-gallery-item\"><figure><img loading=\"lazy\" decoding=\"async\" width=\"300\" height=\"600\" src=\"https:\/\/www.tisenti.com\/de\/wp-content\/uploads\/sites\/2\/2019\/01\/geremeas-hk-1.jpg\" alt=\"\" data-id=\"841\" data-link=\"https:\/\/www.tisenti.com\/de\/geremeas-hk\/\" class=\"wp-image-841\" srcset=\"https:\/\/www.tisenti.com\/it\/wp-content\/uploads\/sites\/2\/2019\/01\/geremeas-hk-1.jpg 300w, https:\/\/www.tisenti.com\/it\/wp-content\/uploads\/sites\/2\/2019\/01\/geremeas-hk-1-150x300.jpg 150w\" sizes=\"auto, (max-width: 300px) 100vw, 300px\" \/><\/figure><\/li><\/ul><\/figure>\n\n\n\n<h2 class=\"tisenti-header-font tisenti-title wp-block-heading\">Vivere la Sardegna tranquillamente<\/h2>\n\n\n\n<p>Le due strade private poco appariscenti nella zona residenziale lo lasciano gi\u00e0 sospettare: In Geremeas apprezzano la pace. L\u2019elemento tonificante \u00e9 il noto Hotel Cala Serena. Per fare la spesa c\u2019\u00e8 un piccolo supermercato, altrimenti i soliti bar e una pizzeria veramente buona. Si potrebbe dire che \u201equesto \u00e8 tutto\u201c, ma ci\u00f2 non \u00e8 all\u2019altezza di questo bellissimo posto.<br>La particolarit\u00e0 di Geremeas \u00e8 che qui si pu\u00f2 veramente trascorrere una vacanza con molta pace e soprattutto privacy. Le bellissime ville costruite lungo la spiaggia hanno tutte origini nei tempi in cui faceva parte del bon ton costruire in grandi dimensioni. E cos\u00ec si trova su tutto il villaggio il tocco rilassante della Dolce Vita e di \u201evacanze al mare come si deve\u201c.<\/p>\n\n\n\n<div style=\"height:20px\" aria-hidden=\"true\" class=\"wp-block-spacer\"><\/div>\n\n\n\n<figure class=\"wp-block-gallery columns-2 is-cropped wp-block-gallery-2 is-layout-flex wp-block-gallery-is-layout-flex\"><ul class=\"blocks-gallery-grid\"><li class=\"blocks-gallery-item\"><figure><img loading=\"lazy\" decoding=\"async\" width=\"300\" height=\"600\" src=\"\/wp-content\/uploads\/sites\/2\/2019\/01\/tuerkis-hk.lll_-1.jpg\" alt=\"\" data-id=\"885\" class=\"wp-image-885\" srcset=\"https:\/\/www.tisenti.com\/it\/wp-content\/uploads\/sites\/2\/2019\/01\/tuerkis-hk.lll_-1.jpg 300w, https:\/\/www.tisenti.com\/it\/wp-content\/uploads\/sites\/2\/2019\/01\/tuerkis-hk.lll_-1-150x300.jpg 150w\" sizes=\"auto, (max-width: 300px) 100vw, 300px\" \/><\/figure><\/li><li class=\"blocks-gallery-item\"><figure><img loading=\"lazy\" decoding=\"async\" width=\"300\" height=\"600\" src=\"\/de\/wp-content\/uploads\/sites\/2\/2019\/01\/geremeas-hk.lll_-1.jpg\" alt=\"\" data-id=\"884\" class=\"wp-image-884\" srcset=\"https:\/\/www.tisenti.com\/it\/wp-content\/uploads\/sites\/2\/2019\/01\/geremeas-hk.lll_-1.jpg 300w, https:\/\/www.tisenti.com\/it\/wp-content\/uploads\/sites\/2\/2019\/01\/geremeas-hk.lll_-1-150x300.jpg 150w\" sizes=\"auto, (max-width: 300px) 100vw, 300px\" \/><\/figure><\/li><\/ul><\/figure>\n<\/div>\n\n\n\n<div class=\"wp-block-grid-blocks-grid-block-column cell panel small-12 medium-6 large-6 null grid-padding-y\">\n<h2 class=\"tisenti-header-font tisenti-title wp-block-heading\">Suggerimenti per individualisti<\/h2>\n\n\n\n<p>Il fatto che quasi nessun turista prende la strada per Geremeas, e fondato sul mistero del perch\u00e8 questo posto eserciti una cos\u00ec grande attrazione sugli individualisti. \u00c8 tutto qui quello che serve per passare delle giornate rilassanti al mare \u2013 finemente dosate e aromatizzate con un tocco di flair mediterraneo.<br>Rilassare per qualche giorno, prendersi una pausa dalla vita quotidiana e trovare il tempo per quelli che ci rimettono tutti i giorni e per tutto ci\u00f2 di cui solitamente non abbiamo tempo. Una vacanza senza bingo e bongo: questo \u00e8 Geremeas.<\/p>\n\n\n\n<p><br><\/p>\n\n\n\n<h2 class=\"tisenti-header-font tisenti-title wp-block-heading\">Escursioni nella periferia e nell\u2019entroterra<\/h2>\n\n\n\n<p>Anche la posizione geografica di Geremeas \u00e8 interessante. A meno di 40 chilometri dalla capitale, questo elegante complesso residenziale fa sicuramente parte delle \u201eperle\u201c della costa sud della Sardegna.<br>Ma non solo: anche le attrazioni vicine in forma delle grandi localit\u00e0 balneari di Villasumius e Costa Rei sono raggiungibili in 20 minuti con la macchina. Per non parlare del gi\u00e0 citato capoluogo dell\u2019isola, Cagliari. Che negli ultimi anni \u00e8 diventato un suggerimento privilegiato, con il suo fascino e il flair rilassente, facilmente pu\u00f2 fare concorrenza ad altre destinazioni note del mediterraneo.<br>Chi invece preferisce un po\u2019 di aria di montagna, ha un percorso quasi perfetto per accedere al parco naturale \u201eSette Fratelli\u201c, che combina tutta la bellezza dell\u2019entroterra sardo ed \u00e8 un vero spettacolo naturale.<\/p>\n\n\n\n<div style=\"height:20px\" aria-hidden=\"true\" class=\"wp-block-spacer\"><\/div>\n\n\n\n<figure class=\"wp-block-gallery columns-1 is-cropped wp-block-gallery-3 is-layout-flex wp-block-gallery-is-layout-flex\"><ul class=\"blocks-gallery-grid\"><li class=\"blocks-gallery-item\"><figure><img loading=\"lazy\" decoding=\"async\" width=\"600\" height=\"224\" src=\"\/wp-content\/uploads\/sites\/2\/2019\/01\/geremeas-v.ll_-1.jpg\" alt=\"\" data-id=\"881\" class=\"wp-image-881\" srcset=\"https:\/\/www.tisenti.com\/it\/wp-content\/uploads\/sites\/2\/2019\/01\/geremeas-v.ll_-1.jpg 600w, https:\/\/www.tisenti.com\/it\/wp-content\/uploads\/sites\/2\/2019\/01\/geremeas-v.ll_-1-300x112.jpg 300w\" sizes=\"auto, (max-width: 600px) 100vw, 600px\" \/><\/figure><\/li><li class=\"blocks-gallery-item\"><figure><img loading=\"lazy\" decoding=\"async\" width=\"600\" height=\"224\" src=\"\/de\/wp-content\/uploads\/sites\/2\/2019\/01\/geremeas-schafe-600x224-1.png\" alt=\"\" data-id=\"880\" class=\"wp-image-880\" srcset=\"https:\/\/www.tisenti.com\/it\/wp-content\/uploads\/sites\/2\/2019\/01\/geremeas-schafe-600x224-1.png 600w, https:\/\/www.tisenti.com\/it\/wp-content\/uploads\/sites\/2\/2019\/01\/geremeas-schafe-600x224-1-300x112.png 300w\" sizes=\"auto, (max-width: 600px) 100vw, 600px\" \/><\/figure><\/li><\/ul><\/figure>\n\n\n\n<h2 class=\"tisenti-header-font tisenti-title wp-block-heading\">Immersioni e attivit\u00e0 sportive<\/h2>\n\n\n\n<p>F\u00fcr Freunde des Rennrads sei noch erw\u00e4hnt, dass die nah gelegene K\u00fcstenstra\u00dfe ein Eldorado f\u00fcr Zweiradfreunde ist. Man sollte allerdings einigerma\u00dfen trainiert sein, um das Auf und Ab oberhalb der traumhaften Sandkulisse zu meistern. <br>Quel che \u00e8 giusto \u00e8 giusto! Ma solo relax non \u00e8 riposare. Quindi si cerca quello che porta insieme il corpo e l\u2019anima \u2013 lo sport.<br>Oltre alla possibilit\u00e0 dei soliti giochi con la palla in spiaggia, il nostro piccolo villaggio ha una bellissima offerta specialmente per chi vuole subacquare. In capo alla costa occidentale della spiaggia di Geremeas raggiungerete la zona residenziale \u201eKal\u2019e Moru\u201c con la sua elogiata <a href=\"https:\/\/oceanblue-diving.com\/\" target=\"_blank\" rel=\"noreferrer noopener\" aria-label=\"scuola di sub (apre in una nuova scheda)\">scuola di sub<\/a>.<br>Per gli amanti della bicicletta da corsa si dovrebbe menzionare che la vicina strada costriera \u00e8 il mecca per tutti gli amici della bici. Per\u00f3 dovreste essere ben allenati per superare gli alti e bassi sopra lo splendido paesaggio sabbioso. <\/p>\n\n\n\n<p><br><\/p>\n<\/div>\n\n\n\n<div class=\"wp-block-grid-blocks-grid-block-column cell panel small-12 medium-12 large-12 null grid-padding-y\">\n<div style=\"height:20px\" aria-hidden=\"true\" class=\"wp-block-spacer\"><\/div>\n\n\n\n<h2 class=\"wp-block-heading\">Geremeas, nostri consigli<\/h2>\n<\/div>\n\n\n\n<div class=\"wp-block-grid-blocks-grid-block-column cell panel small-12 medium-6 large-3 null grid-padding-y\">\n<h3 class=\"tisenti-header-font tisenti-title wp-block-heading\">Pizzeria<\/h3>\n\n\n\n<p class=\"tipps-bg-eat has-line-height-one extra-padding\"><strong>Bar\/Pizzeria La Gondola<\/strong><br><br>Semplice ma molto simpatica. Bar e Pizzeria nella zona residenziale \u201eGeremeas 2\u201c. Consigliato per un buon caff\u00e8 e una deliziosa pizza.<br>Clicca qui per la pagina <strong><a href=\"https:\/\/www.facebook.com\/pages\/category\/Diner\/La-Gondola-Ristorante-Pizzeria-Geremeas-149892051730571\/\" target=\"_blank\" rel=\"noreferrer noopener\">Facebook<\/a><\/strong>.<br><\/p>\n<\/div>\n\n\n\n<div class=\"wp-block-grid-blocks-grid-block-column cell panel small-12 medium-6 large-3 null grid-padding-y\">\n<h3 class=\"tisenti-header-font tisenti-title wp-block-heading\">Cavalcare<\/h3>\n\n\n\n<p class=\"tipps-bg-sport has-line-height-one extra-padding\"><strong>Monastero<br><\/strong> <br>Un po fuori di Geremeas si trova l\u2019hotel \u201eIl Monastero\u201c. Qui vengono organizzate bellissime passeggiate a cavallo nell\u2019entroterra e \u2013 a volte \u2013 in spiaggia. <br><a rel=\"noreferrer noopener\" href=\"http:\/\/www.monasterohotel.it\" target=\"_blank\"><strong>www.monasterohotel.it<\/strong><\/a><strong> <\/strong><\/p>\n<\/div>\n\n\n\n<div class=\"wp-block-grid-blocks-grid-block-column cell panel small-12 medium-6 large-3 null grid-padding-y\">\n<h3 class=\"tisenti-header-font tisenti-title wp-block-heading\">Enoteca<\/h3>\n\n\n\n<p class=\"tipps-bg-eat has-line-height-one extra-padding\"><strong>Vini Solanas<br><br><\/strong>Segiure la strada costiera verso Villasimius per circa 5 km fino a quando appare il cartello di localit\u00e0 \u201eSolanas\u201c. Poco dopo l\u2019entrata in citt\u00e0, si trova direttamente sulla strada il negozio \u201eVini Solanas\u201c. Qui trovate vini di campagnia freschi direttamente dalla botte. <\/p>\n<\/div>\n\n\n\n<div class=\"wp-block-grid-blocks-grid-block-column cell panel small-12 medium-6 large-3 null grid-padding-y\">\n<h3 class=\"tisenti-header-font tisenti-title wp-block-heading\">Ristorante da pesce<\/h3>\n\n\n\n<p class=\"tipps-bg-eat has-line-height-one extra-padding\"><strong>Ristorante da Barbara<br><\/strong><br>Nella localit\u00e0 vicina a Solanas di fronte al distributore trovate i migliori piatti di pesce, serviti in un\u2019atmosfera familiare.  <br>Prenotazioni Tel: (+39) 070 750630 <\/p>\n<\/div>\n\n\n\n<div class=\"wp-block-grid-blocks-grid-block-column cell panel small-12 medium-12 large-12 null grid-padding-y\"><\/div>\n<\/div>\n","protected":false},"excerpt":{"rendered":"","protected":false},"author":3,"featured_media":227,"parent":158,"menu_order":0,"comment_status":"closed","ping_status":"closed","template":"","meta":{"footnotes":""},"categories":[],"tags":[],"class_list":["post-424","page","type-page","status-publish","has-post-thumbnail","hentry"],"yoast_head":"<!-- This site is optimized with the Yoast SEO plugin v27.5 - https:\/\/yoast.com\/product\/yoast-seo-wordpress\/ -->\n<title>Geremeas offre un ambiente sereno per i turisti individuali<\/title>\n<meta name=\"description\" content=\"A Geremeas si pu\u00f2 veramente trascorrere una vacanza con molta pace e soprattutto privacy. Una vacanza senza bingo e bongo: questo \u00e8 Geremeas.\" \/>\n<meta name=\"robots\" content=\"index, follow, max-snippet:-1, max-image-preview:large, max-video-preview:-1\" \/>\n<link rel=\"canonical\" href=\"https:\/\/www.tisenti.com\/it\/luoghi\/geremeas\" \/>\n<meta property=\"og:locale\" content=\"it_IT\" \/>\n<meta property=\"og:type\" content=\"article\" \/>\n<meta property=\"og:title\" content=\"Geremeas offre un ambiente sereno per i turisti individuali\" \/>\n<meta property=\"og:description\" content=\"A Geremeas si pu\u00f2 veramente trascorrere una vacanza con molta pace e soprattutto privacy. Una vacanza senza bingo e bongo: questo \u00e8 Geremeas.\" \/>\n<meta property=\"og:url\" content=\"https:\/\/www.tisenti.com\/it\/luoghi\/geremeas\" \/>\n<meta property=\"og:site_name\" content=\"Casa vacance Sardegna - Costa Rei, Villasimius, Torre delle Stelle\" \/>\n<meta property=\"article:modified_time\" content=\"2020-05-06T05:25:05+00:00\" \/>\n<meta property=\"og:image\" content=\"https:\/\/www.tisenti.com\/it\/wp-content\/uploads\/sites\/2\/2018\/12\/header-geremeas-1.jpg\" \/>\n\t<meta property=\"og:image:width\" content=\"1200\" \/>\n\t<meta property=\"og:image:height\" content=\"350\" \/>\n\t<meta property=\"og:image:type\" content=\"image\/jpeg\" \/>\n<meta name=\"twitter:card\" content=\"summary_large_image\" \/>\n<meta name=\"twitter:label1\" content=\"Tempo di lettura stimato\" \/>\n\t<meta name=\"twitter:data1\" content=\"3 minuti\" \/>\n<script type=\"application\/ld+json\" class=\"yoast-schema-graph\">{\"@context\":\"https:\\\/\\\/schema.org\",\"@graph\":[{\"@type\":\"WebPage\",\"@id\":\"https:\\\/\\\/www.tisenti.com\\\/it\\\/luoghi\\\/geremeas\",\"url\":\"https:\\\/\\\/www.tisenti.com\\\/it\\\/luoghi\\\/geremeas\",\"name\":\"Geremeas offre un ambiente sereno per i turisti individuali\",\"isPartOf\":{\"@id\":\"https:\\\/\\\/www.tisenti.com\\\/it\\\/#website\"},\"primaryImageOfPage\":{\"@id\":\"https:\\\/\\\/www.tisenti.com\\\/it\\\/luoghi\\\/geremeas#primaryimage\"},\"image\":{\"@id\":\"https:\\\/\\\/www.tisenti.com\\\/it\\\/luoghi\\\/geremeas#primaryimage\"},\"thumbnailUrl\":\"https:\\\/\\\/www.tisenti.com\\\/it\\\/wp-content\\\/uploads\\\/sites\\\/2\\\/2018\\\/12\\\/header-geremeas-1.jpg\",\"datePublished\":\"2018-12-21T16:38:36+00:00\",\"dateModified\":\"2020-05-06T05:25:05+00:00\",\"description\":\"A Geremeas si pu\u00f2 veramente trascorrere una vacanza con molta pace e soprattutto privacy. Una vacanza senza bingo e bongo: questo \u00e8 Geremeas.\",\"breadcrumb\":{\"@id\":\"https:\\\/\\\/www.tisenti.com\\\/it\\\/luoghi\\\/geremeas#breadcrumb\"},\"inLanguage\":\"it-IT\",\"potentialAction\":[{\"@type\":\"ReadAction\",\"target\":[\"https:\\\/\\\/www.tisenti.com\\\/it\\\/luoghi\\\/geremeas\"]}]},{\"@type\":\"ImageObject\",\"inLanguage\":\"it-IT\",\"@id\":\"https:\\\/\\\/www.tisenti.com\\\/it\\\/luoghi\\\/geremeas#primaryimage\",\"url\":\"https:\\\/\\\/www.tisenti.com\\\/it\\\/wp-content\\\/uploads\\\/sites\\\/2\\\/2018\\\/12\\\/header-geremeas-1.jpg\",\"contentUrl\":\"https:\\\/\\\/www.tisenti.com\\\/it\\\/wp-content\\\/uploads\\\/sites\\\/2\\\/2018\\\/12\\\/header-geremeas-1.jpg\",\"width\":1200,\"height\":350,\"caption\":\"\"},{\"@type\":\"BreadcrumbList\",\"@id\":\"https:\\\/\\\/www.tisenti.com\\\/it\\\/luoghi\\\/geremeas#breadcrumb\",\"itemListElement\":[{\"@type\":\"ListItem\",\"position\":1,\"name\":\"Startseite\",\"item\":\"https:\\\/\\\/www.tisenti.com\\\/it\\\/\"},{\"@type\":\"ListItem\",\"position\":2,\"name\":\"Benvenuti in Sud-Sardegna!\",\"item\":\"https:\\\/\\\/www.tisenti.com\\\/it\\\/luoghi\"},{\"@type\":\"ListItem\",\"position\":3,\"name\":\"Geremeas\"}]},{\"@type\":\"WebSite\",\"@id\":\"https:\\\/\\\/www.tisenti.com\\\/it\\\/#website\",\"url\":\"https:\\\/\\\/www.tisenti.com\\\/it\\\/\",\"name\":\"Casa vacance Sardegna - Costa Rei, Villasimius, Torre delle Stelle\",\"description\":\"La Vostra agenzia per le case vacanze in Sardegna. Godetevi una vacanza in Sardegna alle spiaggie bellissime di Villasimius, Costa Rei, Geremeas e Torre delle Stelle.\",\"publisher\":{\"@id\":\"https:\\\/\\\/www.tisenti.com\\\/it\\\/#organization\"},\"potentialAction\":[{\"@type\":\"SearchAction\",\"target\":{\"@type\":\"EntryPoint\",\"urlTemplate\":\"https:\\\/\\\/www.tisenti.com\\\/it\\\/?s={search_term_string}\"},\"query-input\":{\"@type\":\"PropertyValueSpecification\",\"valueRequired\":true,\"valueName\":\"search_term_string\"}}],\"inLanguage\":\"it-IT\"},{\"@type\":\"Organization\",\"@id\":\"https:\\\/\\\/www.tisenti.com\\\/it\\\/#organization\",\"name\":\"Casa vacance Sardegna - Costa Rei, Villasimius, Torre delle Stelle\",\"url\":\"https:\\\/\\\/www.tisenti.com\\\/it\\\/\",\"logo\":{\"@type\":\"ImageObject\",\"inLanguage\":\"it-IT\",\"@id\":\"https:\\\/\\\/www.tisenti.com\\\/it\\\/#\\\/schema\\\/logo\\\/image\\\/\",\"url\":\"https:\\\/\\\/www.tisenti.com\\\/it\\\/wp-content\\\/uploads\\\/sites\\\/2\\\/2019\\\/10\\\/logo-tisenti.png\",\"contentUrl\":\"https:\\\/\\\/www.tisenti.com\\\/it\\\/wp-content\\\/uploads\\\/sites\\\/2\\\/2019\\\/10\\\/logo-tisenti.png\",\"caption\":\"Casa vacance Sardegna - Costa Rei, Villasimius, Torre delle Stelle\"},\"image\":{\"@id\":\"https:\\\/\\\/www.tisenti.com\\\/it\\\/#\\\/schema\\\/logo\\\/image\\\/\"}}]}<\/script>\n<!-- \/ Yoast SEO plugin. -->","yoast_head_json":{"title":"Geremeas offre un ambiente sereno per i turisti individuali","description":"A Geremeas si pu\u00f2 veramente trascorrere una vacanza con molta pace e soprattutto privacy. Una vacanza senza bingo e bongo: questo \u00e8 Geremeas.","robots":{"index":"index","follow":"follow","max-snippet":"max-snippet:-1","max-image-preview":"max-image-preview:large","max-video-preview":"max-video-preview:-1"},"canonical":"https:\/\/www.tisenti.com\/it\/luoghi\/geremeas","og_locale":"it_IT","og_type":"article","og_title":"Geremeas offre un ambiente sereno per i turisti individuali","og_description":"A Geremeas si pu\u00f2 veramente trascorrere una vacanza con molta pace e soprattutto privacy. Una vacanza senza bingo e bongo: questo \u00e8 Geremeas.","og_url":"https:\/\/www.tisenti.com\/it\/luoghi\/geremeas","og_site_name":"Casa vacance Sardegna - Costa Rei, Villasimius, Torre delle Stelle","article_modified_time":"2020-05-06T05:25:05+00:00","og_image":[{"width":1200,"height":350,"url":"https:\/\/www.tisenti.com\/it\/wp-content\/uploads\/sites\/2\/2018\/12\/header-geremeas-1.jpg","type":"image\/jpeg"}],"twitter_card":"summary_large_image","twitter_misc":{"Tempo di lettura stimato":"3 minuti"},"schema":{"@context":"https:\/\/schema.org","@graph":[{"@type":"WebPage","@id":"https:\/\/www.tisenti.com\/it\/luoghi\/geremeas","url":"https:\/\/www.tisenti.com\/it\/luoghi\/geremeas","name":"Geremeas offre un ambiente sereno per i turisti individuali","isPartOf":{"@id":"https:\/\/www.tisenti.com\/it\/#website"},"primaryImageOfPage":{"@id":"https:\/\/www.tisenti.com\/it\/luoghi\/geremeas#primaryimage"},"image":{"@id":"https:\/\/www.tisenti.com\/it\/luoghi\/geremeas#primaryimage"},"thumbnailUrl":"https:\/\/www.tisenti.com\/it\/wp-content\/uploads\/sites\/2\/2018\/12\/header-geremeas-1.jpg","datePublished":"2018-12-21T16:38:36+00:00","dateModified":"2020-05-06T05:25:05+00:00","description":"A Geremeas si pu\u00f2 veramente trascorrere una vacanza con molta pace e soprattutto privacy. Una vacanza senza bingo e bongo: questo \u00e8 Geremeas.","breadcrumb":{"@id":"https:\/\/www.tisenti.com\/it\/luoghi\/geremeas#breadcrumb"},"inLanguage":"it-IT","potentialAction":[{"@type":"ReadAction","target":["https:\/\/www.tisenti.com\/it\/luoghi\/geremeas"]}]},{"@type":"ImageObject","inLanguage":"it-IT","@id":"https:\/\/www.tisenti.com\/it\/luoghi\/geremeas#primaryimage","url":"https:\/\/www.tisenti.com\/it\/wp-content\/uploads\/sites\/2\/2018\/12\/header-geremeas-1.jpg","contentUrl":"https:\/\/www.tisenti.com\/it\/wp-content\/uploads\/sites\/2\/2018\/12\/header-geremeas-1.jpg","width":1200,"height":350,"caption":""},{"@type":"BreadcrumbList","@id":"https:\/\/www.tisenti.com\/it\/luoghi\/geremeas#breadcrumb","itemListElement":[{"@type":"ListItem","position":1,"name":"Startseite","item":"https:\/\/www.tisenti.com\/it\/"},{"@type":"ListItem","position":2,"name":"Benvenuti in Sud-Sardegna!","item":"https:\/\/www.tisenti.com\/it\/luoghi"},{"@type":"ListItem","position":3,"name":"Geremeas"}]},{"@type":"WebSite","@id":"https:\/\/www.tisenti.com\/it\/#website","url":"https:\/\/www.tisenti.com\/it\/","name":"Casa vacance Sardegna - Costa Rei, Villasimius, Torre delle Stelle","description":"La Vostra agenzia per le case vacanze in Sardegna. Godetevi una vacanza in Sardegna alle spiaggie bellissime di Villasimius, Costa Rei, Geremeas e Torre delle Stelle.","publisher":{"@id":"https:\/\/www.tisenti.com\/it\/#organization"},"potentialAction":[{"@type":"SearchAction","target":{"@type":"EntryPoint","urlTemplate":"https:\/\/www.tisenti.com\/it\/?s={search_term_string}"},"query-input":{"@type":"PropertyValueSpecification","valueRequired":true,"valueName":"search_term_string"}}],"inLanguage":"it-IT"},{"@type":"Organization","@id":"https:\/\/www.tisenti.com\/it\/#organization","name":"Casa vacance Sardegna - Costa Rei, Villasimius, Torre delle Stelle","url":"https:\/\/www.tisenti.com\/it\/","logo":{"@type":"ImageObject","inLanguage":"it-IT","@id":"https:\/\/www.tisenti.com\/it\/#\/schema\/logo\/image\/","url":"https:\/\/www.tisenti.com\/it\/wp-content\/uploads\/sites\/2\/2019\/10\/logo-tisenti.png","contentUrl":"https:\/\/www.tisenti.com\/it\/wp-content\/uploads\/sites\/2\/2019\/10\/logo-tisenti.png","caption":"Casa vacance Sardegna - Costa Rei, Villasimius, Torre delle Stelle"},"image":{"@id":"https:\/\/www.tisenti.com\/it\/#\/schema\/logo\/image\/"}}]}},"_links":{"self":[{"href":"https:\/\/www.tisenti.com\/it\/wp-json\/wp\/v2\/pages\/424","targetHints":{"allow":["GET"]}}],"collection":[{"href":"https:\/\/www.tisenti.com\/it\/wp-json\/wp\/v2\/pages"}],"about":[{"href":"https:\/\/www.tisenti.com\/it\/wp-json\/wp\/v2\/types\/page"}],"author":[{"embeddable":true,"href":"https:\/\/www.tisenti.com\/it\/wp-json\/wp\/v2\/users\/3"}],"replies":[{"embeddable":true,"href":"https:\/\/www.tisenti.com\/it\/wp-json\/wp\/v2\/comments?post=424"}],"version-history":[{"count":19,"href":"https:\/\/www.tisenti.com\/it\/wp-json\/wp\/v2\/pages\/424\/revisions"}],"predecessor-version":[{"id":3967,"href":"https:\/\/www.tisenti.com\/it\/wp-json\/wp\/v2\/pages\/424\/revisions\/3967"}],"up":[{"embeddable":true,"href":"https:\/\/www.tisenti.com\/it\/wp-json\/wp\/v2\/pages\/158"}],"wp:featuredmedia":[{"embeddable":true,"href":"https:\/\/www.tisenti.com\/it\/wp-json\/wp\/v2\/media\/227"}],"wp:attachment":[{"href":"https:\/\/www.tisenti.com\/it\/wp-json\/wp\/v2\/media?parent=424"}],"wp:term":[{"taxonomy":"category","embeddable":true,"href":"https:\/\/www.tisenti.com\/it\/wp-json\/wp\/v2\/categories?post=424"},{"taxonomy":"post_tag","embeddable":true,"href":"https:\/\/www.tisenti.com\/it\/wp-json\/wp\/v2\/tags?post=424"}],"curies":[{"name":"wp","href":"https:\/\/api.w.org\/{rel}","templated":true}]}}