{"id":195,"date":"2018-11-28T07:30:27","date_gmt":"2018-11-28T07:30:27","guid":{"rendered":"http:\/\/tisenti-2018.nakami.de\/?page_id=195"},"modified":"2019-11-20T10:07:09","modified_gmt":"2019-11-20T09:07:09","slug":"costa-rei","status":"publish","type":"page","link":"https:\/\/www.tisenti.com\/it\/luoghi\/costa-rei","title":{"rendered":"Costa Rei"},"content":{"rendered":"\n<div class=\"wp-block-grid-blocks-grid-block-container grid-x grid-margin-x grid-margin-y content-grid\">\n<div class=\"wp-block-grid-blocks-grid-block-column cell panel small-12 medium-12 large-12 null grid-padding-y\">\n<p class=\"has-medium-font-size\">La Sardegna \u00e8 conosciuta per le sue incantevoli spiagge. Soprattutto lungo la costa orientale ci sono numerosi paradisi per gli amanti del bagno e della spiaggia. Nel sud-est dell\u2019isola, a circa un\u2019ora di macchina dalla capitale Cagliari, si trova la Costa Rei, la costa reale. Dieci chilometri di spiaggia bianca si estendono tra lo Scoglio di Peppino al sud e Capo Ferrato al nord della baia. <\/p>\n<\/div>\n\n\n\n<div class=\"wp-block-grid-blocks-grid-block-column cell panel small-12 medium-6 large-6 null grid-padding-y\">\n<figure class=\"wp-block-gallery columns-2 is-cropped wp-block-gallery-1 is-layout-flex wp-block-gallery-is-layout-flex\"><ul class=\"blocks-gallery-grid\"><li class=\"blocks-gallery-item\"><figure><img loading=\"lazy\" decoding=\"async\" width=\"300\" height=\"600\" src=\"https:\/\/www.tisenti.com\/de\/wp-content\/uploads\/sites\/2\/2019\/08\/costarei.png\" alt=\"\" data-id=\"2799\" data-link=\"https:\/\/www.tisenti.com\/de\/costarei\/\" class=\"wp-image-2799\" srcset=\"https:\/\/www.tisenti.com\/it\/wp-content\/uploads\/sites\/2\/2019\/08\/costarei.png 300w, https:\/\/www.tisenti.com\/it\/wp-content\/uploads\/sites\/2\/2019\/08\/costarei-150x300.png 150w\" sizes=\"auto, (max-width: 300px) 100vw, 300px\" \/><\/figure><\/li><li class=\"blocks-gallery-item\"><figure><img loading=\"lazy\" decoding=\"async\" width=\"300\" height=\"600\" src=\"https:\/\/www.tisenti.com\/de\/wp-content\/uploads\/sites\/2\/2019\/01\/costa-hk.lll_-1.jpg\" alt=\"\" data-id=\"838\" data-link=\"https:\/\/www.tisenti.com\/de\/costa-hk-lll\/\" class=\"wp-image-838\" srcset=\"https:\/\/www.tisenti.com\/it\/wp-content\/uploads\/sites\/2\/2019\/01\/costa-hk.lll_-1.jpg 300w, https:\/\/www.tisenti.com\/it\/wp-content\/uploads\/sites\/2\/2019\/01\/costa-hk.lll_-1-150x300.jpg 150w\" sizes=\"auto, (max-width: 300px) 100vw, 300px\" \/><\/figure><\/li><\/ul><\/figure>\n\n\n\n<h2 class=\"tisenti-header-font tisenti-title wp-block-heading\">Costa Rei spiaggie da sogno \u2013 consigli per le famiglie<\/h2>\n\n\n\n<p>Da molti anni la Costa Rei \u00e8 una zona turistica molto popolare. Chi cerca una casa vacanza in Sardegna, qui trover\u00e0 una grande scelta. Dall\u2019appartamento economico alla villa lussuosa con piscina \u2013 l\u2019offerta \u00e8 ampia e su misura per le famiglie.<br>Lungo le spiaggie si sono insediate piccole aree residenziale private. Le spiagge poco profonde sono assolutamente adatte per famiglie con bambini. Ognuna ha il suo fascino e ovviamente corrisponde alle severi leggi di costruzione. Chi cerca la vicinanza alla spiaggia, trova il suo posto in una delle case direttamente al mare. Soprattutto le famiglie con bambini piccoli attrae questa combinazione di essere vicino alla citta ma anche a due passi dalla spiaggia.<br>Chi invece in vacanza cerca la tranquillit\u00e0, pu\u00f2 affitare una delle case con la vista sul mare, intorno al favoloso Monte Nai con la veduta panoramica sulla pittoresca costa. Anche da qua il centro della Costa Rei non \u00e8 lontano e facilmente da raggiungere anche a piedi. <\/p>\n\n\n\n<div style=\"height:20px\" aria-hidden=\"true\" class=\"wp-block-spacer\"><\/div>\n\n\n\n<figure class=\"wp-block-gallery columns-1 is-cropped wp-block-gallery-2 is-layout-flex wp-block-gallery-is-layout-flex\"><ul class=\"blocks-gallery-grid\"><li class=\"blocks-gallery-item\"><figure><img loading=\"lazy\" decoding=\"async\" width=\"600\" height=\"224\" src=\"\/wp-content\/uploads\/sites\/2\/2019\/01\/unbenannt-vl-1.jpg\" alt=\"\" data-id=\"849\" class=\"wp-image-849\" srcset=\"https:\/\/www.tisenti.com\/it\/wp-content\/uploads\/sites\/2\/2019\/01\/unbenannt-vl-1.jpg 600w, https:\/\/www.tisenti.com\/it\/wp-content\/uploads\/sites\/2\/2019\/01\/unbenannt-vl-1-300x112.jpg 300w\" sizes=\"auto, (max-width: 600px) 100vw, 600px\" \/><\/figure><\/li><li class=\"blocks-gallery-item\"><figure><img loading=\"lazy\" decoding=\"async\" width=\"600\" height=\"224\" src=\"\/wp-content\/uploads\/sites\/2\/2019\/01\/unbenannt-v-1.jpg\" alt=\"\" data-id=\"850\" class=\"wp-image-850\" srcset=\"https:\/\/www.tisenti.com\/it\/wp-content\/uploads\/sites\/2\/2019\/01\/unbenannt-v-1.jpg 600w, https:\/\/www.tisenti.com\/it\/wp-content\/uploads\/sites\/2\/2019\/01\/unbenannt-v-1-300x112.jpg 300w\" sizes=\"auto, (max-width: 600px) 100vw, 600px\" \/><\/figure><\/li><\/ul><\/figure>\n<\/div>\n\n\n\n<div class=\"wp-block-grid-blocks-grid-block-column cell panel small-12 medium-6 large-6 null grid-padding-y\">\n<h2 class=\"tisenti-header-font tisenti-title wp-block-heading\">Paradiso per bambini + amanti della spiaggia<\/h2>\n\n\n\n<p>La Costa Rei \u00e8 cos\u00ec popolare perch\u00e8 offre l\u2019opportunit\u00e0 di coprire una vasta gamma di interessi. Cos\u00ed, grandi e piccini trovano l\u2019offerta perfetta per trascorrere giorni armoniosi sotto il sole del sud.<br>Ad esempio, per chi vuole fare sport, pu\u00f3 andare a fare surf, immersioni o giocare a beach volley in spiaggia.<br>Una corsa mattutina in spiaggia con il sorgere del sole o un giro in bici o in montain bike in direzione <a href=\"https:\/\/www.tisenti.com\/it\/luoghi\/villasimius\">Villasimius<\/a> nella strada panoramica, sono altri highlight e quindi consigli di viaggio essenziali per una vacanza sulla Costa Rei.<\/p>\n\n\n\n<div style=\"height:22px\" aria-hidden=\"true\" class=\"wp-block-spacer\"><\/div>\n\n\n\n<h2 class=\"tisenti-header-font tisenti-title wp-block-heading\">Turismo senza folla<\/h2>\n\n\n\n<p>A causa della lunghezza della spiaggia in regola si trova anche nella alta staggione sempre un posticino tranquillo al sole. Lontano dalle masse e dai chioschi. E a proposito: la parte pi\u00f9 grande della baia di Costa Rei \u00e8 spiaggia libera. Qui potete mettere l\u2019asciugamano e l\u2019ombrellone ovunque volete. Chi per\u00f3 vuole scambiare questo tipo di libert\u00e1 per il comfort di una sdraia o una sedia, pu\u00f2 affitarne una senza problema nelle aree contrassegnate.<\/p>\n\n\n\n<div style=\"height:20px\" aria-hidden=\"true\" class=\"wp-block-spacer\"><\/div>\n\n\n\n<figure class=\"wp-block-gallery columns-2 is-cropped wp-block-gallery-3 is-layout-flex wp-block-gallery-is-layout-flex\"><ul class=\"blocks-gallery-grid\"><li class=\"blocks-gallery-item\"><figure><img loading=\"lazy\" decoding=\"async\" width=\"300\" height=\"600\" src=\"\/de\/wp-content\/uploads\/sites\/2\/2019\/01\/costa-hk.l-1.jpg\" alt=\"\" data-id=\"836\" data-link=\"http:\/\/tisenti-2018.nakami.de\/costa-hk-l\/\" class=\"wp-image-836\" srcset=\"https:\/\/www.tisenti.com\/it\/wp-content\/uploads\/sites\/2\/2019\/01\/costa-hk.l-1.jpg 300w, https:\/\/www.tisenti.com\/it\/wp-content\/uploads\/sites\/2\/2019\/01\/costa-hk.l-1-150x300.jpg 150w\" sizes=\"auto, (max-width: 300px) 100vw, 300px\" \/><\/figure><\/li><li class=\"blocks-gallery-item\"><figure><img loading=\"lazy\" decoding=\"async\" width=\"300\" height=\"600\" src=\"\/de\/wp-content\/uploads\/sites\/2\/2019\/01\/costa-hk.ll_-1.jpg\" alt=\"\" data-id=\"837\" class=\"wp-image-837\" srcset=\"https:\/\/www.tisenti.com\/it\/wp-content\/uploads\/sites\/2\/2019\/01\/costa-hk.ll_-1.jpg 300w, https:\/\/www.tisenti.com\/it\/wp-content\/uploads\/sites\/2\/2019\/01\/costa-hk.ll_-1-150x300.jpg 150w\" sizes=\"auto, (max-width: 300px) 100vw, 300px\" \/><\/figure><\/li><\/ul><\/figure>\n\n\n\n<h2 class=\"tisenti-header-font tisenti-title wp-block-heading\">Le corte distanze sono l\u2019obiettivo<\/h2>\n\n\n\n<p>A chi il sole e le nuotate in mare li hanno fatto venire un p\u00f2 di fame, completa la giornata in uno dei tanti ristoranti sulla Costa Rei. Che si tratti di pizzeria, un ristorante di pesce o un ristoranto con specialit\u00e0 sarde, la scelta e ampia nel centro della Costa.<br>Al ritorno poi la piazza attira con le sue bancarelle e la tipica atmosfera italiana di \u201elasciarsi trascinare\u201c, prima che a casa poi inizia la serenit\u00e0 della notte stellata e il sogno della prossima giornata estiva in Sardegna. <\/p>\n\n\n\n<p><br><\/p>\n<\/div>\n\n\n\n<div class=\"wp-block-grid-blocks-grid-block-column cell panel small-12 medium-12 large-12 null grid-padding-y\">\n<div style=\"height:20px\" aria-hidden=\"true\" class=\"wp-block-spacer\"><\/div>\n\n\n\n<h2 class=\"wp-block-heading\">Costa Rei, nostri consigli<\/h2>\n<\/div>\n\n\n\n<div class=\"wp-block-grid-blocks-grid-block-column cell panel small-12 medium-6 large-3 null grid-padding-y\">\n<h3 class=\"tisenti-header-font tisenti-title wp-block-heading\">Bar\/ Ristorante<\/h3>\n\n\n\n<p class=\"tipps-bg-eat has-line-height-one extra-padding\"><strong>Tamatete<\/strong><br><br>Daniele e il suo team rappresentano un\u2019ospitalit\u00e0 di prima classe con la loro attivita sulla Cala Sinzias.<br>Di sera, il locale diventa un ristorante e si pu\u00f3 mangiare con la sabbia sotto i piedi e il rumore del mare. Dai uno <a href=\"https:\/\/lidotamatete.it\/\">sg<\/a><a rel=\"noreferrer noopener\" aria-label=\"uardo (apre in una nuova scheda)\" href=\"https:\/\/lidotamatete.it\/\" target=\"_blank\">uardo<\/a><strong>.<\/strong> <\/p>\n<\/div>\n\n\n\n<div class=\"wp-block-grid-blocks-grid-block-column cell panel small-12 medium-6 large-3 null grid-padding-y\">\n<h3 class=\"tisenti-header-font tisenti-title wp-block-heading\">Scuola Sub<\/h3>\n\n\n\n<p class=\"tipps-bg-sport has-line-height-one extra-padding\"><strong>Centro Immersioni Costa Rei<\/strong><br><br>Tra le scuole sub locali questa \u00e8 la nostra preferita. Buon materiale e guide brave assicurano viaggi sicuri.<br>Altre informazione si trovano sul <a rel=\"noreferrer noopener\" aria-label=\"sito (apre in una nuova scheda)\" href=\"http:\/\/sardiniadiving.com\" target=\"_blank\"><strong>sito<\/strong><\/a>.<\/p>\n<\/div>\n\n\n\n<div class=\"wp-block-grid-blocks-grid-block-column cell panel small-12 medium-6 large-3 null grid-padding-y\">\n<h3 class=\"tisenti-header-font tisenti-title wp-block-heading\">Spiaggia di Cala Sinzias<\/h3>\n\n\n\n<p class=\"tipps-bg-beach has-line-height-one extra-padding\">&#8220;<strong>Spiaggia deluxe<\/strong>&#8220;<br><br>Circa cinque chilometri al sud della Costa Rei raggiungete la bellissima spiaggia di Cala Sinzias. Oltre alla fantastica atmosfera naturale, questa spiaggia \u00e8 anche caratterizzata per i suoi ottimi bar in spiaggia e buoni ristoranti. In ogni caso merita una visita! <strong><br><\/strong><\/p>\n<\/div>\n\n\n\n<div class=\"wp-block-grid-blocks-grid-block-column cell panel small-12 medium-6 large-3 null grid-padding-y\">\n<h3 class=\"tisenti-header-font tisenti-title wp-block-heading\">Pizza<\/h3>\n\n\n\n<p class=\"tipps-bg-eat has-line-height-one extra-padding\"><strong>Su Tostuini<br><\/strong><br>In macchina circa 15 minuti dalla Costa Rei verso \u201eCastiadas\u201c trovate la \u201emigliore pizza della citt\u00e0\u201c<br><strong>Prenotazioni: Tel. 070 995 009 <\/strong><\/p>\n<\/div>\n\n\n\n<div class=\"wp-block-grid-blocks-grid-block-column cell panel small-12 medium-6 large-3 null grid-padding-y\">\n<h3 class=\"tisenti-header-font tisenti-title wp-block-heading\">Cavalcare e Quad<\/h3>\n\n\n\n<p class=\"tipps-bg-sport has-line-height-one extra-padding\"><strong>Iba sa Cresia<\/strong><br><br>Escursioni guidate a cavallo o in quad. Con un po\u2019 di fortuna all\u2019imbrunire potete fare un giro in spiaggia con i cavalli.<br>Situato nella parte settentionale della Costa. <br>Visitate la pagina <a rel=\"noreferrer noopener\" href=\"https:\/\/www.facebook.com\/pages\/category\/Tour-Agency\/Centro-Escursioni-Iba-Sa-Cresia-199771836752187\/\" target=\"_blank\"><strong>Facebook.<\/strong><\/a> <\/p>\n<\/div>\n\n\n\n<div class=\"wp-block-grid-blocks-grid-block-column cell panel small-12 medium-6 large-3 null grid-padding-y\">\n<h3 class=\"tisenti-header-font tisenti-title wp-block-heading\">Antpasti + Aperitivo<\/h3>\n\n\n\n<p class=\"tipps-bg-eat has-line-height-one extra-padding\"><strong>Bottega PaneeVino<br><\/strong><br>\u00c8 davvero incredibile con quanto amore Roberto qui serve i migliori salumi locali, formaggi e ogni sorta di antipasti! E tutto questo nel cuore della Costa Rei.<br>Trovate tutte le informazioni sulla sua pagina <a rel=\"noreferrer noopener\" href=\"https:\/\/www.facebook.com\/labottegapaneevino\/\" target=\"_blank\"><strong>Facebook<\/strong><\/a><strong>.<\/strong> <\/p>\n<\/div>\n\n\n\n<div class=\"wp-block-grid-blocks-grid-block-column cell panel small-12 medium-6 large-3 null grid-padding-y\">\n<h3 class=\"tisenti-header-font tisenti-title wp-block-heading\">Capo Ferrato<\/h3>\n\n\n\n<p class=\"tipps-bg-beach has-line-height-one extra-padding\"><strong>Avventura Capo Ferrato<br><\/strong><br>Chi cerca il contrasto al soave paesaggio incantecole della Costa Rei, deve andare alla parte settentrionale. Qui trova Capo Ferrato. Selvaggio e impressionante \u2013 \u00e8 accessibile solo attraverso una strada sterrata. <\/p>\n<\/div>\n\n\n\n<div class=\"wp-block-grid-blocks-grid-block-column cell panel small-12 medium-6 large-3 null grid-padding-y\">\n<h3 class=\"tisenti-header-font tisenti-title wp-block-heading\">Agriturismo<\/h3>\n\n\n\n<p class=\"tipps-bg-eat has-line-height-one extra-padding\"><strong>Praidis<br><\/strong><br>Questo agriturismo offre la migliore cucina sarda. Situato al nord della Costa Rei nell\u2019entroterra. Inoltre offre il meraviglioso vino della Cantina Castiadas. Il menu di pi\u00f9 portate costa circa 35,00 \u20ac, informazioni e prenotazioni tramite <strong><a href=\"https:\/\/www.facebook.com\/AgriturismoPraidis\">Facebook<\/a><\/strong> .<\/p>\n<\/div>\n\n\n\n<div class=\"wp-block-grid-blocks-grid-block-column cell panel small-12 medium-12 large-12 null grid-padding-y\"><\/div>\n<\/div>\n","protected":false},"excerpt":{"rendered":"","protected":false},"author":3,"featured_media":226,"parent":158,"menu_order":0,"comment_status":"closed","ping_status":"closed","template":"","meta":{"footnotes":""},"categories":[],"tags":[],"class_list":["post-195","page","type-page","status-publish","has-post-thumbnail","hentry"],"yoast_head":"<!-- This site is optimized with the Yoast SEO plugin v27.3 - https:\/\/yoast.com\/product\/yoast-seo-wordpress\/ -->\n<title>Costa Rei - spiaggia favolosa e posto per le famiglie<\/title>\n<meta name=\"description\" content=\"Dieci chilometri di spiaggia bianca si estendono tra lo Scoglio di Peppino al sud e Capo Ferrato al nord della baia - benvenuti a Costa Rei!\" \/>\n<meta name=\"robots\" content=\"index, follow, max-snippet:-1, max-image-preview:large, max-video-preview:-1\" \/>\n<link rel=\"canonical\" href=\"https:\/\/www.tisenti.com\/it\/luoghi\/costa-rei\" \/>\n<meta property=\"og:locale\" content=\"it_IT\" \/>\n<meta property=\"og:type\" content=\"article\" \/>\n<meta property=\"og:title\" content=\"Costa Rei - spiaggia favolosa e posto per le famiglie\" \/>\n<meta property=\"og:description\" content=\"Dieci chilometri di spiaggia bianca si estendono tra lo Scoglio di Peppino al sud e Capo Ferrato al nord della baia - benvenuti a Costa Rei!\" \/>\n<meta property=\"og:url\" content=\"https:\/\/www.tisenti.com\/it\/luoghi\/costa-rei\" \/>\n<meta property=\"og:site_name\" content=\"Casa vacance Sardegna - Costa Rei, Villasimius, Torre delle Stelle\" \/>\n<meta property=\"article:modified_time\" content=\"2019-11-20T09:07:09+00:00\" \/>\n<meta property=\"og:image\" content=\"https:\/\/www.tisenti.com\/it\/wp-content\/uploads\/sites\/2\/2018\/12\/header-costa-rei-1.jpg\" \/>\n\t<meta property=\"og:image:width\" content=\"1200\" \/>\n\t<meta property=\"og:image:height\" content=\"350\" \/>\n\t<meta property=\"og:image:type\" content=\"image\/jpeg\" \/>\n<meta name=\"twitter:card\" content=\"summary_large_image\" \/>\n<meta name=\"twitter:label1\" content=\"Tempo di lettura stimato\" \/>\n\t<meta name=\"twitter:data1\" content=\"4 minuti\" \/>\n<script type=\"application\/ld+json\" class=\"yoast-schema-graph\">{\"@context\":\"https:\\\/\\\/schema.org\",\"@graph\":[{\"@type\":\"WebPage\",\"@id\":\"https:\\\/\\\/www.tisenti.com\\\/it\\\/luoghi\\\/costa-rei\",\"url\":\"https:\\\/\\\/www.tisenti.com\\\/it\\\/luoghi\\\/costa-rei\",\"name\":\"Costa Rei - spiaggia favolosa e posto per le famiglie\",\"isPartOf\":{\"@id\":\"https:\\\/\\\/www.tisenti.com\\\/it\\\/#website\"},\"primaryImageOfPage\":{\"@id\":\"https:\\\/\\\/www.tisenti.com\\\/it\\\/luoghi\\\/costa-rei#primaryimage\"},\"image\":{\"@id\":\"https:\\\/\\\/www.tisenti.com\\\/it\\\/luoghi\\\/costa-rei#primaryimage\"},\"thumbnailUrl\":\"https:\\\/\\\/www.tisenti.com\\\/it\\\/wp-content\\\/uploads\\\/sites\\\/2\\\/2018\\\/12\\\/header-costa-rei-1.jpg\",\"datePublished\":\"2018-11-28T07:30:27+00:00\",\"dateModified\":\"2019-11-20T09:07:09+00:00\",\"description\":\"Dieci chilometri di spiaggia bianca si estendono tra lo Scoglio di Peppino al sud e Capo Ferrato al nord della baia - benvenuti a Costa Rei!\",\"breadcrumb\":{\"@id\":\"https:\\\/\\\/www.tisenti.com\\\/it\\\/luoghi\\\/costa-rei#breadcrumb\"},\"inLanguage\":\"it-IT\",\"potentialAction\":[{\"@type\":\"ReadAction\",\"target\":[\"https:\\\/\\\/www.tisenti.com\\\/it\\\/luoghi\\\/costa-rei\"]}]},{\"@type\":\"ImageObject\",\"inLanguage\":\"it-IT\",\"@id\":\"https:\\\/\\\/www.tisenti.com\\\/it\\\/luoghi\\\/costa-rei#primaryimage\",\"url\":\"https:\\\/\\\/www.tisenti.com\\\/it\\\/wp-content\\\/uploads\\\/sites\\\/2\\\/2018\\\/12\\\/header-costa-rei-1.jpg\",\"contentUrl\":\"https:\\\/\\\/www.tisenti.com\\\/it\\\/wp-content\\\/uploads\\\/sites\\\/2\\\/2018\\\/12\\\/header-costa-rei-1.jpg\",\"width\":1200,\"height\":350,\"caption\":\"\"},{\"@type\":\"BreadcrumbList\",\"@id\":\"https:\\\/\\\/www.tisenti.com\\\/it\\\/luoghi\\\/costa-rei#breadcrumb\",\"itemListElement\":[{\"@type\":\"ListItem\",\"position\":1,\"name\":\"Startseite\",\"item\":\"https:\\\/\\\/www.tisenti.com\\\/it\\\/\"},{\"@type\":\"ListItem\",\"position\":2,\"name\":\"Benvenuti in Sud-Sardegna!\",\"item\":\"https:\\\/\\\/www.tisenti.com\\\/it\\\/luoghi\"},{\"@type\":\"ListItem\",\"position\":3,\"name\":\"Costa Rei\"}]},{\"@type\":\"WebSite\",\"@id\":\"https:\\\/\\\/www.tisenti.com\\\/it\\\/#website\",\"url\":\"https:\\\/\\\/www.tisenti.com\\\/it\\\/\",\"name\":\"Casa vacance Sardegna - Costa Rei, Villasimius, Torre delle Stelle\",\"description\":\"La Vostra agenzia per le case vacanze in Sardegna. Godetevi una vacanza in Sardegna alle spiaggie bellissime di Villasimius, Costa Rei, Geremeas e Torre delle Stelle.\",\"publisher\":{\"@id\":\"https:\\\/\\\/www.tisenti.com\\\/it\\\/#organization\"},\"potentialAction\":[{\"@type\":\"SearchAction\",\"target\":{\"@type\":\"EntryPoint\",\"urlTemplate\":\"https:\\\/\\\/www.tisenti.com\\\/it\\\/?s={search_term_string}\"},\"query-input\":{\"@type\":\"PropertyValueSpecification\",\"valueRequired\":true,\"valueName\":\"search_term_string\"}}],\"inLanguage\":\"it-IT\"},{\"@type\":\"Organization\",\"@id\":\"https:\\\/\\\/www.tisenti.com\\\/it\\\/#organization\",\"name\":\"Casa vacance Sardegna - Costa Rei, Villasimius, Torre delle Stelle\",\"url\":\"https:\\\/\\\/www.tisenti.com\\\/it\\\/\",\"logo\":{\"@type\":\"ImageObject\",\"inLanguage\":\"it-IT\",\"@id\":\"https:\\\/\\\/www.tisenti.com\\\/it\\\/#\\\/schema\\\/logo\\\/image\\\/\",\"url\":\"https:\\\/\\\/www.tisenti.com\\\/it\\\/wp-content\\\/uploads\\\/sites\\\/2\\\/2019\\\/10\\\/logo-tisenti.png\",\"contentUrl\":\"https:\\\/\\\/www.tisenti.com\\\/it\\\/wp-content\\\/uploads\\\/sites\\\/2\\\/2019\\\/10\\\/logo-tisenti.png\",\"caption\":\"Casa vacance Sardegna - Costa Rei, Villasimius, Torre delle Stelle\"},\"image\":{\"@id\":\"https:\\\/\\\/www.tisenti.com\\\/it\\\/#\\\/schema\\\/logo\\\/image\\\/\"}}]}<\/script>\n<!-- \/ Yoast SEO plugin. -->","yoast_head_json":{"title":"Costa Rei - spiaggia favolosa e posto per le famiglie","description":"Dieci chilometri di spiaggia bianca si estendono tra lo Scoglio di Peppino al sud e Capo Ferrato al nord della baia - benvenuti a Costa Rei!","robots":{"index":"index","follow":"follow","max-snippet":"max-snippet:-1","max-image-preview":"max-image-preview:large","max-video-preview":"max-video-preview:-1"},"canonical":"https:\/\/www.tisenti.com\/it\/luoghi\/costa-rei","og_locale":"it_IT","og_type":"article","og_title":"Costa Rei - spiaggia favolosa e posto per le famiglie","og_description":"Dieci chilometri di spiaggia bianca si estendono tra lo Scoglio di Peppino al sud e Capo Ferrato al nord della baia - benvenuti a Costa Rei!","og_url":"https:\/\/www.tisenti.com\/it\/luoghi\/costa-rei","og_site_name":"Casa vacance Sardegna - Costa Rei, Villasimius, Torre delle Stelle","article_modified_time":"2019-11-20T09:07:09+00:00","og_image":[{"width":1200,"height":350,"url":"https:\/\/www.tisenti.com\/it\/wp-content\/uploads\/sites\/2\/2018\/12\/header-costa-rei-1.jpg","type":"image\/jpeg"}],"twitter_card":"summary_large_image","twitter_misc":{"Tempo di lettura stimato":"4 minuti"},"schema":{"@context":"https:\/\/schema.org","@graph":[{"@type":"WebPage","@id":"https:\/\/www.tisenti.com\/it\/luoghi\/costa-rei","url":"https:\/\/www.tisenti.com\/it\/luoghi\/costa-rei","name":"Costa Rei - spiaggia favolosa e posto per le famiglie","isPartOf":{"@id":"https:\/\/www.tisenti.com\/it\/#website"},"primaryImageOfPage":{"@id":"https:\/\/www.tisenti.com\/it\/luoghi\/costa-rei#primaryimage"},"image":{"@id":"https:\/\/www.tisenti.com\/it\/luoghi\/costa-rei#primaryimage"},"thumbnailUrl":"https:\/\/www.tisenti.com\/it\/wp-content\/uploads\/sites\/2\/2018\/12\/header-costa-rei-1.jpg","datePublished":"2018-11-28T07:30:27+00:00","dateModified":"2019-11-20T09:07:09+00:00","description":"Dieci chilometri di spiaggia bianca si estendono tra lo Scoglio di Peppino al sud e Capo Ferrato al nord della baia - benvenuti a Costa Rei!","breadcrumb":{"@id":"https:\/\/www.tisenti.com\/it\/luoghi\/costa-rei#breadcrumb"},"inLanguage":"it-IT","potentialAction":[{"@type":"ReadAction","target":["https:\/\/www.tisenti.com\/it\/luoghi\/costa-rei"]}]},{"@type":"ImageObject","inLanguage":"it-IT","@id":"https:\/\/www.tisenti.com\/it\/luoghi\/costa-rei#primaryimage","url":"https:\/\/www.tisenti.com\/it\/wp-content\/uploads\/sites\/2\/2018\/12\/header-costa-rei-1.jpg","contentUrl":"https:\/\/www.tisenti.com\/it\/wp-content\/uploads\/sites\/2\/2018\/12\/header-costa-rei-1.jpg","width":1200,"height":350,"caption":""},{"@type":"BreadcrumbList","@id":"https:\/\/www.tisenti.com\/it\/luoghi\/costa-rei#breadcrumb","itemListElement":[{"@type":"ListItem","position":1,"name":"Startseite","item":"https:\/\/www.tisenti.com\/it\/"},{"@type":"ListItem","position":2,"name":"Benvenuti in Sud-Sardegna!","item":"https:\/\/www.tisenti.com\/it\/luoghi"},{"@type":"ListItem","position":3,"name":"Costa Rei"}]},{"@type":"WebSite","@id":"https:\/\/www.tisenti.com\/it\/#website","url":"https:\/\/www.tisenti.com\/it\/","name":"Casa vacance Sardegna - Costa Rei, Villasimius, Torre delle Stelle","description":"La Vostra agenzia per le case vacanze in Sardegna. Godetevi una vacanza in Sardegna alle spiaggie bellissime di Villasimius, Costa Rei, Geremeas e Torre delle Stelle.","publisher":{"@id":"https:\/\/www.tisenti.com\/it\/#organization"},"potentialAction":[{"@type":"SearchAction","target":{"@type":"EntryPoint","urlTemplate":"https:\/\/www.tisenti.com\/it\/?s={search_term_string}"},"query-input":{"@type":"PropertyValueSpecification","valueRequired":true,"valueName":"search_term_string"}}],"inLanguage":"it-IT"},{"@type":"Organization","@id":"https:\/\/www.tisenti.com\/it\/#organization","name":"Casa vacance Sardegna - Costa Rei, Villasimius, Torre delle Stelle","url":"https:\/\/www.tisenti.com\/it\/","logo":{"@type":"ImageObject","inLanguage":"it-IT","@id":"https:\/\/www.tisenti.com\/it\/#\/schema\/logo\/image\/","url":"https:\/\/www.tisenti.com\/it\/wp-content\/uploads\/sites\/2\/2019\/10\/logo-tisenti.png","contentUrl":"https:\/\/www.tisenti.com\/it\/wp-content\/uploads\/sites\/2\/2019\/10\/logo-tisenti.png","caption":"Casa vacance Sardegna - Costa Rei, Villasimius, Torre delle Stelle"},"image":{"@id":"https:\/\/www.tisenti.com\/it\/#\/schema\/logo\/image\/"}}]}},"_links":{"self":[{"href":"https:\/\/www.tisenti.com\/it\/wp-json\/wp\/v2\/pages\/195","targetHints":{"allow":["GET"]}}],"collection":[{"href":"https:\/\/www.tisenti.com\/it\/wp-json\/wp\/v2\/pages"}],"about":[{"href":"https:\/\/www.tisenti.com\/it\/wp-json\/wp\/v2\/types\/page"}],"author":[{"embeddable":true,"href":"https:\/\/www.tisenti.com\/it\/wp-json\/wp\/v2\/users\/3"}],"replies":[{"embeddable":true,"href":"https:\/\/www.tisenti.com\/it\/wp-json\/wp\/v2\/comments?post=195"}],"version-history":[{"count":23,"href":"https:\/\/www.tisenti.com\/it\/wp-json\/wp\/v2\/pages\/195\/revisions"}],"predecessor-version":[{"id":3942,"href":"https:\/\/www.tisenti.com\/it\/wp-json\/wp\/v2\/pages\/195\/revisions\/3942"}],"up":[{"embeddable":true,"href":"https:\/\/www.tisenti.com\/it\/wp-json\/wp\/v2\/pages\/158"}],"wp:featuredmedia":[{"embeddable":true,"href":"https:\/\/www.tisenti.com\/it\/wp-json\/wp\/v2\/media\/226"}],"wp:attachment":[{"href":"https:\/\/www.tisenti.com\/it\/wp-json\/wp\/v2\/media?parent=195"}],"wp:term":[{"taxonomy":"category","embeddable":true,"href":"https:\/\/www.tisenti.com\/it\/wp-json\/wp\/v2\/categories?post=195"},{"taxonomy":"post_tag","embeddable":true,"href":"https:\/\/www.tisenti.com\/it\/wp-json\/wp\/v2\/tags?post=195"}],"curies":[{"name":"wp","href":"https:\/\/api.w.org\/{rel}","templated":true}]}}