{"id":1688,"date":"2019-04-08T15:48:43","date_gmt":"2019-04-08T13:48:43","guid":{"rendered":"http:\/\/tisenti-2019.nakami.de\/de\/?page_id=1688"},"modified":"2019-09-26T15:43:13","modified_gmt":"2019-09-26T13:43:13","slug":"sul-mare","status":"publish","type":"page","link":"https:\/\/www.tisenti.com\/it\/casevacanze\/sul-mare","title":{"rendered":"Le nostre case direttamente sul mare"},"content":{"rendered":"\n<p class=\"has-medium-font-size\">Alloggiare proprio di fronte alla spiaggia: qui \u00e8 possibile! Abbiamo una  vasta selezione di case ed appartamenti distanti non pi\u00f9 di 200 metri  dalle pi\u00fa belle spiagge della Sardegna meridionale. <br>Soprattutto  quando si va in vacanza&nbsp; assieme a bambini \u00e8 un grande vantaggio sapere  di avere l`acqua rinfrescante del mare a soli pochi passi di distanza. <\/p>\n\n\n\n<div style=\"height:20px\" aria-hidden=\"true\" class=\"wp-block-spacer\"><\/div>\n\n\n","protected":false},"excerpt":{"rendered":"<p>Alloggiare proprio di fronte alla spiaggia: qui \u00e8 possibile! Abbiamo una vasta selezione di case ed appartamenti distanti non pi\u00f9 di 200 metri dalle pi\u00fa belle spiagge della Sardegna meridionale. Soprattutto quando si va in vacanza&nbsp; assieme a bambini \u00e8 un grande vantaggio sapere di avere l`acqua rinfrescante del mare a soli pochi passi di<a class=\"excerpt-read-more\" href=\"https:\/\/www.tisenti.com\/it\/casevacanze\/sul-mare\" title=\"ReadLe nostre case direttamente sul mare\">&#8230; Read more &raquo;<\/a><\/p>\n","protected":false},"author":2,"featured_media":0,"parent":40,"menu_order":0,"comment_status":"closed","ping_status":"closed","template":"","meta":{"footnotes":""},"categories":[],"tags":[],"class_list":["post-1688","page","type-page","status-publish","hentry"],"yoast_head":"<!-- This site is optimized with the Yoast SEO plugin v27.3 - https:\/\/yoast.com\/product\/yoast-seo-wordpress\/ -->\n<title>Scopri le nostre case vacanze sul mare in Sardegna<\/title>\n<meta name=\"description\" content=\"Volete affittare una casa vacanza in Sardegna sul mare? Nessun problema, qui troverete le nostre case vicine alla spiaggia.\" \/>\n<meta name=\"robots\" content=\"index, follow, max-snippet:-1, max-image-preview:large, max-video-preview:-1\" \/>\n<link rel=\"canonical\" href=\"https:\/\/www.tisenti.com\/it\/casevacanze\/sul-mare\" \/>\n<meta property=\"og:locale\" content=\"it_IT\" \/>\n<meta property=\"og:type\" content=\"article\" \/>\n<meta property=\"og:title\" content=\"Scopri le nostre case vacanze sul mare in Sardegna\" \/>\n<meta property=\"og:description\" content=\"Volete affittare una casa vacanza in Sardegna sul mare? Nessun problema, qui troverete le nostre case vicine alla spiaggia.\" \/>\n<meta property=\"og:url\" content=\"https:\/\/www.tisenti.com\/it\/casevacanze\/sul-mare\" \/>\n<meta property=\"og:site_name\" content=\"Casa vacance Sardegna - Costa Rei, Villasimius, Torre delle Stelle\" \/>\n<meta property=\"article:modified_time\" content=\"2019-09-26T13:43:13+00:00\" \/>\n<meta name=\"twitter:card\" content=\"summary_large_image\" \/>\n<script type=\"application\/ld+json\" class=\"yoast-schema-graph\">{\"@context\":\"https:\\\/\\\/schema.org\",\"@graph\":[{\"@type\":\"WebPage\",\"@id\":\"https:\\\/\\\/www.tisenti.com\\\/it\\\/casevacanze\\\/sul-mare\",\"url\":\"https:\\\/\\\/www.tisenti.com\\\/it\\\/casevacanze\\\/sul-mare\",\"name\":\"Scopri le nostre case vacanze sul mare in Sardegna\",\"isPartOf\":{\"@id\":\"https:\\\/\\\/www.tisenti.com\\\/it\\\/#website\"},\"datePublished\":\"2019-04-08T13:48:43+00:00\",\"dateModified\":\"2019-09-26T13:43:13+00:00\",\"description\":\"Volete affittare una casa vacanza in Sardegna sul mare? Nessun problema, qui troverete le nostre case vicine alla spiaggia.\",\"breadcrumb\":{\"@id\":\"https:\\\/\\\/www.tisenti.com\\\/it\\\/casevacanze\\\/sul-mare#breadcrumb\"},\"inLanguage\":\"it-IT\",\"potentialAction\":[{\"@type\":\"ReadAction\",\"target\":[\"https:\\\/\\\/www.tisenti.com\\\/it\\\/casevacanze\\\/sul-mare\"]}]},{\"@type\":\"BreadcrumbList\",\"@id\":\"https:\\\/\\\/www.tisenti.com\\\/it\\\/casevacanze\\\/sul-mare#breadcrumb\",\"itemListElement\":[{\"@type\":\"ListItem\",\"position\":1,\"name\":\"Startseite\",\"item\":\"https:\\\/\\\/www.tisenti.com\\\/it\\\/\"},{\"@type\":\"ListItem\",\"position\":2,\"name\":\"Ricerca la tua casa vacanze in Sardegna\",\"item\":\"https:\\\/\\\/www.tisenti.com\\\/it\\\/casevacanze\"},{\"@type\":\"ListItem\",\"position\":3,\"name\":\"Le nostre case direttamente sul mare\"}]},{\"@type\":\"WebSite\",\"@id\":\"https:\\\/\\\/www.tisenti.com\\\/it\\\/#website\",\"url\":\"https:\\\/\\\/www.tisenti.com\\\/it\\\/\",\"name\":\"Casa vacance Sardegna - Costa Rei, Villasimius, Torre delle Stelle\",\"description\":\"La Vostra agenzia per le case vacanze in Sardegna. Godetevi una vacanza in Sardegna alle spiaggie bellissime di Villasimius, Costa Rei, Geremeas e Torre delle Stelle.\",\"publisher\":{\"@id\":\"https:\\\/\\\/www.tisenti.com\\\/it\\\/#organization\"},\"potentialAction\":[{\"@type\":\"SearchAction\",\"target\":{\"@type\":\"EntryPoint\",\"urlTemplate\":\"https:\\\/\\\/www.tisenti.com\\\/it\\\/?s={search_term_string}\"},\"query-input\":{\"@type\":\"PropertyValueSpecification\",\"valueRequired\":true,\"valueName\":\"search_term_string\"}}],\"inLanguage\":\"it-IT\"},{\"@type\":\"Organization\",\"@id\":\"https:\\\/\\\/www.tisenti.com\\\/it\\\/#organization\",\"name\":\"Casa vacance Sardegna - Costa Rei, Villasimius, Torre delle Stelle\",\"url\":\"https:\\\/\\\/www.tisenti.com\\\/it\\\/\",\"logo\":{\"@type\":\"ImageObject\",\"inLanguage\":\"it-IT\",\"@id\":\"https:\\\/\\\/www.tisenti.com\\\/it\\\/#\\\/schema\\\/logo\\\/image\\\/\",\"url\":\"https:\\\/\\\/www.tisenti.com\\\/it\\\/wp-content\\\/uploads\\\/sites\\\/2\\\/2019\\\/10\\\/logo-tisenti.png\",\"contentUrl\":\"https:\\\/\\\/www.tisenti.com\\\/it\\\/wp-content\\\/uploads\\\/sites\\\/2\\\/2019\\\/10\\\/logo-tisenti.png\",\"caption\":\"Casa vacance Sardegna - Costa Rei, Villasimius, Torre delle Stelle\"},\"image\":{\"@id\":\"https:\\\/\\\/www.tisenti.com\\\/it\\\/#\\\/schema\\\/logo\\\/image\\\/\"}}]}<\/script>\n<!-- \/ Yoast SEO plugin. -->","yoast_head_json":{"title":"Scopri le nostre case vacanze sul mare in Sardegna","description":"Volete affittare una casa vacanza in Sardegna sul mare? Nessun problema, qui troverete le nostre case vicine alla spiaggia.","robots":{"index":"index","follow":"follow","max-snippet":"max-snippet:-1","max-image-preview":"max-image-preview:large","max-video-preview":"max-video-preview:-1"},"canonical":"https:\/\/www.tisenti.com\/it\/casevacanze\/sul-mare","og_locale":"it_IT","og_type":"article","og_title":"Scopri le nostre case vacanze sul mare in Sardegna","og_description":"Volete affittare una casa vacanza in Sardegna sul mare? Nessun problema, qui troverete le nostre case vicine alla spiaggia.","og_url":"https:\/\/www.tisenti.com\/it\/casevacanze\/sul-mare","og_site_name":"Casa vacance Sardegna - Costa Rei, Villasimius, Torre delle Stelle","article_modified_time":"2019-09-26T13:43:13+00:00","twitter_card":"summary_large_image","schema":{"@context":"https:\/\/schema.org","@graph":[{"@type":"WebPage","@id":"https:\/\/www.tisenti.com\/it\/casevacanze\/sul-mare","url":"https:\/\/www.tisenti.com\/it\/casevacanze\/sul-mare","name":"Scopri le nostre case vacanze sul mare in Sardegna","isPartOf":{"@id":"https:\/\/www.tisenti.com\/it\/#website"},"datePublished":"2019-04-08T13:48:43+00:00","dateModified":"2019-09-26T13:43:13+00:00","description":"Volete affittare una casa vacanza in Sardegna sul mare? Nessun problema, qui troverete le nostre case vicine alla spiaggia.","breadcrumb":{"@id":"https:\/\/www.tisenti.com\/it\/casevacanze\/sul-mare#breadcrumb"},"inLanguage":"it-IT","potentialAction":[{"@type":"ReadAction","target":["https:\/\/www.tisenti.com\/it\/casevacanze\/sul-mare"]}]},{"@type":"BreadcrumbList","@id":"https:\/\/www.tisenti.com\/it\/casevacanze\/sul-mare#breadcrumb","itemListElement":[{"@type":"ListItem","position":1,"name":"Startseite","item":"https:\/\/www.tisenti.com\/it\/"},{"@type":"ListItem","position":2,"name":"Ricerca la tua casa vacanze in Sardegna","item":"https:\/\/www.tisenti.com\/it\/casevacanze"},{"@type":"ListItem","position":3,"name":"Le nostre case direttamente sul mare"}]},{"@type":"WebSite","@id":"https:\/\/www.tisenti.com\/it\/#website","url":"https:\/\/www.tisenti.com\/it\/","name":"Casa vacance Sardegna - Costa Rei, Villasimius, Torre delle Stelle","description":"La Vostra agenzia per le case vacanze in Sardegna. Godetevi una vacanza in Sardegna alle spiaggie bellissime di Villasimius, Costa Rei, Geremeas e Torre delle Stelle.","publisher":{"@id":"https:\/\/www.tisenti.com\/it\/#organization"},"potentialAction":[{"@type":"SearchAction","target":{"@type":"EntryPoint","urlTemplate":"https:\/\/www.tisenti.com\/it\/?s={search_term_string}"},"query-input":{"@type":"PropertyValueSpecification","valueRequired":true,"valueName":"search_term_string"}}],"inLanguage":"it-IT"},{"@type":"Organization","@id":"https:\/\/www.tisenti.com\/it\/#organization","name":"Casa vacance Sardegna - Costa Rei, Villasimius, Torre delle Stelle","url":"https:\/\/www.tisenti.com\/it\/","logo":{"@type":"ImageObject","inLanguage":"it-IT","@id":"https:\/\/www.tisenti.com\/it\/#\/schema\/logo\/image\/","url":"https:\/\/www.tisenti.com\/it\/wp-content\/uploads\/sites\/2\/2019\/10\/logo-tisenti.png","contentUrl":"https:\/\/www.tisenti.com\/it\/wp-content\/uploads\/sites\/2\/2019\/10\/logo-tisenti.png","caption":"Casa vacance Sardegna - Costa Rei, Villasimius, Torre delle Stelle"},"image":{"@id":"https:\/\/www.tisenti.com\/it\/#\/schema\/logo\/image\/"}}]}},"_links":{"self":[{"href":"https:\/\/www.tisenti.com\/it\/wp-json\/wp\/v2\/pages\/1688","targetHints":{"allow":["GET"]}}],"collection":[{"href":"https:\/\/www.tisenti.com\/it\/wp-json\/wp\/v2\/pages"}],"about":[{"href":"https:\/\/www.tisenti.com\/it\/wp-json\/wp\/v2\/types\/page"}],"author":[{"embeddable":true,"href":"https:\/\/www.tisenti.com\/it\/wp-json\/wp\/v2\/users\/2"}],"replies":[{"embeddable":true,"href":"https:\/\/www.tisenti.com\/it\/wp-json\/wp\/v2\/comments?post=1688"}],"version-history":[{"count":5,"href":"https:\/\/www.tisenti.com\/it\/wp-json\/wp\/v2\/pages\/1688\/revisions"}],"predecessor-version":[{"id":3903,"href":"https:\/\/www.tisenti.com\/it\/wp-json\/wp\/v2\/pages\/1688\/revisions\/3903"}],"up":[{"embeddable":true,"href":"https:\/\/www.tisenti.com\/it\/wp-json\/wp\/v2\/pages\/40"}],"wp:attachment":[{"href":"https:\/\/www.tisenti.com\/it\/wp-json\/wp\/v2\/media?parent=1688"}],"wp:term":[{"taxonomy":"category","embeddable":true,"href":"https:\/\/www.tisenti.com\/it\/wp-json\/wp\/v2\/categories?post=1688"},{"taxonomy":"post_tag","embeddable":true,"href":"https:\/\/www.tisenti.com\/it\/wp-json\/wp\/v2\/tags?post=1688"}],"curies":[{"name":"wp","href":"https:\/\/api.w.org\/{rel}","templated":true}]}}