{"id":158,"date":"2018-11-27T20:35:37","date_gmt":"2018-11-27T20:35:37","guid":{"rendered":"http:\/\/tisenti-2018.nakami.de\/?page_id=158"},"modified":"2019-09-26T15:27:55","modified_gmt":"2019-09-26T13:27:55","slug":"luoghi","status":"publish","type":"page","link":"https:\/\/www.tisenti.com\/it\/luoghi","title":{"rendered":"Benvenuti in Sud-Sardegna!"},"content":{"rendered":"\n<div class=\"wp-block-grid-blocks-grid-block-container grid-x grid-margin-x grid-margin-y content-grid\">\n<div class=\"wp-block-grid-blocks-grid-block-column cell panel small-12 medium-12 large-12 null grid-padding-y\">\n<p class=\"has-medium-font-size\">Ebbene s\u00ec, esiste, quel profumo tipico della Sardegna. Si dice, che chiunque lo abbia respirato, comprenda l`isola.<br>Ed \u00e8 proprio vero che quella miscela formata da un lato dalla brezza  di mare e macchia, e dall`altro dallo spettacolo visivo di un mare  cristallino con le sue spiaggie di sabbia fine, rappresenta un comitato  di benvenuto perfetto per ogni vacanziere.<\/p>\n<\/div>\n\n\n\n<div class=\"wp-block-grid-blocks-grid-block-column cell panel small-12 medium-6 large-6 null grid-padding-y\">\n<ul class=\"wp-block-gallery columns-2 is-cropped wp-block-gallery-1 is-layout-flex wp-block-gallery-is-layout-flex\"><li class=\"blocks-gallery-item\"><figure><img loading=\"lazy\" decoding=\"async\" width=\"290\" height=\"250\" src=\"https:\/\/www.tisenti.com\/de\/wp-content\/uploads\/sites\/2\/2018\/12\/290x250_ausblick_3499-1.jpg\" alt=\"\" data-id=\"253\" data-link=\"https:\/\/www.tisenti.com\/de\/290x250_ausblick_3499\/\" class=\"wp-image-253\" \/><figcaption>\n\t\t\t\t\t\t<\/figcaption><\/figure><\/li><li class=\"blocks-gallery-item\"><figure><img loading=\"lazy\" decoding=\"async\" width=\"284\" height=\"220\" src=\"https:\/\/www.tisenti.com\/de\/wp-content\/uploads\/sites\/2\/2018\/12\/284x220_markt-fischtheke-1.jpg\" alt=\"\" data-id=\"263\" data-link=\"https:\/\/www.tisenti.com\/de\/284x220_markt-fischtheke\/\" class=\"wp-image-263\" \/><\/figure><\/li><li class=\"blocks-gallery-item\"><figure><img loading=\"lazy\" decoding=\"async\" width=\"1024\" height=\"299\" src=\"https:\/\/www.tisenti.com\/de\/wp-content\/uploads\/sites\/2\/2019\/08\/boot-header-1024x299.jpg\" alt=\"\" data-id=\"3430\" data-link=\"https:\/\/www.tisenti.com\/de\/boot-header\/\" class=\"wp-image-3430\" srcset=\"https:\/\/www.tisenti.com\/it\/wp-content\/uploads\/sites\/2\/2019\/08\/boot-header-1024x299.jpg 1024w, https:\/\/www.tisenti.com\/it\/wp-content\/uploads\/sites\/2\/2019\/08\/boot-header-300x88.jpg 300w, https:\/\/www.tisenti.com\/it\/wp-content\/uploads\/sites\/2\/2019\/08\/boot-header-768x224.jpg 768w, https:\/\/www.tisenti.com\/it\/wp-content\/uploads\/sites\/2\/2019\/08\/boot-header.jpg 1200w\" sizes=\"auto, (max-width: 1024px) 100vw, 1024px\" \/><\/figure><\/li><\/ul>\n\n\n\n<h2 class=\"tisenti-header-font tisenti-title wp-block-heading\">Il sud dell&#8217;isola offre di pi\u00f9&#8230;<\/h2>\n\n\n\n<p>Bisogna dire che la regione che si trova ad est della capitale \ndell`isola Cagliari \u00e8 sicuramente tra le pi\u00f9 belle della Sardegna.<\/p>\n\n\n\n<p>Piccole baie si alternano a lunghe spiagge arenose ed offrono luoghi \ndi villeggiatura che vanno da posti tranquilli quali Torre delle Stelle e\n Geremeas sulla costa sud, fino al moderno e mondano Villasimus, un \ntempo villaggio di pescatori, per arrivare fino alla parte pi\u00fa a sud del\n litorale est dove si trova la Costa Rei nota per essere scelta da molte\n famiglie.<\/p>\n\n\n\n<p>Per fortuna lo sviluppo del turismo \u00e8 avanzato dal Nord al Sud della \nSardegna consentendo quindi a tutti, persino nei mesi pi\u00fa caldi di \nluglio e agosto, di avere spazio, senza dover lottare per avere un posto\n in spiaggia dove mettere il proprio asciugamano.<\/p>\n\n\n\n<p>Ora siamo molto curiosi di sapere quale dei luoghi di villeggiatura \nal sud-est dell`isola preferiate e vi invitiamo a leggere sul nostro \nsito le descrizioni dei luoghi con informazioni dettagliate ed i nostri \nconsigli da esperti.<\/p>\n\n\n\n<p>Ogni luogo ha qualcosa di speciale.&nbsp; Ogni luogo presenta la variet\u00e0 della Sardegna. Ogni luogo vi d\u00e0 il benvenuto!<\/p>\n\n\n\n<div style=\"height:20px\" aria-hidden=\"true\" class=\"wp-block-spacer\"><\/div>\n\n\n\n<ul class=\"wp-block-gallery columns-1 is-cropped wp-block-gallery-2 is-layout-flex wp-block-gallery-is-layout-flex\"><li class=\"blocks-gallery-item\"><figure><img loading=\"lazy\" decoding=\"async\" width=\"600\" height=\"225\" src=\"\/wp-content\/uploads\/sites\/2\/2019\/01\/nando-city-600x225-1.png\" alt=\"\" data-id=\"840\" class=\"wp-image-840\" srcset=\"https:\/\/www.tisenti.com\/it\/wp-content\/uploads\/sites\/2\/2019\/01\/nando-city-600x225-1.png 600w, https:\/\/www.tisenti.com\/it\/wp-content\/uploads\/sites\/2\/2019\/01\/nando-city-600x225-1-300x113.png 300w\" sizes=\"auto, (max-width: 600px) 100vw, 600px\" \/><\/figure><\/li><\/ul>\n\n\n\n<h2 class=\"tisenti-header-font tisenti-title wp-block-heading\">Il clima e la temperatura<\/h2>\n\n\n\n<p>Il miglior periodo per viaggiare \u00e8 da aprile fino a settembre<\/p>\n\n\n\n<p>La\n stagione balneare sulle zone costiere nel Sud della Sardegna \u00e8 \nsenz&#8217;altro determinabile da Pasqua fino alla fine di Ottobre, ed \u00e8 \nquindi un bel po&#8217;pi\u00f9 lunga di quella del Nord della Sardegna. Ci\u00f2 si \ndeve alle notevoli differenzedi temperatura che esistono periodi della \nbassa stagione tra le due parti dell&#8217;isola. Nel corso dell&#8217;estate per\u00f2, \nquesta differenza di temperatura per\u00f2 diminuisce sempre di pi\u00f9. Le \ntemperature massime del pieno estate del Sud dell&#8217;isola sono poi &#8211; e qui\n molto spesso avviene una stima errata &#8211; in nessun caso pi\u00f9 alte \nrispetto a quelle del Nord. Nessun motivo quindi per procurarsi di un \nl&#8217;estremo caldo nell&#8217;estate. Anche il vento dell&#8217;isola evita questa \nsituazione.<\/p>\n<\/div>\n\n\n\n<div class=\"wp-block-grid-blocks-grid-block-column cell panel small-12 medium-6 large-6 null grid-padding-y\">\n<h2 class=\"tisenti-header-font tisenti-title wp-block-heading\">Informazioni in breve<\/h2>\n\n\n\n<p>La Sardegna \u00e8 la seconda isola pi\u00f9 estesa del mar Mediterraneo. La \nSardegna copre inoltre l&#8217;intero territorio amministrativo di una regione\n italiana a statuto speciale. Lo Statuto Speciale garantisce l&#8217;autonomia amministrativa delle istituzioni locali.<\/p>\n\n\n\n<p>La Sardegna si estende di 24.000 qkm e ha 1,7 milioni di abitanti. La capitale \u00e8 Cagliari nel sud dell&#8217; isola.<\/p>\n\n\n\n<div style=\"height:20px\" aria-hidden=\"true\" class=\"wp-block-spacer\"><\/div>\n\n\n\n<h2 class=\"tisenti-header-font tisenti-title wp-block-heading\">I piatti sardi<\/h2>\n\n\n\n<p>La Sardegna \u00e8 un paradiso per gli amici del buon gusto. Le specialit\u00e0  pi\u00f9 conosciute sono il formaggio tipico pecorino sardo ed il maialetto  arrosto. La Sardegna offre inoltre dei vini meravigliosi.  Particolarmente consigliabili sono il Vermentino (vino bianco fruttato) e  come rosso il corposo Cannonau di colore rosso rubino. <\/p>\n\n\n\n<div style=\"height:20px\" aria-hidden=\"true\" class=\"wp-block-spacer\"><\/div>\n\n\n\n<ul class=\"wp-block-gallery columns-1 is-cropped wp-block-gallery-3 is-layout-flex wp-block-gallery-is-layout-flex\"><li class=\"blocks-gallery-item\"><figure><img loading=\"lazy\" decoding=\"async\" width=\"1024\" height=\"299\" src=\"https:\/\/www.tisenti.com\/de\/wp-content\/uploads\/sites\/2\/2019\/09\/487_1200x350_dsf2327-1024x299.jpg\" alt=\"\" data-id=\"3699\" data-link=\"https:\/\/www.tisenti.com\/de\/487_1200x350_dsf2327\/\" class=\"wp-image-3699\" srcset=\"https:\/\/www.tisenti.com\/it\/wp-content\/uploads\/sites\/2\/2019\/09\/487_1200x350_dsf2327-1024x299.jpg 1024w, https:\/\/www.tisenti.com\/it\/wp-content\/uploads\/sites\/2\/2019\/09\/487_1200x350_dsf2327-300x88.jpg 300w, https:\/\/www.tisenti.com\/it\/wp-content\/uploads\/sites\/2\/2019\/09\/487_1200x350_dsf2327-768x224.jpg 768w, https:\/\/www.tisenti.com\/it\/wp-content\/uploads\/sites\/2\/2019\/09\/487_1200x350_dsf2327.jpg 1200w\" sizes=\"auto, (max-width: 1024px) 100vw, 1024px\" \/><\/figure><\/li><li class=\"blocks-gallery-item\"><figure><img loading=\"lazy\" decoding=\"async\" width=\"600\" height=\"250\" src=\"https:\/\/www.tisenti.com\/de\/wp-content\/uploads\/sites\/2\/2019\/01\/bhs-1.png\" alt=\"\" data-id=\"895\" data-link=\"https:\/\/www.tisenti.com\/de\/bhs\/\" class=\"wp-image-895\" srcset=\"https:\/\/www.tisenti.com\/it\/wp-content\/uploads\/sites\/2\/2019\/01\/bhs-1.png 600w, https:\/\/www.tisenti.com\/it\/wp-content\/uploads\/sites\/2\/2019\/01\/bhs-1-300x125.png 300w\" sizes=\"auto, (max-width: 600px) 100vw, 600px\" \/><\/figure><\/li><\/ul>\n\n\n\n<h2 class=\"tisenti-header-font tisenti-title wp-block-heading\">Storia della Sardegna<\/h2>\n\n\n\n<p>La storia documentata risale fino al paleolitico (8000 a.C.). 4000 anni  a. C. coltivazione agricola ed il primo commercio con il Sud della  Francia, l\u2019Italia e con la Corsica. A partire dal 1800 a. C. inizio ed  espansione della cultura delle nuraghe. Ancora oggi esistono tante  testimonianze di questa \u201cpopolazione originaria\u201d della Sardegna. <\/p>\n\n\n\n<p>Con l\u2019annessione all\u2019impero romano (250 a. C.) inizia un periodo quasi  infinito di alterni sovrani. Cos\u00ec la Sardegna appartenne, nel frattempo,  al regno bizantino (534 d. C.) venne occupata dagli arabi (a partire  dal 700 d. C.) e successivamente appartenne i alla Spagna (1479 d. C.),  all\u2019Austria (1713, finch\u00e9 \u00e8 caduta sotto l\u2019influenza italiana (a partire  dal 1720). La Sardegna \u00e8 dal 1948 una regione autonoma. 1962 inizio del  turismo sulla Costa Smeralda. <\/p>\n\n\n\n<div style=\"height:20px\" aria-hidden=\"true\" class=\"wp-block-spacer\"><\/div>\n\n\n\n<ul class=\"wp-block-gallery columns-1 is-cropped wp-block-gallery-4 is-layout-flex wp-block-gallery-is-layout-flex\"><li class=\"blocks-gallery-item\"><figure><img loading=\"lazy\" decoding=\"async\" width=\"1024\" height=\"683\" src=\"https:\/\/www.tisenti.com\/de\/wp-content\/uploads\/sites\/2\/2019\/08\/mg_9643-1-1024x683.jpg\" alt=\"\" data-id=\"3371\" data-link=\"https:\/\/www.tisenti.com\/de\/_mg_9643-2\/\" class=\"wp-image-3371\" srcset=\"https:\/\/www.tisenti.com\/it\/wp-content\/uploads\/sites\/2\/2019\/08\/mg_9643-1-1024x683.jpg 1024w, https:\/\/www.tisenti.com\/it\/wp-content\/uploads\/sites\/2\/2019\/08\/mg_9643-1-300x200.jpg 300w, https:\/\/www.tisenti.com\/it\/wp-content\/uploads\/sites\/2\/2019\/08\/mg_9643-1-768x512.jpg 768w, https:\/\/www.tisenti.com\/it\/wp-content\/uploads\/sites\/2\/2019\/08\/mg_9643-1.jpg 1200w\" sizes=\"auto, (max-width: 1024px) 100vw, 1024px\" \/><\/figure><\/li><\/ul>\n<\/div>\n\n\n\n<div class=\"wp-block-grid-blocks-grid-block-column cell panel small-12 medium-12 large-12 null grid-padding-y\">\n<h2 class=\"tisenti-header-font tisenti-title wp-block-heading\">Tabella temperature<\/h2>\n\n\n\n\t\t\t\t\n<table class=\"climate-table\">\n\t<tbody><tr>\n\t\t<td colspan=\"12\">Tagestemperatur in \u00b0C<\/td>\n\t<\/tr>\n\t<tr>\n\t\t<td class=\"monthname\">Jan.<\/td><td class=\"monthname\">Feb.<\/td><td class=\"monthname\">M\u00e4rz<\/td><td class=\"monthname\">April<\/td><td class=\"monthname\">Mai<\/td><td class=\"monthname\">Juni<\/td><td class=\"monthname\">Juli<\/td><td class=\"monthname\">Aug.<\/td><td class=\"monthname\">Sep.<\/td><td class=\"monthname\">Okt.<\/td><td class=\"monthname\">Nov.<\/td><td class=\"monthname\">Dez.<\/td>\n\t<\/tr>\n\t<tr>\n\t\t<td class=\"colororange\">14<\/td><td class=\"colororange\">15<\/td><td class=\"colororange\">17<\/td><td class=\"colororange\">20<\/td><td class=\"colororange1\">23<\/td><td class=\"colororange2\">28<\/td><td class=\"colororange3\">31<\/td><td class=\"colororange3\">31<\/td><td class=\"colororange2\">28<\/td><td class=\"colororange1\">24<\/td><td class=\"colororange\">19<\/td><td class=\"colororange\">15<\/td>\n\t<\/tr>\n\t<tr>\n\t\t<td colspan=\"12\" style=\"padding-top:20px\">Wassertemperatur in \u00b0C<\/td>\n\t<\/tr>\n\t<tr>\n\t\t<td class=\"monthname\">Jan.<\/td><td class=\"monthname\">Feb.<\/td><td class=\"monthname\">M\u00e4rz<\/td><td class=\"monthname\">April<\/td><td class=\"monthname\">Mai<\/td><td class=\"monthname\">Juni<\/td><td class=\"monthname\">Juli<\/td><td class=\"monthname\">Aug.<\/td><td class=\"monthname\">Sep.<\/td><td class=\"monthname\">Okt.<\/td><td class=\"monthname\">Nov.<\/td><td class=\"monthname\">Dez.<\/td>\n\t<\/tr>\n\t<tr>\n\t\t<td class=\"colorblue\">14<\/td><td class=\"colorblue\">13<\/td><td class=\"colorblue\">14<\/td><td class=\"colorblue\">15<\/td><td class=\"colorblue1\">17<\/td><td class=\"colorblue2\">20<\/td><td class=\"colorblue3\">23<\/td><td class=\"colorblue3\">24<\/td><td class=\"colorblue3\">23<\/td><td class=\"colorblue2\">21<\/td><td class=\"colorblue1\">18<\/td><td class=\"colorblue\">15<\/td>\n\t<\/tr>\n\t<tr>\n\t\t<td colspan=\"12\" style=\"padding-top:20px\">Sonnenstunden pro Tag<\/td>\n\t<\/tr>\n\t<tr>\n\t\t<td class=\"monthname\">Jan.<\/td><td class=\"monthname\">Feb.<\/td><td class=\"monthname\">M\u00e4rz<\/td><td class=\"monthname\">April<\/td><td class=\"monthname\">Mai<\/td><td class=\"monthname\">Juni<\/td><td class=\"monthname\">Juli<\/td><td class=\"monthname\">Aug.<\/td><td class=\"monthname\">Sep.<\/td><td class=\"monthname\">Okt.<\/td><td class=\"monthname\">Nov.<\/td><td class=\"monthname\">Dez.<\/td>\n\t<\/tr>\n\t<tr>\n\t\t<td class=\"colororange\">5<\/td><td class=\"colororange\">5<\/td><td class=\"colororange1\">6<\/td><td class=\"colororange2\">8<\/td><td class=\"colororange2\">9<\/td><td class=\"colororange3\">10<\/td><td class=\"colororange3\">11<\/td><td class=\"colororange3\">10<\/td><td class=\"colororange2\">8<\/td><td class=\"colororange1\">7<\/td><td class=\"colororange\">5<\/td><td class=\"colororange\">4<\/td>\n\t<\/tr>\n\n\t<tr>\n\t\t<td colspan=\"12\" style=\"padding-top:20px\">Regentage<\/td>\n\t<\/tr>\n\t<tr>\n\t\t<td class=\"monthname\">Jan.<\/td><td class=\"monthname\">Feb.<\/td><td class=\"monthname\">M\u00e4rz<\/td><td class=\"monthname\">April<\/td><td class=\"monthname\">Mai<\/td><td class=\"monthname\">Juni<\/td><td class=\"monthname\">Juli<\/td><td class=\"monthname\">Aug.<\/td><td class=\"monthname\">Sep.<\/td><td class=\"monthname\">Okt.<\/td><td class=\"monthname\">Nov.<\/td><td class=\"monthname\">Dez.<\/td>\n\t<\/tr>\n\t<tr>\n\t\t<td class=\"colorblue\">7<\/td><td class=\"colorblue\">7<\/td><td class=\"colorblue1\">6<\/td><td class=\"colorblue1\">5<\/td><td class=\"colorblue1\">5<\/td><td class=\"colorblue2\">2<\/td><td class=\"colorblue3\">1<\/td><td class=\"colorblue3\">1<\/td><td class=\"colorblue2\">3<\/td><td class=\"colorblue1\">6<\/td><td class=\"colorblue\">7<\/td><td class=\"colorblue\">8<\/td>\t<\/tr>\n\t<\/tbody>\n<\/table>\n\t\t<\/div>\n<\/div>\n","protected":false},"excerpt":{"rendered":"","protected":false},"author":3,"featured_media":221,"parent":0,"menu_order":0,"comment_status":"closed","ping_status":"closed","template":"","meta":{"footnotes":""},"categories":[],"tags":[],"class_list":["post-158","page","type-page","status-publish","has-post-thumbnail","hentry"],"yoast_head":"<!-- This site is optimized with the Yoast SEO plugin v27.5 - https:\/\/yoast.com\/product\/yoast-seo-wordpress\/ -->\n<title>Benvenuti in Sud Sardegna. Tisenti vi presenta i posti pi\u00f9 belli.<\/title>\n<meta name=\"description\" content=\"Bisogna dire che la regione che si trova ad est della capitale dell`isola, Cagliari \u00e8 sicuramente tra le pi\u00f9 belle della Sardegna. Scopritela la con noi.\" \/>\n<meta name=\"robots\" content=\"index, follow, max-snippet:-1, max-image-preview:large, max-video-preview:-1\" \/>\n<link rel=\"canonical\" href=\"https:\/\/www.tisenti.com\/it\/luoghi\" \/>\n<meta property=\"og:locale\" content=\"it_IT\" \/>\n<meta property=\"og:type\" content=\"article\" \/>\n<meta property=\"og:title\" content=\"Benvenuti in Sud Sardegna. Tisenti vi presenta i posti pi\u00f9 belli.\" \/>\n<meta property=\"og:description\" content=\"Bisogna dire che la regione che si trova ad est della capitale dell`isola, Cagliari \u00e8 sicuramente tra le pi\u00f9 belle della Sardegna. Scopritela la con noi.\" \/>\n<meta property=\"og:url\" content=\"https:\/\/www.tisenti.com\/it\/luoghi\" \/>\n<meta property=\"og:site_name\" content=\"Casa vacance Sardegna - Costa Rei, Villasimius, Torre delle Stelle\" \/>\n<meta property=\"article:modified_time\" content=\"2019-09-26T13:27:55+00:00\" \/>\n<meta property=\"og:image\" content=\"https:\/\/www.tisenti.com\/it\/wp-content\/uploads\/sites\/2\/2018\/12\/header-suedsar-4932-1.jpg\" \/>\n\t<meta property=\"og:image:width\" content=\"1200\" \/>\n\t<meta property=\"og:image:height\" content=\"350\" \/>\n\t<meta property=\"og:image:type\" content=\"image\/jpeg\" \/>\n<meta name=\"twitter:card\" content=\"summary_large_image\" \/>\n<meta name=\"twitter:label1\" content=\"Tempo di lettura stimato\" \/>\n\t<meta name=\"twitter:data1\" content=\"3 minuti\" \/>\n<script type=\"application\/ld+json\" class=\"yoast-schema-graph\">{\"@context\":\"https:\\\/\\\/schema.org\",\"@graph\":[{\"@type\":\"WebPage\",\"@id\":\"https:\\\/\\\/www.tisenti.com\\\/it\\\/luoghi\",\"url\":\"https:\\\/\\\/www.tisenti.com\\\/it\\\/luoghi\",\"name\":\"Benvenuti in Sud Sardegna. Tisenti vi presenta i posti pi\u00f9 belli.\",\"isPartOf\":{\"@id\":\"https:\\\/\\\/www.tisenti.com\\\/it\\\/#website\"},\"primaryImageOfPage\":{\"@id\":\"https:\\\/\\\/www.tisenti.com\\\/it\\\/luoghi#primaryimage\"},\"image\":{\"@id\":\"https:\\\/\\\/www.tisenti.com\\\/it\\\/luoghi#primaryimage\"},\"thumbnailUrl\":\"https:\\\/\\\/www.tisenti.com\\\/it\\\/wp-content\\\/uploads\\\/sites\\\/2\\\/2018\\\/12\\\/header-suedsar-4932-1.jpg\",\"datePublished\":\"2018-11-27T20:35:37+00:00\",\"dateModified\":\"2019-09-26T13:27:55+00:00\",\"description\":\"Bisogna dire che la regione che si trova ad est della capitale dell`isola, Cagliari \u00e8 sicuramente tra le pi\u00f9 belle della Sardegna. Scopritela la con noi.\",\"breadcrumb\":{\"@id\":\"https:\\\/\\\/www.tisenti.com\\\/it\\\/luoghi#breadcrumb\"},\"inLanguage\":\"it-IT\",\"potentialAction\":[{\"@type\":\"ReadAction\",\"target\":[\"https:\\\/\\\/www.tisenti.com\\\/it\\\/luoghi\"]}]},{\"@type\":\"ImageObject\",\"inLanguage\":\"it-IT\",\"@id\":\"https:\\\/\\\/www.tisenti.com\\\/it\\\/luoghi#primaryimage\",\"url\":\"https:\\\/\\\/www.tisenti.com\\\/it\\\/wp-content\\\/uploads\\\/sites\\\/2\\\/2018\\\/12\\\/header-suedsar-4932-1.jpg\",\"contentUrl\":\"https:\\\/\\\/www.tisenti.com\\\/it\\\/wp-content\\\/uploads\\\/sites\\\/2\\\/2018\\\/12\\\/header-suedsar-4932-1.jpg\",\"width\":1200,\"height\":350,\"caption\":\"\"},{\"@type\":\"BreadcrumbList\",\"@id\":\"https:\\\/\\\/www.tisenti.com\\\/it\\\/luoghi#breadcrumb\",\"itemListElement\":[{\"@type\":\"ListItem\",\"position\":1,\"name\":\"Startseite\",\"item\":\"https:\\\/\\\/www.tisenti.com\\\/it\\\/\"},{\"@type\":\"ListItem\",\"position\":2,\"name\":\"Benvenuti in Sud-Sardegna!\"}]},{\"@type\":\"WebSite\",\"@id\":\"https:\\\/\\\/www.tisenti.com\\\/it\\\/#website\",\"url\":\"https:\\\/\\\/www.tisenti.com\\\/it\\\/\",\"name\":\"Casa vacance Sardegna - Costa Rei, Villasimius, Torre delle Stelle\",\"description\":\"La Vostra agenzia per le case vacanze in Sardegna. Godetevi una vacanza in Sardegna alle spiaggie bellissime di Villasimius, Costa Rei, Geremeas e Torre delle Stelle.\",\"publisher\":{\"@id\":\"https:\\\/\\\/www.tisenti.com\\\/it\\\/#organization\"},\"potentialAction\":[{\"@type\":\"SearchAction\",\"target\":{\"@type\":\"EntryPoint\",\"urlTemplate\":\"https:\\\/\\\/www.tisenti.com\\\/it\\\/?s={search_term_string}\"},\"query-input\":{\"@type\":\"PropertyValueSpecification\",\"valueRequired\":true,\"valueName\":\"search_term_string\"}}],\"inLanguage\":\"it-IT\"},{\"@type\":\"Organization\",\"@id\":\"https:\\\/\\\/www.tisenti.com\\\/it\\\/#organization\",\"name\":\"Casa vacance Sardegna - Costa Rei, Villasimius, Torre delle Stelle\",\"url\":\"https:\\\/\\\/www.tisenti.com\\\/it\\\/\",\"logo\":{\"@type\":\"ImageObject\",\"inLanguage\":\"it-IT\",\"@id\":\"https:\\\/\\\/www.tisenti.com\\\/it\\\/#\\\/schema\\\/logo\\\/image\\\/\",\"url\":\"https:\\\/\\\/www.tisenti.com\\\/it\\\/wp-content\\\/uploads\\\/sites\\\/2\\\/2019\\\/10\\\/logo-tisenti.png\",\"contentUrl\":\"https:\\\/\\\/www.tisenti.com\\\/it\\\/wp-content\\\/uploads\\\/sites\\\/2\\\/2019\\\/10\\\/logo-tisenti.png\",\"caption\":\"Casa vacance Sardegna - Costa Rei, Villasimius, Torre delle Stelle\"},\"image\":{\"@id\":\"https:\\\/\\\/www.tisenti.com\\\/it\\\/#\\\/schema\\\/logo\\\/image\\\/\"}}]}<\/script>\n<!-- \/ Yoast SEO plugin. -->","yoast_head_json":{"title":"Benvenuti in Sud Sardegna. Tisenti vi presenta i posti pi\u00f9 belli.","description":"Bisogna dire che la regione che si trova ad est della capitale dell`isola, Cagliari \u00e8 sicuramente tra le pi\u00f9 belle della Sardegna. Scopritela la con noi.","robots":{"index":"index","follow":"follow","max-snippet":"max-snippet:-1","max-image-preview":"max-image-preview:large","max-video-preview":"max-video-preview:-1"},"canonical":"https:\/\/www.tisenti.com\/it\/luoghi","og_locale":"it_IT","og_type":"article","og_title":"Benvenuti in Sud Sardegna. Tisenti vi presenta i posti pi\u00f9 belli.","og_description":"Bisogna dire che la regione che si trova ad est della capitale dell`isola, Cagliari \u00e8 sicuramente tra le pi\u00f9 belle della Sardegna. Scopritela la con noi.","og_url":"https:\/\/www.tisenti.com\/it\/luoghi","og_site_name":"Casa vacance Sardegna - Costa Rei, Villasimius, Torre delle Stelle","article_modified_time":"2019-09-26T13:27:55+00:00","og_image":[{"width":1200,"height":350,"url":"https:\/\/www.tisenti.com\/it\/wp-content\/uploads\/sites\/2\/2018\/12\/header-suedsar-4932-1.jpg","type":"image\/jpeg"}],"twitter_card":"summary_large_image","twitter_misc":{"Tempo di lettura stimato":"3 minuti"},"schema":{"@context":"https:\/\/schema.org","@graph":[{"@type":"WebPage","@id":"https:\/\/www.tisenti.com\/it\/luoghi","url":"https:\/\/www.tisenti.com\/it\/luoghi","name":"Benvenuti in Sud Sardegna. Tisenti vi presenta i posti pi\u00f9 belli.","isPartOf":{"@id":"https:\/\/www.tisenti.com\/it\/#website"},"primaryImageOfPage":{"@id":"https:\/\/www.tisenti.com\/it\/luoghi#primaryimage"},"image":{"@id":"https:\/\/www.tisenti.com\/it\/luoghi#primaryimage"},"thumbnailUrl":"https:\/\/www.tisenti.com\/it\/wp-content\/uploads\/sites\/2\/2018\/12\/header-suedsar-4932-1.jpg","datePublished":"2018-11-27T20:35:37+00:00","dateModified":"2019-09-26T13:27:55+00:00","description":"Bisogna dire che la regione che si trova ad est della capitale dell`isola, Cagliari \u00e8 sicuramente tra le pi\u00f9 belle della Sardegna. Scopritela la con noi.","breadcrumb":{"@id":"https:\/\/www.tisenti.com\/it\/luoghi#breadcrumb"},"inLanguage":"it-IT","potentialAction":[{"@type":"ReadAction","target":["https:\/\/www.tisenti.com\/it\/luoghi"]}]},{"@type":"ImageObject","inLanguage":"it-IT","@id":"https:\/\/www.tisenti.com\/it\/luoghi#primaryimage","url":"https:\/\/www.tisenti.com\/it\/wp-content\/uploads\/sites\/2\/2018\/12\/header-suedsar-4932-1.jpg","contentUrl":"https:\/\/www.tisenti.com\/it\/wp-content\/uploads\/sites\/2\/2018\/12\/header-suedsar-4932-1.jpg","width":1200,"height":350,"caption":""},{"@type":"BreadcrumbList","@id":"https:\/\/www.tisenti.com\/it\/luoghi#breadcrumb","itemListElement":[{"@type":"ListItem","position":1,"name":"Startseite","item":"https:\/\/www.tisenti.com\/it\/"},{"@type":"ListItem","position":2,"name":"Benvenuti in Sud-Sardegna!"}]},{"@type":"WebSite","@id":"https:\/\/www.tisenti.com\/it\/#website","url":"https:\/\/www.tisenti.com\/it\/","name":"Casa vacance Sardegna - Costa Rei, Villasimius, Torre delle Stelle","description":"La Vostra agenzia per le case vacanze in Sardegna. Godetevi una vacanza in Sardegna alle spiaggie bellissime di Villasimius, Costa Rei, Geremeas e Torre delle Stelle.","publisher":{"@id":"https:\/\/www.tisenti.com\/it\/#organization"},"potentialAction":[{"@type":"SearchAction","target":{"@type":"EntryPoint","urlTemplate":"https:\/\/www.tisenti.com\/it\/?s={search_term_string}"},"query-input":{"@type":"PropertyValueSpecification","valueRequired":true,"valueName":"search_term_string"}}],"inLanguage":"it-IT"},{"@type":"Organization","@id":"https:\/\/www.tisenti.com\/it\/#organization","name":"Casa vacance Sardegna - Costa Rei, Villasimius, Torre delle Stelle","url":"https:\/\/www.tisenti.com\/it\/","logo":{"@type":"ImageObject","inLanguage":"it-IT","@id":"https:\/\/www.tisenti.com\/it\/#\/schema\/logo\/image\/","url":"https:\/\/www.tisenti.com\/it\/wp-content\/uploads\/sites\/2\/2019\/10\/logo-tisenti.png","contentUrl":"https:\/\/www.tisenti.com\/it\/wp-content\/uploads\/sites\/2\/2019\/10\/logo-tisenti.png","caption":"Casa vacance Sardegna - Costa Rei, Villasimius, Torre delle Stelle"},"image":{"@id":"https:\/\/www.tisenti.com\/it\/#\/schema\/logo\/image\/"}}]}},"_links":{"self":[{"href":"https:\/\/www.tisenti.com\/it\/wp-json\/wp\/v2\/pages\/158","targetHints":{"allow":["GET"]}}],"collection":[{"href":"https:\/\/www.tisenti.com\/it\/wp-json\/wp\/v2\/pages"}],"about":[{"href":"https:\/\/www.tisenti.com\/it\/wp-json\/wp\/v2\/types\/page"}],"author":[{"embeddable":true,"href":"https:\/\/www.tisenti.com\/it\/wp-json\/wp\/v2\/users\/3"}],"replies":[{"embeddable":true,"href":"https:\/\/www.tisenti.com\/it\/wp-json\/wp\/v2\/comments?post=158"}],"version-history":[{"count":19,"href":"https:\/\/www.tisenti.com\/it\/wp-json\/wp\/v2\/pages\/158\/revisions"}],"predecessor-version":[{"id":3901,"href":"https:\/\/www.tisenti.com\/it\/wp-json\/wp\/v2\/pages\/158\/revisions\/3901"}],"wp:featuredmedia":[{"embeddable":true,"href":"https:\/\/www.tisenti.com\/it\/wp-json\/wp\/v2\/media\/221"}],"wp:attachment":[{"href":"https:\/\/www.tisenti.com\/it\/wp-json\/wp\/v2\/media?parent=158"}],"wp:term":[{"taxonomy":"category","embeddable":true,"href":"https:\/\/www.tisenti.com\/it\/wp-json\/wp\/v2\/categories?post=158"},{"taxonomy":"post_tag","embeddable":true,"href":"https:\/\/www.tisenti.com\/it\/wp-json\/wp\/v2\/tags?post=158"}],"curies":[{"name":"wp","href":"https:\/\/api.w.org\/{rel}","templated":true}]}}