{"id":784,"date":"2019-01-23T17:01:17","date_gmt":"2019-01-23T16:01:17","guid":{"rendered":"http:\/\/tisenti-2018.nakami.de\/?page_id=784"},"modified":"2025-10-25T08:33:55","modified_gmt":"2025-10-25T06:33:55","slug":"sardinien-tipps-und-hinweise","status":"publish","type":"page","link":"https:\/\/www.tisenti.com\/de\/buchen\/sardinien-tipps-und-hinweise","title":{"rendered":"Infos, Tipps und Erkl\u00e4rungen"},"content":{"rendered":"\n<div class=\"wp-block-grid-blocks-grid-block-container grid-x grid-margin-x grid-margin-y content-grid\">\n<div class=\"wp-block-grid-blocks-grid-block-column cell panel small-12 medium-12 large-12 null grid-padding-y\">\n<p class=\"has-medium-font-size\">Wer sich entschlie\u00dft ein Ferienhaus &#8220;von privat&#8221; zu mieten, der hat in puncto Freiheit und Ungebundenheit das gro\u00dfe Urlaubslos gezogen. Tisenti ist in direktem Kontakt mit den Vermietern und setzt sich bei diesen f\u00fcr Sie f\u00fcr guten Wohnkomfort ein. Dennoch gilt es einige Besonderheiten zu beachten, die Sie in Ihr Ja-Wort mit einschlie\u00dfen sollten. <br><\/p>\n\n\n\n<div style=\"height:20px\" aria-hidden=\"true\" class=\"wp-block-spacer\"><\/div>\n\n\n\n<h2 class=\"wp-block-heading tisenti-header-font tisenti-title\">Kleines Sardinien-ABC<\/h2>\n<\/div>\n\n\n\n<div class=\"wp-block-grid-blocks-grid-block-column cell panel small-12 medium-6 large-4 null grid-padding-y\">\n<h3 class=\"wp-block-heading\">\u00c4rzte<\/h3>\n\n\n\n<p>Die medizinische Versorgung in den Urlaubsgebieten ist in den  Sommermonaten sehr gut. Wenn es nichts Ernstes ist gilt: Erst mal zur  \u00f6rtlichen &#8220;Guardia medica&#8221; gehen. Diese ist in jedem Ort gut beschildert  und bietet eine gute Erstversorgung im Falle kleinerer Wehwehchen. Sollten die Probleme etwas gr\u00f6\u00dfer sein, empfiehlt sich ein Anruf bei  Ihrem Service-Team vor Ort. Man wird Ihnen dort gerne Adressen von  \u00c4rzten in Ihrer N\u00e4he nennen. Und wenn es mal ganz brenzlig ist: 112 w\u00e4hlen!<\/p>\n\n\n\n<h3 class=\"wp-block-heading\">Carabinieri<\/h3>\n\n\n\n<p>Die Carabinieri sind vergleichbar mit unseren Polizisten. Die in jedem kleineren Ort angesiedelte &#8220;Caserma&#8221; ist Anlaufstelle bei Problemen wie  z.B. Verkehrsunf\u00e4llen, Diebstahl, Einbr\u00fcchen oder Verlustanzeigen. Wer in die missliche Situation ger\u00e4t die Hilfe der Carabinieri in Anspruch   nehmen zu m\u00fcssen, der solte Zeit und ein kleines W\u00f6rterbuch mit auf  die Wache nehmen <\/p>\n\n\n\n<h3 class=\"wp-block-heading\">\u00d6ffentliche Verkehrsmittel<\/h3>\n\n\n\n<p>Eines vorweg: Ja, es gibt sie! Klingt nach einem &#8220;Aber&#8221;? Stimmt! Es gibt sie, aber sie verkehren, zumindest entlang der K\u00fcstenregionen, meist nur wenige Male am Tag. Wer also ein wenig Zeit mitbringt und sich im  Vorfeld gut erkundigt (<a href=\"http:\/\/www.arst.sardegna.it\/index.html\" target=\"_blank\" rel=\"noreferrer noopener\">Infoseite<\/a>), der kann f\u00fcr wenig Geld von A nach B kommen. Ersatz f\u00fcr einen Mietwagen sind die \u00f6ffentlichen Busse aber nicht.  <\/p>\n\n\n\n<h3 class=\"wp-block-heading\">Strafzettel<\/h3>\n\n\n\n<p>Ein Klassiker: Strafzettel in Italien bekommen und die anschlie\u00dfende  Frage: &#8220;Soll ich zahlen oder nicht?&#8221; Klare Antwort: Zahlen Sie!. Fr\u00fcher  oder sp\u00e4ter erhalten Sie ansonsten Post aus dem Land des Dolce Vita.  Leider wird man Ihnen keinen Liebesbrief, sondern eine  Zahlungsaufforderung \u00fcber den, inzwischen aufgrund diverser Geb\u00fchren stattlich angewachsenen Betrag zustellen. Daher: Besser gleich vor Ort  mit dem beigelegten Zahlschein zur Bank oder in einen autorisierten  Tabak- und Zeitungsladen (Tabacchi) gehen und das Portemonnaie  erleichtern!   <\/p>\n<\/div>\n\n\n\n<div class=\"wp-block-grid-blocks-grid-block-column cell panel small-12 medium-6 large-4 null grid-padding-y\">\n<h3 class=\"wp-block-heading\">Ausfl\u00fcge<\/h3>\n\n\n\n<p>Sardinien ist eine sehr vielseitige Insel, die vor allem mit  nat\u00fcrlichen Sehensw\u00fcrdigkeiten aufwartet. Die unterschiedlichen  Landschaftsformationen entlang der Ost- und Westk\u00fcste und das  sagenumwobene Hinterland sind gern besuchte Ausflugsziele. Beachten Sie aber auch, dass die Insel sehr gro\u00df ist und die zur\u00fcck zu legenden  Distanzen entsprechend lang sind. Trotz eines sehr gut ausgebauten Stra\u00dfennetzes gilt immer: Wer einen  Tagesausflug plant, sollte sich nicht weiter als 100 Kilometer vom  Urlaubsort entfernen. Tolle Ausflugstipps und Idden finden Sie in unserem <a href=\"https:\/\/www.tisenti.com\/de\/reisetipps\/sardinien-mit-kindern\" target=\"_blank\" rel=\"noreferrer noopener\"><strong>Reisetipp<\/strong><\/a>.<\/p>\n\n\n\n<h3 class=\"wp-block-heading\">Einkauf und Ern\u00e4hrung<\/h3>\n\n\n\n<p>Sardinien ist ein Paradies f\u00fcr Liebhaber von Fisch, Fleisch, Obst, \nGem\u00fcse, K\u00e4se und Wein. Alles gibt es frisch und g\u00fcnstig in Ihrer N\u00e4he.<\/p>\n\n\n\n<p>Daher unser Tipp: In jeder Gemeinde gibt es ein- oder mehrmals pro  Woche M\u00e4rkte, auf denen \u00f6rtliche Erzeuger ihre Produkte anbieten. Hier  stimmen Preis und Leistung! Infos zu den M\u00e4rkten finden Sie in Ihrem  Ferienhaus und auf unserer Google-Experten-Karte unter jeder  Hausbeschreibung. Unsere Freundin Carola hat \u00fcbrigens ein paar <a href=\"https:\/\/www.tisenti.com\/de\/reisetipps\/fit-im-urlaub\" target=\"_blank\" rel=\"noreferrer noopener\"><strong>Tipps<\/strong><\/a> zusammengestellt, wie man auch im Urlaub fit und sportlich bleibt.<\/p>\n\n\n\n<p>Und noch etwas: Immer wieder werden wir gefragt, ob das Einkaufen auf  Sardinien teuer sei. Einfache Antwort: Nein, wenn man sich auf  heimische Produkte und die entsprechenden Ess- und Trinkgewohnheiten einstellt.<\/p>\n\n\n\n<h3 class=\"wp-block-heading\">E-Auto<\/h3>\n\n\n\n<p>Sie kommen immer mehr in Mode und mit ihnen die Fragezeichen rund ums Aufladen. Es gibt mittlerweile in den Ferienorten im S\u00fcdosten Sardiniens einige, wenn auch nicht besonders zahlreiche Ladestationen. Wer aktuelle Informationen hierzu ben\u00f6tigt, der kann entweder \u00fcber uns jederzeit aktuelle Informationen zum Thema erhalten.<br>Eines bitten wir Sie aber zu beachten: Bitte laden Sie Ihr E-Fahrzeug nicht \u00fcber die Steckdoese Ihres Ferienhauses. Die Vermieter verzichten selbst in den Zeiten hoher Stromrechnungen darauf, eine Extra-Fee f\u00fcr den Verbrauch zu erheben. Das geschieht in Erwartung eines Fair Use.<\/p>\n\n\n\n<p><\/p>\n\n\n\n<h3 class=\"wp-block-heading\">Restaurant und Trinkgeld<\/h3>\n\n\n\n<p>In den Ferienorten gibt es meist eine gr\u00f6\u00dfere Anzahl von Restaurants \nund Pizzerien. Einige Lokale, in denen es uns ganz besonders gut \nschmeckt, haben wir ebenfalls auf unserer Expertenkarte markiert.<\/p>\n\n\n\n<p>Hervorheben m\u00f6chten wir aber die M\u00f6glichkeit des Essens bei einem <em>Agriturismo. <\/em>Hierunter  versteht man, vereinfacht ausgedr\u00fcckt ein &#8220;Essen beim Bauern&#8221;. Der  Vorteil ist, dass man einen sehr guten \u00dcberblick \u00fcber typische  Bestandteile der sardischen K\u00fcche erh\u00e4lt und &#8211; ob Vegetarier oder Fleischfresser &#8211; aufgrund des mehrg\u00e4ngigen Men\u00fcs zumeist f\u00fcr jeden etwas  dabei ist.<\/p>\n\n\n\n<p>Kurz noch zum Trinkgeld: wird eigentlich in Italien nicht erwartet.  Die Faustregel +\/- 10% des Rechnungsbetrages hat aber noch immer f\u00fcr gute Laune im Lokal gesorgt.<\/p>\n<\/div>\n\n\n\n<div class=\"wp-block-grid-blocks-grid-block-column cell panel small-12 medium-6 large-4 null grid-padding-y\">\n<h3 class=\"wp-block-heading\">Botschaften<\/h3>\n\n\n\n<p>Im Falle von Notsituationen k\u00f6nnen Sie sich an die Niederlassung der  Deutschen Botschaft in Cagliari (Via Garzia Raffa, 09126 Cagliari, Tel:  (+39) 070 307229) wenden.<br>G\u00e4ste aus der Schweiz k\u00f6nnen sich an Ihre Botschaft in der Via XX  Settembre 16, 09125 Cagliari (Tel: (+39) 070 663 661) wenden, G\u00e4ste aus  \u00d6sterreich k\u00f6nnen sich in Notf\u00e4llen an ihre Botschaft in Rom (Tel: (+39)  06 844 0141) wenden.<\/p>\n\n\n\n<h3 class=\"wp-block-heading\">M\u00fclltrennung<\/h3>\n\n\n\n<p>Viel bl\u00f6der und aufwendiger h\u00e4tte man es nicht gestalten k\u00f6nnen &#8211; das\n M\u00fclltrennsystem auf Sardinien. Was sicher einem lobenswerten Ansatz \nentspringt, ist in seiner Durchf\u00fchrung leider doch sehr kompliziert. Da \nwir das Thema hier aber nicht komplett erl\u00e4utern k\u00f6nnen, nur das \nWichtigste in K\u00fcrze:In jedem Haushalt gibt es verschiedene M\u00fcllbeh\u00e4lter,\n der zu unterschiedlichen Zeiten abgeholt wird. Die Zuf\u00fchrung der \nunterschiedlichen Inhalte in die Beh\u00e4lter erkl\u00e4rt unser <a href=\"https:\/\/www.youtube.com\/watch?v=orYvnjbmHg0\" target=\"_blank\" rel=\"noreferrer noopener\">Video<\/a>.\n Wichtig ist: Wer seinen M\u00fcll nicht ordentlich trennt und dabei vom \n\u00f6rtlichen M\u00fcllkommisar erwischt wird, dem drohen Strafen bis zu 250\u20ac. \nDie Strafmandate werden \u00fcber die Kennung an den M\u00fcllbeh\u00e4ltern den \njeweiligen Hausbesitzern zugeordnet und zugestellt. Durch Bekanntgabe \nder Mieterdaten werden die Strafmandate dann an den Mieter des \nFerienhauses weitergeleitet.<\/p>\n\n\n\n<p>Daher unser Tipp: am besten immer alles gleich auf die \u00f6rtliche \nM\u00fcllsammelstelle bringen. Die Adressen finden Sie nach Buchung in Ihrem \nKundenbereich.<\/p>\n\n\n\n<h3 class=\"wp-block-heading\">Schadensfall im Ferienhaus<\/h3>\n\n\n\n<p>Wem ist es nicht schon mal passiert? Es f\u00e4llt etwas hin, eine Scheibe geht zu Bruch, oder man zieht ein wenig zu fest an der  Waschmaschinent\u00fcr. Alles kein Drama &#8211; zumindest wenn man so fair ist und  es dem \u00f6rtlichen Ferienhaus-Betreuer mitteilt. Solche Schadensf\u00e4lle  werden von den Vermietern meist wohlwollend behandelt und sind obendrein  in aller Regel durch eine private Haftpflichtversicherung gedeckt.<\/p>\n\n\n\n<p>Also bitte im Interesse aller: Ehrlich sein und selbst verursachte \nSch\u00e4den melden. Das Aufdecken eines Schadens im Nachhinein ist immer \nkostspieliger und zugleich \u00e4rgerlicher &#8211; f\u00fcr alle.<\/p>\n<\/div>\n\n\n\n<div class=\"wp-block-grid-blocks-grid-block-column cell panel small-12 medium-12 large-12 null child-fullheight grid-padding-y\">\n<h2 class=\"wp-block-heading tisenti-header-font tisenti-title\">Ferienh\u00e4user von privat &#8211; das m\u00fcssen Sie wissen&#8230;<\/h2>\n<\/div>\n\n\n\n<div class=\"wp-block-grid-blocks-grid-block-column cell panel small-12 medium-6 large-6 null grid-padding-y\">\n<h3 class=\"wp-block-heading\">Urlaub im privaten Ferienhaus <\/h3>\n\n\n\n<p>Bitte halten Sie sich immer vor Augen, dass Sie bei uns private   Ferienh\u00e4user vorgestellt bekommen, die urspr\u00fcnglich im Hinblick auf die Gewohnheiten und Bed\u00fcrfnisse einer sardischen Familie erbaut wurden. Dass hierbei die Elektro-, Sanit\u00e4r- und Schlafstandards teilweise anders definiert sind als im deutschsprachigen Raum, liegt auf der Hand. Auch   die Gr\u00f6\u00dfe der typisch italienischen &#8220;Cameretta&#8221; &#8211; dem deutschen   Kinderzimmer &#8211; und der in vielen H\u00e4user anzutreffenden Zweitb\u00e4der samt Ihres Interieurs (Dusche, etc.), ist nicht immer auf mitteleurop\u00e4ische K\u00f6rperma\u00dfe und Gewohnheiten zugeschnitten.  <\/p>\n\n\n\n<h3 class=\"wp-block-heading\">Mietvertrag statt Voucher<\/h3>\n\n\n\n<p>Tisenti ist kein Reiseveranstalter, sondern eine Internetplattform. Das bedeutet, dass Ihnen kein komplett durchorganisierter Pauschalurlaub angeboten wird, sondern dass Ihnen \u00fcber den Abschluss eines Mietvertrages mit dem Hauseigent\u00fcmer der Weg in ein Ferienhaus auf Sardinien geebnet wird. <\/p>\n\n\n\n<h3 class=\"wp-block-heading\">Sommerurlaub auf Sardinien<\/h3>\n\n\n\n<p>Gerade in den Sommermonaten kann man erleben, dass Sardinien der Italiener bevorzugte Reiseinsel ist. Und so kommt man als Reisender in den Genuss tats\u00e4chlich noch Urlaub &#8220;in Italien&#8221; machen zu k\u00f6nnen &#8211; mit allem was dazu geh\u00f6rt.<br>Gerade in Sachen Lautst\u00e4rke unterscheiden sich Wahrnehmung und Pr\u00e4ferenz von Mitteleurop\u00e4ern und Italienern gar nicht so unwesentlich. Italienischer Sommer bedeutet &#8220;festa!&#8221; &#8211; oft bis in die Nacht hinein. Und da es mittlerweile auch in jedem noch so abgelegenen Kaff eine Strandbar oder einen Ferienclub gibt, der im Sommer Teil der Sommerparty wird, wird man der Einladung zum Mitfeiern nicht immer entkommen k\u00f6nnen.<\/p>\n<\/div>\n\n\n\n<div class=\"wp-block-grid-blocks-grid-block-column cell panel small-12 medium-6 large-6 null grid-padding-y\">\n<h3 class=\"wp-block-heading\">Serviceteam auf Sardinien<\/h3>\n\n\n\n<p>Sie werden am Tag Ihrer Ankunft auf Sardinien an einem leicht zu findenden Treffpunkt im Ort des Ferienhauses erwartet. Unsere sardischen  Kollegen begleiten Sie zum Haus,  machen Sie mit allen wichtigen Dingen  des Hauses vertraut und sind im  Falle von groben Funktionsst\u00f6rungen in  seinem Haus f\u00fcr Sie da. Dieser  Service soll Ihnen Sicherheit geben, im  Ernstfall immer einen Partner an  Ihrer Seite zu wissen, der Ihnen  hilft. Um f\u00fcr diese Ernstf\u00e4lle  einsatzf\u00e4hig zu sein, sollte er von  Ihnen auch nicht f\u00fcr die Erledigung  allt\u00e4glicher Dinge herangezogen  werden (Auswechseln von Gl\u00fchbirnen,  Nachkaufen von Geschirr, etc.) Wenn  Ihnen kleinere Dinge fehlen sollten,  so kaufen Sie es einfach nach  (bis 50 EUR) und geben Ihrem  Ansprechpartner bei der Abfahrt oder der  Tisenti GmbH nach R\u00fcckankunft  die Rechnung. Sie bekommen dann Ihr Geld  unb\u00fcrokratisch ersetzt.  <\/p>\n\n\n\n<h3 class=\"wp-block-heading\">Benutzung von Klimaanlagen<\/h3>\n\n\n\n<p>Die Sommer auf Sardinien k\u00f6nnen recht hei\u00df sein. Daher haben die Vermieter, dem Komfortwunsch ihrer Mieter folgend, eine Klimaanlage im Ferienhaus installiert.<br>In der Kalkulation des Preises des Ferienhauses wird davon ausgegangen, dass sich die Nutzung dieser Klimager\u00e4te im \u00fcblichen und notwendigen Rahmen h\u00e4lt. <br>Daher bitte: <strong>Fair use &#8211; Klimaanlage tags\u00fcber unbedingt ausschalten! <\/strong>(In manchen H\u00e4usern ist die Funktionalit\u00e4t der Klimager\u00e4te von vorne herein auf die Nachtstunden beschr\u00e4nkt.)<br>Die Vermieter behalten sich ausdr\u00fccklich das Recht vor, Mehrkosten die  durch den  offensichtlich unangemessenen Umgang mit den Klimager\u00e4ten  entstehen,  nach Kontrolle der Z\u00e4hlerst\u00e4nde am letzten Miettag dem Mieter in Rechnung zu stellen.  <\/p>\n\n\n\n<div style=\"height:30px\" aria-hidden=\"true\" class=\"wp-block-spacer\"><\/div>\n<\/div>\n<\/div>\n\n\n\n<div class=\"wp-block-grid-blocks-grid-block-column cell panel small-12 medium-12 large-12 null child-fullheight grid-padding-y\">\n<h2 class=\"wp-block-heading tisenti-header-font tisenti-title\">Begriffliche Erkl\u00e4rungen<\/h2>\n\n\n\n<p>Hier die Erkl\u00e4rungen zu den unkommentierten Informationen unter den Hausbeschreibungen:<\/p>\n\n\n\n<ul class=\"wp-block-list\">\n<li><strong>Wohnfl\u00e4che<\/strong>: hausinterne Nutzfl\u00e4che (bei H\u00e4usern \/ \nWohnungen mit \u00fcberdachten Au\u00dfenbereichen wird bis zu 1\/3 dieser \n\u00fcberdachten Au\u00dfenfl\u00e4che der Wohnfl\u00e4che zugerechnet)<\/li>\n\n\n\n<li><strong>Schlafzimmer<\/strong>: Anzahl der reinen Schlafzimmer (auch z.B. kleine Kinderzimmer &#8220;cameretta&#8221; und offene Schlafgalerien)<\/li>\n\n\n\n<li><strong>B\u00e4der<\/strong>: Anzahl der B\u00e4der bzw. Toiletten (eine Toilette ist mit 0,5 Bad bezeichnet)<\/li>\n\n\n\n<li><strong>Garten<\/strong>: Angabe \u00fcber Vorhandensein von unverbauter Grundst\u00fccksfl\u00e4che (nicht immer Rasen)<\/li>\n\n\n\n<li><strong>Max. Personen<\/strong>: Belegungszahl die nicht zu \n\u00fcberschreiten ist. Nennung z.B. 4+2 bedeutet, dass 4 Betten (auch \nStockbetten) zzgl. 2 anderer Schlafgelegenheiten zur Verf\u00fcgung stehen<\/li>\n\n\n\n<li><strong>Strandentfernung<\/strong>: Entfernung zur n\u00e4chsten Badem\u00f6glichkeit (Luftlinie bis zum Strand)<\/li>\n\n\n\n<li><strong>Meerblick<\/strong>: Angabe m\u00f6glichen Meerblicks (Beeintr\u00e4chtigung durch nachwachsende Pflanzen m\u00f6glich) vom Haus oder Grundst\u00fcck aus<\/li>\n\n\n\n<li><strong>Waschmaschine: <\/strong>Die Angabe \u00fcber das Vorhandensein \neiner Waschmaschine gibt an, dass das gemietete Ferienhaus \u00fcber eine \nWaschmaschine (evtl. auch eine Gemeinschaftsmaschine mit einem anderen \nHaus) verf\u00fcgt.<\/li>\n\n\n\n<li><strong>Klimaanlage: <\/strong>Angabe \u00fcber das Vorhandensein einer \nKlimaanlage in mindestens einem der R\u00e4ume des Ferienhauses. Wichtig: Die\n Funktion der Klimager\u00e4te kann auf die Nachtstunden limitiert sein!<\/li>\n\n\n\n<li><strong>Die Standardausr\u00fcstung jedes der H\u00e4user \/ Wohnungen umfasst<\/strong>: M\u00f6blierung, Bad mit Dusche oder Wanne, K\u00fcche mit Herd, K\u00fchlschrank, Geschirr, Grill, Tisch und St\u00fchle f\u00fcr den Au\u00dfenbereich<\/li>\n<\/ul>\n\n\n\n<p><\/p>\n<\/div>\n","protected":false},"excerpt":{"rendered":"","protected":false},"author":4,"featured_media":220,"parent":437,"menu_order":0,"comment_status":"closed","ping_status":"closed","template":"","meta":{"footnotes":""},"categories":[],"tags":[],"class_list":["post-784","page","type-page","status-publish","has-post-thumbnail","hentry"],"yoast_head":"<!-- This site is optimized with the Yoast SEO plugin v27.5 - https:\/\/yoast.com\/product\/yoast-seo-wordpress\/ -->\n<title>Sardinien Tipps f\u00fcr Ihren gelungenen Ferienhaus-Urlaub<\/title>\n<meta name=\"description\" content=\"Damit Ihr Urlaub ganz nach Ihren Vorstellungen verl\u00e4uft, haben wir hier hilfreiche Sardinien-Tipps und allgemeine Hinweise f\u00fcr Sie zusammengestellt.\" \/>\n<meta name=\"robots\" content=\"index, follow, max-snippet:-1, max-image-preview:large, max-video-preview:-1\" \/>\n<link rel=\"canonical\" href=\"https:\/\/www.tisenti.com\/de\/buchen\/sardinien-tipps-und-hinweise\" \/>\n<meta property=\"og:locale\" content=\"de_DE\" \/>\n<meta property=\"og:type\" content=\"article\" \/>\n<meta property=\"og:title\" content=\"Sardinien Tipps f\u00fcr Ihren gelungenen Ferienhaus-Urlaub\" \/>\n<meta property=\"og:description\" content=\"Damit Ihr Urlaub ganz nach Ihren Vorstellungen verl\u00e4uft, haben wir hier hilfreiche Sardinien-Tipps und allgemeine Hinweise f\u00fcr Sie zusammengestellt.\" \/>\n<meta property=\"og:url\" content=\"https:\/\/www.tisenti.com\/de\/buchen\/sardinien-tipps-und-hinweise\" \/>\n<meta property=\"og:site_name\" content=\"Sardinien Ferienhaus - Costa Rei, Villasimius, Torre delle Stelle\" \/>\n<meta property=\"article:modified_time\" content=\"2025-10-25T06:33:55+00:00\" \/>\n<meta property=\"og:image\" content=\"https:\/\/www.tisenti.com\/de\/wp-content\/uploads\/sites\/2\/2018\/12\/header-online-buchung-dji_0188-1.jpg\" \/>\n\t<meta property=\"og:image:width\" content=\"1200\" \/>\n\t<meta property=\"og:image:height\" content=\"350\" \/>\n\t<meta property=\"og:image:type\" content=\"image\/jpeg\" \/>\n<meta name=\"twitter:card\" content=\"summary_large_image\" \/>\n<meta name=\"twitter:label1\" content=\"Gesch\u00e4tzte Lesezeit\" \/>\n\t<meta name=\"twitter:data1\" content=\"10\u00a0Minuten\" \/>\n<!-- \/ Yoast SEO plugin. -->","yoast_head_json":{"title":"Sardinien Tipps f\u00fcr Ihren gelungenen Ferienhaus-Urlaub","description":"Damit Ihr Urlaub ganz nach Ihren Vorstellungen verl\u00e4uft, haben wir hier hilfreiche Sardinien-Tipps und allgemeine Hinweise f\u00fcr Sie zusammengestellt.","robots":{"index":"index","follow":"follow","max-snippet":"max-snippet:-1","max-image-preview":"max-image-preview:large","max-video-preview":"max-video-preview:-1"},"canonical":"https:\/\/www.tisenti.com\/de\/buchen\/sardinien-tipps-und-hinweise","og_locale":"de_DE","og_type":"article","og_title":"Sardinien Tipps f\u00fcr Ihren gelungenen Ferienhaus-Urlaub","og_description":"Damit Ihr Urlaub ganz nach Ihren Vorstellungen verl\u00e4uft, haben wir hier hilfreiche Sardinien-Tipps und allgemeine Hinweise f\u00fcr Sie zusammengestellt.","og_url":"https:\/\/www.tisenti.com\/de\/buchen\/sardinien-tipps-und-hinweise","og_site_name":"Sardinien Ferienhaus - Costa Rei, Villasimius, Torre delle Stelle","article_modified_time":"2025-10-25T06:33:55+00:00","og_image":[{"width":1200,"height":350,"url":"https:\/\/www.tisenti.com\/de\/wp-content\/uploads\/sites\/2\/2018\/12\/header-online-buchung-dji_0188-1.jpg","type":"image\/jpeg"}],"twitter_card":"summary_large_image","twitter_misc":{"Gesch\u00e4tzte Lesezeit":"10\u00a0Minuten"},"schema":{"@context":"https:\/\/schema.org","@graph":[{"@type":"WebPage","@id":"https:\/\/www.tisenti.com\/de\/buchen\/sardinien-tipps-und-hinweise","url":"https:\/\/www.tisenti.com\/de\/buchen\/sardinien-tipps-und-hinweise","name":"Sardinien Tipps f\u00fcr Ihren gelungenen Ferienhaus-Urlaub","isPartOf":{"@id":"https:\/\/www.tisenti.com\/de\/#website"},"primaryImageOfPage":{"@id":"https:\/\/www.tisenti.com\/de\/buchen\/sardinien-tipps-und-hinweise#primaryimage"},"image":{"@id":"https:\/\/www.tisenti.com\/de\/buchen\/sardinien-tipps-und-hinweise#primaryimage"},"thumbnailUrl":"https:\/\/www.tisenti.com\/de\/wp-content\/uploads\/sites\/2\/2018\/12\/header-online-buchung-dji_0188-1.jpg","datePublished":"2019-01-23T16:01:17+00:00","dateModified":"2025-10-25T06:33:55+00:00","description":"Damit Ihr Urlaub ganz nach Ihren Vorstellungen verl\u00e4uft, haben wir hier hilfreiche Sardinien-Tipps und allgemeine Hinweise f\u00fcr Sie zusammengestellt.","breadcrumb":{"@id":"https:\/\/www.tisenti.com\/de\/buchen\/sardinien-tipps-und-hinweise#breadcrumb"},"inLanguage":"de","potentialAction":[{"@type":"ReadAction","target":["https:\/\/www.tisenti.com\/de\/buchen\/sardinien-tipps-und-hinweise"]}]},{"@type":"ImageObject","inLanguage":"de","@id":"https:\/\/www.tisenti.com\/de\/buchen\/sardinien-tipps-und-hinweise#primaryimage","url":"https:\/\/www.tisenti.com\/de\/wp-content\/uploads\/sites\/2\/2018\/12\/header-online-buchung-dji_0188-1.jpg","contentUrl":"https:\/\/www.tisenti.com\/de\/wp-content\/uploads\/sites\/2\/2018\/12\/header-online-buchung-dji_0188-1.jpg","width":1200,"height":350,"caption":""},{"@type":"BreadcrumbList","@id":"https:\/\/www.tisenti.com\/de\/buchen\/sardinien-tipps-und-hinweise#breadcrumb","itemListElement":[{"@type":"ListItem","position":1,"name":"Startseite","item":"https:\/\/www.tisenti.com\/de\/"},{"@type":"ListItem","position":2,"name":"Onlinebuchung Ferienhaus","item":"https:\/\/www.tisenti.com\/de\/buchen"},{"@type":"ListItem","position":3,"name":"Infos, Tipps und Erkl\u00e4rungen"}]},{"@type":"WebSite","@id":"https:\/\/www.tisenti.com\/de\/#website","url":"https:\/\/www.tisenti.com\/de\/","name":"Sardinien Ferienhaus - Costa Rei, Villasimius, Torre delle Stelle","description":"Ob auf Sardinien Ferienhaus am Strand, luxuri\u00f6se Villa oder komfortable Ferienwohnung. Wir machen Ihren Sardinien-Traumurlaub wahr. Finden Sie jetzt Ihr Wunschobjekt.","publisher":{"@id":"https:\/\/www.tisenti.com\/de\/#organization"},"potentialAction":[{"@type":"SearchAction","target":{"@type":"EntryPoint","urlTemplate":"https:\/\/www.tisenti.com\/de\/?s={search_term_string}"},"query-input":{"@type":"PropertyValueSpecification","valueRequired":true,"valueName":"search_term_string"}}],"inLanguage":"de"},{"@type":"Organization","@id":"https:\/\/www.tisenti.com\/de\/#organization","name":"Sardinien Ferienhaus - Costa Rei, Villasimius, Torre delle Stelle","url":"https:\/\/www.tisenti.com\/de\/","logo":{"@type":"ImageObject","inLanguage":"de","@id":"https:\/\/www.tisenti.com\/de\/#\/schema\/logo\/image\/","url":"https:\/\/www.tisenti.com\/de\/wp-content\/uploads\/sites\/2\/2019\/10\/logo-tisenti.png","contentUrl":"https:\/\/www.tisenti.com\/de\/wp-content\/uploads\/sites\/2\/2019\/10\/logo-tisenti.png","width":192,"height":50,"caption":"Sardinien Ferienhaus - Costa Rei, Villasimius, Torre delle Stelle"},"image":{"@id":"https:\/\/www.tisenti.com\/de\/#\/schema\/logo\/image\/"}}]}},"_links":{"self":[{"href":"https:\/\/www.tisenti.com\/de\/wp-json\/wp\/v2\/pages\/784","targetHints":{"allow":["GET"]}}],"collection":[{"href":"https:\/\/www.tisenti.com\/de\/wp-json\/wp\/v2\/pages"}],"about":[{"href":"https:\/\/www.tisenti.com\/de\/wp-json\/wp\/v2\/types\/page"}],"author":[{"embeddable":true,"href":"https:\/\/www.tisenti.com\/de\/wp-json\/wp\/v2\/users\/4"}],"replies":[{"embeddable":true,"href":"https:\/\/www.tisenti.com\/de\/wp-json\/wp\/v2\/comments?post=784"}],"version-history":[{"count":4,"href":"https:\/\/www.tisenti.com\/de\/wp-json\/wp\/v2\/pages\/784\/revisions"}],"predecessor-version":[{"id":4812,"href":"https:\/\/www.tisenti.com\/de\/wp-json\/wp\/v2\/pages\/784\/revisions\/4812"}],"up":[{"embeddable":true,"href":"https:\/\/www.tisenti.com\/de\/wp-json\/wp\/v2\/pages\/437"}],"wp:featuredmedia":[{"embeddable":true,"href":"https:\/\/www.tisenti.com\/de\/wp-json\/wp\/v2\/media\/220"}],"wp:attachment":[{"href":"https:\/\/www.tisenti.com\/de\/wp-json\/wp\/v2\/media?parent=784"}],"wp:term":[{"taxonomy":"category","embeddable":true,"href":"https:\/\/www.tisenti.com\/de\/wp-json\/wp\/v2\/categories?post=784"},{"taxonomy":"post_tag","embeddable":true,"href":"https:\/\/www.tisenti.com\/de\/wp-json\/wp\/v2\/tags?post=784"}],"curies":[{"name":"wp","href":"https:\/\/api.w.org\/{rel}","templated":true}]}}