{"id":755,"date":"2019-01-23T15:33:20","date_gmt":"2019-01-23T15:33:20","guid":{"rendered":"http:\/\/tisenti-2018.nakami.de\/?page_id=755"},"modified":"2023-10-05T23:44:43","modified_gmt":"2023-10-05T21:44:43","slug":"serviceleistungen-ferienhaus","status":"publish","type":"page","link":"https:\/\/www.tisenti.com\/de\/buchen\/serviceleistungen-ferienhaus","title":{"rendered":"Individuelle Serviceangebote f\u00fcr Ihren Urlaub auf Sardinien!"},"content":{"rendered":"\n<div class=\"wp-block-grid-blocks-grid-block-container grid-x grid-margin-x grid-margin-y content-grid\">\n<div class=\"wp-block-grid-blocks-grid-block-column cell panel small-12 medium-12 large-12 null grid-padding-y\">\n<p class=\"has-medium-font-size\">Unsere Idee vom &#8220;Urlaub im Ferienhaus&#8221; ist die von Unbek\u00fcmmerheit und Freiheit &#8211; gepaart mit gutem Service. Aus diesem Grund halten unsere Kollegen auf Sardinien viele Serviceideen f\u00fcr Sie bereit, aus denen Sie die aussuchen k\u00f6nnen, die Ihren Urlaub noch wertvoller machen. Alles optional und nach dem Motto: Alles kann, nichts muss!<br><\/p>\n<\/div>\n\n\n\n<div style=\"height:23px\" aria-hidden=\"true\" class=\"wp-block-spacer\"><\/div>\n\n\n\n<div class=\"wp-block-grid-blocks-grid-block-column cell panel small-12 medium-6 large-6 null grid-padding-y\">\n<figure class=\"wp-block-gallery has-nested-images columns-1 is-cropped wp-block-gallery-1 is-layout-flex wp-block-gallery-is-layout-flex\">\n<figure class=\"wp-block-image size-large\"><img loading=\"lazy\" decoding=\"async\" width=\"600\" height=\"200\" data-id=\"921\" src=\"https:\/\/www.tisenti.com\/de\/wp-content\/uploads\/sites\/2\/2019\/02\/farb-fruehstueck.jpg\" alt=\"\" class=\"wp-image-921\" srcset=\"https:\/\/www.tisenti.com\/de\/wp-content\/uploads\/sites\/2\/2019\/02\/farb-fruehstueck.jpg 600w, https:\/\/www.tisenti.com\/de\/wp-content\/uploads\/sites\/2\/2019\/02\/farb-fruehstueck-300x100.jpg 300w\" sizes=\"auto, (max-width: 600px) 100vw, 600px\" \/><figcaption class=\"wp-element-caption\">\t\t\t\t\t\t<\/figcaption><\/figure>\n\n\n\n<figure class=\"wp-block-image size-large\"><img loading=\"lazy\" decoding=\"async\" width=\"598\" height=\"250\" data-id=\"251\" src=\"https:\/\/www.tisenti.com\/de\/wp-content\/uploads\/sites\/2\/2018\/12\/2016-rocco-cafe-1.jpg\" alt=\"\" class=\"wp-image-251\" srcset=\"https:\/\/www.tisenti.com\/de\/wp-content\/uploads\/sites\/2\/2018\/12\/2016-rocco-cafe-1.jpg 598w, https:\/\/www.tisenti.com\/de\/wp-content\/uploads\/sites\/2\/2018\/12\/2016-rocco-cafe-1-300x125.jpg 300w\" sizes=\"auto, (max-width: 598px) 100vw, 598px\" \/><figcaption class=\"wp-element-caption\">\t\t\t\t\t\t<\/figcaption><\/figure>\n<\/figure>\n\n\n\n<div style=\"height:21px\" aria-hidden=\"true\" class=\"wp-block-spacer\"><\/div>\n\n\n\n<h2 class=\"wp-block-heading tisenti-header-font tisenti-title\">Kommt ein Koch ins Ferienhaus&#8230;<\/h2>\n\n\n\n<p>Kein Witz! Ist es nicht eine sch\u00f6ne Vorstellung in den eigenen vier Ferienw\u00e4nden bekocht zu werden? Ob sardische Spezialit\u00e4t, beste Grillwaren oder Meeresgetier &#8211; je nach Wunsch und Geschmack halten die K\u00fcchenexperten das Passende bereit und stehen Ihnen f\u00fcr jeden Anlass zur Verf\u00fcgung. Ob Geburtstag, Hochzeitstag oder einfach nur &#8220;Lust-und-Laune-Tag&#8221; &#8211; alles wird f\u00fcr Sie bereitet und &#8211; selbstverst\u00e4ndlich &#8211; mit dem passenden Tropfen begleitet.<br><\/p>\n\n\n\n<div style=\"height:20px\" aria-hidden=\"true\" class=\"wp-block-spacer\"><\/div>\n\n\n\n<figure class=\"wp-block-gallery has-nested-images columns-1 is-cropped wp-block-gallery-2 is-layout-flex wp-block-gallery-is-layout-flex\">\n<figure class=\"wp-block-image size-large\"><img loading=\"lazy\" decoding=\"async\" width=\"600\" height=\"250\" data-id=\"940\" src=\"https:\/\/www.tisenti.com\/de\/wp-content\/uploads\/sites\/2\/2019\/02\/babysitter.jpg\" alt=\"\" class=\"wp-image-940\" srcset=\"https:\/\/www.tisenti.com\/de\/wp-content\/uploads\/sites\/2\/2019\/02\/babysitter.jpg 600w, https:\/\/www.tisenti.com\/de\/wp-content\/uploads\/sites\/2\/2019\/02\/babysitter-300x125.jpg 300w\" sizes=\"auto, (max-width: 600px) 100vw, 600px\" \/><figcaption class=\"wp-element-caption\">\t\t\t\t\t\t<\/figcaption><\/figure>\n<\/figure>\n\n\n\n<div style=\"height:13px\" aria-hidden=\"true\" class=\"wp-block-spacer\"><\/div>\n\n\n\n<h2 class=\"wp-block-heading tisenti-header-font tisenti-title\">Babysitter<\/h2>\n\n\n\n<p>Urlaub + Kinder = spitze! Ein Abend &#8211; Kinder = auch spitze! <br>Gem\u00e4\u00df dieser Gleichung k\u00fcmmern sich flexibel und liebevoll nach Vereinbarung \u00f6rtliche Babysitter um Ihre Liebsten. So wird der Platz frei f\u00fcr ein paar Stunden zu zweit, die ab und zu das Salz in der Suppe sind.<br> <\/p>\n\n\n\n<div style=\"height:21px\" aria-hidden=\"true\" class=\"wp-block-spacer\"><\/div>\n\n\n\n<div style=\"height:20px\" aria-hidden=\"true\" class=\"wp-block-spacer\"><\/div>\n\n\n\n<h2 class=\"wp-block-heading tisenti-header-font tisenti-title\">Taxi, Fahrrad, Bootsverleih <\/h2>\n\n\n\n<p>Sie wissen noch nicht wie Sie vom Flughafen zum Ferienhaus kommen? Wer  vom <a rel=\"noreferrer noopener\" aria-label=\" (\u00f6ffnet in neuem Tab)\" href=\"https:\/\/booking.autoeurope.com\/?aff=SARDINIENHAUS&amp;pucode=IT&amp;pucity=Cagliari&amp;action=2\" target=\"_blank\">Mietwagen<\/a> nichts wissen will, f\u00fcr den  organisieren unsere Kollegen vom Serviceteam gerne den Taxitransfer. Sie  werden am Flughafen in Empfang genommen und direkt zum Haus gefahren &#8211;  ganz ohne Wartezeit, m\u00fchsame Preisverhandlung und Umwege. Einfach bei  der Buchung anfragen, der Rest wird vor Ort f\u00fcr Sie organisiert.<br>Auch  das Fahrrad erfreut sich als \u00f6rtliches Fortbewegungsmittel gro\u00dfer  Beliebtheit. F\u00fcr sportlich Engagierte empfehlen wir das Zweirad vorab  bei darauf<strong> <a href=\"https:\/\/www.sardiniacycling.com\/de\/\" target=\"_blank\" rel=\"noreferrer noopener\" aria-label=\" (\u00f6ffnet in neuem Tab)\">spezialisierten Anbietern<\/a><\/strong> zu bestellen, f\u00fcr den morgendlichen &#8220;Br\u00f6tchenholer&#8221; reichen die normalen Mietr\u00e4der, die Ihnen unsere Kollegen gerne besorgen.<br>Die  K\u00fcstenlandschaft in S\u00fcdsardinien ist atemberaubend sch\u00f6n. Viele der  kleinen bezaubernden Buchten sind allerdings nicht auf dem Landweg  erreichbar. Was w\u00fcrde also n\u00e4her liegen als sich einfach ein Boot zu  mieten um diese versteckten Sch\u00f6nheiten zu entdecken? Bis 40PS  Motorleistung ben\u00f6tigen Sie \u00fcbrigens keinen F\u00fchrerschein und k\u00f6nnen  damit bequem eine Hand voll Wasserraten \u00fcbers Meer schippern. Infos  hierzu &#8211; na klar, beim Team vor Ort. <\/p>\n<\/div>\n\n\n\n<div class=\"wp-block-grid-blocks-grid-block-column cell panel small-12 medium-6 large-6 null grid-padding-y\">\n<h2 class=\"wp-block-heading tisenti-header-font tisenti-title\">W\u00fcnsch Dir was!<\/h2>\n\n\n\n<p>Die besten Ideen kommen immer von unseren Kunden! Daher sagen Sie uns einfach mit welchem individuellen Service Ihnen die Kollegen auf Sardinien Ihren Urlaub anreichern k\u00f6nnen. Man wird dann alle Hebel in Bewegung setzen Ihre W\u00fcnsche zu erf\u00fcllen und wer wei\u00df &#8211; vielleicht wird Ihre Serviceidee ja bald schon zum fixen Tisenti-Angebot geh\u00f6ren.<br><\/p>\n\n\n\n<div style=\"height:20px\" aria-hidden=\"true\" class=\"wp-block-spacer\"><\/div>\n\n\n\n<figure class=\"wp-block-gallery has-nested-images columns-2 is-cropped wp-block-gallery-3 is-layout-flex wp-block-gallery-is-layout-flex\">\n<figure class=\"wp-block-image size-large\"><img loading=\"lazy\" decoding=\"async\" width=\"316\" height=\"500\" data-id=\"3658\" src=\"https:\/\/www.tisenti.com\/de\/wp-content\/uploads\/sites\/2\/2019\/09\/st_dsf9833.jpg\" alt=\"\" class=\"wp-image-3658\" srcset=\"https:\/\/www.tisenti.com\/de\/wp-content\/uploads\/sites\/2\/2019\/09\/st_dsf9833.jpg 316w, https:\/\/www.tisenti.com\/de\/wp-content\/uploads\/sites\/2\/2019\/09\/st_dsf9833-190x300.jpg 190w\" sizes=\"auto, (max-width: 316px) 100vw, 316px\" \/><\/figure>\n\n\n\n<figure class=\"wp-block-image size-large\"><img loading=\"lazy\" decoding=\"async\" width=\"300\" height=\"510\" data-id=\"761\" src=\"https:\/\/www.tisenti.com\/de\/wp-content\/uploads\/sites\/2\/2019\/01\/family-on.the-beach-kopie-1.jpg\" alt=\"\" class=\"wp-image-761\" srcset=\"https:\/\/www.tisenti.com\/de\/wp-content\/uploads\/sites\/2\/2019\/01\/family-on.the-beach-kopie-1.jpg 300w, https:\/\/www.tisenti.com\/de\/wp-content\/uploads\/sites\/2\/2019\/01\/family-on.the-beach-kopie-1-176x300.jpg 176w\" sizes=\"auto, (max-width: 300px) 100vw, 300px\" \/><figcaption class=\"wp-element-caption\">\n\t\t\t\t\t\t<\/figcaption><\/figure>\n<\/figure>\n\n\n\n<div style=\"height:21px\" aria-hidden=\"true\" class=\"wp-block-spacer\"><\/div>\n\n\n\n<h2 class=\"wp-block-heading tisenti-header-font tisenti-title\">Fr\u00fchst\u00fccksservice<\/h2>\n\n\n\n<p>Das ist ja wie im Hotel! Aufstehen, strecken und sich schnurstracks an den gedeckten Fr\u00fchst\u00fcckstisch setzen. Panino, Ei, M\u00fcsli, frischer Orangensaft &#8211; klingt nicht nur lecker, ist es auch.<br>Wer auf diese Art in den Tag starten mag, der bespricht das Wie, Wann und Wo mit den Kollegen und genie\u00dft die Morgenstunden im Relaxmodus.<br><\/p>\n\n\n\n<div style=\"height:20px\" aria-hidden=\"true\" class=\"wp-block-spacer\"><\/div>\n\n\n\n<div style=\"height:20px\" aria-hidden=\"true\" class=\"wp-block-spacer\"><\/div>\n\n\n\n<h2 class=\"wp-block-heading tisenti-header-font tisenti-title\">Reinigung und Einkauf<\/h2>\n\n\n\n<p>Wer erst zu sp\u00e4ter Stunde am Urlaubsort ankommt oder am ersten Tag unter sardischer Sonne den Strand- dem Supermarktbesuch vorzieht, der kann mit der Servicefee vereinbaren, dass sie den K\u00fchlschrank schon bef\u00fcllt. Die Bestellung kann vor der Abreise direkt beim Serviceteam in Auftrag gegeben werden.<br><br>Immer wieder gew\u00fcnscht und angefragt wird die M\u00f6glichkeit einer Zwischenreinigung des Ferienhauses. Das geht selbstverst\u00e4ndlich. Einfach ein paar Tage vorher das Serviceteam anrufen und alles vereinbaren &#8211; der Glanz kommt dann von ganz allein.<\/p>\n\n\n\n<div style=\"height:20px\" aria-hidden=\"true\" class=\"wp-block-spacer\"><\/div>\n\n\n\n<figure class=\"wp-block-gallery has-nested-images columns-1 is-cropped wp-block-gallery-4 is-layout-flex wp-block-gallery-is-layout-flex\">\n<figure class=\"wp-block-image size-large\"><img loading=\"lazy\" decoding=\"async\" width=\"1024\" height=\"683\" data-id=\"3348\" src=\"https:\/\/www.tisenti.com\/de\/wp-content\/uploads\/sites\/2\/2019\/08\/markt-img_1689-1024x683.jpg\" alt=\"\" class=\"wp-image-3348\" srcset=\"https:\/\/www.tisenti.com\/de\/wp-content\/uploads\/sites\/2\/2019\/08\/markt-img_1689-1024x683.jpg 1024w, https:\/\/www.tisenti.com\/de\/wp-content\/uploads\/sites\/2\/2019\/08\/markt-img_1689-300x200.jpg 300w, https:\/\/www.tisenti.com\/de\/wp-content\/uploads\/sites\/2\/2019\/08\/markt-img_1689-768x512.jpg 768w, https:\/\/www.tisenti.com\/de\/wp-content\/uploads\/sites\/2\/2019\/08\/markt-img_1689.jpg 1200w\" sizes=\"auto, (max-width: 1024px) 100vw, 1024px\" \/><\/figure>\n<\/figure>\n<\/div>\n<\/div>\n\n\n\n<div class=\"wp-block-grid-blocks-grid-block-column cell panel small-12 medium-12 large-12 null child-fullheight grid-padding-y\">\n<div style=\"height:30px\" aria-hidden=\"true\" class=\"wp-block-spacer\"><\/div>\n\n\n\n<h2 class=\"wp-block-heading tisenti-header-font tisenti-title\">Standardserviceleistungen f\u00fcr Ihr Ferienhaus<br><\/h2>\n\n\n\n<div style=\"height:24px\" aria-hidden=\"true\" class=\"wp-block-spacer\"><\/div>\n\n\n\n<p>Die Betreuung der Ferienh\u00e4user und Mieter \u00fcbernimmt w\u00e4hrend der Mietzeit eine \u00f6rtliche Serviceagentur (Holidayservice srl, Loc. Sant\u2019 Elmo, I-09040 Castiadas). Diese bietet Serviceleistungen an, die zum Teil (Betreuung vor Ort, Vorbereitung des Ferienhauses und Ausstattung mit Handt\u00fcchern und Bettw\u00e4sche, Durchf\u00fchrung der Endreinigung) obligatorisch f\u00fcr den Mieter sind, und zum anderen Teil optional erg\u00e4nzt und im Rahmen der <a href=\"https:\/\/www.tisenti.com\/de\/buchen\"><strong>Anmeldung<\/strong><\/a> \u00fcber unsere Webseite direkt beim \u00f6rtlichen Dienstleister zu bestellen sind.<br><br>Die obligatorischen Serviceleistungen (<strong>Preis siehe Hausbeschreibung des jew. Ferienhauses<\/strong>) definieren sich im Detail wie folgt:<br><br><strong>1.) Betreuung vor Ort:<\/strong><br>Den Mietern steht vor Ort ein zweisprachiges Team zur Seite, welches seine Leistungen wie folgt definiert:<\/p>\n\n\n\n<ul class=\"wp-block-list\">\n<li>Begleitung am Tag der Anreise vom Treffpunkt zum Ferienhaus<\/li>\n\n\n\n<li>t\u00e4gliche telefonische Erreichbarkeit<\/li>\n\n\n\n<li>Erledigung kleinerer Reparaturen (z.B. Gasflasche tauschen, Duschschlauch wechseln, etc.)<\/li>\n\n\n\n<li>Kontaktherstellung zum Vermieter im Falle gr\u00f6\u00dferer Probleme am Mietobjekt<\/li>\n\n\n\n<li>Allgemeine Hilfestellungen am Telefon im Fall von Problemen (z.B. Krankheit, Autopanne, etc.)<\/li>\n\n\n\n<li>Hausabnahme am Abreisetag und Ausf\u00fcllen des Kautionsformulars<\/li>\n<\/ul>\n\n\n\n<p><strong>2.) Vorbereitung des Ferienhauses, Bettw\u00e4sche und Handt\u00fccher<\/strong><\/p>\n\n\n\n<ul class=\"wp-block-list\">\n<li>vor Ihrer Ankunft werden die Betten im Ferienhaus mit Bettw\u00e4sche bezogen<\/li>\n\n\n\n<li>Zurverf\u00fcgungstellung von Handt\u00fcchern (Geschirrhandtuch, Dusch- und Gesichtshandtuch pro Gast)<\/li>\n\n\n\n<li>Bei Ankunft erwarten Sie eine Flasche Wein und Wasser, sowie ein Startpaket mir Sp\u00fclmaschinentabs, Sp\u00fclmittel und Toilettenpapier.<\/li>\n<\/ul>\n\n\n\n<p><strong>3.) Endreinigung:<\/strong><\/p>\n\n\n\n<ul class=\"wp-block-list\">\n<li>Durchf\u00fchrung der Endreinigung nach Ihrer Abreise<\/li>\n<\/ul>\n\n\n\n<div style=\"height:28px\" aria-hidden=\"true\" class=\"wp-block-spacer\"><\/div>\n\n\n\n<h2 class=\"wp-block-heading tisenti-header-font tisenti-title\">Zusatzservice<\/h2>\n\n\n\n<div style=\"height:11px\" aria-hidden=\"true\" class=\"wp-block-spacer\"><\/div>\n\n\n\n<p>Des Weiteren k\u00f6nnen Sie \u00fcber uns folgende<strong> Serviceleistungen der Serviceagentur<\/strong> bestellen:<\/p>\n\n\n\n<p> <\/p>\n\n\n\n<figure class=\"wp-block-table\"><table><tbody><tr><td>Strandt\u00fccher:<\/td><td>12&nbsp;\u20ac<\/td><td>pro&nbsp;St\u00fcck<\/td><\/tr><tr><td>Sonnenliegen:<\/td><td>2&nbsp;\u20ac<\/td><td>pro&nbsp;Tag<\/td><\/tr><tr><td>Kinderbetten:<\/td><td>3&nbsp;\u20ac<\/td><td>pro&nbsp;Tag<\/td><\/tr><tr><td>Kindersitze:<\/td><td>2&nbsp;\u20ac<\/td><td>pro&nbsp;Tag<\/td><\/tr><tr><td>Putzdienste (die \u00fcber die Endreinigung hinaus gehen):<\/td><td>15 \u20ac<\/td><td>pro&nbsp;Stunde<\/td><\/tr><\/tbody><\/table><\/figure>\n\n\n\n<p><\/p>\n<\/div>\n","protected":false},"excerpt":{"rendered":"","protected":false},"author":4,"featured_media":783,"parent":437,"menu_order":0,"comment_status":"closed","ping_status":"closed","template":"","meta":{"footnotes":""},"categories":[],"tags":[],"class_list":["post-755","page","type-page","status-publish","has-post-thumbnail","hentry"],"yoast_head":"<!-- This site is optimized with the Yoast SEO plugin v27.3 - https:\/\/yoast.com\/product\/yoast-seo-wordpress\/ -->\n<title>Individuelle Serviceideen f\u00fcr Ihren Ferienhausurlaub<\/title>\n<meta name=\"description\" content=\"Ferienhausurlaub mit Hotelservice. Das ist bei Tisenti m\u00f6glich. W\u00e4hlen Sie aus den zahlreichen Serviceangeboten aus und gebie\u00dfen Sie Ihren Aufenthalt.\" \/>\n<meta name=\"robots\" content=\"index, follow, max-snippet:-1, max-image-preview:large, max-video-preview:-1\" \/>\n<link rel=\"canonical\" href=\"https:\/\/www.tisenti.com\/de\/buchen\/serviceleistungen-ferienhaus\" \/>\n<meta property=\"og:locale\" content=\"de_DE\" \/>\n<meta property=\"og:type\" content=\"article\" \/>\n<meta property=\"og:title\" content=\"Individuelle Serviceideen f\u00fcr Ihren Ferienhausurlaub\" \/>\n<meta property=\"og:description\" content=\"Ferienhausurlaub mit Hotelservice. Das ist bei Tisenti m\u00f6glich. W\u00e4hlen Sie aus den zahlreichen Serviceangeboten aus und gebie\u00dfen Sie Ihren Aufenthalt.\" \/>\n<meta property=\"og:url\" content=\"https:\/\/www.tisenti.com\/de\/buchen\/serviceleistungen-ferienhaus\" \/>\n<meta property=\"og:site_name\" content=\"Sardinien Ferienhaus - Costa Rei, Villasimius, Torre delle Stelle\" \/>\n<meta property=\"article:modified_time\" content=\"2023-10-05T21:44:43+00:00\" \/>\n<meta property=\"og:image\" content=\"https:\/\/www.tisenti.com\/de\/wp-content\/uploads\/sites\/2\/2019\/01\/service_mg_1048_1200x350-1.jpg\" \/>\n\t<meta property=\"og:image:width\" content=\"1200\" \/>\n\t<meta property=\"og:image:height\" content=\"350\" \/>\n\t<meta property=\"og:image:type\" content=\"image\/jpeg\" \/>\n<meta name=\"twitter:card\" content=\"summary_large_image\" \/>\n<meta name=\"twitter:label1\" content=\"Gesch\u00e4tzte Lesezeit\" \/>\n\t<meta name=\"twitter:data1\" content=\"6\u00a0Minuten\" \/>\n<!-- \/ Yoast SEO plugin. -->","yoast_head_json":{"title":"Individuelle Serviceideen f\u00fcr Ihren Ferienhausurlaub","description":"Ferienhausurlaub mit Hotelservice. Das ist bei Tisenti m\u00f6glich. W\u00e4hlen Sie aus den zahlreichen Serviceangeboten aus und gebie\u00dfen Sie Ihren Aufenthalt.","robots":{"index":"index","follow":"follow","max-snippet":"max-snippet:-1","max-image-preview":"max-image-preview:large","max-video-preview":"max-video-preview:-1"},"canonical":"https:\/\/www.tisenti.com\/de\/buchen\/serviceleistungen-ferienhaus","og_locale":"de_DE","og_type":"article","og_title":"Individuelle Serviceideen f\u00fcr Ihren Ferienhausurlaub","og_description":"Ferienhausurlaub mit Hotelservice. Das ist bei Tisenti m\u00f6glich. W\u00e4hlen Sie aus den zahlreichen Serviceangeboten aus und gebie\u00dfen Sie Ihren Aufenthalt.","og_url":"https:\/\/www.tisenti.com\/de\/buchen\/serviceleistungen-ferienhaus","og_site_name":"Sardinien Ferienhaus - Costa Rei, Villasimius, Torre delle Stelle","article_modified_time":"2023-10-05T21:44:43+00:00","og_image":[{"width":1200,"height":350,"url":"https:\/\/www.tisenti.com\/de\/wp-content\/uploads\/sites\/2\/2019\/01\/service_mg_1048_1200x350-1.jpg","type":"image\/jpeg"}],"twitter_card":"summary_large_image","twitter_misc":{"Gesch\u00e4tzte Lesezeit":"6\u00a0Minuten"},"schema":{"@context":"https:\/\/schema.org","@graph":[{"@type":"WebPage","@id":"https:\/\/www.tisenti.com\/de\/buchen\/serviceleistungen-ferienhaus","url":"https:\/\/www.tisenti.com\/de\/buchen\/serviceleistungen-ferienhaus","name":"Individuelle Serviceideen f\u00fcr Ihren Ferienhausurlaub","isPartOf":{"@id":"https:\/\/www.tisenti.com\/de\/#website"},"primaryImageOfPage":{"@id":"https:\/\/www.tisenti.com\/de\/buchen\/serviceleistungen-ferienhaus#primaryimage"},"image":{"@id":"https:\/\/www.tisenti.com\/de\/buchen\/serviceleistungen-ferienhaus#primaryimage"},"thumbnailUrl":"https:\/\/www.tisenti.com\/de\/wp-content\/uploads\/sites\/2\/2019\/01\/service_mg_1048_1200x350-1.jpg","datePublished":"2019-01-23T15:33:20+00:00","dateModified":"2023-10-05T21:44:43+00:00","description":"Ferienhausurlaub mit Hotelservice. Das ist bei Tisenti m\u00f6glich. W\u00e4hlen Sie aus den zahlreichen Serviceangeboten aus und gebie\u00dfen Sie Ihren Aufenthalt.","breadcrumb":{"@id":"https:\/\/www.tisenti.com\/de\/buchen\/serviceleistungen-ferienhaus#breadcrumb"},"inLanguage":"de","potentialAction":[{"@type":"ReadAction","target":["https:\/\/www.tisenti.com\/de\/buchen\/serviceleistungen-ferienhaus"]}]},{"@type":"ImageObject","inLanguage":"de","@id":"https:\/\/www.tisenti.com\/de\/buchen\/serviceleistungen-ferienhaus#primaryimage","url":"https:\/\/www.tisenti.com\/de\/wp-content\/uploads\/sites\/2\/2019\/01\/service_mg_1048_1200x350-1.jpg","contentUrl":"https:\/\/www.tisenti.com\/de\/wp-content\/uploads\/sites\/2\/2019\/01\/service_mg_1048_1200x350-1.jpg","width":1200,"height":350,"caption":""},{"@type":"BreadcrumbList","@id":"https:\/\/www.tisenti.com\/de\/buchen\/serviceleistungen-ferienhaus#breadcrumb","itemListElement":[{"@type":"ListItem","position":1,"name":"Startseite","item":"https:\/\/www.tisenti.com\/de\/"},{"@type":"ListItem","position":2,"name":"Onlinebuchung Ferienhaus","item":"https:\/\/www.tisenti.com\/de\/buchen"},{"@type":"ListItem","position":3,"name":"Individuelle Serviceangebote f\u00fcr Ihren Urlaub auf Sardinien!"}]},{"@type":"WebSite","@id":"https:\/\/www.tisenti.com\/de\/#website","url":"https:\/\/www.tisenti.com\/de\/","name":"Sardinien Ferienhaus - Costa Rei, Villasimius, Torre delle Stelle","description":"Ob auf Sardinien Ferienhaus am Strand, luxuri\u00f6se Villa oder komfortable Ferienwohnung. Wir machen Ihren Sardinien-Traumurlaub wahr. Finden Sie jetzt Ihr Wunschobjekt.","publisher":{"@id":"https:\/\/www.tisenti.com\/de\/#organization"},"potentialAction":[{"@type":"SearchAction","target":{"@type":"EntryPoint","urlTemplate":"https:\/\/www.tisenti.com\/de\/?s={search_term_string}"},"query-input":{"@type":"PropertyValueSpecification","valueRequired":true,"valueName":"search_term_string"}}],"inLanguage":"de"},{"@type":"Organization","@id":"https:\/\/www.tisenti.com\/de\/#organization","name":"Sardinien Ferienhaus - Costa Rei, Villasimius, Torre delle Stelle","url":"https:\/\/www.tisenti.com\/de\/","logo":{"@type":"ImageObject","inLanguage":"de","@id":"https:\/\/www.tisenti.com\/de\/#\/schema\/logo\/image\/","url":"https:\/\/www.tisenti.com\/de\/wp-content\/uploads\/sites\/2\/2019\/10\/logo-tisenti.png","contentUrl":"https:\/\/www.tisenti.com\/de\/wp-content\/uploads\/sites\/2\/2019\/10\/logo-tisenti.png","width":192,"height":50,"caption":"Sardinien Ferienhaus - Costa Rei, Villasimius, Torre delle Stelle"},"image":{"@id":"https:\/\/www.tisenti.com\/de\/#\/schema\/logo\/image\/"}}]}},"_links":{"self":[{"href":"https:\/\/www.tisenti.com\/de\/wp-json\/wp\/v2\/pages\/755","targetHints":{"allow":["GET"]}}],"collection":[{"href":"https:\/\/www.tisenti.com\/de\/wp-json\/wp\/v2\/pages"}],"about":[{"href":"https:\/\/www.tisenti.com\/de\/wp-json\/wp\/v2\/types\/page"}],"author":[{"embeddable":true,"href":"https:\/\/www.tisenti.com\/de\/wp-json\/wp\/v2\/users\/4"}],"replies":[{"embeddable":true,"href":"https:\/\/www.tisenti.com\/de\/wp-json\/wp\/v2\/comments?post=755"}],"version-history":[{"count":40,"href":"https:\/\/www.tisenti.com\/de\/wp-json\/wp\/v2\/pages\/755\/revisions"}],"predecessor-version":[{"id":4751,"href":"https:\/\/www.tisenti.com\/de\/wp-json\/wp\/v2\/pages\/755\/revisions\/4751"}],"up":[{"embeddable":true,"href":"https:\/\/www.tisenti.com\/de\/wp-json\/wp\/v2\/pages\/437"}],"wp:featuredmedia":[{"embeddable":true,"href":"https:\/\/www.tisenti.com\/de\/wp-json\/wp\/v2\/media\/783"}],"wp:attachment":[{"href":"https:\/\/www.tisenti.com\/de\/wp-json\/wp\/v2\/media?parent=755"}],"wp:term":[{"taxonomy":"category","embeddable":true,"href":"https:\/\/www.tisenti.com\/de\/wp-json\/wp\/v2\/categories?post=755"},{"taxonomy":"post_tag","embeddable":true,"href":"https:\/\/www.tisenti.com\/de\/wp-json\/wp\/v2\/tags?post=755"}],"curies":[{"name":"wp","href":"https:\/\/api.w.org\/{rel}","templated":true}]}}