{"id":4823,"date":"2026-01-01T13:18:08","date_gmt":"2026-01-01T12:18:08","guid":{"rendered":"https:\/\/www.tisenti.com\/de\/?page_id=4823"},"modified":"2026-01-01T13:20:20","modified_gmt":"2026-01-01T12:20:20","slug":"home_neu","status":"publish","type":"page","link":"https:\/\/www.tisenti.com\/de\/","title":{"rendered":""},"content":{"rendered":"\n<h2 class=\"wp-block-heading\">Liebe Kunden, liebe Sardinienfreunde,<\/h2>\n\n\n\n<div style=\"height:20px\" aria-hidden=\"true\" class=\"wp-block-spacer\"><\/div>\n\n\n\n<p>Sardinien ist die Insel, die wir lieben, gut kennen und mit der wir seit \u00fcber 30 Jahren eng verbunden sind.<br>Ab der Saison 2026 beginnt f\u00fcr uns ein neues Kapitel. Die Tisenti GmbH hat ihre Gesch\u00e4ftst\u00e4tigkeit eingestellt und erbringt daher keine Dienstleistungen mehr.<\/p>\n\n\n\n<div style=\"height:20px\" aria-hidden=\"true\" class=\"wp-block-spacer\"><\/div>\n\n\n\n<p>\u201eUnsere\u201c Vermieter haben ihre H\u00e4user in die Obhut professioneller Kollegen gegeben, \u00fcber die Sie zuk\u00fcnftig die H\u00e4user mieten k\u00f6nnen.<\/p>\n\n\n\n<p><\/p>\n\n\n\n<p>Dadurch gewinnen wir, die \u201ealte Tisenti Crew\u201c die Freiheit, uns in neuer Organisationsform ganz auf das zu konzentrieren und zu beschr\u00e4nken, was wir am liebsten tun: pers\u00f6nlich beraten, zuh\u00f6ren, mitdenken \u2013 und gemeinsam mit Ihnen genau den Ort finden, an dem sich Sardinien f\u00fcr Sie richtig anf\u00fchlt.<br>F\u00fcr Sie hei\u00dft das zusammengefasst: entspannte Abl\u00e4ufe, professionelle Betreuung \u2013 und weiterhin unsere Empfehlungen, unsere Erfahrung und unsere Liebe zur Insel.<\/p>\n\n\n\n<div style=\"height:20px\" aria-hidden=\"true\" class=\"wp-block-spacer\"><\/div>\n\n\n\n<p>Den S\u00fcden Sardiniens rund um Costa Rei und Villasimius kennen wir wie unsere Westentasche: die Str\u00e4nde, die Orte, die kleinen Restaurants, B\u00e4ckereien und M\u00e4rkte \u2013 und die feinen Unterschiede, die einen Urlaub besonders machen. Dieses Wissen teilen wir auch weiterhin sehr gern mit Ihnen.<\/p>\n\n\n\n<div style=\"height:20px\" aria-hidden=\"true\" class=\"wp-block-spacer\"><\/div>\n\n\n\n<p><a href=\"mailto:office@tisenti.com\"><strong>Kontaktieren<\/strong><\/a> Sie uns gerne, um weitere Informationen zu erhalten.<\/p>\n\n\n\n<div style=\"height:20px\" aria-hidden=\"true\" class=\"wp-block-spacer\"><\/div>\n\n\n\n<p>Herzlichst<br>Thomas Waldschmidt<br>und das Tisenti Team<\/p>\n","protected":false},"excerpt":{"rendered":"<p>Liebe Kunden, liebe Sardinienfreunde, Sardinien ist die Insel, die wir lieben, gut kennen und mit der wir seit \u00fcber 30 Jahren eng verbunden sind.Ab der Saison 2026 beginnt f\u00fcr uns ein neues Kapitel. Die Tisenti GmbH hat ihre Gesch\u00e4ftst\u00e4tigkeit eingestellt und erbringt daher keine Dienstleistungen mehr. \u201eUnsere\u201c Vermieter haben ihre H\u00e4user in die Obhut professioneller<a class=\"excerpt-read-more\" href=\"https:\/\/www.tisenti.com\/de\/\" title=\"Read\">&#8230; Read more &raquo;<\/a><\/p>\n","protected":false},"author":1,"featured_media":0,"parent":0,"menu_order":0,"comment_status":"closed","ping_status":"closed","template":"","meta":{"footnotes":""},"categories":[],"tags":[],"class_list":["post-4823","page","type-page","status-publish","hentry"],"yoast_head":"<!-- This site is optimized with the Yoast SEO plugin v27.3 - https:\/\/yoast.com\/product\/yoast-seo-wordpress\/ -->\n<title>- Sardinien Ferienhaus - Costa Rei, Villasimius, Torre delle Stelle<\/title>\n<meta name=\"robots\" content=\"index, follow, max-snippet:-1, max-image-preview:large, max-video-preview:-1\" \/>\n<link rel=\"canonical\" href=\"https:\/\/www.tisenti.com\/de\/\" \/>\n<meta property=\"og:locale\" content=\"de_DE\" \/>\n<meta property=\"og:type\" content=\"article\" \/>\n<meta property=\"og:title\" content=\"- Sardinien Ferienhaus - Costa Rei, Villasimius, Torre delle Stelle\" \/>\n<meta property=\"og:description\" content=\"Liebe Kunden, liebe Sardinienfreunde, Sardinien ist die Insel, die wir lieben, gut kennen und mit der wir seit \u00fcber 30 Jahren eng verbunden sind.Ab der Saison 2026 beginnt f\u00fcr uns ein neues Kapitel. Die Tisenti GmbH hat ihre Gesch\u00e4ftst\u00e4tigkeit eingestellt und erbringt daher keine Dienstleistungen mehr. \u201eUnsere\u201c Vermieter haben ihre H\u00e4user in die Obhut professioneller... Read more &raquo;\" \/>\n<meta property=\"og:url\" content=\"https:\/\/www.tisenti.com\/de\/\" \/>\n<meta property=\"og:site_name\" content=\"Sardinien Ferienhaus - Costa Rei, Villasimius, Torre delle Stelle\" \/>\n<meta property=\"article:modified_time\" content=\"2026-01-01T12:20:20+00:00\" \/>\n<meta name=\"twitter:card\" content=\"summary_large_image\" \/>\n<meta name=\"twitter:label1\" content=\"Gesch\u00e4tzte Lesezeit\" \/>\n\t<meta name=\"twitter:data1\" content=\"2\u00a0Minuten\" \/>\n<!-- \/ Yoast SEO plugin. -->","yoast_head_json":{"title":"- Sardinien Ferienhaus - Costa Rei, Villasimius, Torre delle Stelle","robots":{"index":"index","follow":"follow","max-snippet":"max-snippet:-1","max-image-preview":"max-image-preview:large","max-video-preview":"max-video-preview:-1"},"canonical":"https:\/\/www.tisenti.com\/de\/","og_locale":"de_DE","og_type":"article","og_title":"- Sardinien Ferienhaus - Costa Rei, Villasimius, Torre delle Stelle","og_description":"Liebe Kunden, liebe Sardinienfreunde, Sardinien ist die Insel, die wir lieben, gut kennen und mit der wir seit \u00fcber 30 Jahren eng verbunden sind.Ab der Saison 2026 beginnt f\u00fcr uns ein neues Kapitel. Die Tisenti GmbH hat ihre Gesch\u00e4ftst\u00e4tigkeit eingestellt und erbringt daher keine Dienstleistungen mehr. \u201eUnsere\u201c Vermieter haben ihre H\u00e4user in die Obhut professioneller... Read more &raquo;","og_url":"https:\/\/www.tisenti.com\/de\/","og_site_name":"Sardinien Ferienhaus - Costa Rei, Villasimius, Torre delle Stelle","article_modified_time":"2026-01-01T12:20:20+00:00","twitter_card":"summary_large_image","twitter_misc":{"Gesch\u00e4tzte Lesezeit":"2\u00a0Minuten"},"schema":{"@context":"https:\/\/schema.org","@graph":[{"@type":"WebPage","@id":"https:\/\/www.tisenti.com\/de\/","url":"https:\/\/www.tisenti.com\/de\/","name":"- Sardinien Ferienhaus - Costa Rei, Villasimius, Torre delle Stelle","isPartOf":{"@id":"https:\/\/www.tisenti.com\/de\/#website"},"datePublished":"2026-01-01T12:18:08+00:00","dateModified":"2026-01-01T12:20:20+00:00","inLanguage":"de","potentialAction":[{"@type":"ReadAction","target":["https:\/\/www.tisenti.com\/de\/"]}]},{"@type":"WebSite","@id":"https:\/\/www.tisenti.com\/de\/#website","url":"https:\/\/www.tisenti.com\/de\/","name":"Sardinien Ferienhaus - Costa Rei, Villasimius, Torre delle Stelle","description":"Ob auf Sardinien Ferienhaus am Strand, luxuri\u00f6se Villa oder komfortable Ferienwohnung. Wir machen Ihren Sardinien-Traumurlaub wahr. Finden Sie jetzt Ihr Wunschobjekt.","publisher":{"@id":"https:\/\/www.tisenti.com\/de\/#organization"},"potentialAction":[{"@type":"SearchAction","target":{"@type":"EntryPoint","urlTemplate":"https:\/\/www.tisenti.com\/de\/?s={search_term_string}"},"query-input":{"@type":"PropertyValueSpecification","valueRequired":true,"valueName":"search_term_string"}}],"inLanguage":"de"},{"@type":"Organization","@id":"https:\/\/www.tisenti.com\/de\/#organization","name":"Sardinien Ferienhaus - Costa Rei, Villasimius, Torre delle Stelle","url":"https:\/\/www.tisenti.com\/de\/","logo":{"@type":"ImageObject","inLanguage":"de","@id":"https:\/\/www.tisenti.com\/de\/#\/schema\/logo\/image\/","url":"https:\/\/www.tisenti.com\/de\/wp-content\/uploads\/sites\/2\/2019\/10\/logo-tisenti.png","contentUrl":"https:\/\/www.tisenti.com\/de\/wp-content\/uploads\/sites\/2\/2019\/10\/logo-tisenti.png","width":192,"height":50,"caption":"Sardinien Ferienhaus - Costa Rei, Villasimius, Torre delle Stelle"},"image":{"@id":"https:\/\/www.tisenti.com\/de\/#\/schema\/logo\/image\/"}}]}},"_links":{"self":[{"href":"https:\/\/www.tisenti.com\/de\/wp-json\/wp\/v2\/pages\/4823","targetHints":{"allow":["GET"]}}],"collection":[{"href":"https:\/\/www.tisenti.com\/de\/wp-json\/wp\/v2\/pages"}],"about":[{"href":"https:\/\/www.tisenti.com\/de\/wp-json\/wp\/v2\/types\/page"}],"author":[{"embeddable":true,"href":"https:\/\/www.tisenti.com\/de\/wp-json\/wp\/v2\/users\/1"}],"replies":[{"embeddable":true,"href":"https:\/\/www.tisenti.com\/de\/wp-json\/wp\/v2\/comments?post=4823"}],"version-history":[{"count":3,"href":"https:\/\/www.tisenti.com\/de\/wp-json\/wp\/v2\/pages\/4823\/revisions"}],"predecessor-version":[{"id":4827,"href":"https:\/\/www.tisenti.com\/de\/wp-json\/wp\/v2\/pages\/4823\/revisions\/4827"}],"wp:attachment":[{"href":"https:\/\/www.tisenti.com\/de\/wp-json\/wp\/v2\/media?parent=4823"}],"wp:term":[{"taxonomy":"category","embeddable":true,"href":"https:\/\/www.tisenti.com\/de\/wp-json\/wp\/v2\/categories?post=4823"},{"taxonomy":"post_tag","embeddable":true,"href":"https:\/\/www.tisenti.com\/de\/wp-json\/wp\/v2\/tags?post=4823"}],"curies":[{"name":"wp","href":"https:\/\/api.w.org\/{rel}","templated":true}]}}