{"id":4712,"date":"2023-06-18T23:19:48","date_gmt":"2023-06-18T21:19:48","guid":{"rendered":"https:\/\/www.tisenti.com\/de\/?page_id=4712"},"modified":"2023-06-27T20:30:41","modified_gmt":"2023-06-27T18:30:41","slug":"last-minute-ferienhaeuser","status":"publish","type":"page","link":"https:\/\/www.tisenti.com\/de\/sardinien-ferienhaeuser\/last-minute-ferienhaeuser","title":{"rendered":"Last-Minute Ferienh\u00e4user"},"content":{"rendered":"\n<p>Kurzentschlossen ans Meer nach Sardinien?! Hier finden Sie unsere Last-Minute Angebote, bei denen Sie bis zu 20% sparen k\u00f6nnen. Die Angebote gelten <strong>ab sechs Wochen vor Ihrem geplanten Anreisetermin<\/strong>. <br>W\u00e4hlen Sie im Kalender einfach Ihr Reisedatum und erhalten Sie die Liste aller noch verf\u00fcgbaren Ferienh\u00e4user und Villen, die noch frei sind &#8211; samt Preisangabe und bereits abgezogenem Last-Minute Rabatt. <br>So spart Ihre Spontanit\u00e4t bares Geld und Sie genie\u00dfen den Sommer auf der Insel mit einem extra L\u00e4cheln im Gesicht!<br><\/p>\n\n\n","protected":false},"excerpt":{"rendered":"<p>Kurzentschlossen ans Meer nach Sardinien?! Hier finden Sie unsere Last-Minute Angebote, bei denen Sie bis zu 20% sparen k\u00f6nnen. Die Angebote gelten ab sechs Wochen vor Ihrem geplanten Anreisetermin. W\u00e4hlen Sie im Kalender einfach Ihr Reisedatum und erhalten Sie die Liste aller noch verf\u00fcgbaren Ferienh\u00e4user und Villen, die noch frei sind &#8211; samt Preisangabe und<a class=\"excerpt-read-more\" href=\"https:\/\/www.tisenti.com\/de\/sardinien-ferienhaeuser\/last-minute-ferienhaeuser\" title=\"ReadLast-Minute Ferienh\u00e4user\">&#8230; Read more &raquo;<\/a><\/p>\n","protected":false},"author":1,"featured_media":0,"parent":40,"menu_order":0,"comment_status":"closed","ping_status":"closed","template":"","meta":{"footnotes":""},"categories":[],"tags":[],"class_list":["post-4712","page","type-page","status-publish","hentry"],"yoast_head":"<!-- This site is optimized with the Yoast SEO plugin v27.3 - https:\/\/yoast.com\/product\/yoast-seo-wordpress\/ -->\n<title>Last-Minute Ferienh\u00e4user - Sardinien Ferienhaus - Costa Rei, Villasimius, Torre delle Stelle<\/title>\n<meta name=\"robots\" content=\"index, follow, max-snippet:-1, max-image-preview:large, max-video-preview:-1\" \/>\n<link rel=\"canonical\" href=\"https:\/\/www.tisenti.com\/de\/sardinien-ferienhaeuser\/last-minute-ferienhaeuser\" \/>\n<meta property=\"og:locale\" content=\"de_DE\" \/>\n<meta property=\"og:type\" content=\"article\" \/>\n<meta property=\"og:title\" content=\"Last-Minute Ferienh\u00e4user - Sardinien Ferienhaus - Costa Rei, Villasimius, Torre delle Stelle\" \/>\n<meta property=\"og:description\" content=\"Kurzentschlossen ans Meer nach Sardinien?! Hier finden Sie unsere Last-Minute Angebote, bei denen Sie bis zu 20% sparen k\u00f6nnen. Die Angebote gelten ab sechs Wochen vor Ihrem geplanten Anreisetermin. W\u00e4hlen Sie im Kalender einfach Ihr Reisedatum und erhalten Sie die Liste aller noch verf\u00fcgbaren Ferienh\u00e4user und Villen, die noch frei sind &#8211; samt Preisangabe und... Read more &raquo;\" \/>\n<meta property=\"og:url\" content=\"https:\/\/www.tisenti.com\/de\/sardinien-ferienhaeuser\/last-minute-ferienhaeuser\" \/>\n<meta property=\"og:site_name\" content=\"Sardinien Ferienhaus - Costa Rei, Villasimius, Torre delle Stelle\" \/>\n<meta property=\"article:modified_time\" content=\"2023-06-27T18:30:41+00:00\" \/>\n<meta name=\"twitter:card\" content=\"summary_large_image\" \/>\n<meta name=\"twitter:label1\" content=\"Gesch\u00e4tzte Lesezeit\" \/>\n\t<meta name=\"twitter:data1\" content=\"1\u00a0Minute\" \/>\n<!-- \/ Yoast SEO plugin. -->","yoast_head_json":{"title":"Last-Minute Ferienh\u00e4user - Sardinien Ferienhaus - Costa Rei, Villasimius, Torre delle Stelle","robots":{"index":"index","follow":"follow","max-snippet":"max-snippet:-1","max-image-preview":"max-image-preview:large","max-video-preview":"max-video-preview:-1"},"canonical":"https:\/\/www.tisenti.com\/de\/sardinien-ferienhaeuser\/last-minute-ferienhaeuser","og_locale":"de_DE","og_type":"article","og_title":"Last-Minute Ferienh\u00e4user - Sardinien Ferienhaus - Costa Rei, Villasimius, Torre delle Stelle","og_description":"Kurzentschlossen ans Meer nach Sardinien?! Hier finden Sie unsere Last-Minute Angebote, bei denen Sie bis zu 20% sparen k\u00f6nnen. Die Angebote gelten ab sechs Wochen vor Ihrem geplanten Anreisetermin. W\u00e4hlen Sie im Kalender einfach Ihr Reisedatum und erhalten Sie die Liste aller noch verf\u00fcgbaren Ferienh\u00e4user und Villen, die noch frei sind &#8211; samt Preisangabe und... Read more &raquo;","og_url":"https:\/\/www.tisenti.com\/de\/sardinien-ferienhaeuser\/last-minute-ferienhaeuser","og_site_name":"Sardinien Ferienhaus - Costa Rei, Villasimius, Torre delle Stelle","article_modified_time":"2023-06-27T18:30:41+00:00","twitter_card":"summary_large_image","twitter_misc":{"Gesch\u00e4tzte Lesezeit":"1\u00a0Minute"},"schema":{"@context":"https:\/\/schema.org","@graph":[{"@type":"WebPage","@id":"https:\/\/www.tisenti.com\/de\/sardinien-ferienhaeuser\/last-minute-ferienhaeuser","url":"https:\/\/www.tisenti.com\/de\/sardinien-ferienhaeuser\/last-minute-ferienhaeuser","name":"Last-Minute Ferienh\u00e4user - Sardinien Ferienhaus - Costa Rei, Villasimius, Torre delle Stelle","isPartOf":{"@id":"https:\/\/www.tisenti.com\/de\/#website"},"datePublished":"2023-06-18T21:19:48+00:00","dateModified":"2023-06-27T18:30:41+00:00","breadcrumb":{"@id":"https:\/\/www.tisenti.com\/de\/sardinien-ferienhaeuser\/last-minute-ferienhaeuser#breadcrumb"},"inLanguage":"de","potentialAction":[{"@type":"ReadAction","target":["https:\/\/www.tisenti.com\/de\/sardinien-ferienhaeuser\/last-minute-ferienhaeuser"]}]},{"@type":"BreadcrumbList","@id":"https:\/\/www.tisenti.com\/de\/sardinien-ferienhaeuser\/last-minute-ferienhaeuser#breadcrumb","itemListElement":[{"@type":"ListItem","position":1,"name":"Startseite","item":"https:\/\/www.tisenti.com\/de\/"},{"@type":"ListItem","position":2,"name":"Sie m\u00f6chten eine Ferienwohnung oder ein Ferienhaus auf Sardinien mieten?","item":"https:\/\/www.tisenti.com\/de\/sardinien-ferienhaeuser"},{"@type":"ListItem","position":3,"name":"Last-Minute Ferienh\u00e4user"}]},{"@type":"WebSite","@id":"https:\/\/www.tisenti.com\/de\/#website","url":"https:\/\/www.tisenti.com\/de\/","name":"Sardinien Ferienhaus - Costa Rei, Villasimius, Torre delle Stelle","description":"Ob auf Sardinien Ferienhaus am Strand, luxuri\u00f6se Villa oder komfortable Ferienwohnung. Wir machen Ihren Sardinien-Traumurlaub wahr. Finden Sie jetzt Ihr Wunschobjekt.","publisher":{"@id":"https:\/\/www.tisenti.com\/de\/#organization"},"potentialAction":[{"@type":"SearchAction","target":{"@type":"EntryPoint","urlTemplate":"https:\/\/www.tisenti.com\/de\/?s={search_term_string}"},"query-input":{"@type":"PropertyValueSpecification","valueRequired":true,"valueName":"search_term_string"}}],"inLanguage":"de"},{"@type":"Organization","@id":"https:\/\/www.tisenti.com\/de\/#organization","name":"Sardinien Ferienhaus - Costa Rei, Villasimius, Torre delle Stelle","url":"https:\/\/www.tisenti.com\/de\/","logo":{"@type":"ImageObject","inLanguage":"de","@id":"https:\/\/www.tisenti.com\/de\/#\/schema\/logo\/image\/","url":"https:\/\/www.tisenti.com\/de\/wp-content\/uploads\/sites\/2\/2019\/10\/logo-tisenti.png","contentUrl":"https:\/\/www.tisenti.com\/de\/wp-content\/uploads\/sites\/2\/2019\/10\/logo-tisenti.png","width":192,"height":50,"caption":"Sardinien Ferienhaus - Costa Rei, Villasimius, Torre delle Stelle"},"image":{"@id":"https:\/\/www.tisenti.com\/de\/#\/schema\/logo\/image\/"}}]}},"_links":{"self":[{"href":"https:\/\/www.tisenti.com\/de\/wp-json\/wp\/v2\/pages\/4712","targetHints":{"allow":["GET"]}}],"collection":[{"href":"https:\/\/www.tisenti.com\/de\/wp-json\/wp\/v2\/pages"}],"about":[{"href":"https:\/\/www.tisenti.com\/de\/wp-json\/wp\/v2\/types\/page"}],"author":[{"embeddable":true,"href":"https:\/\/www.tisenti.com\/de\/wp-json\/wp\/v2\/users\/1"}],"replies":[{"embeddable":true,"href":"https:\/\/www.tisenti.com\/de\/wp-json\/wp\/v2\/comments?post=4712"}],"version-history":[{"count":16,"href":"https:\/\/www.tisenti.com\/de\/wp-json\/wp\/v2\/pages\/4712\/revisions"}],"predecessor-version":[{"id":4758,"href":"https:\/\/www.tisenti.com\/de\/wp-json\/wp\/v2\/pages\/4712\/revisions\/4758"}],"up":[{"embeddable":true,"href":"https:\/\/www.tisenti.com\/de\/wp-json\/wp\/v2\/pages\/40"}],"wp:attachment":[{"href":"https:\/\/www.tisenti.com\/de\/wp-json\/wp\/v2\/media?parent=4712"}],"wp:term":[{"taxonomy":"category","embeddable":true,"href":"https:\/\/www.tisenti.com\/de\/wp-json\/wp\/v2\/categories?post=4712"},{"taxonomy":"post_tag","embeddable":true,"href":"https:\/\/www.tisenti.com\/de\/wp-json\/wp\/v2\/tags?post=4712"}],"curies":[{"name":"wp","href":"https:\/\/api.w.org\/{rel}","templated":true}]}}