{"id":437,"date":"2018-12-21T16:42:55","date_gmt":"2018-12-21T15:42:55","guid":{"rendered":"http:\/\/tisenti-2018.nakami.de\/?page_id=437"},"modified":"2025-10-25T08:29:52","modified_gmt":"2025-10-25T06:29:52","slug":"buchen","status":"publish","type":"page","link":"https:\/\/www.tisenti.com\/de\/buchen","title":{"rendered":"Onlinebuchung Ferienhaus"},"content":{"rendered":"\n<h2 class=\"wp-block-heading has-normal-font-size hl-like-p no-margin-bottom\">Buchen Sie Ihr Ferienhaus bequem online.<\/h2>\n\n\n\n<div class=\"wp-block-grid-blocks-grid-block-column cell panel small-12 medium-12 large-12 null child-fullheight grid-padding-y\">\n<ol class=\"wp-block-list\">\n<li>Sie haben &#8220;Ihr&#8221; Ferienhaus gefunden und m\u00f6chten es verbindlich  online anmieten? Dann f\u00fcllen Sie das unten angef\u00fchrte  Online-Anmeldeformular aus und gehen auf &#8220;Abschicken&#8221;.<\/li>\n\n\n\n<li>Die im Verf\u00fcgbarkeitskalender ausgewiesenen freien Zeitr\u00e4ume werden st\u00e4ndig aktualisiert. Dennoch ist die Verf\u00fcgbarkeitsauskunft  unverbindlich. Erst durch Best\u00e4tigung wird Ihre Buchung g\u00fcltig.<\/li>\n\n\n\n<li>Ihr Buchungswunsch wird gepr\u00fcft und es werden Ihnen innerhalb von 24 Stunden die entsprechenden Unterlagen an Ihre Mailadresse zugesandt. Sollte Ihrem Buchungswunsch nicht entsprochen werden k\u00f6nnen, setzen wir uns mit Ihnen in Verbindung.<\/li>\n\n\n\n<li>Nach Erhalt der Unterlagen, folgen Sie den Informationen in der Best\u00e4tigungsmail.<\/li>\n\n\n\n<li>Mit den dort enthaltenen Login-Daten k\u00f6nnen Sie sich jederzeit in Ihren pers\u00f6nlichen Buchungsbereich \u00fcber unsere Website <a rel=\"noreferrer noopener\" href=\"http:\/\/www.tisenti.com\/de\/login\" target=\"_blank\">www.tisenti.com<\/a> einloggen und dort aktuelle Informationen (Kontostand, Buchungsdaten, Anreiseinformationen, usw.) zu Ihrer Buchung einsehen.<\/li>\n<\/ol>\n<\/div>\n\n\n","protected":false},"excerpt":{"rendered":"<p>Buchen Sie Ihr Ferienhaus bequem online.<\/p>\n","protected":false},"author":3,"featured_media":0,"parent":0,"menu_order":0,"comment_status":"closed","ping_status":"closed","template":"","meta":{"footnotes":""},"categories":[],"tags":[],"class_list":["post-437","page","type-page","status-publish","hentry"],"yoast_head":"<!-- This site is optimized with the Yoast SEO plugin v27.5 - https:\/\/yoast.com\/product\/yoast-seo-wordpress\/ -->\n<title>Ihr Haus auf Sardinien buchen - online und unkompliziert<\/title>\n<meta name=\"description\" content=\"Nutzen Sie unser Online-Buchungsformular, um Ihr Wunschhaus auf Sardinien anzumieten. Innerhalb von 24 Stunden erhalten Sie alle Unterlagen.\" \/>\n<meta name=\"robots\" content=\"index, follow, max-snippet:-1, max-image-preview:large, max-video-preview:-1\" \/>\n<link rel=\"canonical\" href=\"https:\/\/www.tisenti.com\/de\/buchen\" \/>\n<meta property=\"og:locale\" content=\"de_DE\" \/>\n<meta property=\"og:type\" content=\"article\" \/>\n<meta property=\"og:title\" content=\"Ihr Haus auf Sardinien buchen - online und unkompliziert\" \/>\n<meta property=\"og:description\" content=\"Nutzen Sie unser Online-Buchungsformular, um Ihr Wunschhaus auf Sardinien anzumieten. Innerhalb von 24 Stunden erhalten Sie alle Unterlagen.\" \/>\n<meta property=\"og:url\" content=\"https:\/\/www.tisenti.com\/de\/buchen\" \/>\n<meta property=\"og:site_name\" content=\"Sardinien Ferienhaus - Costa Rei, Villasimius, Torre delle Stelle\" \/>\n<meta property=\"article:modified_time\" content=\"2025-10-25T06:29:52+00:00\" \/>\n<meta name=\"twitter:card\" content=\"summary_large_image\" \/>\n<meta name=\"twitter:label1\" content=\"Gesch\u00e4tzte Lesezeit\" \/>\n\t<meta name=\"twitter:data1\" content=\"1\u00a0Minute\" \/>\n<!-- \/ Yoast SEO plugin. -->","yoast_head_json":{"title":"Ihr Haus auf Sardinien buchen - online und unkompliziert","description":"Nutzen Sie unser Online-Buchungsformular, um Ihr Wunschhaus auf Sardinien anzumieten. Innerhalb von 24 Stunden erhalten Sie alle Unterlagen.","robots":{"index":"index","follow":"follow","max-snippet":"max-snippet:-1","max-image-preview":"max-image-preview:large","max-video-preview":"max-video-preview:-1"},"canonical":"https:\/\/www.tisenti.com\/de\/buchen","og_locale":"de_DE","og_type":"article","og_title":"Ihr Haus auf Sardinien buchen - online und unkompliziert","og_description":"Nutzen Sie unser Online-Buchungsformular, um Ihr Wunschhaus auf Sardinien anzumieten. Innerhalb von 24 Stunden erhalten Sie alle Unterlagen.","og_url":"https:\/\/www.tisenti.com\/de\/buchen","og_site_name":"Sardinien Ferienhaus - Costa Rei, Villasimius, Torre delle Stelle","article_modified_time":"2025-10-25T06:29:52+00:00","twitter_card":"summary_large_image","twitter_misc":{"Gesch\u00e4tzte Lesezeit":"1\u00a0Minute"},"schema":{"@context":"https:\/\/schema.org","@graph":[{"@type":"WebPage","@id":"https:\/\/www.tisenti.com\/de\/buchen","url":"https:\/\/www.tisenti.com\/de\/buchen","name":"Ihr Haus auf Sardinien buchen - online und unkompliziert","isPartOf":{"@id":"https:\/\/www.tisenti.com\/de\/#website"},"datePublished":"2018-12-21T15:42:55+00:00","dateModified":"2025-10-25T06:29:52+00:00","description":"Nutzen Sie unser Online-Buchungsformular, um Ihr Wunschhaus auf Sardinien anzumieten. Innerhalb von 24 Stunden erhalten Sie alle Unterlagen.","breadcrumb":{"@id":"https:\/\/www.tisenti.com\/de\/buchen#breadcrumb"},"inLanguage":"de","potentialAction":[{"@type":"ReadAction","target":["https:\/\/www.tisenti.com\/de\/buchen"]}]},{"@type":"BreadcrumbList","@id":"https:\/\/www.tisenti.com\/de\/buchen#breadcrumb","itemListElement":[{"@type":"ListItem","position":1,"name":"Startseite","item":"https:\/\/www.tisenti.com\/de\/"},{"@type":"ListItem","position":2,"name":"Onlinebuchung Ferienhaus"}]},{"@type":"WebSite","@id":"https:\/\/www.tisenti.com\/de\/#website","url":"https:\/\/www.tisenti.com\/de\/","name":"Sardinien Ferienhaus - Costa Rei, Villasimius, Torre delle Stelle","description":"Ob auf Sardinien Ferienhaus am Strand, luxuri\u00f6se Villa oder komfortable Ferienwohnung. Wir machen Ihren Sardinien-Traumurlaub wahr. Finden Sie jetzt Ihr Wunschobjekt.","publisher":{"@id":"https:\/\/www.tisenti.com\/de\/#organization"},"potentialAction":[{"@type":"SearchAction","target":{"@type":"EntryPoint","urlTemplate":"https:\/\/www.tisenti.com\/de\/?s={search_term_string}"},"query-input":{"@type":"PropertyValueSpecification","valueRequired":true,"valueName":"search_term_string"}}],"inLanguage":"de"},{"@type":"Organization","@id":"https:\/\/www.tisenti.com\/de\/#organization","name":"Sardinien Ferienhaus - Costa Rei, Villasimius, Torre delle Stelle","url":"https:\/\/www.tisenti.com\/de\/","logo":{"@type":"ImageObject","inLanguage":"de","@id":"https:\/\/www.tisenti.com\/de\/#\/schema\/logo\/image\/","url":"https:\/\/www.tisenti.com\/de\/wp-content\/uploads\/sites\/2\/2019\/10\/logo-tisenti.png","contentUrl":"https:\/\/www.tisenti.com\/de\/wp-content\/uploads\/sites\/2\/2019\/10\/logo-tisenti.png","width":192,"height":50,"caption":"Sardinien Ferienhaus - Costa Rei, Villasimius, Torre delle Stelle"},"image":{"@id":"https:\/\/www.tisenti.com\/de\/#\/schema\/logo\/image\/"}}]}},"_links":{"self":[{"href":"https:\/\/www.tisenti.com\/de\/wp-json\/wp\/v2\/pages\/437","targetHints":{"allow":["GET"]}}],"collection":[{"href":"https:\/\/www.tisenti.com\/de\/wp-json\/wp\/v2\/pages"}],"about":[{"href":"https:\/\/www.tisenti.com\/de\/wp-json\/wp\/v2\/types\/page"}],"author":[{"embeddable":true,"href":"https:\/\/www.tisenti.com\/de\/wp-json\/wp\/v2\/users\/3"}],"replies":[{"embeddable":true,"href":"https:\/\/www.tisenti.com\/de\/wp-json\/wp\/v2\/comments?post=437"}],"version-history":[{"count":6,"href":"https:\/\/www.tisenti.com\/de\/wp-json\/wp\/v2\/pages\/437\/revisions"}],"predecessor-version":[{"id":4811,"href":"https:\/\/www.tisenti.com\/de\/wp-json\/wp\/v2\/pages\/437\/revisions\/4811"}],"wp:attachment":[{"href":"https:\/\/www.tisenti.com\/de\/wp-json\/wp\/v2\/media?parent=437"}],"wp:term":[{"taxonomy":"category","embeddable":true,"href":"https:\/\/www.tisenti.com\/de\/wp-json\/wp\/v2\/categories?post=437"},{"taxonomy":"post_tag","embeddable":true,"href":"https:\/\/www.tisenti.com\/de\/wp-json\/wp\/v2\/tags?post=437"}],"curies":[{"name":"wp","href":"https:\/\/api.w.org\/{rel}","templated":true}]}}