{"id":426,"date":"2018-12-21T16:39:10","date_gmt":"2018-12-21T15:39:10","guid":{"rendered":"http:\/\/tisenti-2018.nakami.de\/?page_id=426"},"modified":"2021-05-12T11:46:31","modified_gmt":"2021-05-12T09:46:31","slug":"torre-delle-stelle","status":"publish","type":"page","link":"https:\/\/www.tisenti.com\/de\/urlaubsorte\/torre-delle-stelle","title":{"rendered":"Torre delle Stelle"},"content":{"rendered":"\n<div class=\"wp-block-grid-blocks-grid-block-container grid-x grid-margin-x grid-margin-y content-grid\">\n<div class=\"wp-block-grid-blocks-grid-block-column cell panel small-12 medium-12 large-12 null grid-padding-y\">\n<p class=\"has-medium-font-size\">Sardinien hat im deutschsprachigen Ausland den Ruf ein besonders exklusives Urlaubsziel zu sein. Hier eines der vornehmen Ferienh\u00e4user zu mieten sei unerschwinglich. So glaubt man aber nur!<br>Ein wunderbares Gegenbeispiel daf\u00fcr, dass ein Ferienhausurlaub in Sardinien mit dem eigenen Portemonnaie durchaus freundschaftlich umgehen kann, bieten die von uns ausgesuchten Villen und Ferienh\u00e4user im s\u00fcdsardischen Ort Torre delle Stelle.<\/p>\n<\/div>\n\n\n\n<div class=\"wp-block-grid-blocks-grid-block-column cell panel small-12 medium-6 large-6 null grid-padding-y\">\n<figure class=\"wp-block-gallery columns-2 is-cropped wp-block-gallery-1 is-layout-flex wp-block-gallery-is-layout-flex\"><ul class=\"blocks-gallery-grid\"><li class=\"blocks-gallery-item\"><figure><img loading=\"lazy\" decoding=\"async\" width=\"300\" height=\"600\" src=\"https:\/\/www.tisenti.com\/de\/wp-content\/uploads\/sites\/2\/2019\/08\/torre.png\" alt=\"\" data-id=\"2801\" data-link=\"https:\/\/www.tisenti.com\/de\/torre\/\" class=\"wp-image-2801\" srcset=\"https:\/\/www.tisenti.com\/de\/wp-content\/uploads\/sites\/2\/2019\/08\/torre.png 300w, https:\/\/www.tisenti.com\/de\/wp-content\/uploads\/sites\/2\/2019\/08\/torre-150x300.png 150w\" sizes=\"auto, (max-width: 300px) 100vw, 300px\" \/><\/figure><\/li><li class=\"blocks-gallery-item\"><figure><img loading=\"lazy\" decoding=\"async\" width=\"300\" height=\"600\" src=\"https:\/\/www.tisenti.com\/de\/wp-content\/uploads\/sites\/2\/2019\/01\/torre-hk.ll_-1.jpg\" alt=\"\" data-id=\"886\" data-link=\"https:\/\/www.tisenti.com\/de\/torre-hk-ll\/\" class=\"wp-image-886\" srcset=\"https:\/\/www.tisenti.com\/de\/wp-content\/uploads\/sites\/2\/2019\/01\/torre-hk.ll_-1.jpg 300w, https:\/\/www.tisenti.com\/de\/wp-content\/uploads\/sites\/2\/2019\/01\/torre-hk.ll_-1-150x300.jpg 150w\" sizes=\"auto, (max-width: 300px) 100vw, 300px\" \/><\/figure><\/li><\/ul><\/figure>\n\n\n\n<h3 class=\"tisenti-header-font tisenti-title wp-block-heading\">Romantik pur rund um den Leuchtturm<\/h3>\n\n\n\n<div class=\"wp-block-grid-blocks-grid-block-column cell panel small-12 medium-12 large-12 null grid-padding-y\">\n<p>Der Gedanke den alten Leuchtturm, um den herum dieser charmante Ort gebaut wurde, &#8220;Sternenturm&#8221; zu taufen, entsprang wohl dem Empfinden, an diesem Platz den Himmelsk\u00f6rpern etwas n\u00e4her zu sein als anderswo. Und tats\u00e4chlich geben die beiden, \u00fcber dem Meer thronenden Anh\u00f6hen, des N\u00e4chtens den meist ungetr\u00fcbten Blick auf die Milchstra\u00dfe frei.<br>Doch nicht nur zu nachtschlafender Zeit verspr\u00fcht Torre delle Stelle eine romantisch-liebliche Atmosph\u00e4re. In Blickn\u00e4he zur Inselhauptstadt Cagliari erlebt man Tag f\u00fcr Tag wie erholsam die hier anzutreffende Kombination aus Weitblick und Meeresrauschen ist. Wer Ruhe und einen Urlaub &#8220;all&#8217;italiana&#8221; sucht, der ist in Torre delle Stelle genau richtig.<\/p>\n<\/div>\n\n\n\n<div style=\"height:20px\" aria-hidden=\"true\" class=\"wp-block-spacer\"><\/div>\n\n\n\n<figure class=\"wp-block-gallery columns-1 wp-block-gallery-2 is-layout-flex wp-block-gallery-is-layout-flex\"><ul class=\"blocks-gallery-grid\"><li class=\"blocks-gallery-item\"><figure><img loading=\"lazy\" decoding=\"async\" width=\"600\" height=\"250\" src=\"https:\/\/www.tisenti.com\/de\/wp-content\/uploads\/sites\/2\/2019\/01\/dji_0065.ll_-1.png\" alt=\"\" data-id=\"875\" data-full-url=\"https:\/\/www.tisenti.com\/de\/wp-content\/uploads\/sites\/2\/2019\/01\/dji_0065.ll_-1.png\" data-link=\"https:\/\/www.tisenti.com\/de\/dji_0065-ll\" class=\"wp-image-875\" srcset=\"https:\/\/www.tisenti.com\/de\/wp-content\/uploads\/sites\/2\/2019\/01\/dji_0065.ll_-1.png 600w, https:\/\/www.tisenti.com\/de\/wp-content\/uploads\/sites\/2\/2019\/01\/dji_0065.ll_-1-300x125.png 300w\" sizes=\"auto, (max-width: 600px) 100vw, 600px\" \/><\/figure><\/li><li class=\"blocks-gallery-item\"><figure><img loading=\"lazy\" decoding=\"async\" width=\"1024\" height=\"299\" src=\"https:\/\/www.tisenti.com\/de\/wp-content\/uploads\/sites\/2\/2019\/09\/209-ines_1200x350-l-1024x299.jpg\" alt=\"\" data-id=\"3691\" data-full-url=\"https:\/\/www.tisenti.com\/de\/wp-content\/uploads\/sites\/2\/2019\/09\/209-ines_1200x350-l.jpg\" data-link=\"https:\/\/www.tisenti.com\/de\/209-ines_1200x350-l\" class=\"wp-image-3691\" srcset=\"https:\/\/www.tisenti.com\/de\/wp-content\/uploads\/sites\/2\/2019\/09\/209-ines_1200x350-l-1024x299.jpg 1024w, https:\/\/www.tisenti.com\/de\/wp-content\/uploads\/sites\/2\/2019\/09\/209-ines_1200x350-l-300x88.jpg 300w, https:\/\/www.tisenti.com\/de\/wp-content\/uploads\/sites\/2\/2019\/09\/209-ines_1200x350-l-768x224.jpg 768w, https:\/\/www.tisenti.com\/de\/wp-content\/uploads\/sites\/2\/2019\/09\/209-ines_1200x350-l.jpg 1200w\" sizes=\"auto, (max-width: 1024px) 100vw, 1024px\" \/><\/figure><\/li><\/ul><\/figure>\n<\/div>\n\n\n\n<div class=\"wp-block-grid-blocks-grid-block-column cell panel small-12 medium-6 large-6 null grid-padding-y\">\n<h3 class=\"tisenti-header-font tisenti-title wp-block-heading\">Mond\u00e4ner Charme trifft Meerblick<\/h3>\n\n\n\n<p>Auch so manch irdisches Sternchen hat sich im S\u00fcden von Sardinien  sein Refugium gebaut und richtet tags sein Auge in die glasklaren  Fluten, deren Aktivit\u00e4ten ob der leichten Hanglage und der auch hier  hervorragenden Wasserqualit\u00e4t f\u00fcr den Betrachter leicht zu  &#8220;durchschauen&#8221; sind. <br>Der Hunger auf Sandiges wird durch zwei angrenzende feink\u00f6rnige Buchten gespeist, an denen Schwimmer und Wassersportler auf ihre Kosten kommen. Die angegliederte Tauchschule nimmt ihren Platz in der auch ansonst intakten Infrastruktur des Ortes ein. Supermarkt, Restaurant und  Fu\u00dfballplatz tragen zur erleichterten Urlaubsgestaltung bei.<br><\/p>\n\n\n\n<div style=\"height:14px\" aria-hidden=\"true\" class=\"wp-block-spacer\"><\/div>\n\n\n\n<figure class=\"wp-block-embed is-type-video is-provider-vimeo wp-block-embed-vimeo wp-embed-aspect-16-9 wp-has-aspect-ratio\"><div class=\"wp-block-embed__wrapper\">\n<iframe loading=\"lazy\" title=\"Tisenti Ferienh&amp;auml;user: Geremeas und Torre delle Stelle\" src=\"https:\/\/player.vimeo.com\/video\/546817840?dnt=1&amp;app_id=122963\" width=\"1200\" height=\"675\" frameborder=\"0\" allow=\"autoplay; fullscreen; picture-in-picture\" allowfullscreen><\/iframe>\n<\/div><\/figure>\n\n\n\n<div style=\"height:20px\" aria-hidden=\"true\" class=\"wp-block-spacer\"><\/div>\n\n\n\n<h3 class=\"tisenti-header-font tisenti-title wp-block-heading\">Eine Villa am Meer&#8230; <\/h3>\n\n\n\n<p>Torre delle Stelle wurde in den 60-er-Jahren entdeckt. Ziel war es einen Ferienort mit viel Privatsph\u00e4re und Flair zu errichten. Folglich zog es die wohlhabenderen Familien Cagliaris und des italienischen Festlandes auf die zwei H\u00fcgel unter dem Leuchtturm um repr\u00e4sentative Familiensitze am Meer zu begr\u00fcnden.<br>Weitl\u00e4ufige Grundst\u00fccke mit gro\u00dfz\u00fcgig ausgestalteten Villen bestimmen seitdem das Bild des Urlaubsortes und bilden ein wundersch\u00f6nes Refugium f\u00fcr alle Romantiker, Meergucker und Liebhaber des &#8220;alten&#8221; Fellini-Italiens.<\/p>\n\n\n\n<div style=\"height:20px\" aria-hidden=\"true\" class=\"wp-block-spacer\"><\/div>\n\n\n\n<figure class=\"wp-block-gallery columns-1 is-cropped wp-block-gallery-3 is-layout-flex wp-block-gallery-is-layout-flex\"><ul class=\"blocks-gallery-grid\"><li class=\"blocks-gallery-item\"><figure><img loading=\"lazy\" decoding=\"async\" width=\"600\" height=\"300\" src=\"\/wp-content\/uploads\/sites\/2\/2019\/01\/schwimmerpaar-1.jpg\" alt=\"\" data-id=\"842\" class=\"wp-image-842\" srcset=\"https:\/\/www.tisenti.com\/de\/wp-content\/uploads\/sites\/2\/2019\/01\/schwimmerpaar-1.jpg 600w, https:\/\/www.tisenti.com\/de\/wp-content\/uploads\/sites\/2\/2019\/01\/schwimmerpaar-1-300x150.jpg 300w\" sizes=\"auto, (max-width: 600px) 100vw, 600px\" \/><\/figure><\/li><li class=\"blocks-gallery-item\"><figure><img loading=\"lazy\" decoding=\"async\" width=\"600\" height=\"224\" src=\"\/wp-content\/uploads\/sites\/2\/2019\/01\/h205b-0001-1.png\" alt=\"\" data-id=\"843\" class=\"wp-image-843\" srcset=\"https:\/\/www.tisenti.com\/de\/wp-content\/uploads\/sites\/2\/2019\/01\/h205b-0001-1.png 600w, https:\/\/www.tisenti.com\/de\/wp-content\/uploads\/sites\/2\/2019\/01\/h205b-0001-1-300x112.png 300w\" sizes=\"auto, (max-width: 600px) 100vw, 600px\" \/><\/figure><\/li><\/ul><\/figure>\n<\/div>\n\n\n\n<div class=\"wp-block-grid-blocks-grid-block-column cell panel small-12 medium-12 large-12 null grid-padding-y\">\n<div style=\"height:42px\" aria-hidden=\"true\" class=\"wp-block-spacer\"><\/div>\n\n\n\n<h2 class=\"wp-block-heading\">Torre delle Stelle, unsere Tipps <\/h2>\n<\/div>\n\n\n\n<div class=\"wp-block-grid-blocks-grid-block-column cell panel small-12 medium-6 large-3 null grid-padding-y\">\n<h3 class=\"tisenti-header-font tisenti-title wp-block-heading\">Essen mit Meerblick<\/h3>\n\n\n\n<p class=\"tipps-bg-eat has-line-height-one extra-padding\"><strong>Agriturismo Sa Guardia<br><\/strong><br>Auf einer Anh\u00f6he \u00fcber Torre delle Stelle liegt dieser Bauernhof, der seinen Besuchern hausgemachte Spezialit\u00e4ten in Form eines mehrg\u00e4ngigen Men\u00fcs anbietet. Tolles Panorama, tolles Essen! Infos<strong> <a href=\"http:\/\/www.agriturismosaguardia.it\" target=\"_blank\" rel=\"noreferrer noopener\" aria-label=\" (\u00f6ffnet in neuem Tab)\">hier.<\/a><\/strong><\/p>\n<\/div>\n\n\n\n<div class=\"wp-block-grid-blocks-grid-block-column cell panel small-12 medium-6 large-3 null grid-padding-y\">\n<h3 class=\"tisenti-header-font tisenti-title wp-block-heading\">Tauchschule<\/h3>\n\n\n\n<p class=\"tipps-bg-sport has-line-height-one extra-padding\"><strong>Manni&#8217;s Tauchschule<br><br><\/strong>Ein Klassiker unter den Tauschulen in S\u00fcdsardinien. Manni lebt seit einigen Jahrzehnten auf Sardinien und beherrscht sein Handwerk. Infos auf seiner <strong><a href=\"https:\/\/www.manni-diving.net\/\" target=\"_blank\" rel=\"noreferrer noopener\" aria-label=\" (\u00f6ffnet in neuem Tab)\">Webseite.<\/a><\/strong><\/p>\n<\/div>\n\n\n\n<div class=\"wp-block-grid-blocks-grid-block-column cell panel small-12 medium-6 large-3 null grid-padding-y\">\n<h3 class=\"tisenti-header-font tisenti-title wp-block-heading\">Naturpark Sette Fratelli<\/h3>\n\n\n\n<p class=\"tipps-bg-sport has-line-height-one extra-padding\"><strong>Wandern im Gebirge<br><\/strong><br>Wer den Kontrast zu Sonne, Sand und Meer sucht, der sollte einen Ausflug ins Gebirge des Sarrabus unternehmen. Eine faszinierende Landschaft erz\u00e4hlt wundersch\u00f6ne Geschichten des sardischen Hinterlands. Infos <a rel=\"noopener noreferrer\" href=\"http:\/\/www.sardegnaambiente.it\/j\/v\/1189?v=2&amp;c=7216&amp;s=109014\" target=\"_blank\"><strong>hier<\/strong><\/a><strong>.<\/strong><\/p>\n<\/div>\n\n\n\n<div class=\"wp-block-grid-blocks-grid-block-column cell panel small-12 medium-6 large-3 null grid-padding-y\">\n<h3 class=\"tisenti-header-font tisenti-title wp-block-heading\">Strandbar<\/h3>\n\n\n\n<p class=\"tipps-bg-beach has-line-height-one extra-padding\"><strong>Sa Sindria<br><\/strong><br>Ein junger und moderner Treffpunkt am Strand. Zwischen Liegest\u00fchlen, coolen Drinks und italienischen Strandgespr\u00e4chen kann der Tag am Meer ganz relaxed dahin gleiten. Hier geht&#8217;s zur <a rel=\"noopener noreferrer\" href=\"https:\/\/www.facebook.com\/sasindria.baccumandara\" target=\"_blank\"><strong>Facebookseite<\/strong><\/a>.<\/p>\n<\/div>\n\n\n\n<div class=\"wp-block-grid-blocks-grid-block-column cell panel small-12 medium-12 large-12 null grid-padding-y\"><\/div>\n<\/div>\n","protected":false},"excerpt":{"rendered":"","protected":false},"author":3,"featured_media":865,"parent":158,"menu_order":0,"comment_status":"closed","ping_status":"closed","template":"","meta":{"footnotes":""},"categories":[],"tags":[],"class_list":["post-426","page","type-page","status-publish","has-post-thumbnail","hentry"],"yoast_head":"<!-- This site is optimized with the Yoast SEO plugin v27.3 - https:\/\/yoast.com\/product\/yoast-seo-wordpress\/ -->\n<title>Torre delle Stelle - romantischer Ort an der S\u00fcdk\u00fcste Sardiniens<\/title>\n<meta name=\"description\" content=\"Wer das typische Dolce Vita von Sardinien erleben m\u00f6chte ist in Torre delle Stelle genau richtig. Ein toller Ort mit herrlichen Buchten und Anh\u00f6hen.\" \/>\n<meta name=\"robots\" content=\"index, follow, max-snippet:-1, max-image-preview:large, max-video-preview:-1\" \/>\n<link rel=\"canonical\" href=\"https:\/\/www.tisenti.com\/de\/urlaubsorte\/torre-delle-stelle\" \/>\n<meta property=\"og:locale\" content=\"de_DE\" \/>\n<meta property=\"og:type\" content=\"article\" \/>\n<meta property=\"og:title\" content=\"Torre delle Stelle - romantischer Ort an der S\u00fcdk\u00fcste Sardiniens\" \/>\n<meta property=\"og:description\" content=\"Wer das typische Dolce Vita von Sardinien erleben m\u00f6chte ist in Torre delle Stelle genau richtig. Ein toller Ort mit herrlichen Buchten und Anh\u00f6hen.\" \/>\n<meta property=\"og:url\" content=\"https:\/\/www.tisenti.com\/de\/urlaubsorte\/torre-delle-stelle\" \/>\n<meta property=\"og:site_name\" content=\"Sardinien Ferienhaus - Costa Rei, Villasimius, Torre delle Stelle\" \/>\n<meta property=\"article:modified_time\" content=\"2021-05-12T09:46:31+00:00\" \/>\n<meta property=\"og:image\" content=\"https:\/\/www.tisenti.com\/de\/wp-content\/uploads\/sites\/2\/2019\/01\/header_torre_mg1354_1200x.jpg\" \/>\n\t<meta property=\"og:image:width\" content=\"1200\" \/>\n\t<meta property=\"og:image:height\" content=\"350\" \/>\n\t<meta property=\"og:image:type\" content=\"image\/jpeg\" \/>\n<meta name=\"twitter:card\" content=\"summary_large_image\" \/>\n<meta name=\"twitter:label1\" content=\"Gesch\u00e4tzte Lesezeit\" \/>\n\t<meta name=\"twitter:data1\" content=\"4\u00a0Minuten\" \/>\n<!-- \/ Yoast SEO plugin. -->","yoast_head_json":{"title":"Torre delle Stelle - romantischer Ort an der S\u00fcdk\u00fcste Sardiniens","description":"Wer das typische Dolce Vita von Sardinien erleben m\u00f6chte ist in Torre delle Stelle genau richtig. Ein toller Ort mit herrlichen Buchten und Anh\u00f6hen.","robots":{"index":"index","follow":"follow","max-snippet":"max-snippet:-1","max-image-preview":"max-image-preview:large","max-video-preview":"max-video-preview:-1"},"canonical":"https:\/\/www.tisenti.com\/de\/urlaubsorte\/torre-delle-stelle","og_locale":"de_DE","og_type":"article","og_title":"Torre delle Stelle - romantischer Ort an der S\u00fcdk\u00fcste Sardiniens","og_description":"Wer das typische Dolce Vita von Sardinien erleben m\u00f6chte ist in Torre delle Stelle genau richtig. Ein toller Ort mit herrlichen Buchten und Anh\u00f6hen.","og_url":"https:\/\/www.tisenti.com\/de\/urlaubsorte\/torre-delle-stelle","og_site_name":"Sardinien Ferienhaus - Costa Rei, Villasimius, Torre delle Stelle","article_modified_time":"2021-05-12T09:46:31+00:00","og_image":[{"width":1200,"height":350,"url":"https:\/\/www.tisenti.com\/de\/wp-content\/uploads\/sites\/2\/2019\/01\/header_torre_mg1354_1200x.jpg","type":"image\/jpeg"}],"twitter_card":"summary_large_image","twitter_misc":{"Gesch\u00e4tzte Lesezeit":"4\u00a0Minuten"},"schema":{"@context":"https:\/\/schema.org","@graph":[{"@type":"WebPage","@id":"https:\/\/www.tisenti.com\/de\/urlaubsorte\/torre-delle-stelle","url":"https:\/\/www.tisenti.com\/de\/urlaubsorte\/torre-delle-stelle","name":"Torre delle Stelle - romantischer Ort an der S\u00fcdk\u00fcste Sardiniens","isPartOf":{"@id":"https:\/\/www.tisenti.com\/de\/#website"},"primaryImageOfPage":{"@id":"https:\/\/www.tisenti.com\/de\/urlaubsorte\/torre-delle-stelle#primaryimage"},"image":{"@id":"https:\/\/www.tisenti.com\/de\/urlaubsorte\/torre-delle-stelle#primaryimage"},"thumbnailUrl":"https:\/\/www.tisenti.com\/de\/wp-content\/uploads\/sites\/2\/2019\/01\/header_torre_mg1354_1200x.jpg","datePublished":"2018-12-21T15:39:10+00:00","dateModified":"2021-05-12T09:46:31+00:00","description":"Wer das typische Dolce Vita von Sardinien erleben m\u00f6chte ist in Torre delle Stelle genau richtig. Ein toller Ort mit herrlichen Buchten und Anh\u00f6hen.","breadcrumb":{"@id":"https:\/\/www.tisenti.com\/de\/urlaubsorte\/torre-delle-stelle#breadcrumb"},"inLanguage":"de","potentialAction":[{"@type":"ReadAction","target":["https:\/\/www.tisenti.com\/de\/urlaubsorte\/torre-delle-stelle"]}]},{"@type":"ImageObject","inLanguage":"de","@id":"https:\/\/www.tisenti.com\/de\/urlaubsorte\/torre-delle-stelle#primaryimage","url":"https:\/\/www.tisenti.com\/de\/wp-content\/uploads\/sites\/2\/2019\/01\/header_torre_mg1354_1200x.jpg","contentUrl":"https:\/\/www.tisenti.com\/de\/wp-content\/uploads\/sites\/2\/2019\/01\/header_torre_mg1354_1200x.jpg","width":1200,"height":350,"caption":""},{"@type":"BreadcrumbList","@id":"https:\/\/www.tisenti.com\/de\/urlaubsorte\/torre-delle-stelle#breadcrumb","itemListElement":[{"@type":"ListItem","position":1,"name":"Startseite","item":"https:\/\/www.tisenti.com\/de\/"},{"@type":"ListItem","position":2,"name":"Urlaubsorte","item":"https:\/\/www.tisenti.com\/de\/urlaubsorte"},{"@type":"ListItem","position":3,"name":"Torre delle Stelle"}]},{"@type":"WebSite","@id":"https:\/\/www.tisenti.com\/de\/#website","url":"https:\/\/www.tisenti.com\/de\/","name":"Sardinien Ferienhaus - Costa Rei, Villasimius, Torre delle Stelle","description":"Ob auf Sardinien Ferienhaus am Strand, luxuri\u00f6se Villa oder komfortable Ferienwohnung. Wir machen Ihren Sardinien-Traumurlaub wahr. Finden Sie jetzt Ihr Wunschobjekt.","publisher":{"@id":"https:\/\/www.tisenti.com\/de\/#organization"},"potentialAction":[{"@type":"SearchAction","target":{"@type":"EntryPoint","urlTemplate":"https:\/\/www.tisenti.com\/de\/?s={search_term_string}"},"query-input":{"@type":"PropertyValueSpecification","valueRequired":true,"valueName":"search_term_string"}}],"inLanguage":"de"},{"@type":"Organization","@id":"https:\/\/www.tisenti.com\/de\/#organization","name":"Sardinien Ferienhaus - Costa Rei, Villasimius, Torre delle Stelle","url":"https:\/\/www.tisenti.com\/de\/","logo":{"@type":"ImageObject","inLanguage":"de","@id":"https:\/\/www.tisenti.com\/de\/#\/schema\/logo\/image\/","url":"https:\/\/www.tisenti.com\/de\/wp-content\/uploads\/sites\/2\/2019\/10\/logo-tisenti.png","contentUrl":"https:\/\/www.tisenti.com\/de\/wp-content\/uploads\/sites\/2\/2019\/10\/logo-tisenti.png","width":192,"height":50,"caption":"Sardinien Ferienhaus - Costa Rei, Villasimius, Torre delle Stelle"},"image":{"@id":"https:\/\/www.tisenti.com\/de\/#\/schema\/logo\/image\/"}}]}},"_links":{"self":[{"href":"https:\/\/www.tisenti.com\/de\/wp-json\/wp\/v2\/pages\/426","targetHints":{"allow":["GET"]}}],"collection":[{"href":"https:\/\/www.tisenti.com\/de\/wp-json\/wp\/v2\/pages"}],"about":[{"href":"https:\/\/www.tisenti.com\/de\/wp-json\/wp\/v2\/types\/page"}],"author":[{"embeddable":true,"href":"https:\/\/www.tisenti.com\/de\/wp-json\/wp\/v2\/users\/3"}],"replies":[{"embeddable":true,"href":"https:\/\/www.tisenti.com\/de\/wp-json\/wp\/v2\/comments?post=426"}],"version-history":[{"count":23,"href":"https:\/\/www.tisenti.com\/de\/wp-json\/wp\/v2\/pages\/426\/revisions"}],"predecessor-version":[{"id":4406,"href":"https:\/\/www.tisenti.com\/de\/wp-json\/wp\/v2\/pages\/426\/revisions\/4406"}],"up":[{"embeddable":true,"href":"https:\/\/www.tisenti.com\/de\/wp-json\/wp\/v2\/pages\/158"}],"wp:featuredmedia":[{"embeddable":true,"href":"https:\/\/www.tisenti.com\/de\/wp-json\/wp\/v2\/media\/865"}],"wp:attachment":[{"href":"https:\/\/www.tisenti.com\/de\/wp-json\/wp\/v2\/media?parent=426"}],"wp:term":[{"taxonomy":"category","embeddable":true,"href":"https:\/\/www.tisenti.com\/de\/wp-json\/wp\/v2\/categories?post=426"},{"taxonomy":"post_tag","embeddable":true,"href":"https:\/\/www.tisenti.com\/de\/wp-json\/wp\/v2\/tags?post=426"}],"curies":[{"name":"wp","href":"https:\/\/api.w.org\/{rel}","templated":true}]}}