{"id":424,"date":"2018-12-21T16:38:36","date_gmt":"2018-12-21T15:38:36","guid":{"rendered":"http:\/\/tisenti-2018.nakami.de\/?page_id=424"},"modified":"2021-05-12T11:52:15","modified_gmt":"2021-05-12T09:52:15","slug":"geremeas","status":"publish","type":"page","link":"https:\/\/www.tisenti.com\/de\/urlaubsorte\/geremeas","title":{"rendered":"Geremeas"},"content":{"rendered":"\n<div class=\"wp-block-grid-blocks-grid-block-container grid-x grid-margin-x grid-margin-y content-grid\">\n<div class=\"wp-block-grid-blocks-grid-block-column cell panel small-12 medium-12 large-12 null grid-padding-y\">\n<p class=\"has-medium-font-size\">Wer die K\u00fcstenstra\u00dfe von Cagliari gen Osten f\u00e4hrt, wird immer wieder von atemberaubenden Panoramen und Ausblicken verzaubert. Ganz versteckt &#8211; und somit in sicherer Distanz zu den passierenden Tourismusstr\u00f6men &#8211; tut sich pl\u00f6tzlich ein breiter, zwei Kilometer langer Traumstrand auf &#8211; Geremeas. <\/p>\n<\/div>\n\n\n\n<div class=\"wp-block-grid-blocks-grid-block-column cell panel small-12 medium-6 large-6 null grid-padding-y\">\n<figure class=\"wp-block-gallery columns-2 is-cropped wp-block-gallery-1 is-layout-flex wp-block-gallery-is-layout-flex\"><ul class=\"blocks-gallery-grid\"><li class=\"blocks-gallery-item\"><figure><img decoding=\"async\" src=\"https:\/\/www.tisenti.com\/de\/wp-content\/uploads\/sites\/2\/2019\/08\/geremeas.png\" alt=\"\" data-id=\"2792\" data-link=\"https:\/\/www.tisenti.com\/de\/geremeas-3\/\" class=\"wp-image-2792\" \/><\/figure><\/li><li class=\"blocks-gallery-item\"><figure><img loading=\"lazy\" decoding=\"async\" width=\"300\" height=\"600\" src=\"https:\/\/www.tisenti.com\/de\/wp-content\/uploads\/sites\/2\/2019\/01\/geremeas-hk-1.jpg\" alt=\"\" data-id=\"841\" data-link=\"https:\/\/www.tisenti.com\/de\/geremeas-hk\/\" class=\"wp-image-841\" srcset=\"https:\/\/www.tisenti.com\/de\/wp-content\/uploads\/sites\/2\/2019\/01\/geremeas-hk-1.jpg 300w, https:\/\/www.tisenti.com\/de\/wp-content\/uploads\/sites\/2\/2019\/01\/geremeas-hk-1-150x300.jpg 150w\" sizes=\"auto, (max-width: 300px) 100vw, 300px\" \/><\/figure><\/li><\/ul><\/figure>\n\n\n\n<h2 class=\"tisenti-header-font tisenti-title wp-block-heading\">Sardinien ruhig erleben<\/h2>\n\n\n\n<p>Die beiden unauff\u00e4llig gehaltenen Einfahrten in das Wohngebiet lassen es schon vermuten: In Geremeas sch\u00e4tzt man die gediegene Ruhe. Als belebendes Element dient das bekannte Hotel Cala Serena. Zum Einkaufen gibt es einen kleinen Supermarkt, ansonsten noch die \u00fcbliche Caf\u00e8bar und eine &#8211; wirklich gute &#8211; Pizzeria. &#8220;Das war&#8217;s&#8221; k\u00f6nnte man sagen, aber damit w\u00fcrde man diesem sch\u00f6nen Flecken Erde nicht gerecht.<br>Das wirklich Besondere an Geremeas ist, dass man hier tats\u00e4chlich Urlaub mit ganz viel Ruhe und vor allem Privatsph\u00e4re verbringen kann. Die sch\u00f6nen, entlang des Strandes gebauten Villen entstammen allesamt einer Zeit, in der es noch zum guten Ton geh\u00f6rte gro\u00df(z\u00fcgig) zu bauen. Und so liegt \u00fcber dem gesamten \u00d6rtchen der extrem entspannende Hauch von Dolce Vita und &#8220;Strandurlaub wie er sein soll&#8221;.  <\/p>\n\n\n\n<div style=\"height:20px\" aria-hidden=\"true\" class=\"wp-block-spacer\"><\/div>\n\n\n\n<figure class=\"wp-block-gallery columns-2 is-cropped wp-block-gallery-2 is-layout-flex wp-block-gallery-is-layout-flex\"><ul class=\"blocks-gallery-grid\"><li class=\"blocks-gallery-item\"><figure><img loading=\"lazy\" decoding=\"async\" width=\"300\" height=\"600\" src=\"https:\/\/www.tisenti.com\/de\/wp-content\/uploads\/sites\/2\/2019\/01\/tuerkis-hk.lll_-1.jpg\" alt=\"\" data-id=\"885\" data-full-url=\"https:\/\/www.tisenti.com\/de\/wp-content\/uploads\/sites\/2\/2019\/01\/tuerkis-hk.lll_-1.jpg\" data-link=\"https:\/\/www.tisenti.com\/de\/tuerkis-hk-lll\" class=\"wp-image-885\" srcset=\"https:\/\/www.tisenti.com\/de\/wp-content\/uploads\/sites\/2\/2019\/01\/tuerkis-hk.lll_-1.jpg 300w, https:\/\/www.tisenti.com\/de\/wp-content\/uploads\/sites\/2\/2019\/01\/tuerkis-hk.lll_-1-150x300.jpg 150w\" sizes=\"auto, (max-width: 300px) 100vw, 300px\" \/><\/figure><\/li><li class=\"blocks-gallery-item\"><figure><img loading=\"lazy\" decoding=\"async\" width=\"300\" height=\"600\" src=\"https:\/\/www.tisenti.com\/de\/wp-content\/uploads\/sites\/2\/2019\/01\/geremeas-hk.lll_-1.jpg\" alt=\"\" data-id=\"884\" data-full-url=\"https:\/\/www.tisenti.com\/de\/wp-content\/uploads\/sites\/2\/2019\/01\/geremeas-hk.lll_-1.jpg\" data-link=\"https:\/\/www.tisenti.com\/de\/geremeas-hk-lll\" class=\"wp-image-884\" srcset=\"https:\/\/www.tisenti.com\/de\/wp-content\/uploads\/sites\/2\/2019\/01\/geremeas-hk.lll_-1.jpg 300w, https:\/\/www.tisenti.com\/de\/wp-content\/uploads\/sites\/2\/2019\/01\/geremeas-hk.lll_-1-150x300.jpg 150w\" sizes=\"auto, (max-width: 300px) 100vw, 300px\" \/><\/figure><\/li><li class=\"blocks-gallery-item\"><figure><img loading=\"lazy\" decoding=\"async\" width=\"1024\" height=\"683\" src=\"https:\/\/www.tisenti.com\/de\/wp-content\/uploads\/sites\/2\/2019\/08\/boot-1024x683.jpg\" alt=\"\" data-id=\"3431\" data-full-url=\"https:\/\/www.tisenti.com\/de\/wp-content\/uploads\/sites\/2\/2019\/08\/boot.jpg\" data-link=\"https:\/\/www.tisenti.com\/de\/boot\" class=\"wp-image-3431\" srcset=\"https:\/\/www.tisenti.com\/de\/wp-content\/uploads\/sites\/2\/2019\/08\/boot-1024x683.jpg 1024w, https:\/\/www.tisenti.com\/de\/wp-content\/uploads\/sites\/2\/2019\/08\/boot-300x200.jpg 300w, https:\/\/www.tisenti.com\/de\/wp-content\/uploads\/sites\/2\/2019\/08\/boot-768x512.jpg 768w, https:\/\/www.tisenti.com\/de\/wp-content\/uploads\/sites\/2\/2019\/08\/boot.jpg 1200w\" sizes=\"auto, (max-width: 1024px) 100vw, 1024px\" \/><\/figure><\/li><\/ul><\/figure>\n<\/div>\n\n\n\n<div class=\"wp-block-grid-blocks-grid-block-column cell panel small-12 medium-6 large-6 null grid-padding-y\">\n<h2 class=\"tisenti-header-font tisenti-title wp-block-heading\">Tipp f\u00fcr Individualisten<\/h2>\n\n\n\n<p>Gerade in der Tatsache, dass sich nach Geremeas so gut wie keine Touristen verirren, liegt das Geheimnis begr\u00fcndet, warum dieser Ort eine so gro\u00dfe Anziehungskraft auf Individualisten aus\u00fcbt. Es ist alles da was es f\u00fcr erholsame Tage am Meer braucht &#8211; fein dosiert und mit jeder Menge mediterranem Flair abgeschmeckt.<br>Ein paar Tage zur Ruhe kommen, die Seele baumeln lassen und Zeit finden f\u00fcr all das und diejenigen, die im Alltag zu kurz kommen. Ein Urlaub ohne Bingo und Bongo: das ist Geremeas.<br><\/p>\n\n\n\n<div style=\"height:15px\" aria-hidden=\"true\" class=\"wp-block-spacer\"><\/div>\n\n\n\n<figure class=\"wp-block-embed is-type-video is-provider-vimeo wp-block-embed-vimeo wp-embed-aspect-16-9 wp-has-aspect-ratio\"><div class=\"wp-block-embed__wrapper\">\n<iframe loading=\"lazy\" title=\"Tisenti Ferienh&amp;auml;user: Geremeas und Torre delle Stelle\" src=\"https:\/\/player.vimeo.com\/video\/546817840?dnt=1&amp;app_id=122963\" width=\"1200\" height=\"675\" frameborder=\"0\" allow=\"autoplay; fullscreen; picture-in-picture\" allowfullscreen><\/iframe>\n<\/div><\/figure>\n\n\n\n<div style=\"height:20px\" aria-hidden=\"true\" class=\"wp-block-spacer\"><\/div>\n\n\n\n<h2 class=\"tisenti-header-font tisenti-title wp-block-heading\">Ausfl\u00fcge ins Um- und Hinterland<\/h2>\n\n\n\n<p>Interessant ist auch die geografische Lage Geremeas. Knapp 40 Kilometer von der Inselhauptstadt entfernt, geh\u00f6rt die schicke Wohnsiedlung ganz sicher zu den Strandperlen der sardischen S\u00fcdk\u00fcste.<br>Aber nicht nur das. Auch die umliegenden Attraktionen in Form der gro\u00dfen Strandb\u00e4der Villasimius und Costa Rei sind im 20-Minuten-Autotakt zu erreichen. Ganz zu schweigen von der oben schon erw\u00e4hnten Inselhauptstadt Cagliari, die sich in den letzten Jahren zu einem Geheimtipp gemausert hat und es mittlerweile in Sachen Attraktivit\u00e4t und Flair locker mit weit bekannteren Mittelmeer-Destinationen aufnehmen kann.<br>Wer sich hingegen lieber ein wenig Bergluft um die Nase wehen lassen will, der hat per Auto eine nahezu perfekte Zugangsroute in den Naturpark &#8220;Sette Fratelli&#8221;, der all die Sch\u00f6nheit des sardischen Hinterlandes auf sich vereint und ein wahres Naturspektakel ist. <\/p>\n\n\n\n<div style=\"height:20px\" aria-hidden=\"true\" class=\"wp-block-spacer\"><\/div>\n\n\n\n<figure class=\"wp-block-gallery columns-1 is-cropped wp-block-gallery-3 is-layout-flex wp-block-gallery-is-layout-flex\"><ul class=\"blocks-gallery-grid\"><li class=\"blocks-gallery-item\"><figure><img loading=\"lazy\" decoding=\"async\" width=\"600\" height=\"224\" src=\"\/wp-content\/uploads\/sites\/2\/2019\/01\/geremeas-v.ll_-1.jpg\" alt=\"\" data-id=\"881\" class=\"wp-image-881\" srcset=\"https:\/\/www.tisenti.com\/de\/wp-content\/uploads\/sites\/2\/2019\/01\/geremeas-v.ll_-1.jpg 600w, https:\/\/www.tisenti.com\/de\/wp-content\/uploads\/sites\/2\/2019\/01\/geremeas-v.ll_-1-300x112.jpg 300w\" sizes=\"auto, (max-width: 600px) 100vw, 600px\" \/><\/figure><\/li><li class=\"blocks-gallery-item\"><figure><img loading=\"lazy\" decoding=\"async\" width=\"600\" height=\"224\" src=\"\/de\/wp-content\/uploads\/sites\/2\/2019\/01\/geremeas-schafe-600x224-1.png\" alt=\"\" data-id=\"880\" class=\"wp-image-880\" srcset=\"https:\/\/www.tisenti.com\/de\/wp-content\/uploads\/sites\/2\/2019\/01\/geremeas-schafe-600x224-1.png 600w, https:\/\/www.tisenti.com\/de\/wp-content\/uploads\/sites\/2\/2019\/01\/geremeas-schafe-600x224-1-300x112.png 300w\" sizes=\"auto, (max-width: 600px) 100vw, 600px\" \/><\/figure><\/li><\/ul><\/figure>\n\n\n\n<h2 class=\"tisenti-header-font tisenti-title wp-block-heading\">(Ab)tauchen und sportlich sein<\/h2>\n\n\n\n<p>Bei allem was recht ist. Nur Entspannen ist auch keine Erholung. Also hei\u00dft es Ausschau halten nach dem, was den K\u00f6rper und Seele zusammenf\u00fchrt &#8211; Sport.<br>Abgesehen von der M\u00f6glichkeit zu den \u00fcblichen Ballspielen am Strand, bietet unser kleines \u00d6rtchen vor allem f\u00fcr Taucher ein sch\u00f6nes Angebot. Am westlichen Ende des Geremeas-Strandes gelangt man in das Wohngebiet &#8220;Kal&#8217;e Moru&#8221; mit seiner viel gelobten <a rel=\"noopener noreferrer\" href=\"https:\/\/oceanblue-diving.com\/\" target=\"_blank\"><strong>Tauchschule.<\/strong><\/a><br>F\u00fcr Freunde des Rennrads sei noch erw\u00e4hnt, dass die nah gelegene K\u00fcstenstra\u00dfe ein Eldorado f\u00fcr Zweiradfreunde ist. Man sollte allerdings einigerma\u00dfen trainiert sein, um das Auf und Ab oberhalb der traumhaften Sandkulisse zu meistern. <br><\/p>\n<\/div>\n\n\n\n<div class=\"wp-block-grid-blocks-grid-block-column cell panel small-12 medium-12 large-12 null grid-padding-y\">\n<div style=\"height:20px\" aria-hidden=\"true\" class=\"wp-block-spacer\"><\/div>\n\n\n\n<h2 class=\"wp-block-heading\">Geremeas, unsere Tipps<\/h2>\n<\/div>\n\n\n\n<div class=\"wp-block-grid-blocks-grid-block-column cell panel small-12 medium-6 large-3 null grid-padding-y\">\n<h3 class=\"tisenti-header-font tisenti-title wp-block-heading\">Pizzeria<\/h3>\n\n\n\n<p class=\"tipps-bg-eat has-line-height-one extra-padding\"><strong>Bar\/Pizzeria La Gondola<\/strong><br><br>Einfache, aber sehr sympathische Bar und Pizzeria im Wohngebiet &#8220;Geremeas 2&#8221;. Zu empfehlen f\u00fcr den &#8220;Kaffee danach&#8221; und eine leckere Pizza.<br>Hier geht&#8217;s zur <strong><a href=\"https:\/\/www.facebook.com\/pages\/category\/Diner\/La-Gondola-Ristorante-Pizzeria-Geremeas-149892051730571\/\" target=\"_blank\" rel=\"noreferrer noopener\">Facebookseite<\/a><\/strong><br><\/p>\n<\/div>\n\n\n\n<div class=\"wp-block-grid-blocks-grid-block-column cell panel small-12 medium-6 large-3 null grid-padding-y\">\n<h3 class=\"tisenti-header-font tisenti-title wp-block-heading\">Reiten<\/h3>\n\n\n\n<p class=\"tipps-bg-sport has-line-height-one extra-padding\"><strong>Monastero<br><\/strong> <br>Etwas au\u00dferhalb von Geremeas befindet sich das Hotel &#8220;Il Monastero&#8221;. Hier organisiert man sch\u00f6ne Ausritte ins Hinterland und &#8211; manchmal &#8211; auch an den Srand.<br><strong> <\/strong><a rel=\"noreferrer noopener\" href=\"http:\/\/www.monasterohotel.it\" target=\"_blank\"><strong>www.monasterohotel.it<\/strong><\/a><strong> <\/strong><\/p>\n<\/div>\n\n\n\n<div class=\"wp-block-grid-blocks-grid-block-column cell panel small-12 medium-6 large-3 null grid-padding-y\">\n<h3 class=\"tisenti-header-font tisenti-title wp-block-heading\">Weinhandlung<\/h3>\n\n\n\n<p class=\"tipps-bg-eat has-line-height-one extra-padding\"><strong>Vini Solanas<br><br><\/strong>Auf der K\u00fcstenstra\u00dfe ca. 5 km Richtung Villasimius fahren bis das  Ortsschild &#8220;Solanas&#8221; erscheint. Kurz nach der Ortseinfahrt befindet sich  direkt an der Sta\u00dfe das Gesch\u00e4ft &#8220;Vini Solanas&#8221;. Hier gibt&#8217;s frische Landweine direkt aus dem Fass.<\/p>\n<\/div>\n\n\n\n<div class=\"wp-block-grid-blocks-grid-block-column cell panel small-12 medium-6 large-3 null grid-padding-y\">\n<h3 class=\"tisenti-header-font tisenti-title wp-block-heading\">Fischlokal<\/h3>\n\n\n\n<p class=\"tipps-bg-eat has-line-height-one extra-padding\"><strong>Ristorante da Barbara<br><\/strong><br>Im Nachbarort Solanas schr\u00e4g gegen\u00fcber der Tankstelle gelegen. Feinste Meeresgerichte werden in famili\u00e4rer Umgebung serviert. <br>Reservieren! Tel: (+39) 070 750630 <\/p>\n<\/div>\n\n\n\n<div class=\"wp-block-grid-blocks-grid-block-column cell panel small-12 medium-12 large-12 null grid-padding-y\"><\/div>\n<\/div>\n","protected":false},"excerpt":{"rendered":"","protected":false},"author":3,"featured_media":227,"parent":158,"menu_order":0,"comment_status":"closed","ping_status":"closed","template":"","meta":{"footnotes":""},"categories":[],"tags":[],"class_list":["post-424","page","type-page","status-publish","has-post-thumbnail","hentry"],"yoast_head":"<!-- This site is optimized with the Yoast SEO plugin v27.5 - https:\/\/yoast.com\/product\/yoast-seo-wordpress\/ -->\n<title>Geremeas - urspr\u00fcnglicher Sardinienurlaub f\u00fcr Individualisten<\/title>\n<meta name=\"description\" content=\"Geremeas auf Sardinien ist ein ruhiger Ort, der durch seine versteckten Buchten und Str\u00e4nde \u00fcberzeugt. Er liegt \u00f6stlich der Hauptstadt Cagliari.\" \/>\n<meta name=\"robots\" content=\"index, follow, max-snippet:-1, max-image-preview:large, max-video-preview:-1\" \/>\n<link rel=\"canonical\" href=\"https:\/\/www.tisenti.com\/de\/urlaubsorte\/geremeas\" \/>\n<meta property=\"og:locale\" content=\"de_DE\" \/>\n<meta property=\"og:type\" content=\"article\" \/>\n<meta property=\"og:title\" content=\"Geremeas - urspr\u00fcnglicher Sardinienurlaub f\u00fcr Individualisten\" \/>\n<meta property=\"og:description\" content=\"Geremeas auf Sardinien ist ein ruhiger Ort, der durch seine versteckten Buchten und Str\u00e4nde \u00fcberzeugt. Er liegt \u00f6stlich der Hauptstadt Cagliari.\" \/>\n<meta property=\"og:url\" content=\"https:\/\/www.tisenti.com\/de\/urlaubsorte\/geremeas\" \/>\n<meta property=\"og:site_name\" content=\"Sardinien Ferienhaus - Costa Rei, Villasimius, Torre delle Stelle\" \/>\n<meta property=\"article:modified_time\" content=\"2021-05-12T09:52:15+00:00\" \/>\n<meta property=\"og:image\" content=\"https:\/\/www.tisenti.com\/de\/wp-content\/uploads\/sites\/2\/2018\/12\/header-geremeas-1.jpg\" \/>\n\t<meta property=\"og:image:width\" content=\"1200\" \/>\n\t<meta property=\"og:image:height\" content=\"350\" \/>\n\t<meta property=\"og:image:type\" content=\"image\/jpeg\" \/>\n<meta name=\"twitter:card\" content=\"summary_large_image\" \/>\n<meta name=\"twitter:label1\" content=\"Gesch\u00e4tzte Lesezeit\" \/>\n\t<meta name=\"twitter:data1\" content=\"5\u00a0Minuten\" \/>\n<!-- \/ Yoast SEO plugin. -->","yoast_head_json":{"title":"Geremeas - urspr\u00fcnglicher Sardinienurlaub f\u00fcr Individualisten","description":"Geremeas auf Sardinien ist ein ruhiger Ort, der durch seine versteckten Buchten und Str\u00e4nde \u00fcberzeugt. Er liegt \u00f6stlich der Hauptstadt Cagliari.","robots":{"index":"index","follow":"follow","max-snippet":"max-snippet:-1","max-image-preview":"max-image-preview:large","max-video-preview":"max-video-preview:-1"},"canonical":"https:\/\/www.tisenti.com\/de\/urlaubsorte\/geremeas","og_locale":"de_DE","og_type":"article","og_title":"Geremeas - urspr\u00fcnglicher Sardinienurlaub f\u00fcr Individualisten","og_description":"Geremeas auf Sardinien ist ein ruhiger Ort, der durch seine versteckten Buchten und Str\u00e4nde \u00fcberzeugt. Er liegt \u00f6stlich der Hauptstadt Cagliari.","og_url":"https:\/\/www.tisenti.com\/de\/urlaubsorte\/geremeas","og_site_name":"Sardinien Ferienhaus - Costa Rei, Villasimius, Torre delle Stelle","article_modified_time":"2021-05-12T09:52:15+00:00","og_image":[{"width":1200,"height":350,"url":"https:\/\/www.tisenti.com\/de\/wp-content\/uploads\/sites\/2\/2018\/12\/header-geremeas-1.jpg","type":"image\/jpeg"}],"twitter_card":"summary_large_image","twitter_misc":{"Gesch\u00e4tzte Lesezeit":"5\u00a0Minuten"},"schema":{"@context":"https:\/\/schema.org","@graph":[{"@type":"WebPage","@id":"https:\/\/www.tisenti.com\/de\/urlaubsorte\/geremeas","url":"https:\/\/www.tisenti.com\/de\/urlaubsorte\/geremeas","name":"Geremeas - urspr\u00fcnglicher Sardinienurlaub f\u00fcr Individualisten","isPartOf":{"@id":"https:\/\/www.tisenti.com\/de\/#website"},"primaryImageOfPage":{"@id":"https:\/\/www.tisenti.com\/de\/urlaubsorte\/geremeas#primaryimage"},"image":{"@id":"https:\/\/www.tisenti.com\/de\/urlaubsorte\/geremeas#primaryimage"},"thumbnailUrl":"https:\/\/www.tisenti.com\/de\/wp-content\/uploads\/sites\/2\/2018\/12\/header-geremeas-1.jpg","datePublished":"2018-12-21T15:38:36+00:00","dateModified":"2021-05-12T09:52:15+00:00","description":"Geremeas auf Sardinien ist ein ruhiger Ort, der durch seine versteckten Buchten und Str\u00e4nde \u00fcberzeugt. Er liegt \u00f6stlich der Hauptstadt Cagliari.","breadcrumb":{"@id":"https:\/\/www.tisenti.com\/de\/urlaubsorte\/geremeas#breadcrumb"},"inLanguage":"de","potentialAction":[{"@type":"ReadAction","target":["https:\/\/www.tisenti.com\/de\/urlaubsorte\/geremeas"]}]},{"@type":"ImageObject","inLanguage":"de","@id":"https:\/\/www.tisenti.com\/de\/urlaubsorte\/geremeas#primaryimage","url":"https:\/\/www.tisenti.com\/de\/wp-content\/uploads\/sites\/2\/2018\/12\/header-geremeas-1.jpg","contentUrl":"https:\/\/www.tisenti.com\/de\/wp-content\/uploads\/sites\/2\/2018\/12\/header-geremeas-1.jpg","width":1200,"height":350,"caption":""},{"@type":"BreadcrumbList","@id":"https:\/\/www.tisenti.com\/de\/urlaubsorte\/geremeas#breadcrumb","itemListElement":[{"@type":"ListItem","position":1,"name":"Startseite","item":"https:\/\/www.tisenti.com\/de\/"},{"@type":"ListItem","position":2,"name":"Urlaubsorte","item":"https:\/\/www.tisenti.com\/de\/urlaubsorte"},{"@type":"ListItem","position":3,"name":"Geremeas"}]},{"@type":"WebSite","@id":"https:\/\/www.tisenti.com\/de\/#website","url":"https:\/\/www.tisenti.com\/de\/","name":"Sardinien Ferienhaus - Costa Rei, Villasimius, Torre delle Stelle","description":"Ob auf Sardinien Ferienhaus am Strand, luxuri\u00f6se Villa oder komfortable Ferienwohnung. Wir machen Ihren Sardinien-Traumurlaub wahr. Finden Sie jetzt Ihr Wunschobjekt.","publisher":{"@id":"https:\/\/www.tisenti.com\/de\/#organization"},"potentialAction":[{"@type":"SearchAction","target":{"@type":"EntryPoint","urlTemplate":"https:\/\/www.tisenti.com\/de\/?s={search_term_string}"},"query-input":{"@type":"PropertyValueSpecification","valueRequired":true,"valueName":"search_term_string"}}],"inLanguage":"de"},{"@type":"Organization","@id":"https:\/\/www.tisenti.com\/de\/#organization","name":"Sardinien Ferienhaus - Costa Rei, Villasimius, Torre delle Stelle","url":"https:\/\/www.tisenti.com\/de\/","logo":{"@type":"ImageObject","inLanguage":"de","@id":"https:\/\/www.tisenti.com\/de\/#\/schema\/logo\/image\/","url":"https:\/\/www.tisenti.com\/de\/wp-content\/uploads\/sites\/2\/2019\/10\/logo-tisenti.png","contentUrl":"https:\/\/www.tisenti.com\/de\/wp-content\/uploads\/sites\/2\/2019\/10\/logo-tisenti.png","width":192,"height":50,"caption":"Sardinien Ferienhaus - Costa Rei, Villasimius, Torre delle Stelle"},"image":{"@id":"https:\/\/www.tisenti.com\/de\/#\/schema\/logo\/image\/"}}]}},"_links":{"self":[{"href":"https:\/\/www.tisenti.com\/de\/wp-json\/wp\/v2\/pages\/424","targetHints":{"allow":["GET"]}}],"collection":[{"href":"https:\/\/www.tisenti.com\/de\/wp-json\/wp\/v2\/pages"}],"about":[{"href":"https:\/\/www.tisenti.com\/de\/wp-json\/wp\/v2\/types\/page"}],"author":[{"embeddable":true,"href":"https:\/\/www.tisenti.com\/de\/wp-json\/wp\/v2\/users\/3"}],"replies":[{"embeddable":true,"href":"https:\/\/www.tisenti.com\/de\/wp-json\/wp\/v2\/comments?post=424"}],"version-history":[{"count":23,"href":"https:\/\/www.tisenti.com\/de\/wp-json\/wp\/v2\/pages\/424\/revisions"}],"predecessor-version":[{"id":4411,"href":"https:\/\/www.tisenti.com\/de\/wp-json\/wp\/v2\/pages\/424\/revisions\/4411"}],"up":[{"embeddable":true,"href":"https:\/\/www.tisenti.com\/de\/wp-json\/wp\/v2\/pages\/158"}],"wp:featuredmedia":[{"embeddable":true,"href":"https:\/\/www.tisenti.com\/de\/wp-json\/wp\/v2\/media\/227"}],"wp:attachment":[{"href":"https:\/\/www.tisenti.com\/de\/wp-json\/wp\/v2\/media?parent=424"}],"wp:term":[{"taxonomy":"category","embeddable":true,"href":"https:\/\/www.tisenti.com\/de\/wp-json\/wp\/v2\/categories?post=424"},{"taxonomy":"post_tag","embeddable":true,"href":"https:\/\/www.tisenti.com\/de\/wp-json\/wp\/v2\/tags?post=424"}],"curies":[{"name":"wp","href":"https:\/\/api.w.org\/{rel}","templated":true}]}}