{"id":2497,"date":"2019-06-09T17:01:15","date_gmt":"2019-06-09T15:01:15","guid":{"rendered":"http:\/\/tisenti-2019.nakami.de\/de\/?page_id=2497"},"modified":"2022-12-02T08:36:30","modified_gmt":"2022-12-02T07:36:30","slug":"fuer-familien","status":"publish","type":"page","link":"https:\/\/www.tisenti.com\/de\/sardinien-ferienhaeuser\/fuer-familien","title":{"rendered":"Ein Ferienhaus f\u00fcr Familien mit Kindern"},"content":{"rendered":"\n<p>Es ist manchmal gar nicht so einfach, die verschiedenen Interessen und  Anforderungen von Jung und Alt an ein Ferienhaus unter einen Hut zu  bringen. Dies gilt aber nicht f\u00fcr unsere Familienh\u00e4user, in denen alle  auf ihre Kosten kommen. Happy Family, so geht&#8217;s!<\/p>\n\n\n\n<div style=\"height:20px\" aria-hidden=\"true\" class=\"wp-block-spacer\"><\/div>\n\n\n","protected":false},"excerpt":{"rendered":"<p>Es ist manchmal gar nicht so einfach, die verschiedenen Interessen und Anforderungen von Jung und Alt an ein Ferienhaus unter einen Hut zu bringen. Dies gilt aber nicht f\u00fcr unsere Familienh\u00e4user, in denen alle auf ihre Kosten kommen. Happy Family, so geht&#8217;s!<\/p>\n","protected":false},"author":4,"featured_media":0,"parent":40,"menu_order":0,"comment_status":"closed","ping_status":"closed","template":"","meta":{"footnotes":""},"categories":[],"tags":[],"class_list":["post-2497","page","type-page","status-publish","hentry"],"yoast_head":"<!-- This site is optimized with the Yoast SEO plugin v27.3 - https:\/\/yoast.com\/product\/yoast-seo-wordpress\/ -->\n<title>Ferienh\u00e4user f\u00fcr Familien an Sardiniens sch\u00f6nsten Str\u00e4nden<\/title>\n<meta name=\"description\" content=\"Wer einen Urlaub auf Sardinien mit der Familie plant, der sollte ein Ferienhaus w\u00e4hlen, das f\u00fcr alle Beteiligten das Richtige bietet.\" \/>\n<meta name=\"robots\" content=\"index, follow, max-snippet:-1, max-image-preview:large, max-video-preview:-1\" \/>\n<link rel=\"canonical\" href=\"https:\/\/www.tisenti.com\/de\/sardinien-ferienhaeuser\/fuer-familien\" \/>\n<meta property=\"og:locale\" content=\"de_DE\" \/>\n<meta property=\"og:type\" content=\"article\" \/>\n<meta property=\"og:title\" content=\"Ferienh\u00e4user f\u00fcr Familien an Sardiniens sch\u00f6nsten Str\u00e4nden\" \/>\n<meta property=\"og:description\" content=\"Wer einen Urlaub auf Sardinien mit der Familie plant, der sollte ein Ferienhaus w\u00e4hlen, das f\u00fcr alle Beteiligten das Richtige bietet.\" \/>\n<meta property=\"og:url\" content=\"https:\/\/www.tisenti.com\/de\/sardinien-ferienhaeuser\/fuer-familien\" \/>\n<meta property=\"og:site_name\" content=\"Sardinien Ferienhaus - Costa Rei, Villasimius, Torre delle Stelle\" \/>\n<meta property=\"article:modified_time\" content=\"2022-12-02T07:36:30+00:00\" \/>\n<meta name=\"twitter:card\" content=\"summary_large_image\" \/>\n<meta name=\"twitter:label1\" content=\"Gesch\u00e4tzte Lesezeit\" \/>\n\t<meta name=\"twitter:data1\" content=\"1\u00a0Minute\" \/>\n<!-- \/ Yoast SEO plugin. -->","yoast_head_json":{"title":"Ferienh\u00e4user f\u00fcr Familien an Sardiniens sch\u00f6nsten Str\u00e4nden","description":"Wer einen Urlaub auf Sardinien mit der Familie plant, der sollte ein Ferienhaus w\u00e4hlen, das f\u00fcr alle Beteiligten das Richtige bietet.","robots":{"index":"index","follow":"follow","max-snippet":"max-snippet:-1","max-image-preview":"max-image-preview:large","max-video-preview":"max-video-preview:-1"},"canonical":"https:\/\/www.tisenti.com\/de\/sardinien-ferienhaeuser\/fuer-familien","og_locale":"de_DE","og_type":"article","og_title":"Ferienh\u00e4user f\u00fcr Familien an Sardiniens sch\u00f6nsten Str\u00e4nden","og_description":"Wer einen Urlaub auf Sardinien mit der Familie plant, der sollte ein Ferienhaus w\u00e4hlen, das f\u00fcr alle Beteiligten das Richtige bietet.","og_url":"https:\/\/www.tisenti.com\/de\/sardinien-ferienhaeuser\/fuer-familien","og_site_name":"Sardinien Ferienhaus - Costa Rei, Villasimius, Torre delle Stelle","article_modified_time":"2022-12-02T07:36:30+00:00","twitter_card":"summary_large_image","twitter_misc":{"Gesch\u00e4tzte Lesezeit":"1\u00a0Minute"},"schema":{"@context":"https:\/\/schema.org","@graph":[{"@type":"WebPage","@id":"https:\/\/www.tisenti.com\/de\/sardinien-ferienhaeuser\/fuer-familien","url":"https:\/\/www.tisenti.com\/de\/sardinien-ferienhaeuser\/fuer-familien","name":"Ferienh\u00e4user f\u00fcr Familien an Sardiniens sch\u00f6nsten Str\u00e4nden","isPartOf":{"@id":"https:\/\/www.tisenti.com\/de\/#website"},"datePublished":"2019-06-09T15:01:15+00:00","dateModified":"2022-12-02T07:36:30+00:00","description":"Wer einen Urlaub auf Sardinien mit der Familie plant, der sollte ein Ferienhaus w\u00e4hlen, das f\u00fcr alle Beteiligten das Richtige bietet.","breadcrumb":{"@id":"https:\/\/www.tisenti.com\/de\/sardinien-ferienhaeuser\/fuer-familien#breadcrumb"},"inLanguage":"de","potentialAction":[{"@type":"ReadAction","target":["https:\/\/www.tisenti.com\/de\/sardinien-ferienhaeuser\/fuer-familien"]}]},{"@type":"BreadcrumbList","@id":"https:\/\/www.tisenti.com\/de\/sardinien-ferienhaeuser\/fuer-familien#breadcrumb","itemListElement":[{"@type":"ListItem","position":1,"name":"Startseite","item":"https:\/\/www.tisenti.com\/de\/"},{"@type":"ListItem","position":2,"name":"Sie m\u00f6chten eine Ferienwohnung oder ein Ferienhaus auf Sardinien mieten?","item":"https:\/\/www.tisenti.com\/de\/sardinien-ferienhaeuser"},{"@type":"ListItem","position":3,"name":"Ein Ferienhaus f\u00fcr Familien mit Kindern"}]},{"@type":"WebSite","@id":"https:\/\/www.tisenti.com\/de\/#website","url":"https:\/\/www.tisenti.com\/de\/","name":"Sardinien Ferienhaus - Costa Rei, Villasimius, Torre delle Stelle","description":"Ob auf Sardinien Ferienhaus am Strand, luxuri\u00f6se Villa oder komfortable Ferienwohnung. Wir machen Ihren Sardinien-Traumurlaub wahr. Finden Sie jetzt Ihr Wunschobjekt.","publisher":{"@id":"https:\/\/www.tisenti.com\/de\/#organization"},"potentialAction":[{"@type":"SearchAction","target":{"@type":"EntryPoint","urlTemplate":"https:\/\/www.tisenti.com\/de\/?s={search_term_string}"},"query-input":{"@type":"PropertyValueSpecification","valueRequired":true,"valueName":"search_term_string"}}],"inLanguage":"de"},{"@type":"Organization","@id":"https:\/\/www.tisenti.com\/de\/#organization","name":"Sardinien Ferienhaus - Costa Rei, Villasimius, Torre delle Stelle","url":"https:\/\/www.tisenti.com\/de\/","logo":{"@type":"ImageObject","inLanguage":"de","@id":"https:\/\/www.tisenti.com\/de\/#\/schema\/logo\/image\/","url":"https:\/\/www.tisenti.com\/de\/wp-content\/uploads\/sites\/2\/2019\/10\/logo-tisenti.png","contentUrl":"https:\/\/www.tisenti.com\/de\/wp-content\/uploads\/sites\/2\/2019\/10\/logo-tisenti.png","width":192,"height":50,"caption":"Sardinien Ferienhaus - Costa Rei, Villasimius, Torre delle Stelle"},"image":{"@id":"https:\/\/www.tisenti.com\/de\/#\/schema\/logo\/image\/"}}]}},"_links":{"self":[{"href":"https:\/\/www.tisenti.com\/de\/wp-json\/wp\/v2\/pages\/2497","targetHints":{"allow":["GET"]}}],"collection":[{"href":"https:\/\/www.tisenti.com\/de\/wp-json\/wp\/v2\/pages"}],"about":[{"href":"https:\/\/www.tisenti.com\/de\/wp-json\/wp\/v2\/types\/page"}],"author":[{"embeddable":true,"href":"https:\/\/www.tisenti.com\/de\/wp-json\/wp\/v2\/users\/4"}],"replies":[{"embeddable":true,"href":"https:\/\/www.tisenti.com\/de\/wp-json\/wp\/v2\/comments?post=2497"}],"version-history":[{"count":5,"href":"https:\/\/www.tisenti.com\/de\/wp-json\/wp\/v2\/pages\/2497\/revisions"}],"predecessor-version":[{"id":4759,"href":"https:\/\/www.tisenti.com\/de\/wp-json\/wp\/v2\/pages\/2497\/revisions\/4759"}],"up":[{"embeddable":true,"href":"https:\/\/www.tisenti.com\/de\/wp-json\/wp\/v2\/pages\/40"}],"wp:attachment":[{"href":"https:\/\/www.tisenti.com\/de\/wp-json\/wp\/v2\/media?parent=2497"}],"wp:term":[{"taxonomy":"category","embeddable":true,"href":"https:\/\/www.tisenti.com\/de\/wp-json\/wp\/v2\/categories?post=2497"},{"taxonomy":"post_tag","embeddable":true,"href":"https:\/\/www.tisenti.com\/de\/wp-json\/wp\/v2\/tags?post=2497"}],"curies":[{"name":"wp","href":"https:\/\/api.w.org\/{rel}","templated":true}]}}