{"id":2473,"date":"2019-06-08T23:25:02","date_gmt":"2019-06-08T21:25:02","guid":{"rendered":"http:\/\/tisenti-2019.nakami.de\/de\/?page_id=2473"},"modified":"2023-06-18T23:07:31","modified_gmt":"2023-06-18T21:07:31","slug":"villa-mit-pool","status":"publish","type":"page","link":"https:\/\/www.tisenti.com\/de\/sardinien-ferienhaeuser\/villa-mit-pool","title":{"rendered":"Villa mit Pool und Komfort"},"content":{"rendered":"\n<p>Darf&#8217;s ein wenig mehr sein? H\u00e4user, die nicht allein durch ihre Gr\u00f6\u00dfe in den Stand der &#8220;Villa&#8221; bef\u00f6rdert werden. Ob mit Pool oder gro\u00dfem Garten &#8211; in diesen H\u00e4usern lebt es sich besonders komfortabel und gro\u00dfz\u00fcgig.<\/p>\n\n\n\n<div style=\"height:20px\" aria-hidden=\"true\" class=\"wp-block-spacer\"><\/div>\n\n\n","protected":false},"excerpt":{"rendered":"<p>Darf&#8217;s ein wenig mehr sein? H\u00e4user, die nicht allein durch ihre Gr\u00f6\u00dfe in den Stand der &#8220;Villa&#8221; bef\u00f6rdert werden. Ob mit Pool oder gro\u00dfem Garten &#8211; in diesen H\u00e4usern lebt es sich besonders komfortabel und gro\u00dfz\u00fcgig.<\/p>\n","protected":false},"author":4,"featured_media":0,"parent":40,"menu_order":0,"comment_status":"closed","ping_status":"closed","template":"","meta":{"footnotes":""},"categories":[],"tags":[],"class_list":["post-2473","page","type-page","status-publish","hentry"],"yoast_head":"<!-- This site is optimized with the Yoast SEO plugin v27.4 - https:\/\/yoast.com\/product\/yoast-seo-wordpress\/ -->\n<title>Ihre Villa auf Sardinien mit Pool und Komfort wartet auf Sie!<\/title>\n<meta name=\"description\" content=\"Wenn Sie einen Urlaub mit Stil und Komfort verbringen m\u00f6chten, haben wir die richtige Villa mit Pool und vielen Annehmlichkeiten f\u00fcr Sie.\" \/>\n<meta name=\"robots\" content=\"index, follow, max-snippet:-1, max-image-preview:large, max-video-preview:-1\" \/>\n<link rel=\"canonical\" href=\"https:\/\/www.tisenti.com\/de\/sardinien-ferienhaeuser\/villa-mit-pool\" \/>\n<meta property=\"og:locale\" content=\"de_DE\" \/>\n<meta property=\"og:type\" content=\"article\" \/>\n<meta property=\"og:title\" content=\"Ihre Villa auf Sardinien mit Pool und Komfort wartet auf Sie!\" \/>\n<meta property=\"og:description\" content=\"Wenn Sie einen Urlaub mit Stil und Komfort verbringen m\u00f6chten, haben wir die richtige Villa mit Pool und vielen Annehmlichkeiten f\u00fcr Sie.\" \/>\n<meta property=\"og:url\" content=\"https:\/\/www.tisenti.com\/de\/sardinien-ferienhaeuser\/villa-mit-pool\" \/>\n<meta property=\"og:site_name\" content=\"Sardinien Ferienhaus - Costa Rei, Villasimius, Torre delle Stelle\" \/>\n<meta property=\"article:modified_time\" content=\"2023-06-18T21:07:31+00:00\" \/>\n<meta name=\"twitter:card\" content=\"summary_large_image\" \/>\n<meta name=\"twitter:label1\" content=\"Gesch\u00e4tzte Lesezeit\" \/>\n\t<meta name=\"twitter:data1\" content=\"1\u00a0Minute\" \/>\n<!-- \/ Yoast SEO plugin. -->","yoast_head_json":{"title":"Ihre Villa auf Sardinien mit Pool und Komfort wartet auf Sie!","description":"Wenn Sie einen Urlaub mit Stil und Komfort verbringen m\u00f6chten, haben wir die richtige Villa mit Pool und vielen Annehmlichkeiten f\u00fcr Sie.","robots":{"index":"index","follow":"follow","max-snippet":"max-snippet:-1","max-image-preview":"max-image-preview:large","max-video-preview":"max-video-preview:-1"},"canonical":"https:\/\/www.tisenti.com\/de\/sardinien-ferienhaeuser\/villa-mit-pool","og_locale":"de_DE","og_type":"article","og_title":"Ihre Villa auf Sardinien mit Pool und Komfort wartet auf Sie!","og_description":"Wenn Sie einen Urlaub mit Stil und Komfort verbringen m\u00f6chten, haben wir die richtige Villa mit Pool und vielen Annehmlichkeiten f\u00fcr Sie.","og_url":"https:\/\/www.tisenti.com\/de\/sardinien-ferienhaeuser\/villa-mit-pool","og_site_name":"Sardinien Ferienhaus - Costa Rei, Villasimius, Torre delle Stelle","article_modified_time":"2023-06-18T21:07:31+00:00","twitter_card":"summary_large_image","twitter_misc":{"Gesch\u00e4tzte Lesezeit":"1\u00a0Minute"},"schema":{"@context":"https:\/\/schema.org","@graph":[{"@type":"WebPage","@id":"https:\/\/www.tisenti.com\/de\/sardinien-ferienhaeuser\/villa-mit-pool","url":"https:\/\/www.tisenti.com\/de\/sardinien-ferienhaeuser\/villa-mit-pool","name":"Ihre Villa auf Sardinien mit Pool und Komfort wartet auf Sie!","isPartOf":{"@id":"https:\/\/www.tisenti.com\/de\/#website"},"datePublished":"2019-06-08T21:25:02+00:00","dateModified":"2023-06-18T21:07:31+00:00","description":"Wenn Sie einen Urlaub mit Stil und Komfort verbringen m\u00f6chten, haben wir die richtige Villa mit Pool und vielen Annehmlichkeiten f\u00fcr Sie.","breadcrumb":{"@id":"https:\/\/www.tisenti.com\/de\/sardinien-ferienhaeuser\/villa-mit-pool#breadcrumb"},"inLanguage":"de","potentialAction":[{"@type":"ReadAction","target":["https:\/\/www.tisenti.com\/de\/sardinien-ferienhaeuser\/villa-mit-pool"]}]},{"@type":"BreadcrumbList","@id":"https:\/\/www.tisenti.com\/de\/sardinien-ferienhaeuser\/villa-mit-pool#breadcrumb","itemListElement":[{"@type":"ListItem","position":1,"name":"Startseite","item":"https:\/\/www.tisenti.com\/de\/"},{"@type":"ListItem","position":2,"name":"Sie m\u00f6chten eine Ferienwohnung oder ein Ferienhaus auf Sardinien mieten?","item":"https:\/\/www.tisenti.com\/de\/sardinien-ferienhaeuser"},{"@type":"ListItem","position":3,"name":"Villa mit Pool und Komfort"}]},{"@type":"WebSite","@id":"https:\/\/www.tisenti.com\/de\/#website","url":"https:\/\/www.tisenti.com\/de\/","name":"Sardinien Ferienhaus - Costa Rei, Villasimius, Torre delle Stelle","description":"Ob auf Sardinien Ferienhaus am Strand, luxuri\u00f6se Villa oder komfortable Ferienwohnung. Wir machen Ihren Sardinien-Traumurlaub wahr. Finden Sie jetzt Ihr Wunschobjekt.","publisher":{"@id":"https:\/\/www.tisenti.com\/de\/#organization"},"potentialAction":[{"@type":"SearchAction","target":{"@type":"EntryPoint","urlTemplate":"https:\/\/www.tisenti.com\/de\/?s={search_term_string}"},"query-input":{"@type":"PropertyValueSpecification","valueRequired":true,"valueName":"search_term_string"}}],"inLanguage":"de"},{"@type":"Organization","@id":"https:\/\/www.tisenti.com\/de\/#organization","name":"Sardinien Ferienhaus - Costa Rei, Villasimius, Torre delle Stelle","url":"https:\/\/www.tisenti.com\/de\/","logo":{"@type":"ImageObject","inLanguage":"de","@id":"https:\/\/www.tisenti.com\/de\/#\/schema\/logo\/image\/","url":"https:\/\/www.tisenti.com\/de\/wp-content\/uploads\/sites\/2\/2019\/10\/logo-tisenti.png","contentUrl":"https:\/\/www.tisenti.com\/de\/wp-content\/uploads\/sites\/2\/2019\/10\/logo-tisenti.png","width":192,"height":50,"caption":"Sardinien Ferienhaus - Costa Rei, Villasimius, Torre delle Stelle"},"image":{"@id":"https:\/\/www.tisenti.com\/de\/#\/schema\/logo\/image\/"}}]}},"_links":{"self":[{"href":"https:\/\/www.tisenti.com\/de\/wp-json\/wp\/v2\/pages\/2473","targetHints":{"allow":["GET"]}}],"collection":[{"href":"https:\/\/www.tisenti.com\/de\/wp-json\/wp\/v2\/pages"}],"about":[{"href":"https:\/\/www.tisenti.com\/de\/wp-json\/wp\/v2\/types\/page"}],"author":[{"embeddable":true,"href":"https:\/\/www.tisenti.com\/de\/wp-json\/wp\/v2\/users\/4"}],"replies":[{"embeddable":true,"href":"https:\/\/www.tisenti.com\/de\/wp-json\/wp\/v2\/comments?post=2473"}],"version-history":[{"count":3,"href":"https:\/\/www.tisenti.com\/de\/wp-json\/wp\/v2\/pages\/2473\/revisions"}],"predecessor-version":[{"id":4606,"href":"https:\/\/www.tisenti.com\/de\/wp-json\/wp\/v2\/pages\/2473\/revisions\/4606"}],"up":[{"embeddable":true,"href":"https:\/\/www.tisenti.com\/de\/wp-json\/wp\/v2\/pages\/40"}],"wp:attachment":[{"href":"https:\/\/www.tisenti.com\/de\/wp-json\/wp\/v2\/media?parent=2473"}],"wp:term":[{"taxonomy":"category","embeddable":true,"href":"https:\/\/www.tisenti.com\/de\/wp-json\/wp\/v2\/categories?post=2473"},{"taxonomy":"post_tag","embeddable":true,"href":"https:\/\/www.tisenti.com\/de\/wp-json\/wp\/v2\/tags?post=2473"}],"curies":[{"name":"wp","href":"https:\/\/api.w.org\/{rel}","templated":true}]}}