{"id":190,"date":"2018-11-28T07:25:41","date_gmt":"2018-11-28T07:25:41","guid":{"rendered":"http:\/\/tisenti-2018.nakami.de\/?page_id=190"},"modified":"2019-09-26T07:23:28","modified_gmt":"2019-09-26T05:23:28","slug":"merkliste","status":"publish","type":"page","link":"https:\/\/www.tisenti.com\/de\/sardinien-ferienhaeuser\/merkliste","title":{"rendered":"Meine Ferienhaus-Favoriten"},"content":{"rendered":"\n<p><\/p>\n\n\n\n<p class=\"has-medium-font-size\">Wer die Wahl hat, hat die Qual. Doch nach langem Suchen ist Linderung nun nahe. Denn hier sind kurz und \u00fcbersichtlich Ihre Top-Kandidaten f\u00fcr den n\u00e4chsten Urlaub aufgef\u00fchrt. <br>Noch hat kein Haus Ihr Herz erobert, oder Sie k\u00f6nnen sich einfach nicht entscheiden? Wetten, dass wir doch das Passende f\u00fcr Sie finden?<br>Rufen Sie uns einfach unter <strong>+49- (0)89-3000 2043<\/strong> an oder senden Sie uns eine <a href=\"mailto:office@tisenti.com\"><strong>Mail<\/strong><\/a> &#8211; wir beraten Sie gerne!<\/p>\n\n\n","protected":false},"excerpt":{"rendered":"<p>Wer die Wahl hat, hat die Qual. Doch nach langem Suchen ist Linderung nun nahe. Denn hier sind kurz und \u00fcbersichtlich Ihre Top-Kandidaten f\u00fcr den n\u00e4chsten Urlaub aufgef\u00fchrt. Noch hat kein Haus Ihr Herz erobert, oder Sie k\u00f6nnen sich einfach nicht entscheiden? Wetten, dass wir doch das Passende f\u00fcr Sie finden?Rufen Sie uns einfach unter<a class=\"excerpt-read-more\" href=\"https:\/\/www.tisenti.com\/de\/sardinien-ferienhaeuser\/merkliste\" title=\"ReadMeine Ferienhaus-Favoriten\">&#8230; Read more &raquo;<\/a><\/p>\n","protected":false},"author":3,"featured_media":0,"parent":40,"menu_order":0,"comment_status":"closed","ping_status":"closed","template":"","meta":{"footnotes":""},"categories":[],"tags":[],"class_list":["post-190","page","type-page","status-publish","hentry"],"yoast_head":"<!-- This site is optimized with the Yoast SEO plugin v27.3 - https:\/\/yoast.com\/product\/yoast-seo-wordpress\/ -->\n<title>Merkliste Ihrer Ferienh\u00e4user und Wohnungen auf Sardinien<\/title>\n<meta name=\"description\" content=\"F\u00fcgen Sie Ferienh\u00e4user oder Ferienwohnungen die Ihnen auf tisenti.com gefallen, f\u00fcr eine sp\u00e4tere Buchung der individuellen Merkliste hinzu.\" \/>\n<meta name=\"robots\" content=\"index, follow, max-snippet:-1, max-image-preview:large, max-video-preview:-1\" \/>\n<link rel=\"canonical\" href=\"https:\/\/www.tisenti.com\/de\/sardinien-ferienhaeuser\/merkliste\" \/>\n<meta property=\"og:locale\" content=\"de_DE\" \/>\n<meta property=\"og:type\" content=\"article\" \/>\n<meta property=\"og:title\" content=\"Merkliste Ihrer Ferienh\u00e4user und Wohnungen auf Sardinien\" \/>\n<meta property=\"og:description\" content=\"F\u00fcgen Sie Ferienh\u00e4user oder Ferienwohnungen die Ihnen auf tisenti.com gefallen, f\u00fcr eine sp\u00e4tere Buchung der individuellen Merkliste hinzu.\" \/>\n<meta property=\"og:url\" content=\"https:\/\/www.tisenti.com\/de\/sardinien-ferienhaeuser\/merkliste\" \/>\n<meta property=\"og:site_name\" content=\"Sardinien Ferienhaus - Costa Rei, Villasimius, Torre delle Stelle\" \/>\n<meta property=\"article:modified_time\" content=\"2019-09-26T05:23:28+00:00\" \/>\n<meta name=\"twitter:card\" content=\"summary_large_image\" \/>\n<!-- \/ Yoast SEO plugin. -->","yoast_head_json":{"title":"Merkliste Ihrer Ferienh\u00e4user und Wohnungen auf Sardinien","description":"F\u00fcgen Sie Ferienh\u00e4user oder Ferienwohnungen die Ihnen auf tisenti.com gefallen, f\u00fcr eine sp\u00e4tere Buchung der individuellen Merkliste hinzu.","robots":{"index":"index","follow":"follow","max-snippet":"max-snippet:-1","max-image-preview":"max-image-preview:large","max-video-preview":"max-video-preview:-1"},"canonical":"https:\/\/www.tisenti.com\/de\/sardinien-ferienhaeuser\/merkliste","og_locale":"de_DE","og_type":"article","og_title":"Merkliste Ihrer Ferienh\u00e4user und Wohnungen auf Sardinien","og_description":"F\u00fcgen Sie Ferienh\u00e4user oder Ferienwohnungen die Ihnen auf tisenti.com gefallen, f\u00fcr eine sp\u00e4tere Buchung der individuellen Merkliste hinzu.","og_url":"https:\/\/www.tisenti.com\/de\/sardinien-ferienhaeuser\/merkliste","og_site_name":"Sardinien Ferienhaus - Costa Rei, Villasimius, Torre delle Stelle","article_modified_time":"2019-09-26T05:23:28+00:00","twitter_card":"summary_large_image","schema":{"@context":"https:\/\/schema.org","@graph":[{"@type":"WebPage","@id":"https:\/\/www.tisenti.com\/de\/sardinien-ferienhaeuser\/merkliste","url":"https:\/\/www.tisenti.com\/de\/sardinien-ferienhaeuser\/merkliste","name":"Merkliste Ihrer Ferienh\u00e4user und Wohnungen auf Sardinien","isPartOf":{"@id":"https:\/\/www.tisenti.com\/de\/#website"},"datePublished":"2018-11-28T07:25:41+00:00","dateModified":"2019-09-26T05:23:28+00:00","description":"F\u00fcgen Sie Ferienh\u00e4user oder Ferienwohnungen die Ihnen auf tisenti.com gefallen, f\u00fcr eine sp\u00e4tere Buchung der individuellen Merkliste hinzu.","breadcrumb":{"@id":"https:\/\/www.tisenti.com\/de\/sardinien-ferienhaeuser\/merkliste#breadcrumb"},"inLanguage":"de","potentialAction":[{"@type":"ReadAction","target":["https:\/\/www.tisenti.com\/de\/sardinien-ferienhaeuser\/merkliste"]}]},{"@type":"BreadcrumbList","@id":"https:\/\/www.tisenti.com\/de\/sardinien-ferienhaeuser\/merkliste#breadcrumb","itemListElement":[{"@type":"ListItem","position":1,"name":"Startseite","item":"https:\/\/www.tisenti.com\/de\/"},{"@type":"ListItem","position":2,"name":"Sie m\u00f6chten eine Ferienwohnung oder ein Ferienhaus auf Sardinien mieten?","item":"https:\/\/www.tisenti.com\/de\/sardinien-ferienhaeuser"},{"@type":"ListItem","position":3,"name":"Meine Ferienhaus-Favoriten"}]},{"@type":"WebSite","@id":"https:\/\/www.tisenti.com\/de\/#website","url":"https:\/\/www.tisenti.com\/de\/","name":"Sardinien Ferienhaus - Costa Rei, Villasimius, Torre delle Stelle","description":"Ob auf Sardinien Ferienhaus am Strand, luxuri\u00f6se Villa oder komfortable Ferienwohnung. Wir machen Ihren Sardinien-Traumurlaub wahr. Finden Sie jetzt Ihr Wunschobjekt.","publisher":{"@id":"https:\/\/www.tisenti.com\/de\/#organization"},"potentialAction":[{"@type":"SearchAction","target":{"@type":"EntryPoint","urlTemplate":"https:\/\/www.tisenti.com\/de\/?s={search_term_string}"},"query-input":{"@type":"PropertyValueSpecification","valueRequired":true,"valueName":"search_term_string"}}],"inLanguage":"de"},{"@type":"Organization","@id":"https:\/\/www.tisenti.com\/de\/#organization","name":"Sardinien Ferienhaus - Costa Rei, Villasimius, Torre delle Stelle","url":"https:\/\/www.tisenti.com\/de\/","logo":{"@type":"ImageObject","inLanguage":"de","@id":"https:\/\/www.tisenti.com\/de\/#\/schema\/logo\/image\/","url":"https:\/\/www.tisenti.com\/de\/wp-content\/uploads\/sites\/2\/2019\/10\/logo-tisenti.png","contentUrl":"https:\/\/www.tisenti.com\/de\/wp-content\/uploads\/sites\/2\/2019\/10\/logo-tisenti.png","width":192,"height":50,"caption":"Sardinien Ferienhaus - Costa Rei, Villasimius, Torre delle Stelle"},"image":{"@id":"https:\/\/www.tisenti.com\/de\/#\/schema\/logo\/image\/"}}]}},"_links":{"self":[{"href":"https:\/\/www.tisenti.com\/de\/wp-json\/wp\/v2\/pages\/190","targetHints":{"allow":["GET"]}}],"collection":[{"href":"https:\/\/www.tisenti.com\/de\/wp-json\/wp\/v2\/pages"}],"about":[{"href":"https:\/\/www.tisenti.com\/de\/wp-json\/wp\/v2\/types\/page"}],"author":[{"embeddable":true,"href":"https:\/\/www.tisenti.com\/de\/wp-json\/wp\/v2\/users\/3"}],"replies":[{"embeddable":true,"href":"https:\/\/www.tisenti.com\/de\/wp-json\/wp\/v2\/comments?post=190"}],"version-history":[{"count":4,"href":"https:\/\/www.tisenti.com\/de\/wp-json\/wp\/v2\/pages\/190\/revisions"}],"predecessor-version":[{"id":3768,"href":"https:\/\/www.tisenti.com\/de\/wp-json\/wp\/v2\/pages\/190\/revisions\/3768"}],"up":[{"embeddable":true,"href":"https:\/\/www.tisenti.com\/de\/wp-json\/wp\/v2\/pages\/40"}],"wp:attachment":[{"href":"https:\/\/www.tisenti.com\/de\/wp-json\/wp\/v2\/media?parent=190"}],"wp:term":[{"taxonomy":"category","embeddable":true,"href":"https:\/\/www.tisenti.com\/de\/wp-json\/wp\/v2\/categories?post=190"},{"taxonomy":"post_tag","embeddable":true,"href":"https:\/\/www.tisenti.com\/de\/wp-json\/wp\/v2\/tags?post=190"}],"curies":[{"name":"wp","href":"https:\/\/api.w.org\/{rel}","templated":true}]}}