{"id":182,"date":"2018-11-28T07:12:23","date_gmt":"2018-11-28T07:12:23","guid":{"rendered":"http:\/\/tisenti-2018.nakami.de\/?page_id=182"},"modified":"2019-10-14T20:52:46","modified_gmt":"2019-10-14T18:52:46","slug":"preise","status":"publish","type":"page","link":"https:\/\/www.tisenti.com\/de\/sardinien-ferienhaeuser\/preise","title":{"rendered":"Sardinien Ferienh\u00e4user und Wohnungen Preis\u00fcbersicht"},"content":{"rendered":"disconnected","protected":false},"excerpt":{"rendered":"","protected":false},"author":3,"featured_media":0,"parent":40,"menu_order":0,"comment_status":"closed","ping_status":"closed","template":"","meta":{"footnotes":""},"categories":[],"tags":[],"class_list":["post-182","page","type-page","status-publish","hentry"],"yoast_head":"<!-- This site is optimized with the Yoast SEO plugin v27.5 - https:\/\/yoast.com\/product\/yoast-seo-wordpress\/ -->\n<title>Preise unserer Sardinien Ferienh\u00e4user im \u00dcberblick<\/title>\n<meta name=\"description\" content=\"Auf dieser Seite geben wir Ihnen einen \u00dcberblick \u00fcber die Preise unserer Ferienh\u00e4user auf Sardinien - nach der jeweiligen Kategorie und Saison gegliedert.\" \/>\n<meta name=\"robots\" content=\"index, follow, max-snippet:-1, max-image-preview:large, max-video-preview:-1\" \/>\n<link rel=\"canonical\" href=\"https:\/\/www.tisenti.com\/de\/sardinien-ferienhaeuser\/preise\" \/>\n<meta property=\"og:locale\" content=\"de_DE\" \/>\n<meta property=\"og:type\" content=\"article\" \/>\n<meta property=\"og:title\" content=\"Preise unserer Sardinien Ferienh\u00e4user im \u00dcberblick\" \/>\n<meta property=\"og:description\" content=\"Auf dieser Seite geben wir Ihnen einen \u00dcberblick \u00fcber die Preise unserer Ferienh\u00e4user auf Sardinien - nach der jeweiligen Kategorie und Saison gegliedert.\" \/>\n<meta property=\"og:url\" content=\"https:\/\/www.tisenti.com\/de\/sardinien-ferienhaeuser\/preise\" \/>\n<meta property=\"og:site_name\" content=\"Sardinien Ferienhaus - Costa Rei, Villasimius, Torre delle Stelle\" \/>\n<meta property=\"article:modified_time\" content=\"2019-10-14T18:52:46+00:00\" \/>\n<meta name=\"twitter:card\" content=\"summary_large_image\" \/>\n<!-- \/ Yoast SEO plugin. -->","yoast_head_json":{"title":"Preise unserer Sardinien Ferienh\u00e4user im \u00dcberblick","description":"Auf dieser Seite geben wir Ihnen einen \u00dcberblick \u00fcber die Preise unserer Ferienh\u00e4user auf Sardinien - nach der jeweiligen Kategorie und Saison gegliedert.","robots":{"index":"index","follow":"follow","max-snippet":"max-snippet:-1","max-image-preview":"max-image-preview:large","max-video-preview":"max-video-preview:-1"},"canonical":"https:\/\/www.tisenti.com\/de\/sardinien-ferienhaeuser\/preise","og_locale":"de_DE","og_type":"article","og_title":"Preise unserer Sardinien Ferienh\u00e4user im \u00dcberblick","og_description":"Auf dieser Seite geben wir Ihnen einen \u00dcberblick \u00fcber die Preise unserer Ferienh\u00e4user auf Sardinien - nach der jeweiligen Kategorie und Saison gegliedert.","og_url":"https:\/\/www.tisenti.com\/de\/sardinien-ferienhaeuser\/preise","og_site_name":"Sardinien Ferienhaus - Costa Rei, Villasimius, Torre delle Stelle","article_modified_time":"2019-10-14T18:52:46+00:00","twitter_card":"summary_large_image","schema":{"@context":"https:\/\/schema.org","@graph":[{"@type":"WebPage","@id":"https:\/\/www.tisenti.com\/de\/sardinien-ferienhaeuser\/preise","url":"https:\/\/www.tisenti.com\/de\/sardinien-ferienhaeuser\/preise","name":"Preise unserer Sardinien Ferienh\u00e4user im \u00dcberblick","isPartOf":{"@id":"https:\/\/www.tisenti.com\/de\/#website"},"datePublished":"2018-11-28T07:12:23+00:00","dateModified":"2019-10-14T18:52:46+00:00","description":"Auf dieser Seite geben wir Ihnen einen \u00dcberblick \u00fcber die Preise unserer Ferienh\u00e4user auf Sardinien - nach der jeweiligen Kategorie und Saison gegliedert.","breadcrumb":{"@id":"https:\/\/www.tisenti.com\/de\/sardinien-ferienhaeuser\/preise#breadcrumb"},"inLanguage":"de","potentialAction":[{"@type":"ReadAction","target":["https:\/\/www.tisenti.com\/de\/sardinien-ferienhaeuser\/preise"]}]},{"@type":"BreadcrumbList","@id":"https:\/\/www.tisenti.com\/de\/sardinien-ferienhaeuser\/preise#breadcrumb","itemListElement":[{"@type":"ListItem","position":1,"name":"Startseite","item":"https:\/\/www.tisenti.com\/de\/"},{"@type":"ListItem","position":2,"name":"Sie m\u00f6chten eine Ferienwohnung oder ein Ferienhaus auf Sardinien mieten?","item":"https:\/\/www.tisenti.com\/de\/sardinien-ferienhaeuser"},{"@type":"ListItem","position":3,"name":"Sardinien Ferienh\u00e4user und Wohnungen Preis\u00fcbersicht"}]},{"@type":"WebSite","@id":"https:\/\/www.tisenti.com\/de\/#website","url":"https:\/\/www.tisenti.com\/de\/","name":"Sardinien Ferienhaus - Costa Rei, Villasimius, Torre delle Stelle","description":"Ob auf Sardinien Ferienhaus am Strand, luxuri\u00f6se Villa oder komfortable Ferienwohnung. Wir machen Ihren Sardinien-Traumurlaub wahr. Finden Sie jetzt Ihr Wunschobjekt.","publisher":{"@id":"https:\/\/www.tisenti.com\/de\/#organization"},"potentialAction":[{"@type":"SearchAction","target":{"@type":"EntryPoint","urlTemplate":"https:\/\/www.tisenti.com\/de\/?s={search_term_string}"},"query-input":{"@type":"PropertyValueSpecification","valueRequired":true,"valueName":"search_term_string"}}],"inLanguage":"de"},{"@type":"Organization","@id":"https:\/\/www.tisenti.com\/de\/#organization","name":"Sardinien Ferienhaus - Costa Rei, Villasimius, Torre delle Stelle","url":"https:\/\/www.tisenti.com\/de\/","logo":{"@type":"ImageObject","inLanguage":"de","@id":"https:\/\/www.tisenti.com\/de\/#\/schema\/logo\/image\/","url":"https:\/\/www.tisenti.com\/de\/wp-content\/uploads\/sites\/2\/2019\/10\/logo-tisenti.png","contentUrl":"https:\/\/www.tisenti.com\/de\/wp-content\/uploads\/sites\/2\/2019\/10\/logo-tisenti.png","width":192,"height":50,"caption":"Sardinien Ferienhaus - Costa Rei, Villasimius, Torre delle Stelle"},"image":{"@id":"https:\/\/www.tisenti.com\/de\/#\/schema\/logo\/image\/"}}]}},"_links":{"self":[{"href":"https:\/\/www.tisenti.com\/de\/wp-json\/wp\/v2\/pages\/182","targetHints":{"allow":["GET"]}}],"collection":[{"href":"https:\/\/www.tisenti.com\/de\/wp-json\/wp\/v2\/pages"}],"about":[{"href":"https:\/\/www.tisenti.com\/de\/wp-json\/wp\/v2\/types\/page"}],"author":[{"embeddable":true,"href":"https:\/\/www.tisenti.com\/de\/wp-json\/wp\/v2\/users\/3"}],"replies":[{"embeddable":true,"href":"https:\/\/www.tisenti.com\/de\/wp-json\/wp\/v2\/comments?post=182"}],"version-history":[{"count":2,"href":"https:\/\/www.tisenti.com\/de\/wp-json\/wp\/v2\/pages\/182\/revisions"}],"predecessor-version":[{"id":3986,"href":"https:\/\/www.tisenti.com\/de\/wp-json\/wp\/v2\/pages\/182\/revisions\/3986"}],"up":[{"embeddable":true,"href":"https:\/\/www.tisenti.com\/de\/wp-json\/wp\/v2\/pages\/40"}],"wp:attachment":[{"href":"https:\/\/www.tisenti.com\/de\/wp-json\/wp\/v2\/media?parent=182"}],"wp:term":[{"taxonomy":"category","embeddable":true,"href":"https:\/\/www.tisenti.com\/de\/wp-json\/wp\/v2\/categories?post=182"},{"taxonomy":"post_tag","embeddable":true,"href":"https:\/\/www.tisenti.com\/de\/wp-json\/wp\/v2\/tags?post=182"}],"curies":[{"name":"wp","href":"https:\/\/api.w.org\/{rel}","templated":true}]}}