{"id":1688,"date":"2019-04-08T15:48:43","date_gmt":"2019-04-08T13:48:43","guid":{"rendered":"http:\/\/tisenti-2019.nakami.de\/de\/?page_id=1688"},"modified":"2023-06-18T23:18:00","modified_gmt":"2023-06-18T21:18:00","slug":"direkt-am-meer","status":"publish","type":"page","link":"https:\/\/www.tisenti.com\/de\/sardinien-ferienhaeuser\/direkt-am-meer","title":{"rendered":"Ein Ferienhaus direkt am Meer"},"content":{"rendered":"\n<p>Ein Ferienhaus direkt am Strand &#8211; hier gibt&#8217;s das! Wir haben eine gro\u00dfe Auswahl von  H\u00e4usern und Wohnungen die im Abstand bis zu 200 Metern zu den sch\u00f6nsten Sandstr\u00e4nden S\u00fcdsardiniens liegen.<br>Gerade beim Urlaub mit Kindern  ist es ein nicht von der Hand zu weisender Vorteil wenn das k\u00fchlende  Nass nur ein paar Meter entfernt zu finden ist. Tauchen Sie ein&#8230;<\/p>\n\n\n\n<div style=\"height:29px\" aria-hidden=\"true\" class=\"wp-block-spacer\"><\/div>\n\n\n\n\n\n<p><\/p>\n","protected":false},"excerpt":{"rendered":"<p>Ein Ferienhaus direkt am Strand &#8211; hier gibt&#8217;s das! Wir haben eine gro\u00dfe Auswahl von H\u00e4usern und Wohnungen die im Abstand bis zu 200 Metern zu den sch\u00f6nsten Sandstr\u00e4nden S\u00fcdsardiniens liegen.Gerade beim Urlaub mit Kindern ist es ein nicht von der Hand zu weisender Vorteil wenn das k\u00fchlende Nass nur ein paar Meter entfernt zu<a class=\"excerpt-read-more\" href=\"https:\/\/www.tisenti.com\/de\/sardinien-ferienhaeuser\/direkt-am-meer\" title=\"ReadEin Ferienhaus direkt am Meer\">&#8230; Read more &raquo;<\/a><\/p>\n","protected":false},"author":2,"featured_media":0,"parent":40,"menu_order":0,"comment_status":"closed","ping_status":"closed","template":"","meta":{"footnotes":""},"categories":[],"tags":[],"class_list":["post-1688","page","type-page","status-publish","hentry"],"yoast_head":"<!-- This site is optimized with the Yoast SEO plugin v27.3 - https:\/\/yoast.com\/product\/yoast-seo-wordpress\/ -->\n<title>Mieten Sie ein Ferienhaus auf Sardinien direkt am Meer<\/title>\n<meta name=\"description\" content=\"Sie m\u00f6chten ein Ferienhaus auf Sardinien mieten, das sich direkt am Meer befindet? Kein Problem, hier finden Sie unsere H\u00e4user in Strandn\u00e4he.\" \/>\n<meta name=\"robots\" content=\"index, follow, max-snippet:-1, max-image-preview:large, max-video-preview:-1\" \/>\n<link rel=\"canonical\" href=\"https:\/\/www.tisenti.com\/de\/sardinien-ferienhaeuser\/direkt-am-meer\" \/>\n<meta property=\"og:locale\" content=\"de_DE\" \/>\n<meta property=\"og:type\" content=\"article\" \/>\n<meta property=\"og:title\" content=\"Mieten Sie ein Ferienhaus auf Sardinien direkt am Meer\" \/>\n<meta property=\"og:description\" content=\"Sie m\u00f6chten ein Ferienhaus auf Sardinien mieten, das sich direkt am Meer befindet? Kein Problem, hier finden Sie unsere H\u00e4user in Strandn\u00e4he.\" \/>\n<meta property=\"og:url\" content=\"https:\/\/www.tisenti.com\/de\/sardinien-ferienhaeuser\/direkt-am-meer\" \/>\n<meta property=\"og:site_name\" content=\"Sardinien Ferienhaus - Costa Rei, Villasimius, Torre delle Stelle\" \/>\n<meta property=\"article:modified_time\" content=\"2023-06-18T21:18:00+00:00\" \/>\n<meta name=\"twitter:card\" content=\"summary_large_image\" \/>\n<meta name=\"twitter:label1\" content=\"Gesch\u00e4tzte Lesezeit\" \/>\n\t<meta name=\"twitter:data1\" content=\"1\u00a0Minute\" \/>\n<!-- \/ Yoast SEO plugin. -->","yoast_head_json":{"title":"Mieten Sie ein Ferienhaus auf Sardinien direkt am Meer","description":"Sie m\u00f6chten ein Ferienhaus auf Sardinien mieten, das sich direkt am Meer befindet? Kein Problem, hier finden Sie unsere H\u00e4user in Strandn\u00e4he.","robots":{"index":"index","follow":"follow","max-snippet":"max-snippet:-1","max-image-preview":"max-image-preview:large","max-video-preview":"max-video-preview:-1"},"canonical":"https:\/\/www.tisenti.com\/de\/sardinien-ferienhaeuser\/direkt-am-meer","og_locale":"de_DE","og_type":"article","og_title":"Mieten Sie ein Ferienhaus auf Sardinien direkt am Meer","og_description":"Sie m\u00f6chten ein Ferienhaus auf Sardinien mieten, das sich direkt am Meer befindet? Kein Problem, hier finden Sie unsere H\u00e4user in Strandn\u00e4he.","og_url":"https:\/\/www.tisenti.com\/de\/sardinien-ferienhaeuser\/direkt-am-meer","og_site_name":"Sardinien Ferienhaus - Costa Rei, Villasimius, Torre delle Stelle","article_modified_time":"2023-06-18T21:18:00+00:00","twitter_card":"summary_large_image","twitter_misc":{"Gesch\u00e4tzte Lesezeit":"1\u00a0Minute"},"schema":{"@context":"https:\/\/schema.org","@graph":[{"@type":"WebPage","@id":"https:\/\/www.tisenti.com\/de\/sardinien-ferienhaeuser\/direkt-am-meer","url":"https:\/\/www.tisenti.com\/de\/sardinien-ferienhaeuser\/direkt-am-meer","name":"Mieten Sie ein Ferienhaus auf Sardinien direkt am Meer","isPartOf":{"@id":"https:\/\/www.tisenti.com\/de\/#website"},"datePublished":"2019-04-08T13:48:43+00:00","dateModified":"2023-06-18T21:18:00+00:00","description":"Sie m\u00f6chten ein Ferienhaus auf Sardinien mieten, das sich direkt am Meer befindet? Kein Problem, hier finden Sie unsere H\u00e4user in Strandn\u00e4he.","breadcrumb":{"@id":"https:\/\/www.tisenti.com\/de\/sardinien-ferienhaeuser\/direkt-am-meer#breadcrumb"},"inLanguage":"de","potentialAction":[{"@type":"ReadAction","target":["https:\/\/www.tisenti.com\/de\/sardinien-ferienhaeuser\/direkt-am-meer"]}]},{"@type":"BreadcrumbList","@id":"https:\/\/www.tisenti.com\/de\/sardinien-ferienhaeuser\/direkt-am-meer#breadcrumb","itemListElement":[{"@type":"ListItem","position":1,"name":"Startseite","item":"https:\/\/www.tisenti.com\/de\/"},{"@type":"ListItem","position":2,"name":"Sie m\u00f6chten eine Ferienwohnung oder ein Ferienhaus auf Sardinien mieten?","item":"https:\/\/www.tisenti.com\/de\/sardinien-ferienhaeuser"},{"@type":"ListItem","position":3,"name":"Ein Ferienhaus direkt am Meer"}]},{"@type":"WebSite","@id":"https:\/\/www.tisenti.com\/de\/#website","url":"https:\/\/www.tisenti.com\/de\/","name":"Sardinien Ferienhaus - Costa Rei, Villasimius, Torre delle Stelle","description":"Ob auf Sardinien Ferienhaus am Strand, luxuri\u00f6se Villa oder komfortable Ferienwohnung. Wir machen Ihren Sardinien-Traumurlaub wahr. Finden Sie jetzt Ihr Wunschobjekt.","publisher":{"@id":"https:\/\/www.tisenti.com\/de\/#organization"},"potentialAction":[{"@type":"SearchAction","target":{"@type":"EntryPoint","urlTemplate":"https:\/\/www.tisenti.com\/de\/?s={search_term_string}"},"query-input":{"@type":"PropertyValueSpecification","valueRequired":true,"valueName":"search_term_string"}}],"inLanguage":"de"},{"@type":"Organization","@id":"https:\/\/www.tisenti.com\/de\/#organization","name":"Sardinien Ferienhaus - Costa Rei, Villasimius, Torre delle Stelle","url":"https:\/\/www.tisenti.com\/de\/","logo":{"@type":"ImageObject","inLanguage":"de","@id":"https:\/\/www.tisenti.com\/de\/#\/schema\/logo\/image\/","url":"https:\/\/www.tisenti.com\/de\/wp-content\/uploads\/sites\/2\/2019\/10\/logo-tisenti.png","contentUrl":"https:\/\/www.tisenti.com\/de\/wp-content\/uploads\/sites\/2\/2019\/10\/logo-tisenti.png","width":192,"height":50,"caption":"Sardinien Ferienhaus - Costa Rei, Villasimius, Torre delle Stelle"},"image":{"@id":"https:\/\/www.tisenti.com\/de\/#\/schema\/logo\/image\/"}}]}},"_links":{"self":[{"href":"https:\/\/www.tisenti.com\/de\/wp-json\/wp\/v2\/pages\/1688","targetHints":{"allow":["GET"]}}],"collection":[{"href":"https:\/\/www.tisenti.com\/de\/wp-json\/wp\/v2\/pages"}],"about":[{"href":"https:\/\/www.tisenti.com\/de\/wp-json\/wp\/v2\/types\/page"}],"author":[{"embeddable":true,"href":"https:\/\/www.tisenti.com\/de\/wp-json\/wp\/v2\/users\/2"}],"replies":[{"embeddable":true,"href":"https:\/\/www.tisenti.com\/de\/wp-json\/wp\/v2\/comments?post=1688"}],"version-history":[{"count":6,"href":"https:\/\/www.tisenti.com\/de\/wp-json\/wp\/v2\/pages\/1688\/revisions"}],"predecessor-version":[{"id":4711,"href":"https:\/\/www.tisenti.com\/de\/wp-json\/wp\/v2\/pages\/1688\/revisions\/4711"}],"up":[{"embeddable":true,"href":"https:\/\/www.tisenti.com\/de\/wp-json\/wp\/v2\/pages\/40"}],"wp:attachment":[{"href":"https:\/\/www.tisenti.com\/de\/wp-json\/wp\/v2\/media?parent=1688"}],"wp:term":[{"taxonomy":"category","embeddable":true,"href":"https:\/\/www.tisenti.com\/de\/wp-json\/wp\/v2\/categories?post=1688"},{"taxonomy":"post_tag","embeddable":true,"href":"https:\/\/www.tisenti.com\/de\/wp-json\/wp\/v2\/tags?post=1688"}],"curies":[{"name":"wp","href":"https:\/\/api.w.org\/{rel}","templated":true}]}}