{"id":158,"date":"2018-11-27T20:35:37","date_gmt":"2018-11-27T19:35:37","guid":{"rendered":"http:\/\/tisenti-2018.nakami.de\/?page_id=158"},"modified":"2024-02-21T11:35:33","modified_gmt":"2024-02-21T10:35:33","slug":"urlaubsorte","status":"publish","type":"page","link":"https:\/\/www.tisenti.com\/de\/urlaubsorte","title":{"rendered":"Urlaubsorte"},"content":{"rendered":"\n<div class=\"wp-block-grid-blocks-grid-block-container grid-x grid-margin-x grid-margin-y content-grid\">\n<div class=\"wp-block-grid-blocks-grid-block-column cell panel small-12 medium-12 large-12 null grid-padding-y\">\n<p class=\"has-medium-font-size\">Es gibt ihn, diesen typischen Sardinienduft. Man sagt, dass jeder der ihn einmal geatmet hat, die Insel versteht. Und  tats\u00e4chlich stellt die Mischung aus Macchia- und Seebrise einerseits  und dem optischen Spektakel des glasklaren Meeres und seiner wei\u00dfen,  feinsandigen Ufer andererseits, das perfekte Empfangskomitee f\u00fcr jeden  Sardinienurlauber dar. <\/p>\n<\/div>\n\n\n\n<div class=\"wp-block-grid-blocks-grid-block-column cell panel small-12 medium-6 large-6 null grid-padding-y\">\n<figure class=\"wp-block-gallery has-nested-images columns-2 is-cropped wp-block-gallery-1 is-layout-flex wp-block-gallery-is-layout-flex\">\n<figure class=\"wp-block-image\"><img loading=\"lazy\" decoding=\"async\" width=\"290\" height=\"250\" data-id=\"253\" src=\"https:\/\/www.tisenti.com\/de\/wp-content\/uploads\/sites\/2\/2018\/12\/290x250_ausblick_3499-1.jpg\" alt=\"\" class=\"wp-image-253\" \/><figcaption class=\"wp-element-caption\">\n\t\t\t\t\t\t<\/figcaption><\/figure>\n\n\n\n<figure class=\"wp-block-image\"><img loading=\"lazy\" decoding=\"async\" width=\"284\" height=\"220\" data-id=\"263\" src=\"https:\/\/www.tisenti.com\/de\/wp-content\/uploads\/sites\/2\/2018\/12\/284x220_markt-fischtheke-1.jpg\" alt=\"\" class=\"wp-image-263\" \/><figcaption class=\"wp-element-caption\">\n\t\t\t\t\t\t<\/figcaption><\/figure>\n\n\n\n<figure class=\"wp-block-image\"><img loading=\"lazy\" decoding=\"async\" width=\"1024\" height=\"299\" data-id=\"3430\" src=\"https:\/\/www.tisenti.com\/de\/wp-content\/uploads\/sites\/2\/2019\/08\/boot-header-1024x299.jpg\" alt=\"Gute Perspektiven\" class=\"wp-image-3430\" srcset=\"https:\/\/www.tisenti.com\/de\/wp-content\/uploads\/sites\/2\/2019\/08\/boot-header-1024x299.jpg 1024w, https:\/\/www.tisenti.com\/de\/wp-content\/uploads\/sites\/2\/2019\/08\/boot-header-300x88.jpg 300w, https:\/\/www.tisenti.com\/de\/wp-content\/uploads\/sites\/2\/2019\/08\/boot-header-768x224.jpg 768w, https:\/\/www.tisenti.com\/de\/wp-content\/uploads\/sites\/2\/2019\/08\/boot-header.jpg 1200w\" sizes=\"auto, (max-width: 1024px) 100vw, 1024px\" \/><figcaption class=\"wp-element-caption\">Gute Aussichten trotz Corona<\/figcaption><\/figure>\n<\/figure>\n\n\n\n<h2 class=\"wp-block-heading tisenti-header-font tisenti-title\">Willkommen in S\u00fcdsardinien!<\/h2>\n\n\n\n<p>Nun ist es so, dass die Gegend \u00f6stlich der Inselhauptstadt Cagliari mit Sicherheit zu den sch\u00f6nsten Sardiniens geh\u00f6rt.<br>Kleine  Buchten wechseln sich mit langen Sandstr\u00e4nden ab und das Angebot an  Ferienorten reicht von den eher beschaulich angelegten \u00d6rtlichkeiten  Torre delle Stelle und Geremeas an der S\u00fcdk\u00fcste, \u00fcber das modern-mond\u00e4ne  ehemalige Fischerdorf Villasimus bis hin zur familienfreundlichen  K\u00f6nigsk\u00fcste Costa Rei an der s\u00fcdlichen Ostk\u00fcste.<br>Wie gut, dass die  touristische Entwicklung auf Sardinien von Nord nach S\u00fcd fortgeschritten  ist und dass es dadurch, selbst in den Hochsommermonaten Juli und  August, immer noch gen\u00fcgend Platz f\u00fcr alle gibt \u2013 weit weg von  Handtuch-Kriegen und Ballermannfeeling. <br>Jetzt sind wir sehr gespannt, welcher Ferienort in S\u00fcdostsardinien Ihnen  am besten gef\u00e4llt und laden Sie ein, unsere Ortsbeschreibungen mit den  detaillierteren Informationen und unseren Expertentipps zu lesen.<br>Jeder Ort hat etwas Besonderes, jeder Ort pr\u00e4sentiert die Vielfalt Sardiniens. Jeder Ort hei\u00dft Sie: Herzlich Willkommen! <br><\/p>\n\n\n\n<div style=\"height:20px\" aria-hidden=\"true\" class=\"wp-block-spacer\"><\/div>\n\n\n\n<figure class=\"wp-block-gallery has-nested-images columns-default is-cropped wp-block-gallery-2 is-layout-flex wp-block-gallery-is-layout-flex\">\n<figure class=\"wp-block-image\"><img loading=\"lazy\" decoding=\"async\" width=\"600\" height=\"225\" data-id=\"840\" src=\"https:\/\/www.tisenti.com\/de\/wp-content\/uploads\/sites\/2\/2019\/01\/nando-city-600x225-1.png\" alt=\"\" class=\"wp-image-840\" srcset=\"https:\/\/www.tisenti.com\/de\/wp-content\/uploads\/sites\/2\/2019\/01\/nando-city-600x225-1.png 600w, https:\/\/www.tisenti.com\/de\/wp-content\/uploads\/sites\/2\/2019\/01\/nando-city-600x225-1-300x113.png 300w\" sizes=\"auto, (max-width: 600px) 100vw, 600px\" \/><figcaption class=\"wp-element-caption\">\n\t\t\t\t\t\t<\/figcaption><\/figure>\n<\/figure>\n\n\n\n<h2 class=\"wp-block-heading tisenti-header-font tisenti-title\">Temperatur und Klima<\/h2>\n\n\n\n<p>Beste Reisezeit f\u00fcr einen Urlaub in S\u00fcdsardinien ist von April bis  September. Die  Badesaison an den s\u00fcdlichen K\u00fcsten\u00adabschnit\u00adten  Sardiniens kann man  getrost von Ostern bis Ende Oktober festsetzen.  Somit ist sie um einiges  l\u00e4nger als im Norden der Insel. Dies liegt  daran, dass es in Vor- und  Nach\u00adsaison\u00adzeiten deutliche  Tem\u00adperatur\u00adunter\u00adschiede zwischen den  beiden Insel\u00adh\u00e4lften gibt. Diese  Tem\u00adperatur\u00adunter\u00adschiede schmelzen im  Laufe des Sommers aber immer  mehr dahin. Die hochsommerlichen  Maximalwerte sind dann &#8211; und hier  liegt oftmals eine Fehl\u00adeinsch\u00e4tzung  vor &#8211; im S\u00fcden Sardiniens  keinesfalls h\u00f6her als im Norden der Insel.  Keine Sorge also vor  \u00fcbergro\u00dfer Hitze im Sommer. Der Insel\u00adwind tut das  \u00dcbrige. <br><\/p>\n<\/div>\n\n\n\n<div class=\"wp-block-grid-blocks-grid-block-column cell panel small-12 medium-6 large-6 null grid-padding-y\">\n<h2 class=\"wp-block-heading tisenti-header-font tisenti-title\">Kurzinfo Sardinien<\/h2>\n\n\n\n<p>Sardinien ist die zweitgr\u00f6\u00dfte Mittelmeerinsel (nach Sizilien) und geh\u00f6rt  zu Italien. Die Hauptwirtschaftszweige sind der Dienstleistungssektor  und die Landwirtschaft. <br>Sardinien hat rund 1,6 Millionen Einwohner,  verf\u00fcgt \u00fcber 1.850 Kilometer K\u00fcste und erstreckt sich \u00fcber eine  Gesamtfl\u00e4che von rund 24.000 Quadratkilometern. Inselhauptstadt ist Cagliari im S\u00fcden der Insel. <\/p>\n\n\n\n<h2 class=\"wp-block-heading tisenti-header-font tisenti-title\">Kulinarisches Sardinien<\/h2>\n\n\n\n<p>Sardinien ist ein Paradies f\u00fcr Freunde des kulinarischen Genusses. Die  bekanntesten Spezialit\u00e4ten sind der typisch sardische Schafsk\u00e4se  (Pecorino sardo) und das Spanferkel (maialetto arrossto). <br>Sardinien hat dar\u00fcber hinaus hervorragende Weine. Besonders zu empfehlen sind hierbei  der Vermentino (ein fruchtiger Wei\u00dfwein) und der tiefrote, schwere  Cannonau (Rotwein). <\/p>\n\n\n\n<div style=\"height:20px\" aria-hidden=\"true\" class=\"wp-block-spacer\"><\/div>\n\n\n\n<figure class=\"wp-block-gallery has-nested-images columns-1 is-cropped wp-block-gallery-3 is-layout-flex wp-block-gallery-is-layout-flex\">\n<figure class=\"wp-block-image\"><img loading=\"lazy\" decoding=\"async\" width=\"1024\" height=\"299\" data-id=\"3699\" src=\"https:\/\/www.tisenti.com\/de\/wp-content\/uploads\/sites\/2\/2019\/09\/487_1200x350_dsf2327-1024x299.jpg\" alt=\"\" class=\"wp-image-3699\" srcset=\"https:\/\/www.tisenti.com\/de\/wp-content\/uploads\/sites\/2\/2019\/09\/487_1200x350_dsf2327-1024x299.jpg 1024w, https:\/\/www.tisenti.com\/de\/wp-content\/uploads\/sites\/2\/2019\/09\/487_1200x350_dsf2327-300x88.jpg 300w, https:\/\/www.tisenti.com\/de\/wp-content\/uploads\/sites\/2\/2019\/09\/487_1200x350_dsf2327-768x224.jpg 768w, https:\/\/www.tisenti.com\/de\/wp-content\/uploads\/sites\/2\/2019\/09\/487_1200x350_dsf2327.jpg 1200w\" sizes=\"auto, (max-width: 1024px) 100vw, 1024px\" \/><\/figure>\n\n\n\n<figure class=\"wp-block-image\"><img loading=\"lazy\" decoding=\"async\" width=\"600\" height=\"250\" data-id=\"895\" src=\"https:\/\/www.tisenti.com\/de\/wp-content\/uploads\/sites\/2\/2019\/01\/bhs-1.png\" alt=\"\" class=\"wp-image-895\" srcset=\"https:\/\/www.tisenti.com\/de\/wp-content\/uploads\/sites\/2\/2019\/01\/bhs-1.png 600w, https:\/\/www.tisenti.com\/de\/wp-content\/uploads\/sites\/2\/2019\/01\/bhs-1-300x125.png 300w\" sizes=\"auto, (max-width: 600px) 100vw, 600px\" \/><figcaption class=\"wp-element-caption\">\t\t\t\t\t\t<\/figcaption><\/figure>\n<\/figure>\n\n\n\n<h2 class=\"wp-block-heading tisenti-header-font tisenti-title\">Sardiniens Geschichte<\/h2>\n\n\n\n<p>Die dokumentierte Geschichte von Sardinien reicht bis in die Altsteinzeit (8000 v.Chr.) zur\u00fcck.<br>Im vierten Jahrtausend vor Christus landwirtschaftlicher Anbau und erster Handel mit S\u00fcdfrankreich, Italien und Korsika.<br>Ab  1800 v. Christus Beginn und Ausweitung der Nuraghenkultur. Heute noch  gibt es viele Zeugnisse dieser &#8220;Ureinwohner&#8221; Sardiniens.<br>Mit der  Angliederung an das R\u00f6mische Reich (250 v. Christus) beginnt eine schier  endlose Zeit wechselnder Herrschaften \u00fcber Sardinien.<br>So geh\u00f6rte  Sardinien zwischenzeitlich zum Byzantinischen Reich (534 n. Chr.), wurde  von den Arabern besetzt (ab 700 n. Chr.), geh\u00f6rte dann zu Spanien (1479  v. Chr.), zu \u00d6sterreich (1713), bis es schlie\u00dflich unter italienischen  Einfluss ger\u00e4t (ab 1720).<br>Seit 1948 ist Sardinien autonome Region. 1962 Beginn des Tourismus an der Costa Smeralda. <\/p>\n\n\n\n<figure class=\"wp-block-gallery has-nested-images columns-1 is-cropped wp-block-gallery-4 is-layout-flex wp-block-gallery-is-layout-flex\">\n<figure class=\"wp-block-image\"><img loading=\"lazy\" decoding=\"async\" width=\"1024\" height=\"683\" data-id=\"3371\" src=\"https:\/\/www.tisenti.com\/de\/wp-content\/uploads\/sites\/2\/2019\/08\/mg_9643-1-1024x683.jpg\" alt=\"\" class=\"wp-image-3371\" srcset=\"https:\/\/www.tisenti.com\/de\/wp-content\/uploads\/sites\/2\/2019\/08\/mg_9643-1-1024x683.jpg 1024w, https:\/\/www.tisenti.com\/de\/wp-content\/uploads\/sites\/2\/2019\/08\/mg_9643-1-300x200.jpg 300w, https:\/\/www.tisenti.com\/de\/wp-content\/uploads\/sites\/2\/2019\/08\/mg_9643-1-768x512.jpg 768w, https:\/\/www.tisenti.com\/de\/wp-content\/uploads\/sites\/2\/2019\/08\/mg_9643-1.jpg 1200w\" sizes=\"auto, (max-width: 1024px) 100vw, 1024px\" \/><figcaption class=\"wp-element-caption\">Windspiel<\/figcaption><\/figure>\n<\/figure>\n<\/div>\n\n\n\n<div class=\"wp-block-grid-blocks-grid-block-column cell panel small-12 medium-12 large-12 null grid-padding-y\">\n<h2 class=\"wp-block-heading tisenti-header-font tisenti-title\">Klimatabelle<\/h2>\n\n\n\n<table class=\"climate-table\">\n\t<tbody><tr>\n\t\t<td colspan=\"12\">Tagestemperatur in \u00b0C<\/td>\n\t<\/tr>\n\t<tr>\n\t\t<td class=\"monthname\">Jan.<\/td><td class=\"monthname\">Feb.<\/td><td class=\"monthname\">M\u00e4rz<\/td><td class=\"monthname\">April<\/td><td class=\"monthname\">Mai<\/td><td class=\"monthname\">Juni<\/td><td class=\"monthname\">Juli<\/td><td class=\"monthname\">Aug.<\/td><td class=\"monthname\">Sep.<\/td><td class=\"monthname\">Okt.<\/td><td class=\"monthname\">Nov.<\/td><td class=\"monthname\">Dez.<\/td>\n\t<\/tr>\n\t<tr>\n\t\t<td class=\"colororange\">14<\/td><td class=\"colororange\">15<\/td><td class=\"colororange\">17<\/td><td class=\"colororange\">20<\/td><td class=\"colororange1\">23<\/td><td class=\"colororange2\">28<\/td><td class=\"colororange3\">31<\/td><td class=\"colororange3\">31<\/td><td class=\"colororange2\">28<\/td><td class=\"colororange1\">24<\/td><td class=\"colororange\">19<\/td><td class=\"colororange\">15<\/td>\n\t<\/tr>\n\t<tr>\n\t\t<td colspan=\"12\" style=\"padding-top:20px\">Wassertemperatur in \u00b0C<\/td>\n\t<\/tr>\n\t<tr>\n\t\t<td class=\"monthname\">Jan.<\/td><td class=\"monthname\">Feb.<\/td><td class=\"monthname\">M\u00e4rz<\/td><td class=\"monthname\">April<\/td><td class=\"monthname\">Mai<\/td><td class=\"monthname\">Juni<\/td><td class=\"monthname\">Juli<\/td><td class=\"monthname\">Aug.<\/td><td class=\"monthname\">Sep.<\/td><td class=\"monthname\">Okt.<\/td><td class=\"monthname\">Nov.<\/td><td class=\"monthname\">Dez.<\/td>\n\t<\/tr>\n\t<tr>\n\t\t<td class=\"colorblue\">14<\/td><td class=\"colorblue\">13<\/td><td class=\"colorblue\">14<\/td><td class=\"colorblue\">15<\/td><td class=\"colorblue1\">17<\/td><td class=\"colorblue2\">20<\/td><td class=\"colorblue3\">23<\/td><td class=\"colorblue3\">24<\/td><td class=\"colorblue3\">23<\/td><td class=\"colorblue2\">21<\/td><td class=\"colorblue1\">18<\/td><td class=\"colorblue\">15<\/td>\n\t<\/tr>\n\t<tr>\n\t\t<td colspan=\"12\" style=\"padding-top:20px\">Sonnenstunden pro Tag<\/td>\n\t<\/tr>\n\t<tr>\n\t\t<td class=\"monthname\">Jan.<\/td><td class=\"monthname\">Feb.<\/td><td class=\"monthname\">M\u00e4rz<\/td><td class=\"monthname\">April<\/td><td class=\"monthname\">Mai<\/td><td class=\"monthname\">Juni<\/td><td class=\"monthname\">Juli<\/td><td class=\"monthname\">Aug.<\/td><td class=\"monthname\">Sep.<\/td><td class=\"monthname\">Okt.<\/td><td class=\"monthname\">Nov.<\/td><td class=\"monthname\">Dez.<\/td>\n\t<\/tr>\n\t<tr>\n\t\t<td class=\"colororange\">5<\/td><td class=\"colororange\">5<\/td><td class=\"colororange1\">6<\/td><td class=\"colororange2\">8<\/td><td class=\"colororange2\">9<\/td><td class=\"colororange3\">10<\/td><td class=\"colororange3\">11<\/td><td class=\"colororange3\">10<\/td><td class=\"colororange2\">8<\/td><td class=\"colororange1\">7<\/td><td class=\"colororange\">5<\/td><td class=\"colororange\">4<\/td>\n\t<\/tr>\n\n\t<tr>\n\t\t<td colspan=\"12\" style=\"padding-top:20px\">Regentage<\/td>\n\t<\/tr>\n\t<tr>\n\t\t<td class=\"monthname\">Jan.<\/td><td class=\"monthname\">Feb.<\/td><td class=\"monthname\">M\u00e4rz<\/td><td class=\"monthname\">April<\/td><td class=\"monthname\">Mai<\/td><td class=\"monthname\">Juni<\/td><td class=\"monthname\">Juli<\/td><td class=\"monthname\">Aug.<\/td><td class=\"monthname\">Sep.<\/td><td class=\"monthname\">Okt.<\/td><td class=\"monthname\">Nov.<\/td><td class=\"monthname\">Dez.<\/td>\n\t<\/tr>\n\t<tr>\n\t\t<td class=\"colorblue\">7<\/td><td class=\"colorblue\">7<\/td><td class=\"colorblue1\">6<\/td><td class=\"colorblue1\">5<\/td><td class=\"colorblue1\">5<\/td><td class=\"colorblue2\">2<\/td><td class=\"colorblue3\">1<\/td><td class=\"colorblue3\">1<\/td><td class=\"colorblue2\">3<\/td><td class=\"colorblue1\">6<\/td><td class=\"colorblue\">7<\/td><td class=\"colorblue\">8<\/td>\t<\/tr>\n\t<\/tbody>\n<\/table>\n\n\n\n<div style=\"height:30px\" aria-hidden=\"true\" class=\"wp-block-spacer\"><\/div>\n<\/div>\n<\/div>\n\n\n\n<h2 class=\"wp-block-heading tisenti-header-font tisenti-title has-medium-font-size\">Ferienhaus auf Sardinien am Meer: Domizil in atemberaubender Natur<\/h2>\n\n\n\n<p>Sie sehnen sich nach einer Auszeit vom Alltag und m\u00f6chten einfach mal wieder tief durchatmen? Dann verbringen Sie am besten einige Tage im <a href=\"https:\/\/www.tisenti.com\/de\/sardinien-ferienhaeuser\"><span style=\"text-decoration: underline\"><em>Ferienhaus auf Sardinien<\/em><\/span><\/a> direkt am Meer. In den liebevoll eingerichteten H\u00e4usern in maritimen Ambiente k\u00f6nnen Sie neue Kraft tanken, aber auch Ihre\u00a0individuellen Erkundungen auf dem Eiland planen. Sardinien ist das perfekte Ziel f\u00fcr alle Individualurlauber und h\u00e4lt f\u00fcr Sie angefangen von einsamen Buchten \u00fcber feine Sandstr\u00e4nde bis hin zu atemberaubender Kultur ein abwechslungsreiches Programm bereit.\u00a0<\/p>\n\n\n\n<h3 class=\"wp-block-heading tisenti-header-font tisenti-title has-medium-font-size\">Mediterranes Klima begleitet Ihren Aufenthalt<\/h3>\n\n\n\n<p>Ihr Urlaub im Sardinien-Ferienhaus direkt am Meer verspricht Ihnen ab dem ersten Tag ein angenehmes Klima. Durch die Lage im Mittelmeer ist das mediterrane Klima auf der Insel vorherrschend. Vor allem in der Nebensaison, die die Monate M\u00e4rz, April sowie den November einnimmt, sind durchschnittliche Temperaturen von 15 bis h\u00f6chstens 20 Grad Celsius vorherrschend. Das angenehme Klima l\u00e4dt zu Aktivit\u00e4ten im Freien ein und macht Lust darauf, die Insel zu Fu\u00df zu entdecken. Entscheiden Sie sich im Juni f\u00fcr ein Ferienhaus auf Sardinien am Meer, beginnt auch die Badesaison. Dann hat das Wasser eine Durchschnittstemperatur von 20 Grad Celsius.&nbsp;<\/p>\n\n\n\n<h3 class=\"wp-block-heading tisenti-header-font tisenti-title has-medium-font-size\">Unterwegs auf Sardinien<\/h3>\n\n\n\n<p>W\u00e4hrend Ihres Urlaubs im Sardinien-Ferienhaus direkt am Meer, l\u00e4sst sich das Eiland auf eigene Faust entdecken. Eines der sch\u00f6nsten Ziele ist Cagliari. Die Hauptstadt Sardiniens befindet sich im Insels\u00fcden und vermittelt mit kleinen Gassen, atemberaubenden&nbsp;Kirchen und ausgesuchten Gesch\u00e4ften ein romantisches Bild. Direkt an der im Nordosten zu findenden Smaragdk\u00fcste wartet mit Porto Cervo eine weitere Perle der Insel. Besonders sehenswert ist der Hafen, der zu den Sch\u00f6nsten im ganzen Mittelmeerraum geh\u00f6rt.&nbsp;<\/p>\n","protected":false},"excerpt":{"rendered":"<p>Ferienhaus auf Sardinien am Meer: Domizil in atemberaubender Natur Sie sehnen sich nach einer Auszeit vom Alltag und m\u00f6chten einfach mal wieder tief durchatmen? Dann verbringen Sie am besten einige Tage im Ferienhaus auf Sardinien direkt am Meer. In den liebevoll eingerichteten H\u00e4usern in maritimen Ambiente k\u00f6nnen Sie neue Kraft tanken, aber auch Ihre\u00a0individuellen Erkundungen<a class=\"excerpt-read-more\" href=\"https:\/\/www.tisenti.com\/de\/urlaubsorte\" title=\"ReadUrlaubsorte\">&#8230; Read more &raquo;<\/a><\/p>\n","protected":false},"author":3,"featured_media":221,"parent":0,"menu_order":0,"comment_status":"closed","ping_status":"closed","template":"","meta":{"footnotes":""},"categories":[],"tags":[],"class_list":["post-158","page","type-page","status-publish","has-post-thumbnail","hentry"],"yoast_head":"<!-- This site is optimized with the Yoast SEO plugin v27.4 - https:\/\/yoast.com\/product\/yoast-seo-wordpress\/ -->\n<title>Urlaubsorte auf Sardinien - das Besondere suchen und finden<\/title>\n<meta name=\"description\" content=\"M\u00f6chten Sie Ihren n\u00e4chsten Urlaub im Ferienhaus auf Sardinien direkt am Meer verbringen, vertrauen Sie auf Tisenti. Finden Sie hier das passende Objekt!\" \/>\n<meta name=\"robots\" content=\"index, follow, max-snippet:-1, max-image-preview:large, max-video-preview:-1\" \/>\n<link rel=\"canonical\" href=\"https:\/\/www.tisenti.com\/de\/urlaubsorte\" \/>\n<meta property=\"og:locale\" content=\"de_DE\" \/>\n<meta property=\"og:type\" content=\"article\" \/>\n<meta property=\"og:title\" content=\"Urlaubsorte auf Sardinien - das Besondere suchen und finden\" \/>\n<meta property=\"og:description\" content=\"M\u00f6chten Sie Ihren n\u00e4chsten Urlaub im Ferienhaus auf Sardinien direkt am Meer verbringen, vertrauen Sie auf Tisenti. Finden Sie hier das passende Objekt!\" \/>\n<meta property=\"og:url\" content=\"https:\/\/www.tisenti.com\/de\/urlaubsorte\" \/>\n<meta property=\"og:site_name\" content=\"Sardinien Ferienhaus - Costa Rei, Villasimius, Torre delle Stelle\" \/>\n<meta property=\"article:modified_time\" content=\"2024-02-21T10:35:33+00:00\" \/>\n<meta property=\"og:image\" content=\"https:\/\/www.tisenti.com\/de\/wp-content\/uploads\/sites\/2\/2018\/12\/header-suedsar-4932-1.jpg\" \/>\n\t<meta property=\"og:image:width\" content=\"1200\" \/>\n\t<meta property=\"og:image:height\" content=\"350\" \/>\n\t<meta property=\"og:image:type\" content=\"image\/jpeg\" \/>\n<meta name=\"twitter:card\" content=\"summary_large_image\" \/>\n<meta name=\"twitter:label1\" content=\"Gesch\u00e4tzte Lesezeit\" \/>\n\t<meta name=\"twitter:data1\" content=\"12\u00a0Minuten\" \/>\n<!-- \/ Yoast SEO plugin. -->","yoast_head_json":{"title":"Urlaubsorte auf Sardinien - das Besondere suchen und finden","description":"M\u00f6chten Sie Ihren n\u00e4chsten Urlaub im Ferienhaus auf Sardinien direkt am Meer verbringen, vertrauen Sie auf Tisenti. Finden Sie hier das passende Objekt!","robots":{"index":"index","follow":"follow","max-snippet":"max-snippet:-1","max-image-preview":"max-image-preview:large","max-video-preview":"max-video-preview:-1"},"canonical":"https:\/\/www.tisenti.com\/de\/urlaubsorte","og_locale":"de_DE","og_type":"article","og_title":"Urlaubsorte auf Sardinien - das Besondere suchen und finden","og_description":"M\u00f6chten Sie Ihren n\u00e4chsten Urlaub im Ferienhaus auf Sardinien direkt am Meer verbringen, vertrauen Sie auf Tisenti. Finden Sie hier das passende Objekt!","og_url":"https:\/\/www.tisenti.com\/de\/urlaubsorte","og_site_name":"Sardinien Ferienhaus - Costa Rei, Villasimius, Torre delle Stelle","article_modified_time":"2024-02-21T10:35:33+00:00","og_image":[{"width":1200,"height":350,"url":"https:\/\/www.tisenti.com\/de\/wp-content\/uploads\/sites\/2\/2018\/12\/header-suedsar-4932-1.jpg","type":"image\/jpeg"}],"twitter_card":"summary_large_image","twitter_misc":{"Gesch\u00e4tzte Lesezeit":"12\u00a0Minuten"},"schema":{"@context":"https:\/\/schema.org","@graph":[{"@type":"WebPage","@id":"https:\/\/www.tisenti.com\/de\/urlaubsorte","url":"https:\/\/www.tisenti.com\/de\/urlaubsorte","name":"Urlaubsorte auf Sardinien - das Besondere suchen und finden","isPartOf":{"@id":"https:\/\/www.tisenti.com\/de\/#website"},"primaryImageOfPage":{"@id":"https:\/\/www.tisenti.com\/de\/urlaubsorte#primaryimage"},"image":{"@id":"https:\/\/www.tisenti.com\/de\/urlaubsorte#primaryimage"},"thumbnailUrl":"https:\/\/www.tisenti.com\/de\/wp-content\/uploads\/sites\/2\/2018\/12\/header-suedsar-4932-1.jpg","datePublished":"2018-11-27T19:35:37+00:00","dateModified":"2024-02-21T10:35:33+00:00","description":"M\u00f6chten Sie Ihren n\u00e4chsten Urlaub im Ferienhaus auf Sardinien direkt am Meer verbringen, vertrauen Sie auf Tisenti. Finden Sie hier das passende Objekt!","breadcrumb":{"@id":"https:\/\/www.tisenti.com\/de\/urlaubsorte#breadcrumb"},"inLanguage":"de","potentialAction":[{"@type":"ReadAction","target":["https:\/\/www.tisenti.com\/de\/urlaubsorte"]}]},{"@type":"ImageObject","inLanguage":"de","@id":"https:\/\/www.tisenti.com\/de\/urlaubsorte#primaryimage","url":"https:\/\/www.tisenti.com\/de\/wp-content\/uploads\/sites\/2\/2018\/12\/header-suedsar-4932-1.jpg","contentUrl":"https:\/\/www.tisenti.com\/de\/wp-content\/uploads\/sites\/2\/2018\/12\/header-suedsar-4932-1.jpg","width":1200,"height":350,"caption":""},{"@type":"BreadcrumbList","@id":"https:\/\/www.tisenti.com\/de\/urlaubsorte#breadcrumb","itemListElement":[{"@type":"ListItem","position":1,"name":"Startseite","item":"https:\/\/www.tisenti.com\/de\/"},{"@type":"ListItem","position":2,"name":"Urlaubsorte"}]},{"@type":"WebSite","@id":"https:\/\/www.tisenti.com\/de\/#website","url":"https:\/\/www.tisenti.com\/de\/","name":"Sardinien Ferienhaus - Costa Rei, Villasimius, Torre delle Stelle","description":"Ob auf Sardinien Ferienhaus am Strand, luxuri\u00f6se Villa oder komfortable Ferienwohnung. Wir machen Ihren Sardinien-Traumurlaub wahr. Finden Sie jetzt Ihr Wunschobjekt.","publisher":{"@id":"https:\/\/www.tisenti.com\/de\/#organization"},"potentialAction":[{"@type":"SearchAction","target":{"@type":"EntryPoint","urlTemplate":"https:\/\/www.tisenti.com\/de\/?s={search_term_string}"},"query-input":{"@type":"PropertyValueSpecification","valueRequired":true,"valueName":"search_term_string"}}],"inLanguage":"de"},{"@type":"Organization","@id":"https:\/\/www.tisenti.com\/de\/#organization","name":"Sardinien Ferienhaus - Costa Rei, Villasimius, Torre delle Stelle","url":"https:\/\/www.tisenti.com\/de\/","logo":{"@type":"ImageObject","inLanguage":"de","@id":"https:\/\/www.tisenti.com\/de\/#\/schema\/logo\/image\/","url":"https:\/\/www.tisenti.com\/de\/wp-content\/uploads\/sites\/2\/2019\/10\/logo-tisenti.png","contentUrl":"https:\/\/www.tisenti.com\/de\/wp-content\/uploads\/sites\/2\/2019\/10\/logo-tisenti.png","width":192,"height":50,"caption":"Sardinien Ferienhaus - Costa Rei, Villasimius, Torre delle Stelle"},"image":{"@id":"https:\/\/www.tisenti.com\/de\/#\/schema\/logo\/image\/"}}]}},"_links":{"self":[{"href":"https:\/\/www.tisenti.com\/de\/wp-json\/wp\/v2\/pages\/158","targetHints":{"allow":["GET"]}}],"collection":[{"href":"https:\/\/www.tisenti.com\/de\/wp-json\/wp\/v2\/pages"}],"about":[{"href":"https:\/\/www.tisenti.com\/de\/wp-json\/wp\/v2\/types\/page"}],"author":[{"embeddable":true,"href":"https:\/\/www.tisenti.com\/de\/wp-json\/wp\/v2\/users\/3"}],"replies":[{"embeddable":true,"href":"https:\/\/www.tisenti.com\/de\/wp-json\/wp\/v2\/comments?post=158"}],"version-history":[{"count":20,"href":"https:\/\/www.tisenti.com\/de\/wp-json\/wp\/v2\/pages\/158\/revisions"}],"predecessor-version":[{"id":4789,"href":"https:\/\/www.tisenti.com\/de\/wp-json\/wp\/v2\/pages\/158\/revisions\/4789"}],"wp:featuredmedia":[{"embeddable":true,"href":"https:\/\/www.tisenti.com\/de\/wp-json\/wp\/v2\/media\/221"}],"wp:attachment":[{"href":"https:\/\/www.tisenti.com\/de\/wp-json\/wp\/v2\/media?parent=158"}],"wp:term":[{"taxonomy":"category","embeddable":true,"href":"https:\/\/www.tisenti.com\/de\/wp-json\/wp\/v2\/categories?post=158"},{"taxonomy":"post_tag","embeddable":true,"href":"https:\/\/www.tisenti.com\/de\/wp-json\/wp\/v2\/tags?post=158"}],"curies":[{"name":"wp","href":"https:\/\/api.w.org\/{rel}","templated":true}]}}