{"id":1199,"date":"2019-02-21T16:54:54","date_gmt":"2019-02-21T15:54:54","guid":{"rendered":"http:\/\/tisenti-2019.nakami.de\/de\/?page_id=1199"},"modified":"2025-12-31T13:13:30","modified_gmt":"2025-12-31T12:13:30","slug":"kontakt","status":"publish","type":"page","link":"https:\/\/www.tisenti.com\/de\/kontakt","title":{"rendered":"Kontakt"},"content":{"rendered":"\n<div style=\"height:40px\" aria-hidden=\"true\" class=\"wp-block-spacer\"><\/div>\n\n\n\n<div class=\"wp-block-grid-blocks-grid-block-container grid-x grid-margin-x grid-margin-y content-grid\">\n<div class=\"wp-block-grid-blocks-grid-block-column cell panel small-12 medium-6 large-6 null child-fullheight grid-padding-y\">\n<p class=\"has-medium-font-size\">Sie erreichen uns unter:<br>Tel: <strong>+49-89-3000 2043<\/strong>, Mail: <a href=\"mailto:office@tisenti.com\"><strong>office@tisenti.com<\/strong><\/a> <br><br><\/p>\n<\/div>\n\n\n\n<div class=\"wp-block-grid-blocks-grid-block-column cell panel small-12 medium-6 large-6 null child-fullheight grid-padding-y\"><\/div>\n<\/div>\n\n\n\n<p><\/p>\n\n\n","protected":false},"excerpt":{"rendered":"","protected":false},"author":4,"featured_media":0,"parent":0,"menu_order":0,"comment_status":"closed","ping_status":"closed","template":"","meta":{"footnotes":""},"categories":[],"tags":[],"class_list":["post-1199","page","type-page","status-publish","hentry"],"yoast_head":"<!-- This site is optimized with the Yoast SEO plugin v27.5 - https:\/\/yoast.com\/product\/yoast-seo-wordpress\/ -->\n<title>Kontakt und Beratung zu Ferienh\u00e4usern auf Sardinien<\/title>\n<meta name=\"description\" content=\"Wir suchen alle unsere H\u00e4user pers\u00f6nlich aus und beraten Sie sehr gerne welches das passende f\u00fcr Sie ist. Rufen Sie uns gerne an oder schreiben Sie uns.\" \/>\n<meta name=\"robots\" content=\"index, follow, max-snippet:-1, max-image-preview:large, max-video-preview:-1\" \/>\n<link rel=\"canonical\" href=\"https:\/\/www.tisenti.com\/de\/kontakt\" \/>\n<meta property=\"og:locale\" content=\"de_DE\" \/>\n<meta property=\"og:type\" content=\"article\" \/>\n<meta property=\"og:title\" content=\"Kontakt und Beratung zu Ferienh\u00e4usern auf Sardinien\" \/>\n<meta property=\"og:description\" content=\"Wir suchen alle unsere H\u00e4user pers\u00f6nlich aus und beraten Sie sehr gerne welches das passende f\u00fcr Sie ist. Rufen Sie uns gerne an oder schreiben Sie uns.\" \/>\n<meta property=\"og:url\" content=\"https:\/\/www.tisenti.com\/de\/kontakt\" \/>\n<meta property=\"og:site_name\" content=\"Sardinien Ferienhaus - Costa Rei, Villasimius, Torre delle Stelle\" \/>\n<meta property=\"article:modified_time\" content=\"2025-12-31T12:13:30+00:00\" \/>\n<meta name=\"twitter:card\" content=\"summary_large_image\" \/>\n<meta name=\"twitter:label1\" content=\"Gesch\u00e4tzte Lesezeit\" \/>\n\t<meta name=\"twitter:data1\" content=\"1\u00a0Minute\" \/>\n<!-- \/ Yoast SEO plugin. -->","yoast_head_json":{"title":"Kontakt und Beratung zu Ferienh\u00e4usern auf Sardinien","description":"Wir suchen alle unsere H\u00e4user pers\u00f6nlich aus und beraten Sie sehr gerne welches das passende f\u00fcr Sie ist. Rufen Sie uns gerne an oder schreiben Sie uns.","robots":{"index":"index","follow":"follow","max-snippet":"max-snippet:-1","max-image-preview":"max-image-preview:large","max-video-preview":"max-video-preview:-1"},"canonical":"https:\/\/www.tisenti.com\/de\/kontakt","og_locale":"de_DE","og_type":"article","og_title":"Kontakt und Beratung zu Ferienh\u00e4usern auf Sardinien","og_description":"Wir suchen alle unsere H\u00e4user pers\u00f6nlich aus und beraten Sie sehr gerne welches das passende f\u00fcr Sie ist. Rufen Sie uns gerne an oder schreiben Sie uns.","og_url":"https:\/\/www.tisenti.com\/de\/kontakt","og_site_name":"Sardinien Ferienhaus - Costa Rei, Villasimius, Torre delle Stelle","article_modified_time":"2025-12-31T12:13:30+00:00","twitter_card":"summary_large_image","twitter_misc":{"Gesch\u00e4tzte Lesezeit":"1\u00a0Minute"},"schema":{"@context":"https:\/\/schema.org","@graph":[{"@type":"WebPage","@id":"https:\/\/www.tisenti.com\/de\/kontakt","url":"https:\/\/www.tisenti.com\/de\/kontakt","name":"Kontakt und Beratung zu Ferienh\u00e4usern auf Sardinien","isPartOf":{"@id":"https:\/\/www.tisenti.com\/de\/#website"},"datePublished":"2019-02-21T15:54:54+00:00","dateModified":"2025-12-31T12:13:30+00:00","description":"Wir suchen alle unsere H\u00e4user pers\u00f6nlich aus und beraten Sie sehr gerne welches das passende f\u00fcr Sie ist. Rufen Sie uns gerne an oder schreiben Sie uns.","breadcrumb":{"@id":"https:\/\/www.tisenti.com\/de\/kontakt#breadcrumb"},"inLanguage":"de","potentialAction":[{"@type":"ReadAction","target":["https:\/\/www.tisenti.com\/de\/kontakt"]}]},{"@type":"BreadcrumbList","@id":"https:\/\/www.tisenti.com\/de\/kontakt#breadcrumb","itemListElement":[{"@type":"ListItem","position":1,"name":"Startseite","item":"https:\/\/www.tisenti.com\/de\/"},{"@type":"ListItem","position":2,"name":"Kontakt"}]},{"@type":"WebSite","@id":"https:\/\/www.tisenti.com\/de\/#website","url":"https:\/\/www.tisenti.com\/de\/","name":"Sardinien Ferienhaus - Costa Rei, Villasimius, Torre delle Stelle","description":"Ob auf Sardinien Ferienhaus am Strand, luxuri\u00f6se Villa oder komfortable Ferienwohnung. Wir machen Ihren Sardinien-Traumurlaub wahr. Finden Sie jetzt Ihr Wunschobjekt.","publisher":{"@id":"https:\/\/www.tisenti.com\/de\/#organization"},"potentialAction":[{"@type":"SearchAction","target":{"@type":"EntryPoint","urlTemplate":"https:\/\/www.tisenti.com\/de\/?s={search_term_string}"},"query-input":{"@type":"PropertyValueSpecification","valueRequired":true,"valueName":"search_term_string"}}],"inLanguage":"de"},{"@type":"Organization","@id":"https:\/\/www.tisenti.com\/de\/#organization","name":"Sardinien Ferienhaus - Costa Rei, Villasimius, Torre delle Stelle","url":"https:\/\/www.tisenti.com\/de\/","logo":{"@type":"ImageObject","inLanguage":"de","@id":"https:\/\/www.tisenti.com\/de\/#\/schema\/logo\/image\/","url":"https:\/\/www.tisenti.com\/de\/wp-content\/uploads\/sites\/2\/2019\/10\/logo-tisenti.png","contentUrl":"https:\/\/www.tisenti.com\/de\/wp-content\/uploads\/sites\/2\/2019\/10\/logo-tisenti.png","width":192,"height":50,"caption":"Sardinien Ferienhaus - Costa Rei, Villasimius, Torre delle Stelle"},"image":{"@id":"https:\/\/www.tisenti.com\/de\/#\/schema\/logo\/image\/"}}]}},"_links":{"self":[{"href":"https:\/\/www.tisenti.com\/de\/wp-json\/wp\/v2\/pages\/1199","targetHints":{"allow":["GET"]}}],"collection":[{"href":"https:\/\/www.tisenti.com\/de\/wp-json\/wp\/v2\/pages"}],"about":[{"href":"https:\/\/www.tisenti.com\/de\/wp-json\/wp\/v2\/types\/page"}],"author":[{"embeddable":true,"href":"https:\/\/www.tisenti.com\/de\/wp-json\/wp\/v2\/users\/4"}],"replies":[{"embeddable":true,"href":"https:\/\/www.tisenti.com\/de\/wp-json\/wp\/v2\/comments?post=1199"}],"version-history":[{"count":27,"href":"https:\/\/www.tisenti.com\/de\/wp-json\/wp\/v2\/pages\/1199\/revisions"}],"predecessor-version":[{"id":4819,"href":"https:\/\/www.tisenti.com\/de\/wp-json\/wp\/v2\/pages\/1199\/revisions\/4819"}],"wp:attachment":[{"href":"https:\/\/www.tisenti.com\/de\/wp-json\/wp\/v2\/media?parent=1199"}],"wp:term":[{"taxonomy":"category","embeddable":true,"href":"https:\/\/www.tisenti.com\/de\/wp-json\/wp\/v2\/categories?post=1199"},{"taxonomy":"post_tag","embeddable":true,"href":"https:\/\/www.tisenti.com\/de\/wp-json\/wp\/v2\/tags?post=1199"}],"curies":[{"name":"wp","href":"https:\/\/api.w.org\/{rel}","templated":true}]}}